{"id":50,"date":"2020-05-26T11:59:58","date_gmt":"2020-05-26T14:59:58","guid":{"rendered":"https:\/\/wp.ufpel.edu.br\/syhda\/?page_id=50"},"modified":"2020-05-26T19:57:45","modified_gmt":"2020-05-26T22:57:45","slug":"alplicacoes","status":"publish","type":"page","link":"https:\/\/wp.ufpel.edu.br\/syhda\/alplicacoes\/","title":{"rendered":"Aplica\u00e7\u00f5es"},"content":{"rendered":"<ul>\n<li style=\"text-align: justify\">CASSALHO, F.; BESKOW, S.; DE MELLO, C. R.; MOURA, M. M.; DE OLIVEIRA, L. F.; DE AGUIAR, M. S. <strong><a href=\"https:\/\/onlinelibrary.wiley.com\/doi\/full\/10.1002\/hyp.13388\" target=\"_blank\" rel=\"noopener noreferrer\">Artificial intelligence for identifying hydrologically homogeneous regions: A state-of-the-art regional flood frequency analysis.<\/a><\/strong> Hydrological Processes, v. 33, n. 7, p. 1101-1116, 2019.<\/li>\n<li style=\"text-align: justify\">CASSALHO, F.; BESKOW, S.; MELLO, C. R.; MOURA, M. M.<strong> <a href=\"https:\/\/doi.org\/10.1111\/jfr3.12453\" target=\"_blank\" rel=\"noopener noreferrer\">Regional Flood Frequency Analysis using L\u2010moments for geographically defined regions: an assessment in Brazil.<\/a> <\/strong>Journal of Flood Risk Management, v. 12, n. 2, e12453, 2019.<\/li>\n<li style=\"text-align: justify\">TORMAM, M. P. F.; CALDEIRA, T. L.; BESKOW, S.; FARIA, L. C.; SIQUEIRA, T. M.; VARGAS, M. M.; CUNHA, Z. A.; MOURA, M. M.; RODRIGUES, A. A. <a href=\"http:\/\/anais.abrh.org.br\/works\/5461\" target=\"_blank\" rel=\"noopener noreferrer\"><strong>Equa\u00e7\u00f5es de chuvas intensas para o estado do Rio Grande Do Sul com base em desagrega\u00e7\u00e3o de dados di\u00e1rios<\/strong>.<\/a> Anais do XXIII Simp\u00f3sio Brasileiro de Recursos H\u00eddricos, 2019.<\/li>\n<li style=\"text-align: justify\">RODRIGUES, A. A.; VARGAS, M. M.; TORMAM, M. P. F.; CALDEIRA, T. L.; SIQUEIRA, T. M. <strong><a href=\"http:\/\/cti.ufpel.edu.br\/siepe\/arquivos\/2019\/EN_02422.pdf\" target=\"_blank\" rel=\"noopener noreferrer\">An\u00e1lise de tend\u00eancia em s\u00e9ries de precipita\u00e7\u00e3o m\u00e1xima di\u00e1ria anual no estado do Rio Grande do Sul.<\/a><\/strong> Anais do XXI Encontro de P\u00f3s-Gradua\u00e7\u00e3o da Universidade Federal de Pelotas, 2019.<\/li>\n<li style=\"text-align: justify\">TORMAM, M. P. F.; VARGAS, M. M., RODRIGUES, A. A.; FAGUNDES, M. S.; BRESSIANI, D. A.; CALDEIRA, T. L. <a href=\"http:\/\/cti.ufpel.edu.br\/siepe\/arquivos\/2019\/EN_02425.pdf\" target=\"_blank\" rel=\"noopener noreferrer\"><strong>An\u00e1lise de tend\u00eancia em dados hidrol\u00f3gicos da bacia hidrogr\u00e1fica do Rio Camaqu\u00e3<\/strong>.<\/a> Anais do XXVIII Congresso de Inicia\u00e7\u00e3o Cient\u00edfica da Universidade Federal de Pelotas, 2019.<\/li>\n<li style=\"text-align: justify\">CASSALHO, F.; BESKOW, S.; MELLO, C. R.; MOURA, M. M.; KERSTNER, L.; AVILA, L. F. <strong><a href=\"https:\/\/doi.org\/10.1007\/s11269-017-1810-7\" target=\"_blank\" rel=\"noopener noreferrer\">At-site flood frequency analysis coupled with multiparameter probability distributions<\/a><\/strong>. Water Resources Management, v. 32, p. 285\u2013300, 2018.<\/li>\n<li style=\"text-align: justify\">BORK, C. K. <strong><a href=\"http:\/\/guaiaca.ufpel.edu.br:8080\/handle\/prefix\/3981\" target=\"_blank\" rel=\"noopener noreferrer\">Regionaliza\u00e7\u00e3o de vaz\u00f5es m\u00ednimas para o estado do Rio Grande do Sul.<\/a><\/strong> 2018. 156f. Disserta\u00e7\u00e3o (Mestrado em Recursos H\u00eddricos) \u2013 Programa de P\u00f3s-Gradua\u00e7\u00e3o em Recursos H\u00eddricos, Centro de Desenvolvimento Tecnol\u00f3gico, Universidade Federal de Pelotas, Pelotas, 2018.<\/li>\n<li style=\"text-align: justify\">CASSALHO, F.; BESKOW, S.; VARGAS, M. M.; MOURA, M. M.; AVILA, L. F.; MELLO, C. R. <strong><a href=\"http:\/\/dx.doi.org\/10.1590\/2318-0331.021720160064\" target=\"_blank\" rel=\"noopener noreferrer\">Hydrological regionalization of maximum stream flows using an approach based on L-moments.<\/a> <\/strong>Revista Brasileira de Recursos H\u00eddricos (RBRH), v. 22, p. e27, 2017.<\/li>\n<li style=\"text-align: justify\">CASSALHO, F.; BESKOW, S.; KERSTNER, L.; MOURA, M. M.; MELLO, C. R.; AVILA, L. F. <strong><a href=\"http:\/\/anais.abrh.org.br\/works\/2181\" target=\"_blank\" rel=\"noopener noreferrer\">Modelagem probabil\u00edstica de vaz\u00f5es m\u00e1ximas: uma abordagem baseada no M\u00e9todo dos Momentos-L.<\/a><\/strong> Anais do XXII Simp\u00f3sio Brasileiro de Recursos H\u00eddricos, 2017.<\/li>\n<li style=\"text-align: justify\">BORK, C. K.; TORMAM, M. F.; MOURA, M. M.; BESKOW, S.; GUEDES, H. A. S. <strong><a href=\"http:\/\/cti.ufpel.edu.br\/siepe\/arquivos\/2017\/EN_01611.pdf\" target=\"_blank\" rel=\"noopener noreferrer\">Regionaliza\u00e7\u00e3o da vaz\u00e3o m\u00ednima de refer\u00eancia Q95 para o Estado do Rio Grande do Sul.<\/a> <\/strong>Anais do XIX Encontro de P\u00f3s- Gradua\u00e7\u00e3o da Universidade Federal de Pelotas, 2017.<\/li>\n<li style=\"text-align: justify\">CASSALHO, F. <strong><a href=\"http:\/\/pergamum.ufpel.edu.br:8080\/pergamumweb\/vinculos\/0000ab\/0000abac.pdf\" target=\"_blank\" rel=\"noopener noreferrer\">An\u00e1lise de frequ\u00eancia de cheias no Estado do Rio Grande do Sul.<\/a><\/strong> 2017. 147f. Trabalho de Conclus\u00e3o de Curso &#8211; Gradua\u00e7\u00e3o em Engenharia H\u00eddrica, Universidade Federal de Pelotas, Pelotas, 2017.<\/li>\n<li style=\"text-align: justify\">BESKOW, S.; DE MELLO, C. R.; VARGAS, M. M.; CORR\u00caA, L. L.; CALDEIRA, T. L.; DUR\u00c3ES, M. F.; DE AGUIAR, M. S. <strong><a href=\"https:\/\/doi.org\/10.1016\/j.jhydrol.2016.08.046\" target=\"_blank\" rel=\"noopener noreferrer\">Artificial intelligence techniques coupled with seasonality measures for hydrological regionalization of Q90 under Brazilian conditions.<\/a><\/strong> Journal of Hydrology (Amsterdam), v. 541, Part B, p. 1406-1419, 2016.<\/li>\n<li style=\"text-align: justify\">CASSALHO, F.; VARGAS, M. M.; MOURA, M. M.; AVILA, L. F.; BESKOW, S. <strong><a href=\"http:\/\/cti.ufpel.edu.br\/siepe\/arquivos\/2016\/EN_01917.pdf\" target=\"_blank\" rel=\"noopener noreferrer\">Regionaliza\u00e7\u00e3o de vaz\u00f5es de enchente na bacia hidrogr\u00e1fica Mirim-S\u00e3o Gon\u00e7alo: uma abordagem cient\u00edfica e metodol\u00f3gica.<\/a><\/strong> Anais do XXV Congresso de Inicia\u00e7\u00e3o Cient\u00edfica da Universidade Federal de Pelotas, 2016.<\/li>\n<li style=\"text-align: justify\">VARGAS, M. M.; CORREA, L. L.; MELLO, C. R.; AGUIAR, M. S.; CALDEIRA, T. L.; BESKOW, S. <strong><a href=\"http:\/\/cti.ufpel.edu.br\/siepe\/arquivos\/2016\/EN_02916.pdf\" target=\"_blank\" rel=\"noopener noreferrer\">Regionaliza\u00e7\u00e3o hidrol\u00f3gica da Q90 no Rio Grande do Sul utilizando t\u00e9cnicas de Intelig\u00eancia Artificial: potencial de medidas de sazonalidade como atributos.<\/a><\/strong> Anais do XXV Congresso de Inicia\u00e7\u00e3o Cient\u00edfica da Universidade Federal de Pelotas, 2016.<\/li>\n<li style=\"text-align: justify\">CALDEIRA, T. L.; BESKOW, S.; MELLO, C. R.; VARGAS, M. M.; GUEDES, H. A. S.; FARIA, L. C. <strong><a href=\"http:\/\/dx.doi.org\/10.5380\/rsa.v16i3.46320\" target=\"_blank\" rel=\"noopener noreferrer\">Daily rainfall disaggregation: an analysis for the Rio Grande do Sul State.<\/a><\/strong> Scientia Agraria (Online), v. 16, p. 1-21, 2015.<\/li>\n<li style=\"text-align: justify\">CALDEIRA, T. L.; BESKOW, S.; MELLO, C.R.; FARIA, L. C.; SOUZA, M. R.; GUEDES, H. A. S. <strong><a href=\"http:\/\/dx.doi.org\/10.1590\/1807-1929\/agriambi.v19n3p197-203\" target=\"_blank\" rel=\"noopener noreferrer\">Modelagem probabil\u00edstica de eventos de precipita\u00e7\u00e3o extrema no estado do Rio Grande do Sul.<\/a><\/strong> Revista Brasileira de Engenharia Agr\u00edcola e Ambiental (Online), v. 19, p. 197-203, 2015.<\/li>\n<li style=\"text-align: justify\">BESKOW, S.; CALDEIRA, T. L.; MELLO, C. R.; FARIA, L. C.; GUEDES, H. A. S. <strong><a href=\"https:\/\/doi.org\/10.1016\/j.ejrh.2015.06.007\" target=\"_blank\" rel=\"noopener noreferrer\">Multiparameter probability distributions for heavy rainfall modeling in extreme southern Brazil<\/a><\/strong>. Journal of Hydrology: Regional Studies, v. 4, p. 123-133, 2015.<\/li>\n<li style=\"text-align: justify\">VARGAS, M. M.; BESKOW, S.; CORREA, L. L.; DURAES, M. F.; CALDEIRA, T. L.; MELLO, C. R.; AGUIAR, M. S. <strong><a href=\"https:\/\/www.google.com.br\/url?sa=t&amp;rct=j&amp;q=&amp;esrc=s&amp;source=web&amp;cd=3&amp;ved=2ahUKEwjlxqfGs9ToAhUcDrkGHX65CDcQFjACegQIBBAB&amp;url=http%3A%2F%2Fwww.evolvedoc.com.br%2Fsbrh%2Fdownload-2015-UEFQMDIwNTg5LnBkZg%3D%3D&amp;usg=AOvVaw2ddxK1mQ7OF3gq2ann-6bX\" target=\"_blank\" rel=\"noopener noreferrer\">T\u00e9cnicas de Intelig\u00eancia Artificial para regionaliza\u00e7\u00e3o hidrol\u00f3gica: uma an\u00e1lise da Q90 no Rio Grande Do Sul<\/a><\/strong>. In: XXI Simp\u00f3sio Brasileiro de Recursos H\u00eddricos, 2015, Bras\u00edlia. Anais do XXI Simp\u00f3sio Brasileiro de Recursos H\u00eddricos, 2015.<\/li>\n<li style=\"text-align: justify\">VARGAS, M. M.; CORR\u00caA, L. L.; DURAES, M. F.; AGUIAR, M. S.; CALDEIRA, T. L.; BESKOW, S. <strong><a href=\"http:\/\/cti.ufpel.edu.br\/siepe\/arquivos\/2015\/EN_01277.pdf\" target=\"_blank\" rel=\"noopener noreferrer\">Regionaliza\u00e7\u00e3o de vaz\u00f5es de estiagem no estado do Rio Grande do Rul empregando t\u00e9cnicas de Intelig\u00eancia Artificial.<\/a> <\/strong>Anais do XXIV Congresso de Inicia\u00e7\u00e3o Cient\u00edfica da Universidade Federal de Pelotas, 2015.<\/li>\n<li style=\"text-align: justify\">CUNHA, Z. A.; CALDEIRA, T. L.; MELLO, C. R.; MORTEO, D. S. R.; GUEDES, H. A. S.; BESKOW, S. <strong><a href=\"http:\/\/cti.ufpel.edu.br\/siepe\/arquivos\/2015\/EN_01283.pdf\" target=\"_blank\" rel=\"noopener noreferrer\">Modelagem de chuvas intensas no Rio Grande do Sul: uma abordagem com distribui\u00e7\u00f5es de probabilidade multipar\u00e2metros.<\/a><\/strong> Anais do XXIV Congresso de Inicia\u00e7\u00e3o Cient\u00edfica da Universidade Federal de Pelotas, 2015.<\/li>\n<li style=\"text-align: justify\">BESKOW, S.; MELLO, CARLOS R.; FARIA, L. C.; SIMOES, M. C.; CALDEIRA, T. L.; NUNES, G. S. <strong><a href=\"http:\/\/dx.doi.org\/10.1590\/S1415-43662014000700012\" target=\"_blank\" rel=\"noopener noreferrer\">\u00cdndices de sazonalidade para regionaliza\u00e7\u00e3o hidrol\u00f3gica de vaz\u00f5es de estiagem no Rio Grande do Sul.<\/a><\/strong> Revista Brasileira de Engenharia Agr\u00edcola e Ambiental (Online), v. 18, p. 748-754, 2014.<\/li>\n<li style=\"text-align: justify\">VARGAS, M. M. ; Corr\u00eaa, L. L. ; CALDEIRA, T. L. ; Souza, M. R. ; PIANA, C. F. B. ; BESKOW, S.\u00a0<a href=\"http:\/\/cti.ufpel.edu.br\/siepe\/arquivos\/2014\/EN_01530.pdf\"><strong>Chuvas intensas no Rio Grande do Sul: influ\u00eancia dos coeficientes de desagrega\u00e7\u00e3o na estimativa das curvas IDF.<\/strong><\/a> In: XXIII Congresso de Inicia\u00e7\u00e3o Cient\u00edfica da UFPel, 2014, Pelotas. Anais do XXIII Congresso de Inicia\u00e7\u00e3o Cient\u00edfica da UFPel, 2014.<\/li>\n<li style=\"text-align: justify\">BESKOW, S.; SIMOES, M. C.; FARIA, L. C.; NUNES, G. S.; CALDEIRA, T. L.; GRISON, F. ; PIANA, C. F. B.; MELLO, C. R.; DAI PR\u00c1, M.; CORR\u00caA, L. L.; LUCAS, E. H.; MAHL, M. <strong><a href=\"http:\/\/anais.abrh.org.br\/works\/1168\" target=\"_blank\" rel=\"noopener noreferrer\">Avalia\u00e7\u00e3o de \u00edndices de sazonalidade para identifica\u00e7\u00e3o de regi\u00f5es hidrologicamente homog\u00eaneas no Rio Grande do Sul<\/a><\/strong>.\u00a0 Anais do XX Simp\u00f3sio Brasileiro de Recursos H\u00eddricos, 2013.<\/li>\n<li style=\"text-align: justify\">SIMOES, M. C.; LUZ, E. P.; CALDEIRA, T. L.; CHITES, N. S.; PIANA, C. F. B.; BESKOW, S. <strong><a href=\"http:\/\/cti.ufpel.edu.br\/siepe\/arquivos\/2013\/EN_02075.pdf\" target=\"_blank\" rel=\"noopener noreferrer\">An\u00e1lise de sazonalidade aplicada \u00e0 regionaliza\u00e7\u00e3o hidrol\u00f3gica de vaz\u00f5es de estiagem no Rio Grande do Sul.<\/a><\/strong> Anais do XXII Congresso de Inicia\u00e7\u00e3o Cient\u00edfica da UFPel, 2013.<\/li>\n<\/ul>\n","protected":false},"excerpt":{"rendered":"<p>CASSALHO, F.; BESKOW, S.; DE MELLO, C. R.; MOURA, M. M.; DE OLIVEIRA, L. F.; DE AGUIAR, M. S. Artificial intelligence for identifying hydrologically homogeneous regions: A state-of-the-art regional flood frequency analysis. Hydrological Processes, v. 33, n. 7, p. 1101-1116, 2019. CASSALHO, F.; BESKOW, S.; MELLO, C. R.; MOURA, M. M. Regional Flood Frequency Analysis&#8230; <\/p>\n<div class=\"link-more\"><a href=\"https:\/\/wp.ufpel.edu.br\/syhda\/alplicacoes\/\">Leia mais<\/a><\/div>\n","protected":false},"author":984,"featured_media":0,"parent":0,"menu_order":0,"comment_status":"closed","ping_status":"closed","template":"","meta":{"footnotes":""},"class_list":["post-50","page","type-page","status-publish","hentry"],"_links":{"self":[{"href":"https:\/\/wp.ufpel.edu.br\/syhda\/wp-json\/wp\/v2\/pages\/50","targetHints":{"allow":["GET"]}}],"collection":[{"href":"https:\/\/wp.ufpel.edu.br\/syhda\/wp-json\/wp\/v2\/pages"}],"about":[{"href":"https:\/\/wp.ufpel.edu.br\/syhda\/wp-json\/wp\/v2\/types\/page"}],"author":[{"embeddable":true,"href":"https:\/\/wp.ufpel.edu.br\/syhda\/wp-json\/wp\/v2\/users\/984"}],"replies":[{"embeddable":true,"href":"https:\/\/wp.ufpel.edu.br\/syhda\/wp-json\/wp\/v2\/comments?post=50"}],"version-history":[{"count":5,"href":"https:\/\/wp.ufpel.edu.br\/syhda\/wp-json\/wp\/v2\/pages\/50\/revisions"}],"predecessor-version":[{"id":62,"href":"https:\/\/wp.ufpel.edu.br\/syhda\/wp-json\/wp\/v2\/pages\/50\/revisions\/62"}],"wp:attachment":[{"href":"https:\/\/wp.ufpel.edu.br\/syhda\/wp-json\/wp\/v2\/media?parent=50"}],"curies":[{"name":"wp","href":"https:\/\/api.w.org\/{rel}","templated":true}]}}