{"id":45,"date":"2020-05-26T11:52:25","date_gmt":"2020-05-26T14:52:25","guid":{"rendered":"https:\/\/wp.ufpel.edu.br\/syhda\/?page_id=45"},"modified":"2020-05-26T11:52:49","modified_gmt":"2020-05-26T14:52:49","slug":"desenvolvimento","status":"publish","type":"page","link":"https:\/\/wp.ufpel.edu.br\/syhda\/desenvolvimento\/","title":{"rendered":"Desenvolvimento"},"content":{"rendered":"<ul>\n<li>\n<p style=\"text-align: justify\">VARGAS, M. M.; BESKOW, S.; CALDEIRA, T. L.; CORR\u00caA, L. de L.; CUNHA, Z. A. SYHDA \u2013 <strong><a href=\"https:\/\/doi.org\/10.1590\/2318-0331.241920180152\" target=\"_blank\" rel=\"noopener noreferrer\">System of Hydrological Data Acquisition and Analysis.<\/a> <\/strong>Revista Brasileira de Recursos H\u00eddricos, v. 24, p. 1, 2019<\/p>\n<\/li>\n<li>\n<p style=\"text-align: justify\">VARGAS, M. M.; CALDEIRA, T. L.; CORREA, L. L.; CUNHA, Z. A.; BESKOW, S. <a href=\"http:\/\/cti.ufpel.edu.br\/siepe\/arquivos\/2018\/EN_02845.pdf\" target=\"_blank\" rel=\"noopener noreferrer\"><strong>Programa computacional SYHDA: conceitos e aplica\u00e7\u00f5es<\/strong>.<\/a> Anais do XXVII Congresso de Inicia\u00e7\u00e3o Cient\u00edfica da Universidade Federal de Pelotas, 2018.<\/p>\n<\/li>\n<li>\n<p style=\"text-align: justify\">CALDEIRA, T. L.<strong><a href=\"http:\/\/guaiaca.ufpel.edu.br:8080\/handle\/ri\/2833\" target=\"_blank\" rel=\"noopener noreferrer\"> Aprimoramento computacional do modelo Lavras Simulation of Hydrology (LASH): aplica\u00e7\u00e3o em duas bacias do Rio Grande do Sul<\/a><\/strong>. 2016. 213 f. Disserta\u00e7\u00e3o (Mestrado) &#8211; Programa de P\u00f3s-Gradua\u00e7\u00e3o em Recursos H\u00eddricos, Centro de Desenvolvimento Tecnol\u00f3gico, Universidade Federal de Pelotas, Pelotas, 2016.<\/p>\n<\/li>\n<li>\n<p style=\"text-align: justify\">CALDEIRA, T. L. <strong><a href=\"http:\/\/pergamum.ufpel.edu.br:8080\/pergamumweb\/vinculos\/000062\/000062EE.pdf\" target=\"_blank\" rel=\"noopener noreferrer\">Regionaliza\u00e7\u00e3o de chuvas intensas no estado do Rio Grande do Sul.<\/a><\/strong> 2014. 173 f. Trabalho de Conclus\u00e3o de Curso (Curso de Gradua\u00e7\u00e3o em Engenharia H\u00eddrica), Centro de Desenvolvimento Tecnol\u00f3gico, Universidade Federal de Pelotas, Pelotas 2014.<\/p>\n<\/li>\n<li>\n<p style=\"text-align: justify\">CORR\u00caA, L. L.; CALDEIRA, T. L.; SOUZA, M. R.; CUNHA, Z. A.; MELLO, C. R.; BESKOW, S.\u00a0<a href=\"http:\/\/cti.ufpel.edu.br\/siepe\/arquivos\/2014\/EN_01605.pdf\"><strong>Aplicativo computacional SYHDA: avalia\u00e7\u00e3o do m\u00f3dulo de modelagem probabil\u00edstica de s\u00e9ries hidrol\u00f3gicas<\/strong><strong>.<\/strong><\/a>\u00a0 Anais do XXIII Congresso de Inicia\u00e7\u00e3o Cient\u00edfica da UFPel, 2014.<\/p>\n<\/li>\n<li>\n<p style=\"text-align: justify\">BESKOW, S.; CORR\u00caA, L. L.; MAHL, M.; SIMOES, M. C.; CALDEIRA, T. L.; NUNES, G. S.; LUCAS, E. H.; FARIA, L. C.; MELLO, C. R. <strong><a href=\"http:\/\/anais.abrh.org.br\/works\/1358\" target=\"_blank\" rel=\"noopener noreferrer\">Desenvolvimento de um sistema computacional de aquisi\u00e7\u00e3o e an\u00e1lise de dados hidrol\u00f3gicos.<\/a><\/strong> Anais do XX Simp\u00f3sio Brasileiro de Recursos H\u00eddricos, 2013.<\/p>\n<\/li>\n<li>\n<p style=\"text-align: justify\">CORR\u00caA, L. L.; CALDEIRA, T. L.; SOUZA, M. R.; SIMOES, M. C.; RODRIGUES, A. N.; BESKOW, S. <strong><a href=\"http:\/\/cti.ufpel.edu.br\/siepe\/arquivos\/2013\/EN_02192.pdf\" target=\"_blank\" rel=\"noopener noreferrer\">M\u00f3dulo de aquisi\u00e7\u00e3o e an\u00e1lise de dados hidrol\u00f3gicos para o modelo hidrol\u00f3gico LASH.\u00a0<\/a><\/strong> Anais do XXII Congresso de Inicia\u00e7\u00e3o Cient\u00edfica da UFPel, 2013.<\/p>\n<\/li>\n<\/ul>\n","protected":false},"excerpt":{"rendered":"<p>VARGAS, M. M.; BESKOW, S.; CALDEIRA, T. L.; CORR\u00caA, L. de L.; CUNHA, Z. A. SYHDA \u2013 System of Hydrological Data Acquisition and Analysis. Revista Brasileira de Recursos H\u00eddricos, v. 24, p. 1, 2019 VARGAS, M. M.; CALDEIRA, T. L.; CORREA, L. L.; CUNHA, Z. A.; BESKOW, S. Programa computacional SYHDA: conceitos e aplica\u00e7\u00f5es. Anais&#8230; <\/p>\n<div class=\"link-more\"><a href=\"https:\/\/wp.ufpel.edu.br\/syhda\/desenvolvimento\/\">Leia mais<\/a><\/div>\n","protected":false},"author":984,"featured_media":0,"parent":0,"menu_order":0,"comment_status":"closed","ping_status":"closed","template":"","meta":{"footnotes":""},"class_list":["post-45","page","type-page","status-publish","hentry"],"_links":{"self":[{"href":"https:\/\/wp.ufpel.edu.br\/syhda\/wp-json\/wp\/v2\/pages\/45","targetHints":{"allow":["GET"]}}],"collection":[{"href":"https:\/\/wp.ufpel.edu.br\/syhda\/wp-json\/wp\/v2\/pages"}],"about":[{"href":"https:\/\/wp.ufpel.edu.br\/syhda\/wp-json\/wp\/v2\/types\/page"}],"author":[{"embeddable":true,"href":"https:\/\/wp.ufpel.edu.br\/syhda\/wp-json\/wp\/v2\/users\/984"}],"replies":[{"embeddable":true,"href":"https:\/\/wp.ufpel.edu.br\/syhda\/wp-json\/wp\/v2\/comments?post=45"}],"version-history":[{"count":2,"href":"https:\/\/wp.ufpel.edu.br\/syhda\/wp-json\/wp\/v2\/pages\/45\/revisions"}],"predecessor-version":[{"id":48,"href":"https:\/\/wp.ufpel.edu.br\/syhda\/wp-json\/wp\/v2\/pages\/45\/revisions\/48"}],"wp:attachment":[{"href":"https:\/\/wp.ufpel.edu.br\/syhda\/wp-json\/wp\/v2\/media?parent=45"}],"curies":[{"name":"wp","href":"https:\/\/api.w.org\/{rel}","templated":true}]}}