{"id":38,"date":"2020-05-26T11:39:46","date_gmt":"2020-05-26T14:39:46","guid":{"rendered":"https:\/\/wp.ufpel.edu.br\/syhda\/?page_id=38"},"modified":"2020-08-25T17:04:08","modified_gmt":"2020-08-25T20:04:08","slug":"tutoriais","status":"publish","type":"page","link":"https:\/\/wp.ufpel.edu.br\/syhda\/tutoriais\/","title":{"rendered":"Tutoriais"},"content":{"rendered":"<p style=\"text-align: center\"><strong>1 &#8211; Solicita\u00e7\u00e3o e instala\u00e7\u00e3o<\/strong><\/p>\n<div style=\"width: 1000px;\" class=\"wp-video\"><video class=\"wp-video-shortcode\" id=\"video-38-1\" width=\"1000\" height=\"563\" preload=\"metadata\" controls=\"controls\"><source type=\"video\/mp4\" src=\"https:\/\/wp.ufpel.edu.br\/syhda\/files\/2020\/08\/instalacao_SYHDA.mp4?_=1\" \/><a href=\"https:\/\/wp.ufpel.edu.br\/syhda\/files\/2020\/08\/instalacao_SYHDA.mp4\">https:\/\/wp.ufpel.edu.br\/syhda\/files\/2020\/08\/instalacao_SYHDA.mp4<\/a><\/video><\/div>\n<p>&nbsp;<\/p>\n<p style=\"text-align: center\"><strong>2 &#8211; Aquisi\u00e7\u00e3o e manipula\u00e7\u00e3o da s\u00e9rie hist\u00f3rica, estat\u00edsticas b\u00e1sicas e aplica\u00e7\u00e3o de distribui\u00e7\u00f5es de probabilidade<\/strong><\/p>\n<div style=\"width: 1000px;\" class=\"wp-video\"><video class=\"wp-video-shortcode\" id=\"video-38-2\" width=\"1000\" height=\"563\" preload=\"metadata\" controls=\"controls\"><source type=\"video\/mp4\" src=\"https:\/\/wp.ufpel.edu.br\/syhda\/files\/2020\/08\/video01.mp4?_=2\" \/><a href=\"https:\/\/wp.ufpel.edu.br\/syhda\/files\/2020\/08\/video01.mp4\">https:\/\/wp.ufpel.edu.br\/syhda\/files\/2020\/08\/video01.mp4<\/a><\/video><\/div>\n<p>&nbsp;<\/p>\n<p style=\"text-align: center\"><strong>3 &#8211; Estimativa dos quantis<\/strong><\/p>\n<div style=\"width: 1000px;\" class=\"wp-video\"><video class=\"wp-video-shortcode\" id=\"video-38-3\" width=\"1000\" height=\"563\" preload=\"metadata\" controls=\"controls\"><source type=\"video\/mp4\" src=\"https:\/\/wp.ufpel.edu.br\/syhda\/files\/2020\/08\/video02.mp4?_=3\" \/><a href=\"https:\/\/wp.ufpel.edu.br\/syhda\/files\/2020\/08\/video02.mp4\">https:\/\/wp.ufpel.edu.br\/syhda\/files\/2020\/08\/video02.mp4<\/a><\/video><\/div>\n<p>&nbsp;<\/p>\n<p style=\"text-align: center\"><strong>4 &#8211; An\u00e1lise de frequ\u00eancia regional<\/strong><\/p>\n<div style=\"width: 1000px;\" class=\"wp-video\"><video class=\"wp-video-shortcode\" id=\"video-38-4\" width=\"1000\" height=\"563\" preload=\"metadata\" controls=\"controls\"><source type=\"video\/mp4\" src=\"https:\/\/wp.ufpel.edu.br\/syhda\/files\/2020\/08\/video03.mp4?_=4\" \/><a href=\"https:\/\/wp.ufpel.edu.br\/syhda\/files\/2020\/08\/video03.mp4\">https:\/\/wp.ufpel.edu.br\/syhda\/files\/2020\/08\/video03.mp4<\/a><\/video><\/div>\n<p>&nbsp;<\/p>\n","protected":false},"excerpt":{"rendered":"<p>1 &#8211; Solicita\u00e7\u00e3o e instala\u00e7\u00e3o &nbsp; 2 &#8211; Aquisi\u00e7\u00e3o e manipula\u00e7\u00e3o da s\u00e9rie hist\u00f3rica, estat\u00edsticas b\u00e1sicas e aplica\u00e7\u00e3o de distribui\u00e7\u00f5es de probabilidade &nbsp; 3 &#8211; Estimativa dos quantis &nbsp; 4 &#8211; An\u00e1lise de frequ\u00eancia regional &nbsp;<\/p>\n","protected":false},"author":984,"featured_media":0,"parent":0,"menu_order":0,"comment_status":"closed","ping_status":"closed","template":"","meta":{"footnotes":""},"class_list":["post-38","page","type-page","status-publish","hentry"],"_links":{"self":[{"href":"https:\/\/wp.ufpel.edu.br\/syhda\/wp-json\/wp\/v2\/pages\/38","targetHints":{"allow":["GET"]}}],"collection":[{"href":"https:\/\/wp.ufpel.edu.br\/syhda\/wp-json\/wp\/v2\/pages"}],"about":[{"href":"https:\/\/wp.ufpel.edu.br\/syhda\/wp-json\/wp\/v2\/types\/page"}],"author":[{"embeddable":true,"href":"https:\/\/wp.ufpel.edu.br\/syhda\/wp-json\/wp\/v2\/users\/984"}],"replies":[{"embeddable":true,"href":"https:\/\/wp.ufpel.edu.br\/syhda\/wp-json\/wp\/v2\/comments?post=38"}],"version-history":[{"count":4,"href":"https:\/\/wp.ufpel.edu.br\/syhda\/wp-json\/wp\/v2\/pages\/38\/revisions"}],"predecessor-version":[{"id":104,"href":"https:\/\/wp.ufpel.edu.br\/syhda\/wp-json\/wp\/v2\/pages\/38\/revisions\/104"}],"wp:attachment":[{"href":"https:\/\/wp.ufpel.edu.br\/syhda\/wp-json\/wp\/v2\/media?parent=38"}],"curies":[{"name":"wp","href":"https:\/\/api.w.org\/{rel}","templated":true}]}}