{"id":29,"date":"2020-05-26T11:32:19","date_gmt":"2020-05-26T14:32:19","guid":{"rendered":"https:\/\/wp.ufpel.edu.br\/syhda\/?page_id=29"},"modified":"2020-05-26T19:56:15","modified_gmt":"2020-05-26T22:56:15","slug":"faq","status":"publish","type":"page","link":"https:\/\/wp.ufpel.edu.br\/syhda\/faq\/","title":{"rendered":"FAQ"},"content":{"rendered":"<p style=\"text-align: center\"><strong>Quais os poss\u00edveis erros que podem ocorrer durante a utiliza\u00e7\u00e3o do SYHDA?<\/strong><\/p>\n<p style=\"text-align: justify\">Em virtude das diferentes vers\u00f5es do Sistema Windows, algumas mensagens de erro podem ser apresentadas logo ap\u00f3s a inicializa\u00e7\u00e3o do programa. A seguir encontram-se algumas destas mensagens j\u00e1 identificadas.<\/p>\n<p><img loading=\"lazy\" decoding=\"async\" class=\"size-full wp-image-58 aligncenter\" src=\"https:\/\/wp.ufpel.edu.br\/syhda\/files\/2020\/05\/erro1.png\" alt=\"\" width=\"978\" height=\"562\" srcset=\"https:\/\/wp.ufpel.edu.br\/syhda\/files\/2020\/05\/erro1.png 978w, https:\/\/wp.ufpel.edu.br\/syhda\/files\/2020\/05\/erro1-400x230.png 400w, https:\/\/wp.ufpel.edu.br\/syhda\/files\/2020\/05\/erro1-768x441.png 768w, https:\/\/wp.ufpel.edu.br\/syhda\/files\/2020\/05\/erro1-522x300.png 522w\" sizes=\"auto, (max-width: 978px) 100vw, 978px\" \/><\/p>\n<p>&nbsp;<\/p>\n<p><img loading=\"lazy\" decoding=\"async\" class=\"alignnone size-full wp-image-59\" src=\"https:\/\/wp.ufpel.edu.br\/syhda\/files\/2020\/05\/erro2.png\" alt=\"\" width=\"980\" height=\"528\" srcset=\"https:\/\/wp.ufpel.edu.br\/syhda\/files\/2020\/05\/erro2.png 980w, https:\/\/wp.ufpel.edu.br\/syhda\/files\/2020\/05\/erro2-400x216.png 400w, https:\/\/wp.ufpel.edu.br\/syhda\/files\/2020\/05\/erro2-768x414.png 768w, https:\/\/wp.ufpel.edu.br\/syhda\/files\/2020\/05\/erro2-557x300.png 557w\" sizes=\"auto, (max-width: 980px) 100vw, 980px\" \/><\/p>\n<p>Caso um dos seguintes erros apare\u00e7a na tela, o banco de dados<em> Firebird<\/em> deve ser reinstalado com as seguintes op\u00e7\u00f5es marcadas:<\/p>\n<p><img loading=\"lazy\" decoding=\"async\" class=\"size-full wp-image-60 aligncenter\" src=\"https:\/\/wp.ufpel.edu.br\/syhda\/files\/2020\/05\/erro3.png\" alt=\"\" width=\"514\" height=\"401\" srcset=\"https:\/\/wp.ufpel.edu.br\/syhda\/files\/2020\/05\/erro3.png 514w, https:\/\/wp.ufpel.edu.br\/syhda\/files\/2020\/05\/erro3-400x312.png 400w, https:\/\/wp.ufpel.edu.br\/syhda\/files\/2020\/05\/erro3-385x300.png 385w\" sizes=\"auto, (max-width: 514px) 100vw, 514px\" \/><\/p>\n","protected":false},"excerpt":{"rendered":"<p>Quais os poss\u00edveis erros que podem ocorrer durante a utiliza\u00e7\u00e3o do SYHDA? Em virtude das diferentes vers\u00f5es do Sistema Windows, algumas mensagens de erro podem ser apresentadas logo ap\u00f3s a inicializa\u00e7\u00e3o do programa. A seguir encontram-se algumas destas mensagens j\u00e1 identificadas. &nbsp; Caso um dos seguintes erros apare\u00e7a na tela, o banco de dados Firebird&#8230; <\/p>\n<div class=\"link-more\"><a href=\"https:\/\/wp.ufpel.edu.br\/syhda\/faq\/\">Leia mais<\/a><\/div>\n","protected":false},"author":984,"featured_media":0,"parent":0,"menu_order":0,"comment_status":"closed","ping_status":"closed","template":"","meta":{"footnotes":""},"class_list":["post-29","page","type-page","status-publish","hentry"],"_links":{"self":[{"href":"https:\/\/wp.ufpel.edu.br\/syhda\/wp-json\/wp\/v2\/pages\/29","targetHints":{"allow":["GET"]}}],"collection":[{"href":"https:\/\/wp.ufpel.edu.br\/syhda\/wp-json\/wp\/v2\/pages"}],"about":[{"href":"https:\/\/wp.ufpel.edu.br\/syhda\/wp-json\/wp\/v2\/types\/page"}],"author":[{"embeddable":true,"href":"https:\/\/wp.ufpel.edu.br\/syhda\/wp-json\/wp\/v2\/users\/984"}],"replies":[{"embeddable":true,"href":"https:\/\/wp.ufpel.edu.br\/syhda\/wp-json\/wp\/v2\/comments?post=29"}],"version-history":[{"count":3,"href":"https:\/\/wp.ufpel.edu.br\/syhda\/wp-json\/wp\/v2\/pages\/29\/revisions"}],"predecessor-version":[{"id":61,"href":"https:\/\/wp.ufpel.edu.br\/syhda\/wp-json\/wp\/v2\/pages\/29\/revisions\/61"}],"wp:attachment":[{"href":"https:\/\/wp.ufpel.edu.br\/syhda\/wp-json\/wp\/v2\/media?parent=29"}],"curies":[{"name":"wp","href":"https:\/\/api.w.org\/{rel}","templated":true}]}}