{"id":21,"date":"2020-05-26T11:22:27","date_gmt":"2020-05-26T14:22:27","guid":{"rendered":"https:\/\/wp.ufpel.edu.br\/syhda\/?page_id=21"},"modified":"2020-08-13T11:17:00","modified_gmt":"2020-08-13T14:17:00","slug":"sobre","status":"publish","type":"page","link":"https:\/\/wp.ufpel.edu.br\/syhda\/","title":{"rendered":"Sobre"},"content":{"rendered":"<p style=\"text-align: justify\">O software System of Hydrological Data Acquisition and Analysis (SYHDA) foi desenvolvido por integrantes do <strong><a href=\"http:\/\/wp.ufpel.edu.br\/hidrologiaemodelagemhidrologica\" target=\"_blank\" rel=\"noopener noreferrer\">Grupo de Pesquisa em Hidrologia e Modelagem Hidrol\u00f3gica em Bacias Hidrogr\u00e1ficas\/CNPq<\/a> <\/strong>da Universidade Federal de Pelotas (UFPel). Este software permite ao usu\u00e1rio o manuseio de dados hidrol\u00f3gicos de chuva e vaz\u00e3o obtidos junto aos principais bancos de dados brasileiros (HidroWEB \u2013 ANA, INMET), al\u00e9m de bancos de dados em formato de planilhas (*xlsx).<\/p>\n<p style=\"text-align: justify\">O SYHDA possibilita a constitui\u00e7\u00e3o de s\u00e9ries hidrol\u00f3gicas em diferentes intervalos de tempo, considerando ou n\u00e3o crit\u00e9rios de falhas. O software oferece op\u00e7\u00f5es para estruturar s\u00e9ries de acordo com o ano civil e o ano hidrol\u00f3gico. No tocante \u00e0 an\u00e1lise de s\u00e9ries hidrol\u00f3gicas em SYHDA, destacam-se algumas de suas funcionalidades: estat\u00edsticas descritivas, elabora\u00e7\u00e3o de curvas de perman\u00eancia, an\u00e1lise de sazonalidade de vaz\u00f5es, modelagem probabil\u00edstica com distribui\u00e7\u00f5es tradicionais e multipar\u00e2metros e diferentes t\u00e9cnicas de ajuste dos par\u00e2metros, testes de ader\u00eancia e estat\u00edsticas para an\u00e1lises regionais de frequ\u00eancia. A principal caracter\u00edstica do SYHDA \u00e9 executar rapidamente an\u00e1lises laboriosas e complexas de modo repetitivo para um grande conjunto de s\u00e9ries hidrol\u00f3gicas, subsidiando estudos hidrol\u00f3gicos baseados em metodologias que s\u00e3o consideradas do estado-da-arte.<\/p>\n<p>Para mais informa\u00e7\u00f5es acesse a <strong><a href=\"https:\/\/www.scielo.br\/scielo.php?script=sci_arttext&amp;pid=S2318-03312019000100401\" target=\"_blank\" rel=\"noopener noreferrer\">Nota T\u00e9cnica<\/a><\/strong>.<\/p>\n<p>Tem alguma sugest\u00e3o? Deixe sua opini\u00e3o <strong><a href=\"https:\/\/forms.gle\/EeaKHjCJ7y1DfjMs8\" target=\"_blank\" rel=\"noopener noreferrer\">aqui<\/a><\/strong>!<\/p>\n<p>Clique <strong><a href=\"https:\/\/rpubs.com\/gphidrologia\/syhdarequests\" target=\"_blank\" rel=\"noopener noreferrer\">aqui<\/a> <\/strong>e confira os locais que j\u00e1 solicitaram o SYHDA ao redor do mundo!<\/p>\n<p>&nbsp;<\/p>\n","protected":false},"excerpt":{"rendered":"<p>O software System of Hydrological Data Acquisition and Analysis (SYHDA) foi desenvolvido por integrantes do Grupo de Pesquisa em Hidrologia e Modelagem Hidrol\u00f3gica em Bacias Hidrogr\u00e1ficas\/CNPq da Universidade Federal de Pelotas (UFPel). Este software permite ao usu\u00e1rio o manuseio de dados hidrol\u00f3gicos de chuva e vaz\u00e3o obtidos junto aos principais bancos de dados brasileiros (HidroWEB&#8230; <\/p>\n<div class=\"link-more\"><a href=\"https:\/\/wp.ufpel.edu.br\/syhda\/\">Leia mais<\/a><\/div>\n","protected":false},"author":984,"featured_media":0,"parent":0,"menu_order":0,"comment_status":"closed","ping_status":"closed","template":"","meta":{"footnotes":""},"class_list":["post-21","page","type-page","status-publish","hentry"],"_links":{"self":[{"href":"https:\/\/wp.ufpel.edu.br\/syhda\/wp-json\/wp\/v2\/pages\/21","targetHints":{"allow":["GET"]}}],"collection":[{"href":"https:\/\/wp.ufpel.edu.br\/syhda\/wp-json\/wp\/v2\/pages"}],"about":[{"href":"https:\/\/wp.ufpel.edu.br\/syhda\/wp-json\/wp\/v2\/types\/page"}],"author":[{"embeddable":true,"href":"https:\/\/wp.ufpel.edu.br\/syhda\/wp-json\/wp\/v2\/users\/984"}],"replies":[{"embeddable":true,"href":"https:\/\/wp.ufpel.edu.br\/syhda\/wp-json\/wp\/v2\/comments?post=21"}],"version-history":[{"count":13,"href":"https:\/\/wp.ufpel.edu.br\/syhda\/wp-json\/wp\/v2\/pages\/21\/revisions"}],"predecessor-version":[{"id":95,"href":"https:\/\/wp.ufpel.edu.br\/syhda\/wp-json\/wp\/v2\/pages\/21\/revisions\/95"}],"wp:attachment":[{"href":"https:\/\/wp.ufpel.edu.br\/syhda\/wp-json\/wp\/v2\/media?parent=21"}],"curies":[{"name":"wp","href":"https:\/\/api.w.org\/{rel}","templated":true}]}}