{"id":6,"date":"2023-08-08T08:37:07","date_gmt":"2023-08-08T11:37:07","guid":{"rendered":"https:\/\/wp.ufpel.edu.br\/sustentabilidadeethau\/?page_id=6"},"modified":"2023-09-07T12:06:09","modified_gmt":"2023-09-07T15:06:09","slug":"atelier-de-sustentabilidade","status":"publish","type":"page","link":"https:\/\/wp.ufpel.edu.br\/sustentabilidadeethau\/atelier-de-sustentabilidade\/","title":{"rendered":"ATELIER DE SUSTENTABILIDADE"},"content":{"rendered":"<h1 style=\"text-align: center;\"><strong>Apresenta\u00e7\u00e3o disciplina de Atelier Vertical \u2013 Sustentabilidade e Solu\u00e7\u00f5es em Arquitetura<\/strong><\/h1>\n<p>Esta \u00e9 uma disciplina eletiva da Faculdade de Arquitetura e Urbanismo da UFPEL, que estuda conceitos e m\u00e9todos de projetos arquitet\u00f4nicos associados ao conceito de sustentabilidade. Tamb\u00e9m estuda as dimens\u00f5es e princ\u00edpios da sustentabilidade, bem como tend\u00eancias e aplica\u00e7\u00f5es da sustentabilidade na arquitetura. Prev\u00ea a elabora\u00e7\u00e3o de projeto de arquitetura considerando princ\u00edpios, dimens\u00f5es e caracter\u00edsticas da sustentabilidade e efici\u00eancia energ\u00e9tica nas edifica\u00e7\u00f5es.<\/p>\n<p>Tem como objetivo geral:<\/p>\n<p>&#8211; conhecer os princ\u00edpios, caracter\u00edsticas, metodologia de projeto e principais solu\u00e7\u00f5es relacionadas a arquitetura sustent\u00e1vel.<\/p>\n<p>Tem como objetivo(s) espec\u00edfico(s):<\/p>\n<p>&#8211; estudar os fundamentos, princ\u00edpios, caracter\u00edsticas e metodologia do projeto sustent\u00e1vel em arquitetura;<\/p>\n<p>&#8211; conhecer exemplares de projetos sustent\u00e1veis em arquitetura;<\/p>\n<p>&#8211; realizar exerc\u00edcio de car\u00e1ter propositivo com enfoque na sustentabilidade e solu\u00e7\u00f5es arquitet\u00f4nicas compat\u00edveis.<\/p>\n<p>Nesta p\u00e1gina pretendemos apresentar as atividades e pesquisas desenvolvidas na disciplina, bem como material did\u00e1tico-pedag\u00f3gico e bibliogr\u00e1fico relacionado com os temas de estudo desta disciplina.<\/p>\n<p>&nbsp;<\/p>\n","protected":false},"excerpt":{"rendered":"<p>Apresenta\u00e7\u00e3o disciplina de Atelier Vertical \u2013 Sustentabilidade e Solu\u00e7\u00f5es em Arquitetura Esta \u00e9 uma disciplina eletiva da Faculdade de Arquitetura e Urbanismo da UFPEL, que estuda conceitos e m\u00e9todos de projetos arquitet\u00f4nicos associados ao conceito de sustentabilidade. Tamb\u00e9m estuda as&#8230; <a class=\"more-link\" href=\"https:\/\/wp.ufpel.edu.br\/sustentabilidadeethau\/atelier-de-sustentabilidade\/\">Continue lendo &rarr;<\/a><\/p>\n","protected":false},"author":1315,"featured_media":0,"parent":0,"menu_order":0,"comment_status":"closed","ping_status":"closed","template":"template-archives.php","meta":{"footnotes":""},"class_list":["post-6","page","type-page","status-publish","hentry"],"_links":{"self":[{"href":"https:\/\/wp.ufpel.edu.br\/sustentabilidadeethau\/wp-json\/wp\/v2\/pages\/6","targetHints":{"allow":["GET"]}}],"collection":[{"href":"https:\/\/wp.ufpel.edu.br\/sustentabilidadeethau\/wp-json\/wp\/v2\/pages"}],"about":[{"href":"https:\/\/wp.ufpel.edu.br\/sustentabilidadeethau\/wp-json\/wp\/v2\/types\/page"}],"author":[{"embeddable":true,"href":"https:\/\/wp.ufpel.edu.br\/sustentabilidadeethau\/wp-json\/wp\/v2\/users\/1315"}],"replies":[{"embeddable":true,"href":"https:\/\/wp.ufpel.edu.br\/sustentabilidadeethau\/wp-json\/wp\/v2\/comments?post=6"}],"version-history":[{"count":7,"href":"https:\/\/wp.ufpel.edu.br\/sustentabilidadeethau\/wp-json\/wp\/v2\/pages\/6\/revisions"}],"predecessor-version":[{"id":29,"href":"https:\/\/wp.ufpel.edu.br\/sustentabilidadeethau\/wp-json\/wp\/v2\/pages\/6\/revisions\/29"}],"wp:attachment":[{"href":"https:\/\/wp.ufpel.edu.br\/sustentabilidadeethau\/wp-json\/wp\/v2\/media?parent=6"}],"curies":[{"name":"wp","href":"https:\/\/api.w.org\/{rel}","templated":true}]}}