{"id":30,"date":"2023-09-07T12:06:41","date_gmt":"2023-09-07T15:06:41","guid":{"rendered":"https:\/\/wp.ufpel.edu.br\/sustentabilidadeethau\/?page_id=30"},"modified":"2023-09-07T12:08:05","modified_gmt":"2023-09-07T15:08:05","slug":"atividades-de-colagens-atelier-de-sustentabilidade","status":"publish","type":"page","link":"https:\/\/wp.ufpel.edu.br\/sustentabilidadeethau\/atividades-de-colagens-atelier-de-sustentabilidade\/","title":{"rendered":"ATIVIDADES DE COLAGENS &#8211; ATELIER DE SUSTENTABILIDADE"},"content":{"rendered":"<h2 style=\"text-align: center;\">Atividades de Colagens<\/h2>\n<p style=\"text-align: justify;\"><img loading=\"lazy\" decoding=\"async\" class=\"wp-image-18 alignleft\" src=\"https:\/\/wp.ufpel.edu.br\/sustentabilidadeethau\/files\/2023\/09\/Atividade1_Karina-283x400.png\" alt=\"\" width=\"303\" height=\"428\" srcset=\"https:\/\/wp.ufpel.edu.br\/sustentabilidadeethau\/files\/2023\/09\/Atividade1_Karina-283x400.png 283w, https:\/\/wp.ufpel.edu.br\/sustentabilidadeethau\/files\/2023\/09\/Atividade1_Karina-724x1024.png 724w, https:\/\/wp.ufpel.edu.br\/sustentabilidadeethau\/files\/2023\/09\/Atividade1_Karina-768x1086.png 768w, https:\/\/wp.ufpel.edu.br\/sustentabilidadeethau\/files\/2023\/09\/Atividade1_Karina-1086x1536.png 1086w, https:\/\/wp.ufpel.edu.br\/sustentabilidadeethau\/files\/2023\/09\/Atividade1_Karina-600x849.png 600w, https:\/\/wp.ufpel.edu.br\/sustentabilidadeethau\/files\/2023\/09\/Atividade1_Karina-945x1337.png 945w, https:\/\/wp.ufpel.edu.br\/sustentabilidadeethau\/files\/2023\/09\/Atividade1_Karina.png 1414w\" sizes=\"auto, (max-width: 303px) 100vw, 303px\" \/>Tendo em vista o conceito mais conhecido de Sustentabilidade que seria o de atender \u00e0s necessidades do presente sem comprometer \u00e0s das gera\u00e7\u00f5es futuras, nessa colagem se faz uma an\u00e1lise cr\u00edtica de como a cultura atual tem impactado diretamente no ambiente, observando tanto aspectos f\u00edsicos, quanto sociais. Vemos as cidades tomadas por edifica\u00e7\u00f5es, roubando o lugar de diversas \u00e1reas verdes. Elasforam dominando os espa\u00e7os terrestres, e n\u00e3o satisfeitas, passaram a buscar alcan\u00e7ar novos limites com seus arranha-c\u00e9us. Al\u00e9m disso, outro fator que t\u00eam forte influ\u00eancia nos espa\u00e7os vem da ideia do imediatismo semeada na sociedade, que consequentemente fica atrelada \u00e0 mentalidade do descart\u00e1vel. Tudo quanto poss\u00edvel se torna descart\u00e1vel para n\u00e3o ter que haver reparos ou manuten\u00e7\u00e3o. Nisso, o consumismo exagerado vai na contram\u00e3o da sustentabilidade, visto que se pensa em suprir \u00e0s necessidades atuais, mas n\u00e3o se preocupando no quanto de res\u00edduos<br \/>\nser\u00e3o gerados por essas atitudes. Mesma l\u00f3gica se d\u00e1 na quest\u00e3o da mobilidade urbana, que associa o desenvolvimento \u00e0 quantidade de autom\u00f3veis nas ruas, e ent\u00e3o, temos os espa\u00e7os cada vez mais ocupados por coisas e n\u00e3o por pessoas. Por isso, vemos na colagem um lado pequeno iluminado, com verdes, ar livre, crian\u00e7as brincando, quase que tomado por uma escurid\u00e3o. Ou seja, esse \u00e9 o movimento que tem acontecido nos centros urbanos, onde cenas simples, em meio \u00e0 natureza, t\u00eam tentado sobreviver \u00e0s \u00e1reas acinzentadas que v\u00e3o se achegando. Parece \u00e0 sociedade que a felicidade est\u00e1 no quanto se compra, ou quanto se tem; que a riqueza das cidades est\u00e1 na quantidade de pr\u00e9dios bonitos que s\u00e3o constru\u00eddos ou qu\u00e3o r\u00e1pido um transporte chega at\u00e9 voc\u00ea, mas o que n\u00e3o se percebe \u00e9 que o verdadeiro acalento est\u00e1 na simplicidade de poder respirar um ar puro, encontrar paisagens naturais e desfrutar de uma sombra fresca.<\/p>\n<p><img loading=\"lazy\" decoding=\"async\" class=\"alignnone wp-image-27\" src=\"https:\/\/wp.ufpel.edu.br\/sustentabilidadeethau\/files\/2023\/09\/Captura-de-tela-2023-09-07-114348-289x400.png\" alt=\"\" width=\"329\" height=\"455\" srcset=\"https:\/\/wp.ufpel.edu.br\/sustentabilidadeethau\/files\/2023\/09\/Captura-de-tela-2023-09-07-114348-289x400.png 289w, https:\/\/wp.ufpel.edu.br\/sustentabilidadeethau\/files\/2023\/09\/Captura-de-tela-2023-09-07-114348.png 557w\" sizes=\"auto, (max-width: 329px) 100vw, 329px\" \/><\/p>\n<p>&nbsp;<\/p>\n","protected":false},"excerpt":{"rendered":"<p>Atividades de Colagens Tendo em vista o conceito mais conhecido de Sustentabilidade que seria o de atender \u00e0s necessidades do presente sem comprometer \u00e0s das gera\u00e7\u00f5es futuras, nessa colagem se faz uma an\u00e1lise cr\u00edtica de como a cultura atual tem&#8230; <a class=\"more-link\" href=\"https:\/\/wp.ufpel.edu.br\/sustentabilidadeethau\/atividades-de-colagens-atelier-de-sustentabilidade\/\">Continue lendo &rarr;<\/a><\/p>\n","protected":false},"author":1315,"featured_media":0,"parent":0,"menu_order":0,"comment_status":"closed","ping_status":"closed","template":"","meta":{"footnotes":""},"class_list":["post-30","page","type-page","status-publish","hentry"],"_links":{"self":[{"href":"https:\/\/wp.ufpel.edu.br\/sustentabilidadeethau\/wp-json\/wp\/v2\/pages\/30","targetHints":{"allow":["GET"]}}],"collection":[{"href":"https:\/\/wp.ufpel.edu.br\/sustentabilidadeethau\/wp-json\/wp\/v2\/pages"}],"about":[{"href":"https:\/\/wp.ufpel.edu.br\/sustentabilidadeethau\/wp-json\/wp\/v2\/types\/page"}],"author":[{"embeddable":true,"href":"https:\/\/wp.ufpel.edu.br\/sustentabilidadeethau\/wp-json\/wp\/v2\/users\/1315"}],"replies":[{"embeddable":true,"href":"https:\/\/wp.ufpel.edu.br\/sustentabilidadeethau\/wp-json\/wp\/v2\/comments?post=30"}],"version-history":[{"count":2,"href":"https:\/\/wp.ufpel.edu.br\/sustentabilidadeethau\/wp-json\/wp\/v2\/pages\/30\/revisions"}],"predecessor-version":[{"id":32,"href":"https:\/\/wp.ufpel.edu.br\/sustentabilidadeethau\/wp-json\/wp\/v2\/pages\/30\/revisions\/32"}],"wp:attachment":[{"href":"https:\/\/wp.ufpel.edu.br\/sustentabilidadeethau\/wp-json\/wp\/v2\/media?parent=30"}],"curies":[{"name":"wp","href":"https:\/\/api.w.org\/{rel}","templated":true}]}}