{"id":34,"date":"2024-04-24T18:00:36","date_gmt":"2024-04-24T21:00:36","guid":{"rendered":"https:\/\/wp.ufpel.edu.br\/sulsurfairtrade\/?page_id=34"},"modified":"2026-03-11T15:14:12","modified_gmt":"2026-03-11T18:14:12","slug":"grupos-de-trabalho","status":"publish","type":"page","link":"https:\/\/wp.ufpel.edu.br\/sulsurfairtrade\/grupos-de-trabalho\/","title":{"rendered":"Grupos de Trabalho"},"content":{"rendered":"<p>A Sul-Sur Fairtrade Cooperativa J\u00fanior \u00e9 dividida em grupos de trabalho, confira as p\u00e1ginas para saber mais:<\/p>\n<ul>\n<li><a href=\"https:\/\/wp.ufpel.edu.br\/sulsurfairtrade\/grupos-de-trabalho\/comunicacao-2\/\">Grupo de Trabalho de Comunica\u00e7\u00e3o<\/a><\/li>\n<li><a href=\"https:\/\/wp.ufpel.edu.br\/sulsurfairtrade\/grupos-de-trabalho\/juridico\/\">Grupo de Trabalho Jur\u00eddico<\/a><\/li>\n<li><a href=\"https:\/\/wp.ufpel.edu.br\/sulsurfairtrade\/grupos-de-trabalho\/exportacao\/\">Grupo de Trabalho de Exporta\u00e7\u00e3o<\/a><\/li>\n<li><a href=\"https:\/\/wp.ufpel.edu.br\/sulsurfairtrade\/grupos-de-trabalho\/importacao\/\">Grupo de Trabalho de Importa\u00e7\u00e3o<\/a><\/li>\n<li><a href=\"https:\/\/wp.ufpel.edu.br\/sulsurfairtrade\/grupos-de-trabalho\/comunicacao\/\">Grupo de Trabalho de Forma\u00e7\u00e3o<\/a><\/li>\n<\/ul>\n","protected":false},"excerpt":{"rendered":"<p>A Sul-Sur Fairtrade Cooperativa J\u00fanior \u00e9 dividida em grupos de trabalho, confira as p\u00e1ginas para saber mais: Grupo de Trabalho de Comunica\u00e7\u00e3o Grupo de Trabalho Jur\u00eddico Grupo de Trabalho de Exporta\u00e7\u00e3o Grupo de Trabalho de Importa\u00e7\u00e3o Grupo de Trabalho de Forma\u00e7\u00e3o<\/p>\n","protected":false},"author":1365,"featured_media":0,"parent":0,"menu_order":4,"comment_status":"closed","ping_status":"closed","template":"","meta":{"footnotes":""},"class_list":["post-34","page","type-page","status-publish","hentry"],"jetpack_sharing_enabled":true,"_links":{"self":[{"href":"https:\/\/wp.ufpel.edu.br\/sulsurfairtrade\/wp-json\/wp\/v2\/pages\/34","targetHints":{"allow":["GET"]}}],"collection":[{"href":"https:\/\/wp.ufpel.edu.br\/sulsurfairtrade\/wp-json\/wp\/v2\/pages"}],"about":[{"href":"https:\/\/wp.ufpel.edu.br\/sulsurfairtrade\/wp-json\/wp\/v2\/types\/page"}],"author":[{"embeddable":true,"href":"https:\/\/wp.ufpel.edu.br\/sulsurfairtrade\/wp-json\/wp\/v2\/users\/1365"}],"replies":[{"embeddable":true,"href":"https:\/\/wp.ufpel.edu.br\/sulsurfairtrade\/wp-json\/wp\/v2\/comments?post=34"}],"version-history":[{"count":2,"href":"https:\/\/wp.ufpel.edu.br\/sulsurfairtrade\/wp-json\/wp\/v2\/pages\/34\/revisions"}],"predecessor-version":[{"id":262,"href":"https:\/\/wp.ufpel.edu.br\/sulsurfairtrade\/wp-json\/wp\/v2\/pages\/34\/revisions\/262"}],"wp:attachment":[{"href":"https:\/\/wp.ufpel.edu.br\/sulsurfairtrade\/wp-json\/wp\/v2\/media?parent=34"}],"curies":[{"name":"wp","href":"https:\/\/api.w.org\/{rel}","templated":true}]}}