{"id":86,"date":"2018-11-14T16:41:46","date_gmt":"2018-11-14T18:41:46","guid":{"rendered":"https:\/\/wp.ufpel.edu.br\/sulpet\/?page_id=86"},"modified":"2019-05-13T14:47:41","modified_gmt":"2019-05-13T17:47:41","slug":"home","status":"publish","type":"page","link":"https:\/\/wp.ufpel.edu.br\/sulpet\/","title":{"rendered":""},"content":{"rendered":"<p style=\"text-align: justify\">O Encontro Regional dos Grupos PET do Sul &#8211; SULPET &#8211; ocorre anualmente e re\u00fane grupos de diferentes Institui\u00e7\u00f5es de Ensino Superior do Paran\u00e1, Santa Catarina e Rio Grande do Sul para discutir temas importantes para o desenvolvimento do Programa e da educa\u00e7\u00e3o brasileira. Em 2019, a Universidade Federal de Pelotas \u2013 UFPel &#8211; Pelotas\/RS sediar\u00e1 o XXII SULPET tendo como tema do evento: &#8220;<strong>Ser PETiano: Forma\u00e7\u00e3o, Resist\u00eancia e Transforma\u00e7\u00e3o<\/strong>&#8221; durante os dias 01 a 04 de maio.<\/p>\n<p style=\"text-align: justify\">O Programa PET foi criado em 1979 pela CAPES e transferido em 1999 para a Secretaria de Educa\u00e7\u00e3o Superior do Minist\u00e9rio da Educa\u00e7\u00e3o, quando sua sigla passou a designar Programa de Educa\u00e7\u00e3o Tutorial. O Programa \u00e9 composto por grupos tutoriais de aprendizagem e busca propiciar aos alunos, sob a orienta\u00e7\u00e3o de um professor tutor, condi\u00e7\u00f5es para a realiza\u00e7\u00e3o de atividades extracurriculares, que complementem a sua forma\u00e7\u00e3o acad\u00eamica, procurando melhorar a qualidade acad\u00eamica dos cursos de gradua\u00e7\u00e3o apoiados pelo PET. O SulPET acontece anualmente desde 1998 com objetivo de articular e proporcionar um espa\u00e7o de discuss\u00e3o interdisciplinar para a ampla forma\u00e7\u00e3o dos alunos quanto cidad\u00e3os. Al\u00e9m das atividades acad\u00eamicas, o evento proporciona um momento de troca de informa\u00e7\u00f5es e onhecimento entre os grupos PETs, assim como delibera quest\u00f5es administrativas inerentes ao programa que s\u00e3o encaminhadas para o Encontro Nacional de PETs &#8211; ENAPET.<\/p>\n<p>&nbsp;<\/p>\n<p>Confira o manual que preparamos para o evento:<\/p>\n<ul>\n<li><a href=\"https:\/\/wp.ufpel.edu.br\/sulpet\/files\/2019\/04\/Manual-de-Orienta\u00e7\u00f5es-B\u00e1sicas-XXII-SulPET.pdf\">Manual de Orienta\u00e7\u00f5es B\u00e1sicas XXII SulPET<\/a><\/li>\n<\/ul>\n<p>&nbsp;<\/p>\n","protected":false},"excerpt":{"rendered":"<p>O Encontro Regional dos Grupos PET do Sul &#8211; SULPET &#8211; ocorre anualmente e re\u00fane grupos de diferentes Institui\u00e7\u00f5es de Ensino Superior do Paran\u00e1, Santa Catarina e Rio Grande do Sul para discutir temas importantes para o desenvolvimento do Programa e da educa\u00e7\u00e3o brasileira. Em 2019, a Universidade Federal de Pelotas \u2013 UFPel &#8211; Pelotas\/RS [&hellip;]<\/p>\n","protected":false},"author":890,"featured_media":0,"parent":0,"menu_order":0,"comment_status":"closed","ping_status":"closed","template":"","meta":{"footnotes":""},"class_list":["post-86","page","type-page","status-publish","hentry","post"],"_links":{"self":[{"href":"https:\/\/wp.ufpel.edu.br\/sulpet\/wp-json\/wp\/v2\/pages\/86","targetHints":{"allow":["GET"]}}],"collection":[{"href":"https:\/\/wp.ufpel.edu.br\/sulpet\/wp-json\/wp\/v2\/pages"}],"about":[{"href":"https:\/\/wp.ufpel.edu.br\/sulpet\/wp-json\/wp\/v2\/types\/page"}],"author":[{"embeddable":true,"href":"https:\/\/wp.ufpel.edu.br\/sulpet\/wp-json\/wp\/v2\/users\/890"}],"replies":[{"embeddable":true,"href":"https:\/\/wp.ufpel.edu.br\/sulpet\/wp-json\/wp\/v2\/comments?post=86"}],"version-history":[{"count":29,"href":"https:\/\/wp.ufpel.edu.br\/sulpet\/wp-json\/wp\/v2\/pages\/86\/revisions"}],"predecessor-version":[{"id":849,"href":"https:\/\/wp.ufpel.edu.br\/sulpet\/wp-json\/wp\/v2\/pages\/86\/revisions\/849"}],"wp:attachment":[{"href":"https:\/\/wp.ufpel.edu.br\/sulpet\/wp-json\/wp\/v2\/media?parent=86"}],"curies":[{"name":"wp","href":"https:\/\/api.w.org\/{rel}","templated":true}]}}