{"id":225,"date":"2019-03-11T18:46:08","date_gmt":"2019-03-11T21:46:08","guid":{"rendered":"https:\/\/wp.ufpel.edu.br\/sulpet\/?page_id=225"},"modified":"2019-05-02T13:59:09","modified_gmt":"2019-05-02T16:59:09","slug":"pets-da-ufpel","status":"publish","type":"page","link":"https:\/\/wp.ufpel.edu.br\/sulpet\/pets-da-ufpel\/","title":{"rendered":"PETs da UFPEL"},"content":{"rendered":"<p>A Universidade Federal de Pelotas possui 15 grupos PET ativos. S\u00e3o eles:<\/p>\n<table style=\"height: 360px\" border=\"0\">\n<tbody>\n<tr style=\"height: 24px\">\n<td style=\"height: 24px;width: 176px\"><strong>PET A\u00e7\u00e3o e Pesquisa em Educa\u00e7\u00e3o Popular<\/strong><\/td>\n<td style=\"height: 24px;width: 70px\"><a href=\"https:\/\/petgape.wordpress.com\/\">Site\/Blog<\/a><\/td>\n<td style=\"height: 24px;width: 71px\"><a href=\"https:\/\/www.facebook.com\/petgapeufpel\/\">Facebook<\/a><\/td>\n<td style=\"height: 24px;width: 172px\"><strong>Prof\u00aa. Heloisa Helena Duval de Azevedo<\/strong><\/td>\n<\/tr>\n<tr style=\"height: 24px\">\n<td style=\"height: 24px;width: 176px\"><strong>PET Agronomia<\/strong><\/td>\n<td style=\"height: 24px;width: 70px\"><a href=\"http:\/\/petfaem.wix.com\/petfaem\">Site\/Blog<\/a><\/td>\n<td style=\"height: 24px;width: 71px\"><a href=\"https:\/\/www.facebook.com\/PET-Agronomia-UFPel-114517955337003\/\">Facebook<\/a><\/td>\n<td style=\"height: 24px;width: 172px\"><strong>Prof\u00aa. Danielle Ribeiro de Barros<\/strong><\/td>\n<\/tr>\n<tr style=\"height: 24px\">\n<td style=\"height: 24px;width: 176px\"><strong>PET Arquitetura<\/strong><\/td>\n<td style=\"height: 24px;width: 70px\"><a href=\"http:\/\/petfaurb.wix.com\/petfaurb\">Site\/Blog<\/a><\/td>\n<td style=\"height: 24px;width: 71px\"><a href=\"https:\/\/www.facebook.com\/petfaurb\">Facebook<\/a><\/td>\n<td style=\"height: 24px;width: 172px\"><strong>Prof\u00aa. Ana Paula Faria<\/strong><\/td>\n<\/tr>\n<tr style=\"height: 24px\">\n<td style=\"height: 24px;width: 176px\"><strong>PET Artes Visuais<\/strong><\/td>\n<td style=\"height: 24px;width: 70px\"><a href=\"https:\/\/petartesufpel.wordpress.com\/\">Site\/Blog<\/a><\/td>\n<td style=\"height: 24px;width: 71px\"><a href=\"https:\/\/www.facebook.com\/PetArtesUfpel\">Facebook<\/a><\/td>\n<td style=\"height: 24px;width: 172px\"><strong>Prof\u00aa.\u00a0N\u00e1dia da Cruz Senna<\/strong><\/td>\n<\/tr>\n<tr style=\"height: 24px\">\n<td style=\"height: 24px;width: 176px\"><strong>PET Computa\u00e7\u00e3o<\/strong><\/td>\n<td style=\"height: 24px;width: 70px\"><a href=\"https:\/\/wp.ufpel.edu.br\/petcomp\/\">Site\/Blog<\/a><\/td>\n<td style=\"height: 24px;width: 71px\"><a href=\"https:\/\/www.facebook.com\/PET-Computa%C3%A7%C3%A3o-413315938710300\/\">Facebook<\/a><\/td>\n<td style=\"height: 24px;width: 172px\"><strong>Prof. Leomar Soares da Rosa Junior<\/strong><\/td>\n<\/tr>\n<tr style=\"height: 24px\">\n<td style=\"height: 24px;width: 176px\"><strong>PET Conserva\u00e7\u00e3o e Restauro<\/strong><\/td>\n<td style=\"height: 24px;width: 70px\"><a href=\"http:\/\/conservacaoerestauro.wixsite.com\/pet-cr\">Site\/Blog<\/a><\/td>\n<td style=\"height: 24px;width: 71px\"><a href=\"https:\/\/www.facebook.com\/PET-Conserva%C3%A7%C3%A3o-e-Restauro-UFPEL-766403506807997\/?fref=photo\">Facebook<\/a><\/td>\n<td style=\"height: 24px;width: 172px\"><strong>Prof\u00aa.\u00a0Daniele Baltz da Fonseca<\/strong><\/td>\n<\/tr>\n<tr style=\"height: 24px\">\n<td style=\"height: 24px;width: 176px\"><strong>PET Educa\u00e7\u00e3o F\u00edsica<\/strong><\/td>\n<td style=\"height: 24px;width: 70px\"><a href=\"http:\/\/petesefufpel.blogspot.com.br\/\">Site\/Blog<\/a><\/td>\n<td style=\"height: 24px;width: 71px\"><a href=\"https:\/\/www.facebook.com\/PetEsefUfpel\">Facebook<\/a><\/td>\n<td style=\"height: 24px;width: 172px\"><strong>Prof\u00aa. Mari\u00e2ngela da Rosa Afonso<\/strong><\/td>\n<\/tr>\n<tr style=\"height: 24px\">\n<td style=\"height: 24px;width: 176px\"><strong>PET Engenharia Agr\u00edcola<\/strong><\/td>\n<td style=\"height: 24px;width: 70px\"><a href=\"https:\/\/wp.ufpel.edu.br\/petea\/\">Site\/Blog<\/a><\/td>\n<td style=\"height: 24px;width: 71px\"><a href=\"https:\/\/www.facebook.com\/PetEngenhariaAgricola\/\">Facebook<\/a><\/td>\n<td style=\"height: 24px;width: 172px\"><strong>Prof. Carlos Ant\u00f4nio da Costa Tillmann<\/strong><\/td>\n<\/tr>\n<tr style=\"height: 24px\">\n<td style=\"height: 24px;width: 176px\"><strong>PET Engenharia H\u00eddrica<\/strong><\/td>\n<td style=\"height: 24px;width: 70px\"><a href=\"https:\/\/wp.ufpel.edu.br\/pethidrica\/\">Site\/Blog<\/a><\/td>\n<td style=\"height: 24px;width: 71px\"><a href=\"https:\/\/www.facebook.com\/PetEngenhariaHidrica\">Facebook<\/a><\/td>\n<td style=\"height: 24px;width: 172px\"><strong>Prof\u00aa. Viviane Santos Silva Terra<\/strong><\/td>\n<\/tr>\n<tr style=\"height: 24px\">\n<td style=\"height: 24px;width: 176px\"><strong>PET Conex\u00f5es\u00a0de Saberes \u2013 Diversidade\u00a0e Toler\u00e2ncia<\/strong><\/td>\n<td style=\"height: 24px;width: 70px\"><a href=\"https:\/\/wp.ufpel.edu.br\/petdiversidade\/\">Site\/Blog<\/a><\/td>\n<td style=\"height: 24px;width: 71px\"><a href=\"https:\/\/www.facebook.com\/petdiversidadetolerancia\">Facebook<\/a><\/td>\n<td style=\"height: 24px;width: 172px\"><strong>Prof\u00aa. Lorena Almeida Gill<\/strong><\/td>\n<\/tr>\n<tr style=\"height: 24px\">\n<td style=\"height: 24px;width: 176px\"><strong>PET F\u00edsica<\/strong><\/td>\n<td style=\"height: 24px;width: 70px\"><a href=\"https:\/\/wp.ufpel.edu.br\/petfisica\/\">Site\/Blog<\/a><\/td>\n<td style=\"height: 24px;width: 71px\"><a href=\"https:\/\/www.facebook.com\/ufpelpetfisica\">Facebook<\/a><\/td>\n<td style=\"height: 24px;width: 172px\"><strong>Prof.\u00a0Fernando Jaques Ruiz Sim\u00f5es Junior<\/strong><\/td>\n<\/tr>\n<tr style=\"height: 24px\">\n<td style=\"height: 24px;width: 176px\"><strong>PET Meteorologia<\/strong><\/td>\n<td style=\"height: 24px;width: 70px\"><a href=\"https:\/\/wp.ufpel.edu.br\/petmeteorologia\/\">Site\/Blog<\/a><\/td>\n<td style=\"height: 24px;width: 71px\"><a href=\"https:\/\/www.facebook.com\/petmeteorologia\/\">Facebook<\/a><\/td>\n<td style=\"height: 24px;width: 172px\"><strong>Prof.\u00a0Andr\u00e9 Becker Nunes<\/strong><\/td>\n<\/tr>\n<tr style=\"height: 24px\">\n<td style=\"height: 24px;width: 176px\"><strong>PET Odontologia<\/strong><\/td>\n<td style=\"height: 24px;width: 70px\"><a href=\"https:\/\/petodontoufpel.wordpress.com\/\">Site\/Blog<\/a><\/td>\n<td style=\"height: 24px;width: 71px\"><a href=\"https:\/\/www.facebook.com\/PET-Odontologia-UFPel-1418366631756520\/\">Facebook<\/a><\/td>\n<td style=\"height: 24px;width: 172px\"><strong>Prof. Josu\u00e9 Martos<\/strong><\/td>\n<\/tr>\n<tr style=\"height: 24px\">\n<td style=\"height: 25px;width: 176px\"><strong>PET Pedagogia<\/strong><\/td>\n<td style=\"height: 25px;width: 70px\"><a href=\"http:\/\/peteducacao.blogspot.com.br\/\">Site\/Blog<\/a><\/td>\n<td style=\"height: 25px;width: 71px\"><a href=\"https:\/\/www.facebook.com\/PET-Educac%C3%A3o-1176019052414681\/?fref=ts\">Facebook<\/a><\/td>\n<td style=\"height: 25px;width: 172px\"><strong>Prof\u00aa.\u00a0Cristina Maria Rosa<\/strong><\/td>\n<\/tr>\n<tr>\n<td style=\"width: 176px\"><strong>PET Fronteiras \u2013 Saberes e Pr\u00e1ticas Populares<\/strong><\/td>\n<td style=\"width: 70px\"><a href=\"http:\/\/pet-saberes-e-praticas-populares1.webnode.com\/\">Site\/Blog<\/a><\/td>\n<td style=\"width: 71px\"><a href=\"https:\/\/www.facebook.com\/petfronteirassaberesepraticaspopulares\">Facebook<\/a><\/td>\n<td style=\"width: 172px\"><strong>Prof\u00aa. Denise Bussoletti<\/strong><\/td>\n<\/tr>\n<\/tbody>\n<\/table>\n<p>&nbsp;<\/p>\n","protected":false},"excerpt":{"rendered":"<p>A Universidade Federal de Pelotas possui 15 grupos PET ativos. S\u00e3o eles: PET A\u00e7\u00e3o e Pesquisa em Educa\u00e7\u00e3o Popular Site\/Blog Facebook Prof\u00aa. Heloisa Helena Duval de Azevedo PET Agronomia Site\/Blog Facebook Prof\u00aa. Danielle Ribeiro de Barros PET Arquitetura Site\/Blog Facebook Prof\u00aa. Ana Paula Faria PET Artes Visuais Site\/Blog Facebook Prof\u00aa.\u00a0N\u00e1dia da Cruz Senna PET Computa\u00e7\u00e3o [&hellip;]<\/p>\n","protected":false},"author":890,"featured_media":0,"parent":0,"menu_order":0,"comment_status":"closed","ping_status":"closed","template":"","meta":{"footnotes":""},"class_list":["post-225","page","type-page","status-publish","hentry","post"],"_links":{"self":[{"href":"https:\/\/wp.ufpel.edu.br\/sulpet\/wp-json\/wp\/v2\/pages\/225","targetHints":{"allow":["GET"]}}],"collection":[{"href":"https:\/\/wp.ufpel.edu.br\/sulpet\/wp-json\/wp\/v2\/pages"}],"about":[{"href":"https:\/\/wp.ufpel.edu.br\/sulpet\/wp-json\/wp\/v2\/types\/page"}],"author":[{"embeddable":true,"href":"https:\/\/wp.ufpel.edu.br\/sulpet\/wp-json\/wp\/v2\/users\/890"}],"replies":[{"embeddable":true,"href":"https:\/\/wp.ufpel.edu.br\/sulpet\/wp-json\/wp\/v2\/comments?post=225"}],"version-history":[{"count":4,"href":"https:\/\/wp.ufpel.edu.br\/sulpet\/wp-json\/wp\/v2\/pages\/225\/revisions"}],"predecessor-version":[{"id":568,"href":"https:\/\/wp.ufpel.edu.br\/sulpet\/wp-json\/wp\/v2\/pages\/225\/revisions\/568"}],"wp:attachment":[{"href":"https:\/\/wp.ufpel.edu.br\/sulpet\/wp-json\/wp\/v2\/media?parent=225"}],"curies":[{"name":"wp","href":"https:\/\/api.w.org\/{rel}","templated":true}]}}