{"id":21,"date":"2018-11-14T15:54:09","date_gmt":"2018-11-14T17:54:09","guid":{"rendered":"https:\/\/wp.ufpel.edu.br\/sulpet\/?page_id=21"},"modified":"2019-02-11T17:44:38","modified_gmt":"2019-02-11T19:44:38","slug":"cidade","status":"publish","type":"page","link":"https:\/\/wp.ufpel.edu.br\/sulpet\/cidade\/","title":{"rendered":"Pelotas"},"content":{"rendered":"<p>Conhecida como a Princesa do Sul, Pelotas \u00e9 uma cidade rica arquitetonicamente, podendo-se notar ao caminhar pelas ruas. Contando com diversos monumentos dispostos especialmente pelo centro da cidade, n\u00f3s apresentamos alguns que representam a beleza da cidade.<\/p>\n<div id=\"attachment_132\" style=\"width: 214px\" class=\"wp-caption alignleft\"><img loading=\"lazy\" decoding=\"async\" aria-describedby=\"caption-attachment-132\" class=\"wp-image-132\" src=\"https:\/\/wp.ufpel.edu.br\/sulpet\/files\/2019\/02\/Igreja_Redentor-297x400.jpg\" alt=\"\" width=\"204\" height=\"275\" srcset=\"https:\/\/wp.ufpel.edu.br\/sulpet\/files\/2019\/02\/Igreja_Redentor-297x400.jpg 297w, https:\/\/wp.ufpel.edu.br\/sulpet\/files\/2019\/02\/Igreja_Redentor.jpg 350w\" sizes=\"auto, (max-width: 204px) 100vw, 204px\" \/><p id=\"caption-attachment-132\" class=\"wp-caption-text\">Igreja do Redentor<\/p><\/div>\n<p><strong>Igreja do Redentor<\/strong><\/p>\n<p>A Catedral do Redentor, tamb\u00e9m conhecida como &#8220;Igreja Cabeluda&#8221;, e que \u00e9 a sede da Igreja Episcopal Brasileira da Comunh\u00e3o Anglicana, ficou conhecida por sua caracter\u00edstica cobertura vegetal. Ela abriu suas portas em 1892. Sua torre possui 27 metros de altura, e os vitrais vieram de Nova Iorque.<\/p>\n<p><strong>Catedral S\u00e3o Francisco de Paula<\/strong><\/p>\n<div id=\"attachment_137\" style=\"width: 270px\" class=\"wp-caption alignright\"><img loading=\"lazy\" decoding=\"async\" aria-describedby=\"caption-attachment-137\" class=\"wp-image-137 \" src=\"https:\/\/wp.ufpel.edu.br\/sulpet\/files\/2019\/02\/55e90adab37c60f8748b78bb371d633d0169c364-400x307.jpg\" alt=\"\" width=\"260\" height=\"199\" srcset=\"https:\/\/wp.ufpel.edu.br\/sulpet\/files\/2019\/02\/55e90adab37c60f8748b78bb371d633d0169c364-400x307.jpg 400w, https:\/\/wp.ufpel.edu.br\/sulpet\/files\/2019\/02\/55e90adab37c60f8748b78bb371d633d0169c364-768x589.jpg 768w, https:\/\/wp.ufpel.edu.br\/sulpet\/files\/2019\/02\/55e90adab37c60f8748b78bb371d633d0169c364.jpg 1001w\" sizes=\"auto, (max-width: 260px) 100vw, 260px\" \/><p id=\"caption-attachment-137\" class=\"wp-caption-text\">Catedral S\u00e3o Francisco de Paula<\/p><\/div>\n<p>A catedral Metropolitana de S\u00e3o Francisco de Paula \u00e9 considerado o mais importante templo religioso da metade sul do estado pelo seu tamanho, beleza e pelas obras de arte encontradas em seu interior. Tamb\u00e9m, dentro da Igreja Cat\u00f3lica \u00e9 considerado o templo religioso mais importante da metade sul do estado em raz\u00e3o de ser a sede da Arquidiocese de Pelotas. O in\u00edcio da constru\u00e7\u00e3o foi em 1813. A Catedral abriga a imagem de S\u00e3o Francisco de Paula, de autor desconhecido, que foi trazida da col\u00f4nia do Sacramento.<\/p>\n<p>O pintor Aldo Locatelli (1915 &#8211; 1962) veio da It\u00e1lia especialmente para fazer os afrescos no teto e paredes da catedral S\u00e3o Francisco de Paula, a convite de Dom Ant\u00f4nio Zattera, bispo de Pelotas na \u00e9poca. Embora ele tenha escolhido ficar no Rio Grande do Sul, e tenha feito diversos outros trabalhos importantes no Brasil, pain\u00e9is e paredes, este \u00e9 considerado seu maior trabalho, junto com a via-sacra da igreja de S\u00e3o Pelegrino em Caxias do Sul.<\/p>\n<p><strong>Pra\u00e7a Coronel Pedro Os\u00f3rio<\/strong><\/p>\n<p>A Pra\u00e7a Coronel Pedro Os\u00f3rio \u00e9 a principal pra\u00e7a da zona central de Pelotas, cidade do Estado Rio Grande do Sul, no Brasil. Situa-se no entroncamento entre as ruas XV de Novembro, Lobo da Costa, Princesa Isabel, Marechal Floriano, Anchieta e F\u00e9lix da Cunha e Bar\u00e3o de Butu\u00ed, sendo esta regi\u00e3o conhecida como o centro<\/p>\n<div id=\"attachment_138\" style=\"width: 376px\" class=\"wp-caption alignleft\"><img loading=\"lazy\" decoding=\"async\" aria-describedby=\"caption-attachment-138\" class=\"wp-image-138 \" src=\"https:\/\/wp.ufpel.edu.br\/sulpet\/files\/2019\/02\/chafariz-da-praca-coronel-400x209.jpg\" alt=\"\" width=\"366\" height=\"191\" srcset=\"https:\/\/wp.ufpel.edu.br\/sulpet\/files\/2019\/02\/chafariz-da-praca-coronel-400x209.jpg 400w, https:\/\/wp.ufpel.edu.br\/sulpet\/files\/2019\/02\/chafariz-da-praca-coronel.jpg 550w\" sizes=\"auto, (max-width: 366px) 100vw, 366px\" \/><p id=\"caption-attachment-138\" class=\"wp-caption-text\">Pra\u00e7a Coronel Pedro Os\u00f3rio<\/p><\/div>\n<p>hist\u00f3rico da cidade. Este local leva o nome do Coronel Pedro Os\u00f3rio.<\/p>\n<p>Ao redor da pra\u00e7a encontram-se alguns dos principais locais de import\u00e2ncia da cidade. Entre eles, citam-se a Prefeitura Municipal de Pelotas, o Grande Hotel de Pelotas, o Teatro Sete de Abril, a sede da Secretaria de Finan\u00e7as do Munic\u00edpio, alguns bancos privados, v\u00e1rios casar\u00f5es e pr\u00e9dios de import\u00e2ncia hist\u00f3rica.<\/p>\n<p>Nas proximidades da pra\u00e7a \u00e9 poss\u00edvel visualizar outras \u00e1reas de import\u00e2ncia da cidade, como o Mercado P\u00fablico de Pelotas, Teatro Guarani e o Cal\u00e7ad\u00e3o de Pelotas.<\/p>\n<p>Esta pra\u00e7a \u00e9 considerada um s\u00edmbolo do modelo de arquitetura hist\u00f3rica caracter\u00edstico na cidade, tendo sido inteiramente revitalizada em 2007, juntamente com outros pr\u00e9dios hist\u00f3ricos de Pelotas. Em virtude de sua localiza\u00e7\u00e3o central, import\u00e2ncia hist\u00f3rica e servindo como local de lazer para os cidad\u00e3os locais, a Pra\u00e7a Coronel Pedro Os\u00f3rio \u00e9 considerada como um dos principais pontos tur\u00edsticos pelotenses.<\/p>\n<p><strong>Theatro Sete de Abril<\/strong><\/p>\n<div id=\"attachment_139\" style=\"width: 331px\" class=\"wp-caption alignright\"><img loading=\"lazy\" decoding=\"async\" aria-describedby=\"caption-attachment-139\" class=\"wp-image-139 \" src=\"https:\/\/wp.ufpel.edu.br\/sulpet\/files\/2019\/02\/1543950656-400x262.jpg\" alt=\"\" width=\"321\" height=\"210\" srcset=\"https:\/\/wp.ufpel.edu.br\/sulpet\/files\/2019\/02\/1543950656-400x262.jpg 400w, https:\/\/wp.ufpel.edu.br\/sulpet\/files\/2019\/02\/1543950656-768x502.jpg 768w, https:\/\/wp.ufpel.edu.br\/sulpet\/files\/2019\/02\/1543950656-1024x670.jpg 1024w, https:\/\/wp.ufpel.edu.br\/sulpet\/files\/2019\/02\/1543950656.jpg 2000w\" sizes=\"auto, (max-width: 321px) 100vw, 321px\" \/><p id=\"caption-attachment-139\" class=\"wp-caption-text\">Theatro Sete de Abril<\/p><\/div>\n<p>O Theatro Sete de Abril foi erguido em 1834, no pr\u00f3spero ciclo econ\u00f4mico das charqueadas, do qual Pelotas foi o epicentro no Brasil. Mandado edificar por uma sociedade dram\u00e1tica particular, a <i>Sociedade Sc\u00eanica<\/i>, desejando que maior n\u00famero de fam\u00edlias pudessem apreciar seus trabalhos e encontrassem uma agrad\u00e1vel distra\u00e7\u00e3o. Possui caracter\u00edsticas da linguagem colonial. Pr\u00e9dio simples coberto por telhado com beiral, projeto do engenheiro alem\u00e3o Eduardo Kretschman e execu\u00e7\u00e3o de Jos\u00e9 Vieira Vianna, foi inaugurado no dia 2 de dezembro de 1834.<\/p>\n<p>Em \u00e2mbito nacional, seu nome pode ser interpretado como homenagem ao dia da Abdica\u00e7\u00e3o de D. Pedro I ao seu trono, em favor de seu filho, que alguns liberais mais exaltados consideravam a verdadeira data de Independ\u00eancia do Brasil. Como homenagem local, a refer\u00eancia pode ser \u00e0 data de instala\u00e7\u00e3o da vila.<\/p>\n<p>Foi a primeira casa de espet\u00e1culos a abrir suas portas \u00e0s artes c\u00eanicas na prov\u00edncia de S\u00e3o Pedro do Rio Grande do Sul e a quarta no Brasil. Hoje, o Teatro Sete de Abril j\u00e1 n\u00e3o \u00e9 o mais antigo teatro brasileiro em funcionamento, devido seu fechamento por n\u00e3o ter estrutura f\u00edsica que suportasse a visita\u00e7\u00e3o de um grande n\u00famero de espectadores.<\/p>\n<div id=\"attachment_133\" style=\"width: 257px\" class=\"wp-caption alignleft\"><img loading=\"lazy\" decoding=\"async\" aria-describedby=\"caption-attachment-133\" class=\"wp-image-133\" src=\"https:\/\/wp.ufpel.edu.br\/sulpet\/files\/2019\/02\/mercado-central-400x233.png\" alt=\"\" width=\"247\" height=\"144\" srcset=\"https:\/\/wp.ufpel.edu.br\/sulpet\/files\/2019\/02\/mercado-central-400x233.png 400w, https:\/\/wp.ufpel.edu.br\/sulpet\/files\/2019\/02\/mercado-central-768x447.png 768w, https:\/\/wp.ufpel.edu.br\/sulpet\/files\/2019\/02\/mercado-central-1024x596.png 1024w, https:\/\/wp.ufpel.edu.br\/sulpet\/files\/2019\/02\/mercado-central.png 1280w\" sizes=\"auto, (max-width: 247px) 100vw, 247px\" \/><p id=\"caption-attachment-133\" class=\"wp-caption-text\">Mercado Central<\/p><\/div>\n<p><strong>Mercado Central<\/strong><\/p>\n<p>A constru\u00e7\u00e3o do Mercado P\u00fablico foi iniciada em 1847 e terminada em 1853, embora entre 1911 e 1914 tenha ocorrido uma reforma. Seu projeto foi feito no estilo neocl\u00e1ssico, tendo sido mudado para Art nouveau ap\u00f3s 1970 quando o pr\u00e9dio foi destru\u00eddo por um inc\u00eandio e reconstru\u00eddo. Nele se destacam a torre do rel\u00f3gio e o farol de ferro, importados de Hamburgo, na Alemanha, fazendo uma alus\u00e3o a Torre Eiffel. Dentro do mercado \u00e9 poss\u00edvel encontrar as lojas de doces que original o famoso titulo de Pelotas como a cidade do doce.<\/p>\n<p>&nbsp;<\/p>\n<p>&nbsp;<\/p>\n<p>&nbsp;<\/p>\n<p>&nbsp;<\/p>\n<p>Esses s\u00e3o apenas alguns dos monumentos que comp\u00f5em a cidade de Pelotas. Para mais informa\u00e7\u00f5es sobre a cidade como tamb\u00e9m atividades culturais disponibilizadas pela Prefeitura de Pelotas acesse o site <a href=\"http:\/\/www.pelotasturismo.com.br\/\" target=\"_blank\" rel=\"noopener\">Pelotas Turismo<\/a>.<\/p>\n<p>&nbsp;<\/p>\n","protected":false},"excerpt":{"rendered":"<p>Conhecida como a Princesa do Sul, Pelotas \u00e9 uma cidade rica arquitetonicamente, podendo-se notar ao caminhar pelas ruas. Contando com diversos monumentos dispostos especialmente pelo centro da cidade, n\u00f3s apresentamos alguns que representam a beleza da cidade. Igreja do Redentor A Catedral do Redentor, tamb\u00e9m conhecida como &#8220;Igreja Cabeluda&#8221;, e que \u00e9 a sede da [&hellip;]<\/p>\n","protected":false},"author":890,"featured_media":0,"parent":0,"menu_order":0,"comment_status":"closed","ping_status":"closed","template":"","meta":{"footnotes":""},"class_list":["post-21","page","type-page","status-publish","hentry","post"],"_links":{"self":[{"href":"https:\/\/wp.ufpel.edu.br\/sulpet\/wp-json\/wp\/v2\/pages\/21","targetHints":{"allow":["GET"]}}],"collection":[{"href":"https:\/\/wp.ufpel.edu.br\/sulpet\/wp-json\/wp\/v2\/pages"}],"about":[{"href":"https:\/\/wp.ufpel.edu.br\/sulpet\/wp-json\/wp\/v2\/types\/page"}],"author":[{"embeddable":true,"href":"https:\/\/wp.ufpel.edu.br\/sulpet\/wp-json\/wp\/v2\/users\/890"}],"replies":[{"embeddable":true,"href":"https:\/\/wp.ufpel.edu.br\/sulpet\/wp-json\/wp\/v2\/comments?post=21"}],"version-history":[{"count":12,"href":"https:\/\/wp.ufpel.edu.br\/sulpet\/wp-json\/wp\/v2\/pages\/21\/revisions"}],"predecessor-version":[{"id":149,"href":"https:\/\/wp.ufpel.edu.br\/sulpet\/wp-json\/wp\/v2\/pages\/21\/revisions\/149"}],"wp:attachment":[{"href":"https:\/\/wp.ufpel.edu.br\/sulpet\/wp-json\/wp\/v2\/media?parent=21"}],"curies":[{"name":"wp","href":"https:\/\/api.w.org\/{rel}","templated":true}]}}