{"id":1337,"date":"2019-07-17T18:57:51","date_gmt":"2019-07-17T21:57:51","guid":{"rendered":"https:\/\/wp.ufpel.edu.br\/sulpet\/?page_id=1337"},"modified":"2019-07-17T19:03:03","modified_gmt":"2019-07-17T22:03:03","slug":"atas","status":"publish","type":"page","link":"https:\/\/wp.ufpel.edu.br\/sulpet\/atas\/","title":{"rendered":"Atas"},"content":{"rendered":"<p><img loading=\"lazy\" decoding=\"async\" class=\"alignnone wp-image-534\" src=\"https:\/\/wp.ufpel.edu.br\/sulpet\/files\/2019\/04\/pdf.png\" alt=\"\" width=\"44\" height=\"44\" \/><a href=\"https:\/\/wp.ufpel.edu.br\/sulpet\/files\/2019\/07\/ata_assembleia_XXIISULPET.pdf\">Ata da assembleia final do XXII SULPET<\/a><\/p>\n<p><img loading=\"lazy\" decoding=\"async\" class=\"alignnone wp-image-534\" src=\"https:\/\/wp.ufpel.edu.br\/sulpet\/files\/2019\/04\/pdf.png\" alt=\"\" width=\"44\" height=\"44\" \/><a href=\"https:\/\/wp.ufpel.edu.br\/sulpet\/files\/2019\/07\/carta_margarida_salomao_sulpet2019.pdf\">Carta encaminhada \u00e0 deputada Margarida Salom\u00e3o, Presidente da Frente Parlamentar Mista pela Valoriza\u00e7\u00e3o das Universidades Federais<\/a><\/p>\n<p><img loading=\"lazy\" decoding=\"async\" class=\"alignnone wp-image-534\" src=\"https:\/\/wp.ufpel.edu.br\/sulpet\/files\/2019\/04\/pdf.png\" alt=\"\" width=\"44\" height=\"44\" \/><a href=\"https:\/\/wp.ufpel.edu.br\/sulpet\/files\/2019\/07\/carta_pedro_cunha_lima_sulpet2019.pdf\">Carta encaminhada ao deputado federal Pedro Cunha Lima, Presidente da Comiss\u00e3o de Educa\u00e7\u00e3o da C\u00e2mara dos Deputados.<\/a><\/p>\n<p><img loading=\"lazy\" decoding=\"async\" class=\"alignnone wp-image-534\" src=\"https:\/\/wp.ufpel.edu.br\/sulpet\/files\/2019\/04\/pdf.png\" alt=\"\" width=\"44\" height=\"44\" \/><a href=\"https:\/\/wp.ufpel.edu.br\/sulpet\/files\/2019\/07\/carta_dario_berger_sulpet2019.pdf\">Carta encaminhada ao senador Dario Berger ,Presidente da Comiss\u00e3o de Educa\u00e7\u00e3o, Cultura e Esporte do Senado Federal<\/a><\/p>\n<p><img loading=\"lazy\" decoding=\"async\" class=\"alignnone wp-image-534\" src=\"https:\/\/wp.ufpel.edu.br\/sulpet\/files\/2019\/04\/pdf.png\" alt=\"\" width=\"44\" height=\"44\" \/><a href=\"https:\/\/wp.ufpel.edu.br\/sulpet\/files\/2019\/07\/Carta_prg_lavras.pdf\">Carta encaminhada ao professor Ronei Ximenes Martins, Pr\u00f3-reitor de Gradua\u00e7\u00e3o da Universidade Federal de Lavras<\/a><\/p>\n<p><img loading=\"lazy\" decoding=\"async\" class=\"alignnone wp-image-534\" src=\"https:\/\/wp.ufpel.edu.br\/sulpet\/files\/2019\/04\/pdf.png\" alt=\"\" width=\"44\" height=\"44\" \/><a href=\"https:\/\/wp.ufpel.edu.br\/sulpet\/files\/2019\/07\/eleicao_conselho.pdf\">Carta encaminhada \u00e0 professora Simone Wagner e a Comiss\u00e3o Organizadora do XXIV ENAPET apresentando os eleitos para o Conselho da CENAPET<\/a><\/p>\n","protected":false},"excerpt":{"rendered":"<p>Ata da assembleia final do XXII SULPET Carta encaminhada \u00e0 deputada Margarida Salom\u00e3o, Presidente da Frente Parlamentar Mista pela Valoriza\u00e7\u00e3o das Universidades Federais Carta encaminhada ao deputado federal Pedro Cunha Lima, Presidente da Comiss\u00e3o de Educa\u00e7\u00e3o da C\u00e2mara dos Deputados. Carta encaminhada ao senador Dario Berger ,Presidente da Comiss\u00e3o de Educa\u00e7\u00e3o, Cultura e Esporte do [&hellip;]<\/p>\n","protected":false},"author":890,"featured_media":0,"parent":0,"menu_order":0,"comment_status":"closed","ping_status":"closed","template":"","meta":{"footnotes":""},"class_list":["post-1337","page","type-page","status-publish","hentry","post"],"_links":{"self":[{"href":"https:\/\/wp.ufpel.edu.br\/sulpet\/wp-json\/wp\/v2\/pages\/1337","targetHints":{"allow":["GET"]}}],"collection":[{"href":"https:\/\/wp.ufpel.edu.br\/sulpet\/wp-json\/wp\/v2\/pages"}],"about":[{"href":"https:\/\/wp.ufpel.edu.br\/sulpet\/wp-json\/wp\/v2\/types\/page"}],"author":[{"embeddable":true,"href":"https:\/\/wp.ufpel.edu.br\/sulpet\/wp-json\/wp\/v2\/users\/890"}],"replies":[{"embeddable":true,"href":"https:\/\/wp.ufpel.edu.br\/sulpet\/wp-json\/wp\/v2\/comments?post=1337"}],"version-history":[{"count":3,"href":"https:\/\/wp.ufpel.edu.br\/sulpet\/wp-json\/wp\/v2\/pages\/1337\/revisions"}],"predecessor-version":[{"id":1348,"href":"https:\/\/wp.ufpel.edu.br\/sulpet\/wp-json\/wp\/v2\/pages\/1337\/revisions\/1348"}],"wp:attachment":[{"href":"https:\/\/wp.ufpel.edu.br\/sulpet\/wp-json\/wp\/v2\/media?parent=1337"}],"curies":[{"name":"wp","href":"https:\/\/api.w.org\/{rel}","templated":true}]}}