{"id":1331,"date":"2019-06-27T14:45:38","date_gmt":"2019-06-27T17:45:38","guid":{"rendered":"https:\/\/wp.ufpel.edu.br\/sulpet\/?page_id=1331"},"modified":"2019-08-14T20:35:26","modified_gmt":"2019-08-14T23:35:26","slug":"certificados","status":"publish","type":"page","link":"https:\/\/wp.ufpel.edu.br\/sulpet\/certificados\/","title":{"rendered":"Certificados"},"content":{"rendered":"<div><b>Para acessar o seu certificado, clique na categoria desejada:<br \/>\n<\/b><\/div>\n<div><b>\u00a0<\/b><\/div>\n<ul>\n<li><a href=\"https:\/\/drive.google.com\/drive\/folders\/14fP6IF6nwuubxmVMmCODQ_CeHkglI69v?usp=sharing\">ORGANIZA\u00c7\u00c3O<\/a><\/li>\n<li><a href=\"https:\/\/drive.google.com\/drive\/folders\/1jlenfhbxpmk2sOv9pg06ia7NcwIosA_s?usp=sharing\">PARTICIPA\u00c7\u00c3O<\/a><\/li>\n<li><a href=\"https:\/\/drive.google.com\/drive\/folders\/17NjFWa9E-HHo4PYCIcqhQGLFveY4oHwZ?usp=sharinghttp:\/\/\">APRESENTA\u00c7\u00c3O<\/a><\/li>\n<li><a href=\"https:\/\/drive.google.com\/drive\/folders\/1Z883RIwg1pJ__5GM-RoeeNISJgE6vceT?usp=sharing\">AVALIADORES<\/a><\/li>\n<li><a href=\"https:\/\/drive.google.com\/drive\/folders\/1N6AQqAGzafqJCNqirLthrkO_G2Y6-XTG?usp=sharing\">REVISORES<\/a><\/li>\n<\/ul>\n<div><b>\u00a0<\/b><\/div>\n<div><b>Caso seu certificado n\u00e3o esteja dispon\u00edvel, entre em contato atrav\u00e9s do\u00a0email <a href=\"mailto:contatosulpet2019@gmail.com\" target=\"_blank\" rel=\"noopener noreferrer\">contatosulpet2019@gmail.com<\/a> \u00a0<\/b><\/div>\n","protected":false},"excerpt":{"rendered":"<p>Para acessar o seu certificado, clique na categoria desejada: \u00a0 ORGANIZA\u00c7\u00c3O PARTICIPA\u00c7\u00c3O APRESENTA\u00c7\u00c3O AVALIADORES REVISORES \u00a0 Caso seu certificado n\u00e3o esteja dispon\u00edvel, entre em contato atrav\u00e9s do\u00a0email contatosulpet2019@gmail.com \u00a0<\/p>\n","protected":false},"author":890,"featured_media":0,"parent":0,"menu_order":0,"comment_status":"closed","ping_status":"closed","template":"","meta":{"footnotes":""},"class_list":["post-1331","page","type-page","status-publish","hentry","post"],"_links":{"self":[{"href":"https:\/\/wp.ufpel.edu.br\/sulpet\/wp-json\/wp\/v2\/pages\/1331","targetHints":{"allow":["GET"]}}],"collection":[{"href":"https:\/\/wp.ufpel.edu.br\/sulpet\/wp-json\/wp\/v2\/pages"}],"about":[{"href":"https:\/\/wp.ufpel.edu.br\/sulpet\/wp-json\/wp\/v2\/types\/page"}],"author":[{"embeddable":true,"href":"https:\/\/wp.ufpel.edu.br\/sulpet\/wp-json\/wp\/v2\/users\/890"}],"replies":[{"embeddable":true,"href":"https:\/\/wp.ufpel.edu.br\/sulpet\/wp-json\/wp\/v2\/comments?post=1331"}],"version-history":[{"count":3,"href":"https:\/\/wp.ufpel.edu.br\/sulpet\/wp-json\/wp\/v2\/pages\/1331\/revisions"}],"predecessor-version":[{"id":1350,"href":"https:\/\/wp.ufpel.edu.br\/sulpet\/wp-json\/wp\/v2\/pages\/1331\/revisions\/1350"}],"wp:attachment":[{"href":"https:\/\/wp.ufpel.edu.br\/sulpet\/wp-json\/wp\/v2\/media?parent=1331"}],"curies":[{"name":"wp","href":"https:\/\/api.w.org\/{rel}","templated":true}]}}