{"id":7,"date":"2023-05-16T17:43:55","date_gmt":"2023-05-16T20:43:55","guid":{"rendered":"https:\/\/wp.ufpel.edu.br\/suldesignreinventa\/?page_id=7"},"modified":"2023-11-04T21:09:34","modified_gmt":"2023-11-05T00:09:34","slug":"palestras","status":"publish","type":"page","link":"https:\/\/wp.ufpel.edu.br\/suldesignreinventa\/palestras\/","title":{"rendered":"Palestras"},"content":{"rendered":"<div id=\"pl-7\"  class=\"panel-layout\" ><div id=\"pg-7-0\"  class=\"panel-grid panel-has-style\" ><div class=\"siteorigin-panels-stretch panel-row-style panel-row-style-for-7-0\" data-stretch-type=\"full-stretched\" ><div id=\"pgc-7-0-0\"  class=\"panel-grid-cell\" ><div id=\"panel-7-0-0-0\" class=\"so-panel widget widget_sow-layout-slider panel-first-child panel-last-child\" data-index=\"0\" ><div class=\"panel-widget-style panel-widget-style-for-7-0-0-0\" ><div\n\t\t\t\n\t\t\tclass=\"so-widget-sow-layout-slider so-widget-sow-layout-slider-default-efbef6ed7fec-7\"\n\t\t\t\n\t\t>\t\t\t\t<div class=\"sow-slider-base\" style=\"display: none\" tabindex=\"0\">\n\t\t\t\t\t<ul\n\t\t\t\t\tclass=\"sow-slider-images\"\n\t\t\t\t\tdata-settings=\"{&quot;pagination&quot;:true,&quot;speed&quot;:800,&quot;timeout&quot;:8000,&quot;paused&quot;:false,&quot;pause_on_hover&quot;:false,&quot;swipe&quot;:true,&quot;nav_always_show_desktop&quot;:&quot;&quot;,&quot;nav_always_show_mobile&quot;:&quot;&quot;,&quot;breakpoint&quot;:&quot;780px&quot;,&quot;unmute&quot;:false,&quot;anchor&quot;:null}\"\n\t\t\t\t\tstyle=\"min-height: 500px\"\t\t\t\t\tdata-anchor-id=\"\"\n\t\t\t\t>\t\t<li class=\"sow-slider-image  sow-slider-image-cover\" style=\"visibility: visible;;background-color: #333333;background-image: url(https:\/\/wp.ufpel.edu.br\/suldesignreinventa\/files\/2023\/10\/6_conferencias.png)\" >\n\t\t\t\t\t<div class=\"sow-slider-image-container\">\n\t\t\t<div class=\"sow-slider-image-wrapper\">\n\t\t\t\t\t\t\t<\/div>\n\t\t<\/div>\n\t\t\t\t<\/li>\n\t\t<\/ul>\t\t\t\t<ol class=\"sow-slider-pagination\">\n\t\t\t\t\t\t\t\t\t\t\t<li><a href=\"#\" data-goto=\"0\" aria-label=\"Display slide 1\"><\/a><\/li>\n\t\t\t\t\t\t\t\t\t<\/ol>\n\n\t\t\t\t<div class=\"sow-slide-nav sow-slide-nav-next\">\n\t\t\t\t\t<a href=\"#\" data-goto=\"next\" aria-label=\"Next slide\" data-action=\"next\">\n\t\t\t\t\t\t<em class=\"sow-sld-icon-thin-right\"><\/em>\n\t\t\t\t\t<\/a>\n\t\t\t\t<\/div>\n\n\t\t\t\t<div class=\"sow-slide-nav sow-slide-nav-prev\">\n\t\t\t\t\t<a href=\"#\" data-goto=\"previous\" aria-label=\"Previous slide\" data-action=\"prev\">\n\t\t\t\t\t\t<em class=\"sow-sld-icon-thin-left\"><\/em>\n\t\t\t\t\t<\/a>\n\t\t\t\t<\/div>\n\t\t\t\t<\/div><\/div><\/div><\/div><\/div><\/div><\/div><div id=\"pg-7-1\"  class=\"panel-grid panel-no-style\" ><div id=\"pgc-7-1-0\"  class=\"panel-grid-cell\" ><div id=\"panel-7-1-0-0\" class=\"so-panel widget widget_media_image panel-first-child panel-last-child\" data-index=\"1\" ><div id=\"conf_img\" class=\"panel-widget-style panel-widget-style-for-7-1-0-0\" ><img loading=\"lazy\" decoding=\"async\" width=\"766\" height=\"766\" src=\"https:\/\/wp.ufpel.edu.br\/suldesignreinventa\/files\/2023\/10\/c59a5574-e462-4264-ae22-fbb7869da36d.jpg\" class=\"image wp-image-1550  attachment-full size-full\" alt=\"\" style=\"max-width: 100%; height: auto;\" srcset=\"https:\/\/wp.ufpel.edu.br\/suldesignreinventa\/files\/2023\/10\/c59a5574-e462-4264-ae22-fbb7869da36d.jpg 766w, https:\/\/wp.ufpel.edu.br\/suldesignreinventa\/files\/2023\/10\/c59a5574-e462-4264-ae22-fbb7869da36d-400x400.jpg 400w, https:\/\/wp.ufpel.edu.br\/suldesignreinventa\/files\/2023\/10\/c59a5574-e462-4264-ae22-fbb7869da36d-200x200.jpg 200w\" sizes=\"auto, (max-width: 766px) 100vw, 766px\" \/><\/div><\/div><\/div><div id=\"pgc-7-1-1\"  class=\"panel-grid-cell\" ><div id=\"panel-7-1-1-0\" class=\"so-panel widget widget_sow-editor panel-first-child panel-last-child\" data-index=\"2\" ><div\n\t\t\t\n\t\t\tclass=\"so-widget-sow-editor so-widget-sow-editor-base\"\n\t\t\t\n\t\t>\n<div class=\"siteorigin-widget-tinymce textwidget\">\n\t<p><strong><span style=\"color: #ffb900; font-size: 18pt;\">\u201cNavegando no cen\u00e1rio p\u00f3s-pand\u00eamico atrav\u00e9s do design h\u00edbrido\u201d<\/span><\/strong><br \/>\n<strong>7\/11 | 19h | Audit\u00f3rio Elio Paulo Zonta do Campus Anglo<\/strong><\/p>\n<p><strong><span style=\"color: #ffb900; font-size: 18pt;\">Florencia Rodriguez<\/span><\/strong><\/p>\n<p>Bacharel em Design Digital pela UFPEL com experi\u00eancia em UI Design, Design Systems e gest\u00e3o de pessoas. Atualmente, coordeno uma equipe multidisciplinar de design na Wunderman Thompson Technology, contribuindo para clientes como Danone, MetLife e Banco DLL.<\/p>\n<\/div>\n<\/div><\/div><\/div><\/div><div id=\"pg-7-2\"  class=\"panel-grid panel-no-style\" ><div id=\"pgc-7-2-0\"  class=\"panel-grid-cell\" ><div id=\"panel-7-2-0-0\" class=\"so-panel widget widget_sow-editor panel-first-child panel-last-child\" data-index=\"3\" ><div\n\t\t\t\n\t\t\tclass=\"so-widget-sow-editor so-widget-sow-editor-base\"\n\t\t\t\n\t\t>\n<div class=\"siteorigin-widget-tinymce textwidget\">\n\t<p><\/p>\n<hr>\n<\/div>\n<\/div><\/div><\/div><\/div><div id=\"pg-7-3\"  class=\"panel-grid panel-no-style\" ><div id=\"pgc-7-3-0\"  class=\"panel-grid-cell\" ><div id=\"panel-7-3-0-0\" class=\"so-panel widget widget_media_image panel-first-child panel-last-child\" data-index=\"4\" ><div id=\"conf_img\" class=\"panel-widget-style panel-widget-style-for-7-3-0-0\" ><img loading=\"lazy\" decoding=\"async\" width=\"1111\" height=\"1111\" src=\"https:\/\/wp.ufpel.edu.br\/suldesignreinventa\/files\/2023\/10\/Cristiano-1.png\" class=\"image wp-image-1540  attachment-full size-full\" alt=\"\" style=\"max-width: 100%; height: auto;\" srcset=\"https:\/\/wp.ufpel.edu.br\/suldesignreinventa\/files\/2023\/10\/Cristiano-1.png 1111w, https:\/\/wp.ufpel.edu.br\/suldesignreinventa\/files\/2023\/10\/Cristiano-1-400x400.png 400w, https:\/\/wp.ufpel.edu.br\/suldesignreinventa\/files\/2023\/10\/Cristiano-1-1024x1024.png 1024w, https:\/\/wp.ufpel.edu.br\/suldesignreinventa\/files\/2023\/10\/Cristiano-1-200x200.png 200w, https:\/\/wp.ufpel.edu.br\/suldesignreinventa\/files\/2023\/10\/Cristiano-1-768x768.png 768w\" sizes=\"auto, (max-width: 1111px) 100vw, 1111px\" \/><\/div><\/div><\/div><div id=\"pgc-7-3-1\"  class=\"panel-grid-cell\" ><div id=\"panel-7-3-1-0\" class=\"so-panel widget widget_sow-editor panel-first-child panel-last-child\" data-index=\"5\" ><div\n\t\t\t\n\t\t\tclass=\"so-widget-sow-editor so-widget-sow-editor-base\"\n\t\t\t\n\t\t>\n<div class=\"siteorigin-widget-tinymce textwidget\">\n\t<p><strong><span style=\"color: #ffb900; font-size: 18pt;\">\u201cO que um designer precisa pra crescer na carreira? Dicas e m\u00e9todos pr\u00e1ticos comprovados\u201d<\/span><\/strong><br \/>\n<strong>7\/11 | 20h | Audit\u00f3rio Elio Paulo Zonta do Campus Anglo<\/strong><\/p>\n<p><strong><span style=\"color: #ffb900; font-size: 18pt;\">Cristiano Fernandes<\/span><\/strong> <span style=\"color: #9f9f9f;\"><strong>By Design<\/strong><\/span><\/p>\n<p>Cristiano Fernandes \u00e9 consultor de design corporativo pela By Design Studio e ajuda empresas a faturarem milh\u00f5es de reais atrav\u00e9s do design. Tem 23 anos de experi\u00eancia e no portf\u00f3lio clientes como Bradesco, Toyota, Natura, Chevrolet, Rio2016, Nestl\u00e9, Sadia, Embraer, Vale entre muitas outras. Sua miss\u00e3o \u00e9 aprimorar a experi\u00eancia das pessoas em produtos tecnol\u00f3gicos e estabelecer uma presen\u00e7a de marca que inspira confian\u00e7a, resultando na maior atra\u00e7\u00e3o e reten\u00e7\u00e3o de clientes. Premiado no conceituado concurso internacional de design A\u2019Design Awards. Criador e mentor do m\u00e9todo LED para carreira de designers com mais de 50 cases de sucesso em 4 pa\u00edses (Brasil, EUA, Canad\u00e1 e Alemanha).<\/p>\n<\/div>\n<\/div><\/div><\/div><\/div><div id=\"pg-7-4\"  class=\"panel-grid panel-no-style\" ><div id=\"pgc-7-4-0\"  class=\"panel-grid-cell\" ><div id=\"panel-7-4-0-0\" class=\"so-panel widget widget_sow-editor panel-first-child panel-last-child\" data-index=\"6\" ><div\n\t\t\t\n\t\t\tclass=\"so-widget-sow-editor so-widget-sow-editor-base\"\n\t\t\t\n\t\t>\n<div class=\"siteorigin-widget-tinymce textwidget\">\n\t<p><\/p>\n<hr>\n<\/div>\n<\/div><\/div><\/div><\/div><div id=\"pg-7-5\"  class=\"panel-grid panel-no-style\" ><div id=\"pgc-7-5-0\"  class=\"panel-grid-cell\" ><div id=\"panel-7-5-0-0\" class=\"so-panel widget widget_media_image panel-first-child panel-last-child\" data-index=\"7\" ><div id=\"conf_img\" class=\"panel-widget-style panel-widget-style-for-7-5-0-0\" ><img loading=\"lazy\" decoding=\"async\" width=\"733\" height=\"733\" src=\"https:\/\/wp.ufpel.edu.br\/suldesignreinventa\/files\/2023\/10\/Ricardo-Araujo.jpg\" class=\"image wp-image-1521  attachment-full size-full\" alt=\"\" style=\"max-width: 100%; height: auto;\" srcset=\"https:\/\/wp.ufpel.edu.br\/suldesignreinventa\/files\/2023\/10\/Ricardo-Araujo.jpg 733w, https:\/\/wp.ufpel.edu.br\/suldesignreinventa\/files\/2023\/10\/Ricardo-Araujo-400x400.jpg 400w, https:\/\/wp.ufpel.edu.br\/suldesignreinventa\/files\/2023\/10\/Ricardo-Araujo-200x200.jpg 200w\" sizes=\"auto, (max-width: 733px) 100vw, 733px\" \/><\/div><\/div><\/div><div id=\"pgc-7-5-1\"  class=\"panel-grid-cell\" ><div id=\"panel-7-5-1-0\" class=\"so-panel widget widget_sow-editor panel-first-child panel-last-child\" data-index=\"8\" ><div\n\t\t\t\n\t\t\tclass=\"so-widget-sow-editor so-widget-sow-editor-base\"\n\t\t\t\n\t\t>\n<div class=\"siteorigin-widget-tinymce textwidget\">\n\t<p><strong><span style=\"color: #ffb900; font-size: 18pt;\">\"Da Fic\u00e7\u00e3o \u00e0 fun\u00e7\u00e3o: progressos recentes da Intelig\u00eancia Artificial\"<\/span><\/strong><br \/>\n<strong>08\/11 | 19h | Audit\u00f3rio Elio Paulo Zonta do Campus Anglo<\/strong><\/p>\n<p><strong><span style=\"color: #ffb900; font-size: 18pt;\">Ricardo Matsumura De Ara\u00fajo<\/span><\/strong><\/p>\n<p>Ricardo \u00e9 pesquisador no Programa de P\u00f3s-Gradua\u00e7\u00e3o em Computa\u00e7\u00e3o e no Hub de Inova\u00e7\u00e3o em IA da UFPel. Al\u00e9m disso, \u00e9 co-fundador do Wida, uma inovadora plataforma digital voltada a aprimorar os cuidados com a sa\u00fade mental. Ele tamb\u00e9m atua como consultor especializado nas \u00e1reas de Ci\u00eancia de Dados e Intelig\u00eancia Artificial, atuando junto a diversas empresas.<\/p>\n<\/div>\n<\/div><\/div><\/div><\/div><div id=\"pg-7-6\"  class=\"panel-grid panel-no-style\" ><div id=\"pgc-7-6-0\"  class=\"panel-grid-cell\" ><div id=\"panel-7-6-0-0\" class=\"so-panel widget widget_sow-editor panel-first-child panel-last-child\" data-index=\"9\" ><div\n\t\t\t\n\t\t\tclass=\"so-widget-sow-editor so-widget-sow-editor-base\"\n\t\t\t\n\t\t>\n<div class=\"siteorigin-widget-tinymce textwidget\">\n\t<p><\/p>\n<hr \/>\n<\/div>\n<\/div><\/div><\/div><\/div><div id=\"pg-7-7\"  class=\"panel-grid panel-no-style\" ><div id=\"pgc-7-7-0\"  class=\"panel-grid-cell\" ><div id=\"panel-7-7-0-0\" class=\"so-panel widget widget_media_image panel-first-child panel-last-child\" data-index=\"10\" ><div id=\"conf_img\" class=\"panel-widget-style panel-widget-style-for-7-7-0-0\" ><img loading=\"lazy\" decoding=\"async\" width=\"2560\" height=\"2560\" src=\"https:\/\/wp.ufpel.edu.br\/suldesignreinventa\/files\/2023\/10\/Daniel-Moreira-1-scaled.jpg\" class=\"image wp-image-1526  attachment-full size-full\" alt=\"\" style=\"max-width: 100%; height: auto;\" srcset=\"https:\/\/wp.ufpel.edu.br\/suldesignreinventa\/files\/2023\/10\/Daniel-Moreira-1-scaled.jpg 2560w, https:\/\/wp.ufpel.edu.br\/suldesignreinventa\/files\/2023\/10\/Daniel-Moreira-1-400x400.jpg 400w, https:\/\/wp.ufpel.edu.br\/suldesignreinventa\/files\/2023\/10\/Daniel-Moreira-1-1024x1024.jpg 1024w, https:\/\/wp.ufpel.edu.br\/suldesignreinventa\/files\/2023\/10\/Daniel-Moreira-1-200x200.jpg 200w, https:\/\/wp.ufpel.edu.br\/suldesignreinventa\/files\/2023\/10\/Daniel-Moreira-1-768x768.jpg 768w, https:\/\/wp.ufpel.edu.br\/suldesignreinventa\/files\/2023\/10\/Daniel-Moreira-1-1536x1536.jpg 1536w, https:\/\/wp.ufpel.edu.br\/suldesignreinventa\/files\/2023\/10\/Daniel-Moreira-1-2048x2048.jpg 2048w\" sizes=\"auto, (max-width: 2560px) 100vw, 2560px\" \/><\/div><\/div><\/div><div id=\"pgc-7-7-1\"  class=\"panel-grid-cell\" ><div id=\"panel-7-7-1-0\" class=\"so-panel widget widget_sow-editor panel-first-child panel-last-child\" data-index=\"11\" ><div\n\t\t\t\n\t\t\tclass=\"so-widget-sow-editor so-widget-sow-editor-base\"\n\t\t\t\n\t\t>\n<div class=\"siteorigin-widget-tinymce textwidget\">\n\t<p><strong><span style=\"color: #ffb900; font-size: 18pt;\">\u201cQuanto custa o meu trabalho?\u201d<\/span><\/strong><br \/>\n<strong>08\/11 | 20h | Audit\u00f3rio Elio Paulo Zonta do Campus Anglo<\/strong><\/p>\n<p><strong><span style=\"color: #ffb900; font-size: 18pt;\">Daniel Cuca Moreira<\/span><\/strong> <span style=\"color: #9f9f9f;\"><strong>Incomum Cuidadores de Marcas<\/strong><\/span><\/p>\n<p>Daniel Cuca Moreira \u00e9 publicit\u00e1rio, s\u00f3cio-diretor na Incomum Cuidadores de Marcas e h\u00e1 28 anos faz contas para manter a sa\u00fade financeira da ag\u00eancia.<\/p>\n<\/div>\n<\/div><\/div><\/div><\/div><div id=\"pg-7-8\"  class=\"panel-grid panel-no-style\" ><div id=\"pgc-7-8-0\"  class=\"panel-grid-cell\" ><div id=\"panel-7-8-0-0\" class=\"so-panel widget widget_sow-editor panel-first-child panel-last-child\" data-index=\"12\" ><div\n\t\t\t\n\t\t\tclass=\"so-widget-sow-editor so-widget-sow-editor-base\"\n\t\t\t\n\t\t>\n<div class=\"siteorigin-widget-tinymce textwidget\">\n\t<hr>\n<\/div>\n<\/div><\/div><\/div><\/div><div id=\"pg-7-9\"  class=\"panel-grid panel-no-style\" ><div id=\"pgc-7-9-0\"  class=\"panel-grid-cell\" ><div id=\"panel-7-9-0-0\" class=\"so-panel widget widget_media_image panel-first-child panel-last-child\" data-index=\"13\" ><div id=\"conf_img\" class=\"panel-widget-style panel-widget-style-for-7-9-0-0\" ><img loading=\"lazy\" decoding=\"async\" width=\"1381\" height=\"1381\" src=\"https:\/\/wp.ufpel.edu.br\/suldesignreinventa\/files\/2023\/10\/Sergio-Antonio-Brondani.jpeg\" class=\"image wp-image-1537  attachment-full size-full\" alt=\"\" style=\"max-width: 100%; height: auto;\" srcset=\"https:\/\/wp.ufpel.edu.br\/suldesignreinventa\/files\/2023\/10\/Sergio-Antonio-Brondani.jpeg 1381w, https:\/\/wp.ufpel.edu.br\/suldesignreinventa\/files\/2023\/10\/Sergio-Antonio-Brondani-400x400.jpeg 400w, https:\/\/wp.ufpel.edu.br\/suldesignreinventa\/files\/2023\/10\/Sergio-Antonio-Brondani-1024x1024.jpeg 1024w, https:\/\/wp.ufpel.edu.br\/suldesignreinventa\/files\/2023\/10\/Sergio-Antonio-Brondani-200x200.jpeg 200w, https:\/\/wp.ufpel.edu.br\/suldesignreinventa\/files\/2023\/10\/Sergio-Antonio-Brondani-768x768.jpeg 768w\" sizes=\"auto, (max-width: 1381px) 100vw, 1381px\" \/><\/div><\/div><\/div><div id=\"pgc-7-9-1\"  class=\"panel-grid-cell\" ><div id=\"panel-7-9-1-0\" class=\"so-panel widget widget_sow-editor panel-first-child panel-last-child\" data-index=\"14\" ><div\n\t\t\t\n\t\t\tclass=\"so-widget-sow-editor so-widget-sow-editor-base\"\n\t\t\t\n\t\t>\n<div class=\"siteorigin-widget-tinymce textwidget\">\n\t<p><strong><span style=\"color: #ffb900; font-size: 18pt;\">\"Meios para tornar ambientes e produtos mais seguros e inclusivos diante da diversidade humana\"<\/span><\/strong><br \/>\n<strong>9\/11 | 19h | Audit\u00f3rio do Parque Tecnol\u00f3gico<\/strong><\/p>\n<p><strong><span style=\"color: #ffb900; font-size: 18pt;\">S\u00e9rgio Ant\u00f4nio Brondani<\/span><\/strong><\/p>\n<p>Atualmente professor Titular da UFSM - lotado no curso de Desenho Industrial, Brondani tem gradua\u00e7\u00e3o em Arquitetura e Urbanismo pela UNISINOS com especializa\u00e7\u00e3o em Engenharia de Seguran\u00e7a do Trabalho na Universidade Federal de Santa Maria (UFSM).<br \/>\nPossui mestrado em Engenharia Civil\/Conforto Ambiental tamb\u00e9m na UFSM, doutorado em Engenharia de Produ\u00e7\u00e3o\/Projeto de Produto pela Universidade Federal de Santa Catarina (UFSC) e p\u00f3s-doutorado em Motricidade Humana pela Universidade de Lisboa.<\/p>\n<\/div>\n<\/div><\/div><\/div><\/div><div id=\"pg-7-10\"  class=\"panel-grid panel-no-style\" ><div id=\"pgc-7-10-0\"  class=\"panel-grid-cell\" ><div id=\"panel-7-10-0-0\" class=\"so-panel widget widget_sow-editor panel-first-child panel-last-child\" data-index=\"15\" ><div\n\t\t\t\n\t\t\tclass=\"so-widget-sow-editor so-widget-sow-editor-base\"\n\t\t\t\n\t\t>\n<div class=\"siteorigin-widget-tinymce textwidget\">\n\t<hr>\n<\/div>\n<\/div><\/div><\/div><\/div><div id=\"pg-7-11\"  class=\"panel-grid panel-no-style\" ><div id=\"pgc-7-11-0\"  class=\"panel-grid-cell\" ><div id=\"panel-7-11-0-0\" class=\"so-panel widget widget_media_image panel-first-child panel-last-child\" data-index=\"16\" ><div id=\"conf_img\" class=\"panel-widget-style panel-widget-style-for-7-11-0-0\" ><img loading=\"lazy\" decoding=\"async\" width=\"569\" height=\"569\" src=\"https:\/\/wp.ufpel.edu.br\/suldesignreinventa\/files\/2023\/10\/WhatsApp-Image-2023-10-27-at-12.51.59.jpeg\" class=\"image wp-image-1549  attachment-full size-full\" alt=\"\" style=\"max-width: 100%; height: auto;\" srcset=\"https:\/\/wp.ufpel.edu.br\/suldesignreinventa\/files\/2023\/10\/WhatsApp-Image-2023-10-27-at-12.51.59.jpeg 569w, https:\/\/wp.ufpel.edu.br\/suldesignreinventa\/files\/2023\/10\/WhatsApp-Image-2023-10-27-at-12.51.59-400x400.jpeg 400w, https:\/\/wp.ufpel.edu.br\/suldesignreinventa\/files\/2023\/10\/WhatsApp-Image-2023-10-27-at-12.51.59-200x200.jpeg 200w\" sizes=\"auto, (max-width: 569px) 100vw, 569px\" \/><\/div><\/div><\/div><div id=\"pgc-7-11-1\"  class=\"panel-grid-cell\" ><div id=\"panel-7-11-1-0\" class=\"so-panel widget widget_sow-editor panel-first-child panel-last-child\" data-index=\"17\" ><div\n\t\t\t\n\t\t\tclass=\"so-widget-sow-editor so-widget-sow-editor-base\"\n\t\t\t\n\t\t>\n<div class=\"siteorigin-widget-tinymce textwidget\">\n\t<p><strong><span style=\"color: #ffb900; font-size: 18pt;\">\"Desenho de Embalagem e Fator Ecol\u00f3gico: uma proposta de an\u00e1lise e produ\u00e7\u00e3o criativa\"<\/span><\/strong><br \/>\n<strong>9\/11 | 20h | Audit\u00f3rio do Parque Tecnol\u00f3gico<\/strong><\/p>\n<p><strong><span style=\"color: #ffb900; font-size: 18pt;\">Marcos Brod Junior<\/span><\/strong><\/p>\n<p>Bacharel em Desenho Industrial - Programa\u00e7\u00e3o Visual (UFSM\/1997), Mestre em Engenharia de Produ\u00e7\u00e3o (UFSM\/2004) e Doutor em Engenharia de Produ\u00e7\u00e3o (UFRGS\/2010). Foi professor da Universidade de Caxias do Sul, da Faculdade da Serra Ga\u00facha e do Centro Universit\u00e1rio Ritter dos Reis. \u00c9 Professor Associado Classe D [N\u00edvel 3] da Universidade Federal de Santa Maria, no curso de Desenho Industrial e tamb\u00e9m Professor Colaborador do Programa de P\u00f3s-gradua\u00e7\u00e3o em Arquitetura, Urbanismo e Paisagismo Campus Santa Maria. \u00c1reas de Interessem: Design de Embalagem e Fator Ecol\u00f3gico; Teoria e Metodologia do Design; Design Gr\u00e1fico Ambiental: Projeto de Sinaliza\u00e7\u00e3o; Fatores Projetuais e Educa\u00e7\u00e3o Projetual; Criatividade e Design; Projetos de Comunica\u00e7\u00e3o Visual: percep\u00e7\u00e3o, coer\u00eancia e est\u00e9tica; Hist\u00f3ria do Design.<\/p>\n<\/div>\n<\/div><\/div><\/div><\/div><div id=\"pg-7-12\"  class=\"panel-grid panel-no-style\" ><div id=\"pgc-7-12-0\"  class=\"panel-grid-cell\" ><div id=\"panel-7-12-0-0\" class=\"so-panel widget widget_sow-editor panel-first-child panel-last-child\" data-index=\"18\" ><div\n\t\t\t\n\t\t\tclass=\"so-widget-sow-editor so-widget-sow-editor-base\"\n\t\t\t\n\t\t>\n<div class=\"siteorigin-widget-tinymce textwidget\">\n\t<hr>\n<\/div>\n<\/div><\/div><\/div><\/div><div id=\"pg-7-13\"  class=\"panel-grid panel-no-style\" ><div id=\"pgc-7-13-0\"  class=\"panel-grid-cell\" ><div id=\"panel-7-13-0-0\" class=\"so-panel widget widget_media_image panel-first-child panel-last-child\" data-index=\"19\" ><div id=\"conf_img\" class=\"panel-widget-style panel-widget-style-for-7-13-0-0\" ><img loading=\"lazy\" decoding=\"async\" width=\"1224\" height=\"1217\" src=\"https:\/\/wp.ufpel.edu.br\/suldesignreinventa\/files\/2023\/10\/Everton-Vieira.jpeg\" class=\"image wp-image-1506  attachment-full size-full\" alt=\"\" style=\"max-width: 100%; height: auto;\" srcset=\"https:\/\/wp.ufpel.edu.br\/suldesignreinventa\/files\/2023\/10\/Everton-Vieira.jpeg 1224w, https:\/\/wp.ufpel.edu.br\/suldesignreinventa\/files\/2023\/10\/Everton-Vieira-400x398.jpeg 400w, https:\/\/wp.ufpel.edu.br\/suldesignreinventa\/files\/2023\/10\/Everton-Vieira-1024x1018.jpeg 1024w, https:\/\/wp.ufpel.edu.br\/suldesignreinventa\/files\/2023\/10\/Everton-Vieira-200x200.jpeg 200w, https:\/\/wp.ufpel.edu.br\/suldesignreinventa\/files\/2023\/10\/Everton-Vieira-768x764.jpeg 768w\" sizes=\"auto, (max-width: 1224px) 100vw, 1224px\" \/><\/div><\/div><\/div><div id=\"pgc-7-13-1\"  class=\"panel-grid-cell\" ><div id=\"panel-7-13-1-0\" class=\"so-panel widget widget_sow-editor panel-first-child panel-last-child\" data-index=\"20\" ><div\n\t\t\t\n\t\t\tclass=\"so-widget-sow-editor so-widget-sow-editor-base\"\n\t\t\t\n\t\t>\n<div class=\"siteorigin-widget-tinymce textwidget\">\n\t<p><strong><span style=\"color: #ffb900; font-size: 18pt;\">\u201cDesenvolvendo games de Pelotas para o Mundo\u201d<\/span><\/strong><br \/>\n<strong>10\/11 | 17h | Audit\u00f3rio 2 do Centro de Artes<\/strong><\/p>\n<p><strong><span style=\"color: #ffb900; font-size: 18pt;\">Everton Vieira<\/span><\/strong> <span style=\"color: #9f9f9f;\"><strong>IzyPlay Game Studio<\/strong><\/span><\/p>\n<p>Bacharel em An\u00e1lise de Sistemas pela Universidade Cat\u00f3lica de Pelotas (UCPel) no ano de 1999. Sua paix\u00e3o por games \u00e9 de longa data. Em 2003, como s\u00f3cio de uma das cinco maiores empresas de Tecnologia Educacional do pa\u00eds, foi respons\u00e1vel pela cria\u00e7\u00e3o da divis\u00e3o de Serious Games da empresa. Durante oito anos atuou como Game Designer e Arquiteto de Software em mais de 30 projetos de Serious Games (simuladores) para grandes empresas do pa\u00eds. Atualmente \u00e9 s\u00f3cio-fundador da Izyplay Game Studio, empresa fundada em 2010, onde exerce o cargo de CEO. Al\u00e9m do envolvimento corporativo, \u00e9 o atual presidente da ADJogosRS, principal associa\u00e7\u00e3o de jogos regional do pa\u00eds.<\/p>\n<\/div>\n<\/div><\/div><\/div><\/div><div id=\"pg-7-14\"  class=\"panel-grid panel-no-style\" ><div id=\"pgc-7-14-0\"  class=\"panel-grid-cell\" ><div id=\"panel-7-14-0-0\" class=\"so-panel widget widget_sow-editor panel-first-child panel-last-child\" data-index=\"21\" ><div\n\t\t\t\n\t\t\tclass=\"so-widget-sow-editor so-widget-sow-editor-base\"\n\t\t\t\n\t\t>\n<div class=\"siteorigin-widget-tinymce textwidget\">\n\t<hr>\n<\/div>\n<\/div><\/div><\/div><\/div><div id=\"pg-7-15\"  class=\"panel-grid panel-no-style\" ><div id=\"pgc-7-15-0\"  class=\"panel-grid-cell\" ><div id=\"panel-7-15-0-0\" class=\"so-panel widget widget_media_image panel-first-child panel-last-child\" data-index=\"22\" ><div id=\"conf_img\" class=\"panel-widget-style panel-widget-style-for-7-15-0-0\" ><img loading=\"lazy\" decoding=\"async\" width=\"1808\" height=\"1808\" src=\"https:\/\/wp.ufpel.edu.br\/suldesignreinventa\/files\/2023\/10\/Anna-Laux.jpg\" class=\"image wp-image-1523  attachment-full size-full\" alt=\"\" style=\"max-width: 100%; height: auto;\" srcset=\"https:\/\/wp.ufpel.edu.br\/suldesignreinventa\/files\/2023\/10\/Anna-Laux.jpg 1808w, https:\/\/wp.ufpel.edu.br\/suldesignreinventa\/files\/2023\/10\/Anna-Laux-400x400.jpg 400w, https:\/\/wp.ufpel.edu.br\/suldesignreinventa\/files\/2023\/10\/Anna-Laux-1024x1024.jpg 1024w, https:\/\/wp.ufpel.edu.br\/suldesignreinventa\/files\/2023\/10\/Anna-Laux-200x200.jpg 200w, https:\/\/wp.ufpel.edu.br\/suldesignreinventa\/files\/2023\/10\/Anna-Laux-768x768.jpg 768w, https:\/\/wp.ufpel.edu.br\/suldesignreinventa\/files\/2023\/10\/Anna-Laux-1536x1536.jpg 1536w\" sizes=\"auto, (max-width: 1808px) 100vw, 1808px\" \/><\/div><\/div><\/div><div id=\"pgc-7-15-1\"  class=\"panel-grid-cell\" ><div id=\"panel-7-15-1-0\" class=\"so-panel widget widget_sow-editor panel-first-child panel-last-child\" data-index=\"23\" ><div\n\t\t\t\n\t\t\tclass=\"so-widget-sow-editor so-widget-sow-editor-base\"\n\t\t\t\n\t\t>\n<div class=\"siteorigin-widget-tinymce textwidget\">\n\t<p><strong><span style=\"color: #ffb900; font-size: 18pt;\">\u201cO Mercado de Design Digital no P\u00f3s-Pandemia: Estrat\u00e9gias para navegar em meio \u00e0s mudan\u00e7as\u201d<\/span><\/strong><br \/>\n<strong>10\/11 | 18h | Audit\u00f3rio 2 do Centro de Artes<\/strong><\/p>\n<p><strong><span style=\"color: #ffb900; font-size: 18pt;\">Anna Laux<\/span><\/strong><\/p>\n<p>Anna Laux \u00e9 Head de Cultura e Crescimento na Garupa Design, est\u00fadio que pensa e executa projetos digitais. Tem forma\u00e7\u00e3o em Design Gr\u00e1fico pela UFPEL. Possui mais de 6 anos de experi\u00eancia com Produ\u00e7\u00e3o Digital e Gest\u00e3o de equipes de Design com atua\u00e7\u00e3o nacional e internacional. Atualmente est\u00e1 cursando P\u00f3s-gradua\u00e7\u00e3o em UX na PUCRS.<\/p>\n<\/div>\n<\/div><\/div><\/div><\/div><\/div>","protected":false},"excerpt":{"rendered":"<p> [&hellip;]<\/p>\n","protected":false},"author":928,"featured_media":0,"parent":0,"menu_order":0,"comment_status":"closed","ping_status":"closed","template":"","meta":{"footnotes":""},"class_list":["post-7","page","type-page","status-publish","hentry","post"],"_links":{"self":[{"href":"https:\/\/wp.ufpel.edu.br\/suldesignreinventa\/wp-json\/wp\/v2\/pages\/7","targetHints":{"allow":["GET"]}}],"collection":[{"href":"https:\/\/wp.ufpel.edu.br\/suldesignreinventa\/wp-json\/wp\/v2\/pages"}],"about":[{"href":"https:\/\/wp.ufpel.edu.br\/suldesignreinventa\/wp-json\/wp\/v2\/types\/page"}],"author":[{"embeddable":true,"href":"https:\/\/wp.ufpel.edu.br\/suldesignreinventa\/wp-json\/wp\/v2\/users\/928"}],"replies":[{"embeddable":true,"href":"https:\/\/wp.ufpel.edu.br\/suldesignreinventa\/wp-json\/wp\/v2\/comments?post=7"}],"version-history":[{"count":98,"href":"https:\/\/wp.ufpel.edu.br\/suldesignreinventa\/wp-json\/wp\/v2\/pages\/7\/revisions"}],"predecessor-version":[{"id":1780,"href":"https:\/\/wp.ufpel.edu.br\/suldesignreinventa\/wp-json\/wp\/v2\/pages\/7\/revisions\/1780"}],"wp:attachment":[{"href":"https:\/\/wp.ufpel.edu.br\/suldesignreinventa\/wp-json\/wp\/v2\/media?parent=7"}],"curies":[{"name":"wp","href":"https:\/\/api.w.org\/{rel}","templated":true}]}}