{"id":11,"date":"2025-10-29T10:25:23","date_gmt":"2025-10-29T13:25:23","guid":{"rendered":"https:\/\/wp.ufpel.edu.br\/suldesign20\/?page_id=11"},"modified":"2025-12-05T14:58:26","modified_gmt":"2025-12-05T17:58:26","slug":"inscricoes","status":"publish","type":"page","link":"https:\/\/wp.ufpel.edu.br\/suldesign20\/inscricoes\/","title":{"rendered":"Inscri\u00e7\u00f5es"},"content":{"rendered":"<div id=\"pl-11\"  class=\"panel-layout\" ><div id=\"pg-11-0\"  class=\"panel-grid panel-no-style\" ><div id=\"pgc-11-0-0\"  class=\"panel-grid-cell\" ><div id=\"panel-11-0-0-0\" class=\"so-panel widget widget_sow-editor panel-first-child\" data-index=\"0\" ><div\n\t\t\t\n\t\t\tclass=\"so-widget-sow-editor so-widget-sow-editor-base\"\n\t\t\t\n\t\t>\n<div class=\"siteorigin-widget-tinymce textwidget\">\n\t<p>&nbsp;<\/p>\n<p style=\"text-align: center;\">O evento \u00e9\u00a0<strong>gratuito<\/strong>\u00a0e\u00a0<strong>aberto a todos os p\u00fablicos<\/strong>.\u00a0A certifica\u00e7\u00e3o se dar\u00e1 mediante presen\u00e7a nas atividades: <strong>3 carimbos de oficinas\/workshops<\/strong> no crach\u00e1 + <strong>1 carimbo palestra ou mesa redonda<\/strong>. Quem completar o crach\u00e1 ganha um brinde!<\/p>\n<p style=\"text-align: center;\">N\u00e3o \u00e9 necess\u00e1rio realizar inscri\u00e7\u00e3o. A participa\u00e7\u00e3o ser\u00e1 por <strong>ordem de chegada<\/strong>.<\/p>\n<p>&nbsp;<\/p>\n<\/div>\n<\/div><\/div><div id=\"panel-11-0-0-1\" class=\"so-panel widget widget_siteorigin-panels-builder\" data-index=\"1\" ><div id=\"pl-w692f45ec32b33\"  class=\"panel-layout\" ><div id=\"pg-w692f45ec32b33-0\"  class=\"panel-grid panel-no-style\" ><div id=\"pgc-w692f45ec32b33-0-0\"  class=\"panel-grid-cell\" ><div id=\"panel-w692f45ec32b33-0-0-0\" class=\"so-panel widget widget_sow-image-grid panel-first-child panel-last-child\" data-index=\"0\" ><div class=\"so-rounded panel-widget-style panel-widget-style-for-w692f45ec32b33-0-0-0\" ><div\n\t\t\t\n\t\t\tclass=\"so-widget-sow-image-grid so-widget-sow-image-grid-default-436c5f4e1662\"\n\t\t\t\n\t\t>\t<div\n\t\tclass=\"sow-image-grid-wrapper\"\n\t\tdata-max-width=\"150\"\t\tdata-max-height=\"150\"\t>\n\t\t\t\t\t<div class=\"sow-image-grid-image\">\n\t\t\t\t\t\t\t\t\t\t\t\t\t<a href=\"https:\/\/wp.ufpel.edu.br\/suldesign20\/oficinas\/\"\n\t\t\t\t\t\t\t\t\t\t\t\t\t\t\t\t\t\ttarget=\"_blank\" \t\t\t\t\t\t\t\t\t\t\t\t\t\t\t\t\t\t\t\t\t\t\t\trel=\"noopener noreferrer\" \t\t\t\t\t\t\t\t\t\t\t>\n\t\t\t\t\t\t\t\t<img loading=\"lazy\" decoding=\"async\" width=\"200\" height=\"200\" src=\"https:\/\/wp.ufpel.edu.br\/suldesign20\/files\/2025\/11\/CapaInscric\u0327a\u0303o-Oficineiro-200x200.png\" class=\"sow-image-grid-image_html\" alt=\"Oficinas dispon\u00edveis&quot;\" title=\"Oficinas dispon\u00edveis\" srcset=\"https:\/\/wp.ufpel.edu.br\/suldesign20\/files\/2025\/11\/CapaInscric\u0327a\u0303o-Oficineiro-200x200.png 200w, https:\/\/wp.ufpel.edu.br\/suldesign20\/files\/2025\/11\/CapaInscric\u0327a\u0303o-Oficineiro-400x400.png 400w, https:\/\/wp.ufpel.edu.br\/suldesign20\/files\/2025\/11\/CapaInscric\u0327a\u0303o-Oficineiro.png 683w\" sizes=\"auto, (max-width: 200px) 100vw, 200px\" \/>\t\t\t\t\t\t\t\t\t<\/a>\n\t\t\t\t\t\t\t\t\t\t\t\t\t<div class=\"image-title\">\n\t\t\t\t\t\tOficinas dispon\u00edveis\t\t\t\t\t<\/div>\n\t\t\t\t\t\t\t<\/div>\n\t\t\t<\/div>\n<\/div><\/div><\/div><\/div><div id=\"pgc-w692f45ec32b33-0-1\"  class=\"panel-grid-cell\" ><div id=\"panel-w692f45ec32b33-0-1-0\" class=\"so-panel widget widget_sow-image-grid panel-first-child panel-last-child\" data-index=\"1\" ><div class=\"so-rounded panel-widget-style panel-widget-style-for-w692f45ec32b33-0-1-0\" ><div\n\t\t\t\n\t\t\tclass=\"so-widget-sow-image-grid so-widget-sow-image-grid-default-e3a39d404fb7\"\n\t\t\t\n\t\t>\t<div\n\t\tclass=\"sow-image-grid-wrapper\"\n\t\tdata-max-width=\"150\"\t\tdata-max-height=\"150\"\t>\n\t\t\t\t\t<div class=\"sow-image-grid-image\">\n\t\t\t\t\t\t\t\t\t\t\t\t\t<a href=\"https:\/\/wp.ufpel.edu.br\/suldesign20\/files\/2025\/11\/REGULAMENTO-GERAL-Festival-de-Design-2025.pdf\"\n\t\t\t\t\t\t\t\t\t\t\t\t\t\t\t\t\t\ttarget=\"_blank\" \t\t\t\t\t\t\t\t\t\t\t\t\t\t\t\t\t\t\t\t\t\t\t\trel=\"noopener noreferrer\" \t\t\t\t\t\t\t\t\t\t\t>\n\t\t\t\t\t\t\t\t<img loading=\"lazy\" decoding=\"async\" width=\"200\" height=\"200\" src=\"https:\/\/wp.ufpel.edu.br\/suldesign20\/files\/2025\/11\/CapaFestival-200x200.png\" class=\"sow-image-grid-image_html\" alt=\"\" title=\"Inscri\u00e7\u00e3o Festival - encerrada\" srcset=\"https:\/\/wp.ufpel.edu.br\/suldesign20\/files\/2025\/11\/CapaFestival-200x200.png 200w, https:\/\/wp.ufpel.edu.br\/suldesign20\/files\/2025\/11\/CapaFestival-400x400.png 400w, https:\/\/wp.ufpel.edu.br\/suldesign20\/files\/2025\/11\/CapaFestival.png 683w\" sizes=\"auto, (max-width: 200px) 100vw, 200px\" \/>\t\t\t\t\t\t\t\t\t<\/a>\n\t\t\t\t\t\t\t\t\t\t\t\t\t<div class=\"image-title\">\n\t\t\t\t\t\tInscri\u00e7\u00e3o Festival - encerrada\t\t\t\t\t<\/div>\n\t\t\t\t\t\t\t<\/div>\n\t\t\t<\/div>\n<\/div><\/div><\/div><\/div><div id=\"pgc-w692f45ec32b33-0-2\"  class=\"panel-grid-cell\" ><div id=\"panel-w692f45ec32b33-0-2-0\" class=\"so-panel widget widget_sow-image-grid panel-first-child panel-last-child\" data-index=\"2\" ><div class=\"so-rounded panel-widget-style panel-widget-style-for-w692f45ec32b33-0-2-0\" ><div\n\t\t\t\n\t\t\tclass=\"so-widget-sow-image-grid so-widget-sow-image-grid-default-e3a39d404fb7\"\n\t\t\t\n\t\t>\t<div\n\t\tclass=\"sow-image-grid-wrapper\"\n\t\tdata-max-width=\"150\"\t\tdata-max-height=\"150\"\t>\n\t\t\t\t\t<div class=\"sow-image-grid-image\">\n\t\t\t\t\t\t\t\t\t\t\t\t\t<a href=\"https:\/\/drive.google.com\/file\/d\/1HrH7ARczMNdftvze9-hVFWklrkV_yZBa\/view?usp=sharing\"\n\t\t\t\t\t\t\t\t\t\t\t\t\t\t\t\t\t\ttarget=\"_blank\" \t\t\t\t\t\t\t\t\t\t\t\t\t\t\t\t\t\t\t\t\t\t\t\trel=\"noopener noreferrer\" \t\t\t\t\t\t\t\t\t\t\t>\n\t\t\t\t\t\t\t\t<img loading=\"lazy\" decoding=\"async\" width=\"200\" height=\"200\" src=\"https:\/\/wp.ufpel.edu.br\/suldesign20\/files\/2025\/11\/CapaPortfo\u0301lio--200x200.png\" class=\"sow-image-grid-image_html\" alt=\"Em breve&quot;\" title=\"Portf\u00f3lio Review\" srcset=\"https:\/\/wp.ufpel.edu.br\/suldesign20\/files\/2025\/11\/CapaPortfo\u0301lio--200x200.png 200w, https:\/\/wp.ufpel.edu.br\/suldesign20\/files\/2025\/11\/CapaPortfo\u0301lio--400x400.png 400w, https:\/\/wp.ufpel.edu.br\/suldesign20\/files\/2025\/11\/CapaPortfo\u0301lio-.png 683w\" sizes=\"auto, (max-width: 200px) 100vw, 200px\" \/>\t\t\t\t\t\t\t\t\t<\/a>\n\t\t\t\t\t\t\t\t\t\t\t\t\t<div class=\"image-title\">\n\t\t\t\t\t\tPortf\u00f3lio Review\t\t\t\t\t<\/div>\n\t\t\t\t\t\t\t<\/div>\n\t\t\t<\/div>\n<\/div><\/div><\/div><\/div><div id=\"pgc-w692f45ec32b33-0-3\"  class=\"panel-grid-cell\" ><div id=\"panel-w692f45ec32b33-0-3-0\" class=\"so-panel widget widget_sow-image-grid panel-first-child panel-last-child\" data-index=\"3\" ><div class=\"so-rounded panel-widget-style panel-widget-style-for-w692f45ec32b33-0-3-0\" ><div\n\t\t\t\n\t\t\tclass=\"so-widget-sow-image-grid so-widget-sow-image-grid-default-e3a39d404fb7\"\n\t\t\t\n\t\t>\t<div\n\t\tclass=\"sow-image-grid-wrapper\"\n\t\tdata-max-width=\"150\"\t\tdata-max-height=\"150\"\t>\n\t\t\t\t\t<div class=\"sow-image-grid-image\">\n\t\t\t\t\t\t\t\t\t\t\t\t\t<a href=\"https:\/\/wp.ufpel.edu.br\/suldesign20\/oficinas\/\"\n\t\t\t\t\t\t\t\t\t\t\t\t\t\t\t\t\t\ttarget=\"_blank\" \t\t\t\t\t\t\t\t\t\t\t\t\t\t\t\t\t\t\t\t\t\t\t\trel=\"noopener noreferrer\" \t\t\t\t\t\t\t\t\t\t\t>\n\t\t\t\t\t\t\t\t<img loading=\"lazy\" decoding=\"async\" width=\"200\" height=\"200\" src=\"https:\/\/wp.ufpel.edu.br\/suldesign20\/files\/2025\/11\/CapaWorkshops-200x200.png\" class=\"sow-image-grid-image_html\" alt=\"Workshops dispon\u00edveis&quot;\" title=\"Workshops dispon\u00edveis\" srcset=\"https:\/\/wp.ufpel.edu.br\/suldesign20\/files\/2025\/11\/CapaWorkshops-200x200.png 200w, https:\/\/wp.ufpel.edu.br\/suldesign20\/files\/2025\/11\/CapaWorkshops-400x400.png 400w, https:\/\/wp.ufpel.edu.br\/suldesign20\/files\/2025\/11\/CapaWorkshops.png 683w\" sizes=\"auto, (max-width: 200px) 100vw, 200px\" \/>\t\t\t\t\t\t\t\t\t<\/a>\n\t\t\t\t\t\t\t\t\t\t\t\t\t<div class=\"image-title\">\n\t\t\t\t\t\tWorkshops dispon\u00edveis\t\t\t\t\t<\/div>\n\t\t\t\t\t\t\t<\/div>\n\t\t\t<\/div>\n<\/div><\/div><\/div><\/div><div id=\"pgc-w692f45ec32b33-0-4\"  class=\"panel-grid-cell\" ><div id=\"panel-w692f45ec32b33-0-4-0\" class=\"so-panel widget widget_sow-image-grid panel-first-child panel-last-child\" data-index=\"4\" ><div class=\"so-rounded panel-widget-style panel-widget-style-for-w692f45ec32b33-0-4-0\" ><div\n\t\t\t\n\t\t\tclass=\"so-widget-sow-image-grid so-widget-sow-image-grid-default-e3a39d404fb7\"\n\t\t\t\n\t\t>\t<div\n\t\tclass=\"sow-image-grid-wrapper\"\n\t\tdata-max-width=\"150\"\t\tdata-max-height=\"150\"\t>\n\t\t\t\t\t<div class=\"sow-image-grid-image\">\n\t\t\t\t\t\t\t\t\t\t\t\t\t<a href=\"https:\/\/maps.app.goo.gl\/6A389gih2zdExdxP9\"\n\t\t\t\t\t\t\t\t\t\t\t\t\t\t\t\t\t\ttarget=\"_blank\" \t\t\t\t\t\t\t\t\t\t\t\t\t\t\t\t\t\t\t\t\t\t\t\trel=\"noopener noreferrer\" \t\t\t\t\t\t\t\t\t\t\t>\n\t\t\t\t\t\t\t\t<img loading=\"lazy\" decoding=\"async\" width=\"200\" height=\"200\" src=\"https:\/\/wp.ufpel.edu.br\/suldesign20\/files\/2025\/11\/CapaEndeerc\u0327o-200x200.png\" class=\"sow-image-grid-image_html\" alt=\"Em breve&quot;\" title=\"Localiza\u00e7\u00e3o do evento\" srcset=\"https:\/\/wp.ufpel.edu.br\/suldesign20\/files\/2025\/11\/CapaEndeerc\u0327o-200x200.png 200w, https:\/\/wp.ufpel.edu.br\/suldesign20\/files\/2025\/11\/CapaEndeerc\u0327o-400x400.png 400w, https:\/\/wp.ufpel.edu.br\/suldesign20\/files\/2025\/11\/CapaEndeerc\u0327o.png 683w\" sizes=\"auto, (max-width: 200px) 100vw, 200px\" \/>\t\t\t\t\t\t\t\t\t<\/a>\n\t\t\t\t\t\t\t\t\t\t\t\t\t<div class=\"image-title\">\n\t\t\t\t\t\tLocaliza\u00e7\u00e3o do evento\t\t\t\t\t<\/div>\n\t\t\t\t\t\t\t<\/div>\n\t\t\t<\/div>\n<\/div><\/div><\/div><\/div><\/div><\/div><\/div><div id=\"panel-11-0-0-2\" class=\"so-panel widget widget_text panel-last-child\" data-index=\"2\" >\t\t\t<div class=\"textwidget\"><p>&nbsp;<\/p>\n<p>&nbsp;<\/p>\n<p>&nbsp;<\/p>\n<p>&nbsp;<\/p>\n<\/div>\n\t\t<\/div><\/div><\/div><\/div>","protected":false},"excerpt":{"rendered":"<p>&nbsp; O evento \u00e9\u00a0gratuito\u00a0e\u00a0aberto a todos os p\u00fablicos.\u00a0A certifica\u00e7\u00e3o se dar\u00e1 mediante presen\u00e7a nas atividades: 3 carimbos de oficinas\/workshops no crach\u00e1 + 1 carimbo palestra ou mesa redonda. Quem completar o crach\u00e1 ganha um brinde! N\u00e3o \u00e9 necess\u00e1rio realizar inscri\u00e7\u00e3o. A participa\u00e7\u00e3o ser\u00e1 por ordem de chegada. &nbsp; &nbsp; &nbsp; &nbsp; &nbsp;<\/p>\n","protected":false},"author":928,"featured_media":0,"parent":0,"menu_order":0,"comment_status":"closed","ping_status":"closed","template":"","meta":{"footnotes":""},"class_list":["post-11","page","type-page","status-publish","hentry","post"],"_links":{"self":[{"href":"https:\/\/wp.ufpel.edu.br\/suldesign20\/wp-json\/wp\/v2\/pages\/11","targetHints":{"allow":["GET"]}}],"collection":[{"href":"https:\/\/wp.ufpel.edu.br\/suldesign20\/wp-json\/wp\/v2\/pages"}],"about":[{"href":"https:\/\/wp.ufpel.edu.br\/suldesign20\/wp-json\/wp\/v2\/types\/page"}],"author":[{"embeddable":true,"href":"https:\/\/wp.ufpel.edu.br\/suldesign20\/wp-json\/wp\/v2\/users\/928"}],"replies":[{"embeddable":true,"href":"https:\/\/wp.ufpel.edu.br\/suldesign20\/wp-json\/wp\/v2\/comments?post=11"}],"version-history":[{"count":3,"href":"https:\/\/wp.ufpel.edu.br\/suldesign20\/wp-json\/wp\/v2\/pages\/11\/revisions"}],"predecessor-version":[{"id":287,"href":"https:\/\/wp.ufpel.edu.br\/suldesign20\/wp-json\/wp\/v2\/pages\/11\/revisions\/287"}],"wp:attachment":[{"href":"https:\/\/wp.ufpel.edu.br\/suldesign20\/wp-json\/wp\/v2\/media?parent=11"}],"curies":[{"name":"wp","href":"https:\/\/api.w.org\/{rel}","templated":true}]}}