{"id":289,"date":"2021-03-08T16:56:44","date_gmt":"2021-03-08T19:56:44","guid":{"rendered":"https:\/\/wp.ufpel.edu.br\/suldesign\/?page_id=289"},"modified":"2025-07-10T12:11:32","modified_gmt":"2025-07-10T15:11:32","slug":"eventos","status":"publish","type":"page","link":"https:\/\/wp.ufpel.edu.br\/suldesign\/eventos\/","title":{"rendered":"EVENTOS"},"content":{"rendered":"<div id=\"pl-289\"  class=\"panel-layout\" ><div id=\"pg-289-0\"  class=\"panel-grid panel-no-style\" ><div id=\"pgc-289-0-0\"  class=\"panel-grid-cell\" ><div id=\"panel-289-0-0-0\" class=\"so-panel widget widget_sow-image panel-first-child panel-last-child\" data-index=\"0\" ><div\n\t\t\t\n\t\t\tclass=\"so-widget-sow-image so-widget-sow-image-default-8b5b6f678277-289\"\n\t\t\t\n\t\t>\n<div class=\"sow-image-container\">\n\t\t\t<a href=\"https:\/\/wp.ufpel.edu.br\/suldesign\/25-anos-design\/\"\n\t\t\ttarget=\"_blank\" rel=\"noopener noreferrer\" \t\t>\n\t\t\t<img \n\tsrc=\"https:\/\/wp.ufpel.edu.br\/suldesign\/files\/2025\/07\/Estampa-3-camiseta-25-anos-08-08-scaled.png\" width=\"2560\" height=\"2560\" srcset=\"https:\/\/wp.ufpel.edu.br\/suldesign\/files\/2025\/07\/Estampa-3-camiseta-25-anos-08-08-scaled.png 2560w, https:\/\/wp.ufpel.edu.br\/suldesign\/files\/2025\/07\/Estampa-3-camiseta-25-anos-08-08-400x400.png 400w, https:\/\/wp.ufpel.edu.br\/suldesign\/files\/2025\/07\/Estampa-3-camiseta-25-anos-08-08-1024x1024.png 1024w, https:\/\/wp.ufpel.edu.br\/suldesign\/files\/2025\/07\/Estampa-3-camiseta-25-anos-08-08-200x200.png 200w, https:\/\/wp.ufpel.edu.br\/suldesign\/files\/2025\/07\/Estampa-3-camiseta-25-anos-08-08-768x768.png 768w, https:\/\/wp.ufpel.edu.br\/suldesign\/files\/2025\/07\/Estampa-3-camiseta-25-anos-08-08-1536x1536.png 1536w, https:\/\/wp.ufpel.edu.br\/suldesign\/files\/2025\/07\/Estampa-3-camiseta-25-anos-08-08-2048x2048.png 2048w, https:\/\/wp.ufpel.edu.br\/suldesign\/files\/2025\/07\/Estampa-3-camiseta-25-anos-08-08-375x375.png 375w, https:\/\/wp.ufpel.edu.br\/suldesign\/files\/2025\/07\/Estampa-3-camiseta-25-anos-08-08-216x216.png 216w\" sizes=\"(max-width: 2560px) 100vw, 2560px\" title=\"25 anos Design UFPEL | 2024\" alt=\"25 anos Design UFPEL | 2024\" \t\tclass=\"so-widget-image\"\/>\n\t\t\t<\/a><\/div>\n\n<\/div><\/div><\/div><div id=\"pgc-289-0-1\"  class=\"panel-grid-cell\" ><div id=\"panel-289-0-1-0\" class=\"so-panel widget widget_sow-image panel-first-child panel-last-child\" data-index=\"1\" ><div\n\t\t\t\n\t\t\tclass=\"so-widget-sow-image so-widget-sow-image-default-8b5b6f678277-289\"\n\t\t\t\n\t\t>\n<div class=\"sow-image-container\">\n\t\t\t<a href=\"https:\/\/wp.ufpel.edu.br\/suldesignreinventa\/\"\n\t\t\ttarget=\"_blank\" rel=\"noopener noreferrer\" \t\t>\n\t\t\t<img \n\tsrc=\"https:\/\/wp.ufpel.edu.br\/suldesign\/files\/2025\/07\/reinventa-logo.png\" width=\"528\" height=\"522\" srcset=\"https:\/\/wp.ufpel.edu.br\/suldesign\/files\/2025\/07\/reinventa-logo.png 528w, https:\/\/wp.ufpel.edu.br\/suldesign\/files\/2025\/07\/reinventa-logo-400x395.png 400w\" sizes=\"(max-width: 528px) 100vw, 528px\" title=\"10\u00ba Suldesign Encontro | Reinventa | 2023\" alt=\"\" \t\tclass=\"so-widget-image\"\/>\n\t\t\t<\/a><\/div>\n\n<\/div><\/div><\/div><div id=\"pgc-289-0-2\"  class=\"panel-grid-cell\" ><div id=\"panel-289-0-2-0\" class=\"so-panel widget widget_sow-image panel-first-child panel-last-child\" data-index=\"2\" ><div\n\t\t\t\n\t\t\tclass=\"so-widget-sow-image so-widget-sow-image-default-8b5b6f678277-289\"\n\t\t\t\n\t\t>\n<div class=\"sow-image-container\">\n\t\t\t<a href=\"https:\/\/wp.ufpel.edu.br\/conexaosuldesign\/\"\n\t\t\ttarget=\"_blank\" rel=\"noopener noreferrer\" \t\t>\n\t\t\t<img \n\tsrc=\"https:\/\/wp.ufpel.edu.br\/suldesign\/files\/2025\/07\/conexao.png\" width=\"472\" height=\"477\" srcset=\"https:\/\/wp.ufpel.edu.br\/suldesign\/files\/2025\/07\/conexao.png 472w, https:\/\/wp.ufpel.edu.br\/suldesign\/files\/2025\/07\/conexao-396x400.png 396w\" sizes=\"(max-width: 472px) 100vw, 472px\" title=\"Conex\u00e3o Suldesign | 2021\" alt=\"\" \t\tclass=\"so-widget-image\"\/>\n\t\t\t<\/a><\/div>\n\n<\/div><\/div><\/div><div id=\"pgc-289-0-3\"  class=\"panel-grid-cell\" ><div id=\"panel-289-0-3-0\" class=\"so-panel widget widget_sow-image panel-first-child panel-last-child\" data-index=\"3\" ><div\n\t\t\t\n\t\t\tclass=\"so-widget-sow-image so-widget-sow-image-default-8b5b6f678277-289\"\n\t\t\t\n\t\t>\n<div class=\"sow-image-container\">\n\t\t\t<a href=\"https:\/\/wp.ufpel.edu.br\/design20anos\/\"\n\t\t\ttarget=\"_blank\" rel=\"noopener noreferrer\" \t\t>\n\t\t\t<img \n\tsrc=\"https:\/\/wp.ufpel.edu.br\/suldesign\/files\/2025\/07\/20-anos-design-ufpel.jpg\" width=\"400\" height=\"400\" srcset=\"https:\/\/wp.ufpel.edu.br\/suldesign\/files\/2025\/07\/20-anos-design-ufpel.jpg 400w, https:\/\/wp.ufpel.edu.br\/suldesign\/files\/2025\/07\/20-anos-design-ufpel-200x200.jpg 200w, https:\/\/wp.ufpel.edu.br\/suldesign\/files\/2025\/07\/20-anos-design-ufpel-375x375.jpg 375w, https:\/\/wp.ufpel.edu.br\/suldesign\/files\/2025\/07\/20-anos-design-ufpel-216x216.jpg 216w\" sizes=\"(max-width: 400px) 100vw, 400px\" title=\"Suldesign 2019 | 20 anos Design UFPEL\" alt=\"\" \t\tclass=\"so-widget-image\"\/>\n\t\t\t<\/a><\/div>\n\n<\/div><\/div><\/div><\/div><div id=\"pg-289-1\"  class=\"panel-grid panel-no-style\" ><div id=\"pgc-289-1-0\"  class=\"panel-grid-cell\" ><div id=\"panel-289-1-0-0\" class=\"so-panel widget widget_sow-editor panel-first-child\" data-index=\"4\" ><div\n\t\t\t\n\t\t\tclass=\"so-widget-sow-editor so-widget-sow-editor-base\"\n\t\t\t\n\t\t>\n<div class=\"siteorigin-widget-tinymce textwidget\">\n\t<p><span style=\"font-size: 12pt;\">Uma das atividades do Suldesign Est\u00fadio compreende a organiza\u00e7\u00e3o de eventos para debater quest\u00f5es pertinentes ao campo do Design. Clique nas imagens acima para acessar o site dos eventos realizados.<\/span><\/p>\n<\/div>\n<\/div><\/div><div id=\"panel-289-1-0-1\" class=\"so-panel widget widget_sow-accordion panel-last-child\" data-index=\"5\" ><div\n\t\t\t\n\t\t\tclass=\"so-widget-sow-accordion so-widget-sow-accordion-default-d9295f5bfa93-289\"\n\t\t\t\n\t\t><div>\n\t<div class=\"sow-accordion\">\n\t\t\t<div class=\"sow-accordion-panel\n\t\t sow-accordion-panel-open\t\t\"\n\t\t\tdata-anchor-id=\"certificacao\">\n\t\t\t\t<div class=\"sow-accordion-panel-header-container\" role=\"heading\" aria-level=\"2\">\n\t\t\t\t\t<div class=\"sow-accordion-panel-header\" tabindex=\"0\" role=\"button\" id=\"accordion-label-certifica%c3%a7%c3%a3o\" aria-controls=\"accordion-content-certifica%c3%a7%c3%a3o\" aria-expanded=\"true\">\n\t\t\t\t\t\t<div class=\"sow-accordion-title sow-accordion-title-icon-left\">\n\t\t\t\t\t\t\t\t\t\t\t\t\t\tCertifica\u00e7\u00e3o\t\t\t\t\t\t\t\t\t\t\t\t\t<\/div>\n\t\t\t\t\t\t<div class=\"sow-accordion-open-close-button\">\n\t\t\t\t\t\t\t<div class=\"sow-accordion-open-button\">\n\t\t\t\t\t\t\t\t<span class=\"sow-icon-ionicons\" data-sow-icon=\"&#xf218;\"\n\t\t \n\t\taria-hidden=\"true\"><\/span>\t\t\t\t\t\t\t<\/div>\n\t\t\t\t\t\t\t<div class=\"sow-accordion-close-button\">\n\t\t\t\t\t\t\t\t<span class=\"sow-icon-ionicons\" data-sow-icon=\"&#xf209;\"\n\t\t \n\t\taria-hidden=\"true\"><\/span>\t\t\t\t\t\t\t<\/div>\n\t\t\t\t\t\t<\/div>\n\t\t\t\t\t<\/div>\n\t\t\t\t<\/div>\n\n\t\t\t<div\n\t\t\t\tclass=\"sow-accordion-panel-content\"\n\t\t\t\trole=\"region\"\n\t\t\t\taria-labelledby=\"accordion-label-certifica%c3%a7%c3%a3o\"\n\t\t\t\tid=\"accordion-content-certifica%c3%a7%c3%a3o\"\n\t\t\t\t\t\t\t>\n\t\t\t\t<div class=\"sow-accordion-panel-border\">\n\t\t\t\t\t<p>Para obter seu certificado acesse <a href=\"https:\/\/cobalto.ufpel.edu.br\/portal\/consultas\/eventoPublico\">Cobalto &gt; Acesso livre &gt; Certificados<\/a><\/p>\n<p>Os certificados podem estar com o nome: #2279: SULDESIGN EST\u00daDIO: LABORAT\u00d3RIO DESIGN GR\u00c1FICO E DIGITAL<\/p>\n<p>Para eventos anteriores a 2023, bem como expositor e\/ou premiado no Festival de Design de 2024, <a href=\"https:\/\/www2.ufpel.edu.br\/suldesign\/certificados\/\">acesse este link.<\/a><\/p>\n\t\t\t\t<\/div>\n\t\t\t<\/div>\n\t\t<\/div>\n\t\t<\/div>\n<\/div>\n<\/div><\/div><\/div><\/div><\/div>","protected":false},"excerpt":{"rendered":"<p>Uma das atividades do Suldesign Est\u00fadio compreende a organiza\u00e7\u00e3o de eventos para debater quest\u00f5es pertinentes ao campo do Design. Clique nas imagens acima para acessar o site dos eventos realizados.<\/p>\n","protected":false},"author":928,"featured_media":0,"parent":0,"menu_order":0,"comment_status":"closed","ping_status":"closed","template":"","meta":{"_acf_changed":false,"footnotes":""},"class_list":["post-289","page","type-page","status-publish","hentry","post"],"acf":[],"publishpress_future_action":{"enabled":false,"date":"2026-05-16 09:38:27","action":"change-status","newStatus":"draft","terms":[],"taxonomy":"","extraData":[]},"publishpress_future_workflow_manual_trigger":{"enabledWorkflows":[]},"_links":{"self":[{"href":"https:\/\/wp.ufpel.edu.br\/suldesign\/wp-json\/wp\/v2\/pages\/289","targetHints":{"allow":["GET"]}}],"collection":[{"href":"https:\/\/wp.ufpel.edu.br\/suldesign\/wp-json\/wp\/v2\/pages"}],"about":[{"href":"https:\/\/wp.ufpel.edu.br\/suldesign\/wp-json\/wp\/v2\/types\/page"}],"author":[{"embeddable":true,"href":"https:\/\/wp.ufpel.edu.br\/suldesign\/wp-json\/wp\/v2\/users\/928"}],"replies":[{"embeddable":true,"href":"https:\/\/wp.ufpel.edu.br\/suldesign\/wp-json\/wp\/v2\/comments?post=289"}],"version-history":[{"count":12,"href":"https:\/\/wp.ufpel.edu.br\/suldesign\/wp-json\/wp\/v2\/pages\/289\/revisions"}],"predecessor-version":[{"id":786,"href":"https:\/\/wp.ufpel.edu.br\/suldesign\/wp-json\/wp\/v2\/pages\/289\/revisions\/786"}],"wp:attachment":[{"href":"https:\/\/wp.ufpel.edu.br\/suldesign\/wp-json\/wp\/v2\/media?parent=289"}],"curies":[{"name":"wp","href":"https:\/\/api.w.org\/{rel}","templated":true}]}}