{"id":14,"date":"2020-07-23T17:21:08","date_gmt":"2020-07-23T20:21:08","guid":{"rendered":"https:\/\/wp.ufpel.edu.br\/suldesign\/?page_id=14"},"modified":"2026-02-04T09:16:45","modified_gmt":"2026-02-04T12:16:45","slug":"quem-somos","status":"publish","type":"page","link":"https:\/\/wp.ufpel.edu.br\/suldesign\/","title":{"rendered":"Quem Somos"},"content":{"rendered":"<div id=\"pl-14\" class=\"panel-layout\">\n<div id=\"pg-14-0\" class=\"panel-grid panel-no-style\">\n<div id=\"pgc-14-0-0\" class=\"panel-grid-cell\" data-weight=\"1\">\n<div id=\"panel-14-0-0-0\" class=\"so-panel widget widget_sow-editor panel-first-child panel-last-child\" data-index=\"0\">\n<div class=\"so-widget-sow-editor so-widget-sow-editor-base\">\n<div class=\"siteorigin-widget-tinymce textwidget\">\n<p><span style=\"font-size: 12pt;\">O Suldesign Est\u00fadio \u00e9 um projeto unificado com \u00eanfase no ensino e vinculado ao colegiado dos cursos de Design da UFPel, o qual oferece aos alunos atividades de ensino de forma\u00e7\u00e3o complementar no desenvolvimento de projetos aplicados. O laborat\u00f3rio atua exclusivamente no \u00e2mbito institucional da UFPEL, ao desenvolver projetos de design voltados para as atividades de ensino, pesquisa e extens\u00e3o da Universidade. <\/span><span style=\"font-size: 12pt;\">Os projetos s\u00e3o desenvolvidos junto aos alunos dos cursos de design, sob orienta\u00e7\u00e3o de t\u00e9cnicos profissionais. Trabalhamos com agendamento de projetos por semestre. Por isso, solicitamos que as propostas de trabalho sejam enviadas com anteced\u00eancia para que possamos atend\u00ea-las com qualidade.<\/span><\/p>\n<p><span style=\"font-size: 12pt;\"><strong>Equipe Suldesign Est\u00fadio<\/strong><\/span><br \/>\n<span style=\"font-size: 12pt;\"><strong>Coordena\u00e7\u00e3o: <\/strong>Profa. Nadia Miranda Leschko\u00a0\u00a0<\/span><br \/>\n<span style=\"font-size: 12pt;\"><strong>Servidores T\u00e9cnicos: <\/strong>Josiane Duarte dos Santos Criz\u00e9l (<strong>Presencial<\/strong> &#8211; segunda, ter\u00e7a e quinta das 12h30min \u00e0s 16h30min, quarta e sexta das 8h \u00e0s 12h. <strong>Teletrabalho<\/strong> &#8211; segunda, ter\u00e7a e quinta pela manh\u00e3, quarta e sexta pela tarde). Guilherme Franck Tavares (em afastamento para Doutorado).<\/span><\/p>\n<p>Endere\u00e7o: Centro de Artes UFPEL \u2013 Bloco 2 (pr\u00e9dio azul), sala 102, t\u00e9rreo<br \/>\nR. \u00c1lvaro Chaves, 65 &#8211; Centro, Pelotas &#8211; RS, 96010-760<\/p>\n<p>Telefone: 53 3284 3105<\/p>\n<p>E-mail: suldesign.estudio@gmail.com<\/p>\n<\/div>\n<\/div>\n<\/div>\n<\/div>\n<\/div>\n<\/div>\n","protected":false},"excerpt":{"rendered":"<p>O Suldesign Est\u00fadio \u00e9 um projeto unificado com \u00eanfase no ensino e vinculado ao colegiado dos cursos de Design da UFPel, o qual oferece aos alunos atividades de ensino de forma\u00e7\u00e3o complementar no desenvolvimento de projetos aplicados. O laborat\u00f3rio atua exclusivamente no \u00e2mbito institucional da UFPEL, ao desenvolver projetos de design voltados para as atividades [&hellip;]<\/p>\n","protected":false},"author":928,"featured_media":0,"parent":0,"menu_order":0,"comment_status":"closed","ping_status":"closed","template":"templates\/template-full.php","meta":{"_acf_changed":false,"footnotes":""},"class_list":["post-14","page","type-page","status-publish","hentry","post"],"acf":[],"publishpress_future_action":{"enabled":false,"date":"2026-04-17 11:16:42","action":"change-status","newStatus":"draft","terms":[],"taxonomy":"","extraData":[]},"publishpress_future_workflow_manual_trigger":{"enabledWorkflows":[]},"_links":{"self":[{"href":"https:\/\/wp.ufpel.edu.br\/suldesign\/wp-json\/wp\/v2\/pages\/14","targetHints":{"allow":["GET"]}}],"collection":[{"href":"https:\/\/wp.ufpel.edu.br\/suldesign\/wp-json\/wp\/v2\/pages"}],"about":[{"href":"https:\/\/wp.ufpel.edu.br\/suldesign\/wp-json\/wp\/v2\/types\/page"}],"author":[{"embeddable":true,"href":"https:\/\/wp.ufpel.edu.br\/suldesign\/wp-json\/wp\/v2\/users\/928"}],"replies":[{"embeddable":true,"href":"https:\/\/wp.ufpel.edu.br\/suldesign\/wp-json\/wp\/v2\/comments?post=14"}],"version-history":[{"count":4,"href":"https:\/\/wp.ufpel.edu.br\/suldesign\/wp-json\/wp\/v2\/pages\/14\/revisions"}],"predecessor-version":[{"id":808,"href":"https:\/\/wp.ufpel.edu.br\/suldesign\/wp-json\/wp\/v2\/pages\/14\/revisions\/808"}],"wp:attachment":[{"href":"https:\/\/wp.ufpel.edu.br\/suldesign\/wp-json\/wp\/v2\/media?parent=14"}],"curies":[{"name":"wp","href":"https:\/\/api.w.org\/{rel}","templated":true}]}}