{"id":5686,"date":"2021-04-09T18:53:53","date_gmt":"2021-04-09T21:53:53","guid":{"rendered":"https:\/\/wp.ufpel.edu.br\/suinfra\/?page_id=5686"},"modified":"2023-08-17T10:24:31","modified_gmt":"2023-08-17T13:24:31","slug":"atualizacao-de-terminais-telefonicos","status":"publish","type":"page","link":"https:\/\/wp.ufpel.edu.br\/suinfra\/telefonia\/formularios\/atualizacao-de-terminais-telefonicos\/","title":{"rendered":"ATUALIZA\u00c7\u00c3O INFORMA\u00c7\u00d5ES DE TELEFONES NO CABALTO"},"content":{"rendered":"\n<h3 class=\"wp-block-heading\"><mark style=\"background-color:rgba(0, 0, 0, 0)\" class=\"has-inline-color has-black-color\"><strong>Formul\u00e1rio para Atualiza\u00e7\u00e3o das Informa\u00e7\u00f5es do<\/strong> Ramal no Cobalto<\/mark><\/h3>\n\n\n\n<p>Favor preencher os campos corretamente.<\/p>\n\n\n\n<p>* Campos obrigat\u00f3rios.<\/p>\n\n\n\n<div class=\"wp-block-contact-form-7-contact-form-selector\">\n<div class=\"wpcf7 no-js\" id=\"wpcf7-f5685-o1\" lang=\"pt-BR\" dir=\"ltr\" data-wpcf7-id=\"5685\">\n<div class=\"screen-reader-response\"><p role=\"status\" aria-live=\"polite\" aria-atomic=\"true\"><\/p> <ul><\/ul><\/div>\n<form action=\"\/suinfra\/wp-json\/wp\/v2\/pages\/5686#wpcf7-f5685-o1\" method=\"post\" class=\"wpcf7-form init\" aria-label=\"Formul\u00e1rios de contato\" novalidate=\"novalidate\" data-status=\"init\">\n<fieldset class=\"hidden-fields-container\"><input type=\"hidden\" name=\"_wpcf7\" value=\"5685\" \/><input type=\"hidden\" name=\"_wpcf7_version\" value=\"6.1.4\" \/><input type=\"hidden\" name=\"_wpcf7_locale\" value=\"pt_BR\" \/><input type=\"hidden\" name=\"_wpcf7_unit_tag\" value=\"wpcf7-f5685-o1\" \/><input type=\"hidden\" name=\"_wpcf7_container_post\" value=\"0\" \/><input type=\"hidden\" name=\"_wpcf7_posted_data_hash\" value=\"\" \/>\n<\/fieldset>\n<p>N\u00ba do Telefone a ser Atualizado: *<br \/>\n<span class=\"wpcf7-form-control-wrap\" data-name=\"ramal\"><input size=\"40\" maxlength=\"400\" class=\"wpcf7-form-control wpcf7-text wpcf7-validates-as-required\" aria-required=\"true\" aria-invalid=\"false\" value=\"\" type=\"text\" name=\"ramal\" \/><\/span>\n<\/p>\n<p>Unidade: *<br \/>\n<span class=\"wpcf7-form-control-wrap\" data-name=\"unidade\"><input size=\"40\" maxlength=\"400\" class=\"wpcf7-form-control wpcf7-text wpcf7-validates-as-required\" aria-required=\"true\" aria-invalid=\"false\" value=\"\" type=\"text\" name=\"unidade\" \/><\/span>\n<\/p>\n<p>Sigla da Unidade: *<br \/>\n<span class=\"wpcf7-form-control-wrap\" data-name=\"sigla\"><input size=\"40\" maxlength=\"400\" class=\"wpcf7-form-control wpcf7-text wpcf7-validates-as-required\" aria-required=\"true\" aria-invalid=\"false\" value=\"\" type=\"text\" name=\"sigla\" \/><\/span>\n<\/p>\n<p>Descri\u00e7\u00e3o (Identifica\u00e7\u00e3o do Ramal inserida na lista telef\u00f4nica do Cobaldo): *<br \/>\n<span class=\"wpcf7-form-control-wrap\" data-name=\"descricao\"><input size=\"40\" maxlength=\"400\" class=\"wpcf7-form-control wpcf7-text wpcf7-validates-as-required\" aria-required=\"true\" aria-invalid=\"false\" value=\"\" type=\"text\" name=\"descricao\" \/><\/span>\n<\/p>\n<p>Pr\u00e9dio: *<br \/>\n<span class=\"wpcf7-form-control-wrap\" data-name=\"predio\"><input size=\"40\" maxlength=\"400\" class=\"wpcf7-form-control wpcf7-text wpcf7-validates-as-required\" aria-required=\"true\" aria-invalid=\"false\" value=\"\" type=\"text\" name=\"predio\" \/><\/span>\n<\/p>\n<p>Sala: *<br \/>\n<span class=\"wpcf7-form-control-wrap\" data-name=\"sala\"><input size=\"40\" maxlength=\"400\" class=\"wpcf7-form-control wpcf7-text wpcf7-validates-as-required\" aria-required=\"true\" aria-invalid=\"false\" value=\"\" type=\"text\" name=\"sala\" \/><\/span>\n<\/p>\n<p>Este \u00e9 o principal ramal da unidade? *\n<\/p>\n<p><span class=\"wpcf7-form-control-wrap\" data-name=\"principal:categoria\"><select class=\"wpcf7-form-control wpcf7-select wpcf7-validates-as-required\" aria-required=\"true\" aria-invalid=\"false\" name=\"principal:categoria\"><option value=\"\">&#8212;Escolha uma op\u00e7\u00e3o&#8212;<\/option><option value=\"Sim\">Sim<\/option><option value=\"N\u00e3o\">N\u00e3o<\/option><\/select><\/span>\n<\/p>\n<p>Email para Contato: *<br \/>\n<span class=\"wpcf7-form-control-wrap\" data-name=\"email_contato\"><input size=\"40\" maxlength=\"400\" class=\"wpcf7-form-control wpcf7-email wpcf7-validates-as-required wpcf7-text wpcf7-validates-as-email\" aria-required=\"true\" aria-invalid=\"false\" value=\"\" type=\"email\" name=\"email_contato\" \/><\/span>\n<\/p>\n<p><input class=\"wpcf7-form-control wpcf7-submit has-spinner\" type=\"submit\" value=\"Enviar\" \/>\n<\/p><p style=\"display: none !important;\" class=\"akismet-fields-container\" data-prefix=\"_wpcf7_ak_\"><label>&#916;<textarea name=\"_wpcf7_ak_hp_textarea\" cols=\"45\" rows=\"8\" maxlength=\"100\"><\/textarea><\/label><input type=\"hidden\" id=\"ak_js_1\" name=\"_wpcf7_ak_js\" value=\"13\"\/><script>document.getElementById( \"ak_js_1\" ).setAttribute( \"value\", ( new Date() ).getTime() );<\/script><\/p><div class=\"wpcf7-response-output\" aria-hidden=\"true\"><\/div>\n<\/form>\n<\/div>\n<\/div>\n\n\n\n<hr class=\"wp-block-separator has-css-opacity is-style-wide\"\/>\n\n\n\n<h4 class=\"wp-block-heading\"><strong>UNIDADE DE TELEFONIA &#8211; UTEL<\/strong><\/h4>\n\n\n\n<p><strong>Pelotas<\/strong><br>Rua Gomes Carneiro, 01 -Campus Anglo, Bloco A, 3\u00b0 andar, Sala 305<br>Telefone:&nbsp;+55 (53)&nbsp;3284-3913<\/p>\n\n\n\n<p><strong>E-mail: telefonia@ufpel.edu.br<\/strong><\/p>\n","protected":false},"excerpt":{"rendered":"<p>Formul\u00e1rio para Atualiza\u00e7\u00e3o das Informa\u00e7\u00f5es do Ramal no Cobalto Favor preencher os campos corretamente. * Campos obrigat\u00f3rios. UNIDADE DE TELEFONIA &#8211; UTEL PelotasRua Gomes Carneiro, 01 -Campus Anglo, Bloco A, 3\u00b0 andar, Sala 305Telefone:&nbsp;+55 (53)&nbsp;3284-3913 E-mail: telefonia@ufpel.edu.br<\/p>\n","protected":false},"author":791,"featured_media":0,"parent":3220,"menu_order":0,"comment_status":"closed","ping_status":"closed","template":"","meta":{"footnotes":""},"class_list":["post-5686","page","type-page","status-publish","hentry"],"_links":{"self":[{"href":"https:\/\/wp.ufpel.edu.br\/suinfra\/wp-json\/wp\/v2\/pages\/5686","targetHints":{"allow":["GET"]}}],"collection":[{"href":"https:\/\/wp.ufpel.edu.br\/suinfra\/wp-json\/wp\/v2\/pages"}],"about":[{"href":"https:\/\/wp.ufpel.edu.br\/suinfra\/wp-json\/wp\/v2\/types\/page"}],"author":[{"embeddable":true,"href":"https:\/\/wp.ufpel.edu.br\/suinfra\/wp-json\/wp\/v2\/users\/791"}],"replies":[{"embeddable":true,"href":"https:\/\/wp.ufpel.edu.br\/suinfra\/wp-json\/wp\/v2\/comments?post=5686"}],"version-history":[{"count":8,"href":"https:\/\/wp.ufpel.edu.br\/suinfra\/wp-json\/wp\/v2\/pages\/5686\/revisions"}],"predecessor-version":[{"id":6074,"href":"https:\/\/wp.ufpel.edu.br\/suinfra\/wp-json\/wp\/v2\/pages\/5686\/revisions\/6074"}],"up":[{"embeddable":true,"href":"https:\/\/wp.ufpel.edu.br\/suinfra\/wp-json\/wp\/v2\/pages\/3220"}],"wp:attachment":[{"href":"https:\/\/wp.ufpel.edu.br\/suinfra\/wp-json\/wp\/v2\/media?parent=5686"}],"curies":[{"name":"wp","href":"https:\/\/api.w.org\/{rel}","templated":true}]}}