{"id":5681,"date":"2021-04-09T18:55:02","date_gmt":"2021-04-09T21:55:02","guid":{"rendered":"https:\/\/wp.ufpel.edu.br\/suinfra\/?page_id=5681"},"modified":"2023-08-17T10:22:27","modified_gmt":"2023-08-17T13:22:27","slug":"solicitacao-de-terminais-telefonicos","status":"publish","type":"page","link":"https:\/\/wp.ufpel.edu.br\/suinfra\/telefonia\/formularios\/solicitacao-de-terminais-telefonicos\/","title":{"rendered":"SOLICITA\u00c7\u00c3O DE NOVOS RAMAIS\/ALTERA\u00c7\u00c3O DE CATEGORIA DE DISCAGEM"},"content":{"rendered":"\n<h3 class=\"wp-block-heading\"><mark style=\"background-color:rgba(0, 0, 0, 0)\" class=\"has-inline-color has-black-color\"><strong>Formul\u00e1rio para Solicita\u00e7\u00e3o de <\/strong>Novo Ramal<strong> <\/strong>ou Alterar a Categoria do Ramal<\/mark> <\/h3>\n\n\n\n<p>Favor preencher os campos corretamente.<\/p>\n\n\n\n<p>* Campos obrigat\u00f3rios.<\/p>\n\n\n\n<div class=\"wp-block-contact-form-7-contact-form-selector\">\n<div class=\"wpcf7 no-js\" id=\"wpcf7-f5679-o1\" lang=\"pt-BR\" dir=\"ltr\" data-wpcf7-id=\"5679\">\n<div class=\"screen-reader-response\"><p role=\"status\" aria-live=\"polite\" aria-atomic=\"true\"><\/p> <ul><\/ul><\/div>\n<form action=\"\/suinfra\/wp-json\/wp\/v2\/pages\/5681#wpcf7-f5679-o1\" method=\"post\" class=\"wpcf7-form init\" aria-label=\"Formul\u00e1rios de contato\" novalidate=\"novalidate\" data-status=\"init\">\n<fieldset class=\"hidden-fields-container\"><input type=\"hidden\" name=\"_wpcf7\" value=\"5679\" \/><input type=\"hidden\" name=\"_wpcf7_version\" value=\"6.1.4\" \/><input type=\"hidden\" name=\"_wpcf7_locale\" value=\"pt_BR\" \/><input type=\"hidden\" name=\"_wpcf7_unit_tag\" value=\"wpcf7-f5679-o1\" \/><input type=\"hidden\" name=\"_wpcf7_container_post\" value=\"0\" \/><input type=\"hidden\" name=\"_wpcf7_posted_data_hash\" value=\"\" \/>\n<\/fieldset>\n<p>N\u00ba da Ordem de Servi\u00e7o (OS): *<br \/>\n<span class=\"wpcf7-form-control-wrap\" data-name=\"os\"><input size=\"40\" maxlength=\"400\" class=\"wpcf7-form-control wpcf7-text wpcf7-validates-as-required\" aria-required=\"true\" aria-invalid=\"false\" value=\"\" type=\"text\" name=\"os\" \/><\/span>\n<\/p>\n<p>Unidade: *<br \/>\n<span class=\"wpcf7-form-control-wrap\" data-name=\"unidade\"><input size=\"40\" maxlength=\"400\" class=\"wpcf7-form-control wpcf7-text wpcf7-validates-as-required\" aria-required=\"true\" aria-invalid=\"false\" value=\"\" type=\"text\" name=\"unidade\" \/><\/span>\n<\/p>\n<p>Sigla da Unidade: *<br \/>\n<span class=\"wpcf7-form-control-wrap\" data-name=\"sigla\"><input size=\"40\" maxlength=\"400\" class=\"wpcf7-form-control wpcf7-text wpcf7-validates-as-required\" aria-required=\"true\" aria-invalid=\"false\" value=\"\" type=\"text\" name=\"sigla\" \/><\/span>\n<\/p>\n<p>Descri\u00e7\u00e3o (Identifica\u00e7\u00e3o do Ramal inserida na lista telef\u00f4nica do Cobaldo): *<br \/>\n<span class=\"wpcf7-form-control-wrap\" data-name=\"descricao\"><input size=\"40\" maxlength=\"400\" class=\"wpcf7-form-control wpcf7-text wpcf7-validates-as-required\" aria-required=\"true\" aria-invalid=\"false\" value=\"\" type=\"text\" name=\"descricao\" \/><\/span>\n<\/p>\n<p>N\u00famero do ramal (em caso de altera\u00e7\u00e3o de categoria):<br \/>\n<span class=\"wpcf7-form-control-wrap\" data-name=\"numero\"><input size=\"40\" maxlength=\"400\" class=\"wpcf7-form-control wpcf7-text\" aria-invalid=\"false\" value=\"\" type=\"text\" name=\"numero\" \/><\/span>\n<\/p>\n<p>Email da Unidade: *<br \/>\n<span class=\"wpcf7-form-control-wrap\" data-name=\"email_unidade\"><input size=\"40\" maxlength=\"400\" class=\"wpcf7-form-control wpcf7-email wpcf7-validates-as-required wpcf7-text wpcf7-validates-as-email\" aria-required=\"true\" aria-invalid=\"false\" value=\"\" type=\"email\" name=\"email_unidade\" \/><\/span>\n<\/p>\n<p>Endere\u00e7o (CAMPUS\/PR\u00c9DIO\/SALA): *<br \/>\n<span class=\"wpcf7-form-control-wrap\" data-name=\"end\"><input size=\"40\" maxlength=\"400\" class=\"wpcf7-form-control wpcf7-text wpcf7-validates-as-required\" aria-required=\"true\" aria-invalid=\"false\" value=\"\" type=\"text\" name=\"end\" \/><\/span>\n<\/p>\n<p>Respons\u00e1vel pelo Ramal: *<br \/>\n<span class=\"wpcf7-form-control-wrap\" data-name=\"responsavel\"><input size=\"40\" maxlength=\"400\" class=\"wpcf7-form-control wpcf7-text wpcf7-validates-as-required\" aria-required=\"true\" aria-invalid=\"false\" value=\"\" type=\"text\" name=\"responsavel\" \/><\/span>\n<\/p>\n<p>Email para Contato: *<br \/>\n<span class=\"wpcf7-form-control-wrap\" data-name=\"email_contato\"><input size=\"40\" maxlength=\"400\" class=\"wpcf7-form-control wpcf7-email wpcf7-validates-as-required wpcf7-text wpcf7-validates-as-email\" aria-required=\"true\" aria-invalid=\"false\" value=\"\" type=\"email\" name=\"email_contato\" \/><\/span>\n<\/p>\n<p>Telefone para Contato: * Formato (00) 0000-0000<br \/>\n<span class=\"wpcf7-form-control-wrap\" data-name=\"telefone\"><input size=\"40\" maxlength=\"400\" class=\"wpcf7-form-control wpcf7-text wpcf7-validates-as-required\" aria-required=\"true\" aria-invalid=\"false\" value=\"\" type=\"text\" name=\"telefone\" \/><\/span>\n<\/p>\n<p>Selecione o TIPO DE LIGA\u00c7\u00c3O PERMITIDA (liga\u00e7\u00f5es que poder\u00e3o ser efetuadas atrav\u00e9s do telefone): *\n<\/p>\n<p><span class=\"wpcf7-form-control-wrap\" data-name=\"categoria_ramal\"><select class=\"wpcf7-form-control wpcf7-select wpcf7-validates-as-required\" id=\"categoria\" aria-required=\"true\" aria-invalid=\"false\" name=\"categoria_ramal\"><option value=\"\">&#8212;Escolha uma op\u00e7\u00e3o&#8212;<\/option><option value=\"Bloqueio para liga\u00e7\u00f5es externas (somente liga\u00e7\u00f5es internas entre ramais)\">Bloqueio para liga\u00e7\u00f5es externas (somente liga\u00e7\u00f5es internas entre ramais)<\/option><option value=\"Somente liga\u00e7\u00f5es para telefones fixo local\">Somente liga\u00e7\u00f5es para telefones fixo local<\/option><option value=\"Somente liga\u00e7\u00f5es para telefones fixo e m\u00f3vel local\">Somente liga\u00e7\u00f5es para telefones fixo e m\u00f3vel local<\/option><option value=\"Liga\u00e7\u00f5es para telefones fixo e m\u00f3vel local e interurbanos somente para telefones fixo\">Liga\u00e7\u00f5es para telefones fixo e m\u00f3vel local e interurbanos somente para telefones fixo<\/option><option value=\"Liga\u00e7\u00f5es locais e interurbanos para telefones fixos e m\u00f3veis\">Liga\u00e7\u00f5es locais e interurbanos para telefones fixos e m\u00f3veis<\/option><option value=\"Liga\u00e7\u00f5es locais, interurbanas e internacionais para telefones fixos e m\u00f3veis\">Liga\u00e7\u00f5es locais, interurbanas e internacionais para telefones fixos e m\u00f3veis<\/option><\/select><\/span>\n<\/p>\n<p>JUSTIFICATIVA \/ NECESSIDADE (descreva o motivo para instala\u00e7\u00e3o\/altera\u00e7\u00e3o): *\n<\/p>\n<p><span class=\"wpcf7-form-control-wrap\" data-name=\"justificativa\"><textarea cols=\"40\" rows=\"10\" maxlength=\"2000\" class=\"wpcf7-form-control wpcf7-textarea\" aria-invalid=\"false\" name=\"justificativa\"><\/textarea><\/span>\n<\/p>\n<p><input class=\"wpcf7-form-control wpcf7-submit has-spinner\" type=\"submit\" value=\"Enviar\" \/>\n<\/p><p style=\"display: none !important;\" class=\"akismet-fields-container\" data-prefix=\"_wpcf7_ak_\"><label>&#916;<textarea name=\"_wpcf7_ak_hp_textarea\" cols=\"45\" rows=\"8\" maxlength=\"100\"><\/textarea><\/label><input type=\"hidden\" id=\"ak_js_1\" name=\"_wpcf7_ak_js\" value=\"5\"\/><script>document.getElementById( \"ak_js_1\" ).setAttribute( \"value\", ( new Date() ).getTime() );<\/script><\/p><div class=\"wpcf7-response-output\" aria-hidden=\"true\"><\/div>\n<\/form>\n<\/div>\n<\/div>\n\n\n\n<p><\/p>\n\n\n\n<h3 class=\"wp-block-heading has-text-align-left\">Fluxograma de atendimento:<\/h3>\n\n\n\n<figure class=\"wp-block-gallery has-nested-images columns-default is-cropped wp-block-gallery-1 is-layout-flex wp-block-gallery-is-layout-flex\">\n<figure class=\"wp-block-image size-large\"><img width=\"1024\" height=\"577\" data-id=\"3234\" src=\"https:\/\/wp.ufpel.edu.br\/suinfra\/files\/2018\/05\/Solicita\u00e7\u00e3o-de-Ramal-1024x577.jpg\" alt=\"\" class=\"wp-image-3234\" srcset=\"https:\/\/wp.ufpel.edu.br\/suinfra\/files\/2018\/05\/Solicita\u00e7\u00e3o-de-Ramal-1024x577.jpg 1024w, https:\/\/wp.ufpel.edu.br\/suinfra\/files\/2018\/05\/Solicita\u00e7\u00e3o-de-Ramal-400x225.jpg 400w, https:\/\/wp.ufpel.edu.br\/suinfra\/files\/2018\/05\/Solicita\u00e7\u00e3o-de-Ramal.jpg 1591w\" sizes=\"(max-width: 1024px) 100vw, 1024px\" \/><\/figure>\n<\/figure>\n\n\n\n<hr class=\"wp-block-separator has-css-opacity is-style-wide\"\/>\n\n\n\n<h4 class=\"wp-block-heading\"><strong>UNIDADE DE TELEFONIA &#8211; UTEL<\/strong><\/h4>\n\n\n\n<p><strong>Pelotas<\/strong><br>Rua Gomes Carneiro, 01 -Campus Anglo, Bloco A, 3\u00b0 andar, Sala 305<br>Telefone:&nbsp;+55 (53)&nbsp;3284-3913<\/p>\n\n\n\n<p><strong>E-mail: telefonia@ufpel.edu.br<\/strong><\/p>\n","protected":false},"excerpt":{"rendered":"<p>Formul\u00e1rio para Solicita\u00e7\u00e3o de Novo Ramal ou Alterar a Categoria do Ramal Favor preencher os campos corretamente. * Campos obrigat\u00f3rios. Fluxograma de atendimento: UNIDADE DE TELEFONIA &#8211; UTEL PelotasRua Gomes Carneiro, 01 -Campus Anglo, Bloco A, 3\u00b0 andar, Sala 305Telefone:&nbsp;+55 (53)&nbsp;3284-3913 E-mail: telefonia@ufpel.edu.br<\/p>\n","protected":false},"author":791,"featured_media":0,"parent":3220,"menu_order":0,"comment_status":"closed","ping_status":"closed","template":"","meta":{"footnotes":""},"class_list":["post-5681","page","type-page","status-publish","hentry"],"_links":{"self":[{"href":"https:\/\/wp.ufpel.edu.br\/suinfra\/wp-json\/wp\/v2\/pages\/5681","targetHints":{"allow":["GET"]}}],"collection":[{"href":"https:\/\/wp.ufpel.edu.br\/suinfra\/wp-json\/wp\/v2\/pages"}],"about":[{"href":"https:\/\/wp.ufpel.edu.br\/suinfra\/wp-json\/wp\/v2\/types\/page"}],"author":[{"embeddable":true,"href":"https:\/\/wp.ufpel.edu.br\/suinfra\/wp-json\/wp\/v2\/users\/791"}],"replies":[{"embeddable":true,"href":"https:\/\/wp.ufpel.edu.br\/suinfra\/wp-json\/wp\/v2\/comments?post=5681"}],"version-history":[{"count":7,"href":"https:\/\/wp.ufpel.edu.br\/suinfra\/wp-json\/wp\/v2\/pages\/5681\/revisions"}],"predecessor-version":[{"id":6067,"href":"https:\/\/wp.ufpel.edu.br\/suinfra\/wp-json\/wp\/v2\/pages\/5681\/revisions\/6067"}],"up":[{"embeddable":true,"href":"https:\/\/wp.ufpel.edu.br\/suinfra\/wp-json\/wp\/v2\/pages\/3220"}],"wp:attachment":[{"href":"https:\/\/wp.ufpel.edu.br\/suinfra\/wp-json\/wp\/v2\/media?parent=5681"}],"curies":[{"name":"wp","href":"https:\/\/api.w.org\/{rel}","templated":true}]}}