{"id":5613,"date":"2021-04-08T16:46:01","date_gmt":"2021-04-08T19:46:01","guid":{"rendered":"https:\/\/wp.ufpel.edu.br\/suinfra\/?page_id=5613"},"modified":"2022-07-19T14:40:04","modified_gmt":"2022-07-19T17:40:04","slug":"orientacoes-de-discagem","status":"publish","type":"page","link":"https:\/\/wp.ufpel.edu.br\/suinfra\/telefonia\/orientacoes-de-discagem\/","title":{"rendered":"Orienta\u00e7\u00f5es de Discagem e Manuais"},"content":{"rendered":"<a href=\"https:\/\/wp.ufpel.edu.br\/suinfra\/telefonia\/orientacao-para-realizar-chamadas-interurbanas\/\"><img class=\"wp-image-5624 alignnone\" src=\"https:\/\/wp.ufpel.edu.br\/suinfra\/files\/2021\/04\/Botao-Orientacao-Lig_Int2.jpg\" alt=\"\" width=\"215\" height=\"50\" srcset=\"https:\/\/wp.ufpel.edu.br\/suinfra\/files\/2021\/04\/Botao-Orientacao-Lig_Int2.jpg 424w, https:\/\/wp.ufpel.edu.br\/suinfra\/files\/2021\/04\/Botao-Orientacao-Lig_Int2-400x94.jpg 400w\" sizes=\"(max-width: 215px) 100vw, 215px\" \/><\/a><a href=\"https:\/\/wp.ufpel.edu.br\/suinfra\/telefonia\/habilitar-autoatendimento-canais-0800\/\"><img class=\"wp-image-5626 alignnone\" src=\"https:\/\/wp.ufpel.edu.br\/suinfra\/files\/2021\/04\/Botao-Orientacao-0800.jpg\" alt=\"\" width=\"215\" height=\"50\" srcset=\"https:\/\/wp.ufpel.edu.br\/suinfra\/files\/2021\/04\/Botao-Orientacao-0800.jpg 424w, https:\/\/wp.ufpel.edu.br\/suinfra\/files\/2021\/04\/Botao-Orientacao-0800-400x94.jpg 400w\" sizes=\"(max-width: 215px) 100vw, 215px\" \/><\/a><a href=\"https:\/\/wp.ufpel.edu.br\/suinfra\/telefonia\/manuais\/\"><img class=\"wp-image-5727  alignnone\" src=\"https:\/\/wp.ufpel.edu.br\/suinfra\/files\/2021\/04\/Botao-Manuais-1.jpg\" alt=\"\" width=\"212\" height=\"50\" srcset=\"https:\/\/wp.ufpel.edu.br\/suinfra\/files\/2021\/04\/Botao-Manuais-1.jpg 424w, https:\/\/wp.ufpel.edu.br\/suinfra\/files\/2021\/04\/Botao-Manuais-1-400x94.jpg 400w\" sizes=\"(max-width: 212px) 100vw, 212px\" \/><\/a>\n\n<hr class=\"wp-block-separator is-style-wide\" \/>\n\n<h3><!-- \/wp:post-content --><\/h3>\n<h3><span style=\"color: #000000;\"><strong>ORIENTA\u00c7\u00c3O PARA REALIZAR LIGA\u00c7\u00d5ES INTERURBANAS<\/strong><\/span><\/h3>\n<p style=\"text-align: justify;\">A Unidade de Telefonia informa aos usu\u00e1rios de telefone da Universidade sobre a correta opera\u00e7\u00e3o para chamadas interurbanas.\nNas unidades atendidas por centrais telef\u00f4nicas, entre elas o Campus Cap\u00e3o do Le\u00e3o, o Campus Anglo, o Campus Porto, ICH, Centro de Artes, FAUrb, CEng, Odontologia, ALM e locais que possuem ramais VoIP (<strong>n\u00fameros dentro das faixas 3260-2750\/2899, 3275-7000\/7699, 3284-1600\/1799,\u00a0 3284-3100\/3549, 3284-3800\/4199, 3284-4300\/4399 e 3284-5500\/5549<\/strong>) para efetuar liga\u00e7\u00f5es interurbanas, os usu\u00e1rios <strong>n\u00e3o dever\u00e3o digitar o c\u00f3digo da operadora<\/strong>, sendo este atribu\u00eddo automaticamente pela central, de forma a obter tarifas mais baratas. Assim, o usu\u00e1rio, ap\u00f3s retirar o telefone do gancho, dever\u00e1 digitar <strong>0<\/strong> (zero) para a libera\u00e7\u00e3o da linha e em seguida <strong>0<\/strong> (zero), o <strong>c\u00f3digo DDD<\/strong> e o<strong> n\u00famero do telefone desejado<\/strong>, como por exemplo: <strong>0 + 0 51 32329999<\/strong>.\nJ\u00e1 no caso das outras unidades, n\u00e3o atendidas por estas centrais, o usu\u00e1rio dever\u00e1 utilizar o c\u00f3digo 14, da operadora Oi, empresa que atualmente possui contrato para presta\u00e7\u00e3o de servi\u00e7os de telefonia fixa com a UFPel.<\/p>\nMemorando circular\u00a0n\u00ba 4\/2018\/SUINFRA\/PRA\/REITORIA:\n\n<a href=\"https:\/\/wp.ufpel.edu.br\/suinfra\/files\/2018\/08\/SEI_UFPel-0233193-Memorando-Circular.pdf\">SEI_UFPel &#8211; 0233193 &#8211; Memorando-Circular<\/a>\n\n<!-- wp:separator {\"className\":\"is-style-wide\"} -->\n<h3><span style=\"color: #000000;\"><strong>ORIENTA\u00c7\u00c3O PARA REALIZAR LIGA\u00c7\u00d5ES INTERNACIONAIS<\/strong><\/span><\/h3>\n<p style=\"text-align: justify;\">A Unidade de Telefonia informa aos usu\u00e1rios de telefone da Universidade sobre o procedimento para realizar chamadas internacionais.<\/p>\n<p style=\"text-align: justify;\">Liga\u00e7\u00f5es internacionais, colocar o c\u00f3digo da operadora, <strong>preferencialmente usar o 14<\/strong> da Oi (operadora vendedora da licita\u00e7\u00e3o para fornecimentos de servi\u00e7os de telefonia fixa). Por exemplo, uma liga\u00e7\u00e3o para argentina: 0 + 0 + 0 + 14 (c\u00f3d. operadora) + 54 (c\u00f3d. pa\u00eds) + 358 (c\u00f3d. cidade) + 4649999 (n\u00b0 do telefone).<\/p>\n<p style=\"text-align: justify;\">Para realiza\u00e7\u00e3o de liga\u00e7\u00f5es internacionais, ao contr\u00e1rio das liga\u00e7\u00f5es interurbanas, devemos digitar o c\u00f3digo da operadora, isso devido a eventual possibilidade (pouco prov\u00e1vel) da operadora contratada n\u00e3o conseguir completar liga\u00e7\u00f5es para uma determinada localidade.<\/p>\n<p style=\"text-align: justify;\">Poucos ramais possuem a libera\u00e7\u00e3o para executar liga\u00e7\u00f5es internacionais. Caso precise desta libera\u00e7\u00e3o, efetuar uma OS e preencher o formul\u00e1rio &#8220;<strong><span class=\"has-inline-color has-black-color\">Atualiza\u00e7\u00e3o de Terminais Telef\u00f4nicos<\/span><\/strong><span class=\"has-inline-color has-black-color\">&#8220;.<\/span><\/p>\n\n\n<!-- \/wp:separator -->\n<h3><\/h3>\n<h3><span style=\"color: #000000;\"><strong>HABILITAR AUTOATENDIMENTO EM CANAIS 0800<\/strong><\/span><\/h3>\n<p style=\"text-align: justify;\">A facilidade de autoatendimento de canais 0800 trata-se de uma fun\u00e7\u00e3o a qual permite que consumidores realizem seu pr\u00f3prio atendimento, sem precisarem de um atendente (pessoa) para isso, onde o usu\u00e1rio\u00a0vai digitando as op\u00e7\u00f5es de deseja. Muito utilizado em consulta de cart\u00e3o de cr\u00e9dito, URA, bancos ou liga\u00e7\u00f5es que necessitem enviar d\u00edgitos durante a liga\u00e7\u00e3o.\nOs aparelhos VoIP e aparelhos digitais das Centrais Alcatel (ilustrados na imagem abaixo) necessitam que esta funcionalidade (DTMF) seja habilitada, para isso \u00e9 necess\u00e1rio digitar um c\u00f3digo durante a liga\u00e7\u00e3o. Segue abaixo orienta\u00e7\u00e3o para ativa\u00e7\u00e3o desta funcionalidade.\n<strong>Prefixo:<\/strong> *526\n<strong>Procedimento:<\/strong> Retire o fone do gancho <strong>durante a liga\u00e7\u00e3o<\/strong>, digite<strong> *526<\/strong>. O teclado n\u00famero deixa de assumir fun\u00e7\u00f5es locais e fica dispon\u00edvel o envio de d\u00edgitos na pr\u00f3pria liga\u00e7\u00e3o. Este procedimento dever\u00e1 ser efetuado todas vezes que for realizado este tipo de liga\u00e7\u00e3o.<\/p>\n<p style=\"text-align: justify;\"><\/p>\n<img class=\"wp-image-3053 aligncenter\" src=\"https:\/\/wp.ufpel.edu.br\/suinfra\/files\/2018\/01\/Telefones-Alcatel-400x130.png\" alt=\"\" width=\"634\" height=\"206\" srcset=\"https:\/\/wp.ufpel.edu.br\/suinfra\/files\/2018\/01\/Telefones-Alcatel-400x130.png 400w, https:\/\/wp.ufpel.edu.br\/suinfra\/files\/2018\/01\/Telefones-Alcatel-1024x333.png 1024w, https:\/\/wp.ufpel.edu.br\/suinfra\/files\/2018\/01\/Telefones-Alcatel.png 1423w\" sizes=\"(max-width: 634px) 100vw, 634px\" \/>\n<h3><!-- wp:separator {\"className\":\"is-style-wide\"} --><\/h3>\n\n<hr class=\"wp-block-separator is-style-wide\" \/>\n\n<h3><!-- \/wp:separator --><\/h3>\n<h3><span style=\"color: #000000;\">MANUAIS<\/span><\/h3>\n<ul>\n \t<li style=\"text-align: justify;\"><span style=\"color: #000000;\">Manuais para orienta\u00e7\u00e3o de usu\u00e1rios de ramais telef\u00f4nicas das Centrais Telef\u00f4nicas da UFPel <strong>Anglo \/ Cap\u00e3o do Le\u00e3o \/ ICH \/ Centro de Artes \/ FAUrb \/ FAE \/ CEng \/ Faculdade de Odontologia \/ Ramais VoIP (ramais dentro das faixas 3260-2750\/2899, 3275-7000\/7699, 3284-1600\/1799,\u00a0 3284-3100\/3549, 3284-3800\/4199, 3284-4300\/4399 e 3284-5500\/5549)<\/strong>:<\/span><\/li>\n<\/ul>\n<p style=\"text-align: center;\"><a href=\"https:\/\/wp.ufpel.edu.br\/suinfra\/files\/2018\/01\/Manual-do-Usu%C3%A1rio-Centrais-Telef%C3%B4nicas-UFPel.pdf\">Manual do Usu\u00e1rio \u2013 Centrais Telef\u00f4nicas UFPel<\/a><\/p>\n<p style=\"text-align: center;\"><a href=\"https:\/\/wp.ufpel.edu.br\/suinfra\/files\/2018\/01\/Tabela-de-C%C3%B3digos-das-Facilidades-Telef%C3%B4nicas.pdf\">Tabela de C\u00f3digos das Facilidades Telef\u00f4nicas<\/a><\/p>\n\n<ul>\n \t<li><span style=\"color: #000000;\">Manual central telef\u00f4nica Faculdade de Medicina:<\/span><\/li>\n<\/ul>\n<p style=\"text-align: center;\"><a href=\"https:\/\/wp.ufpel.edu.br\/suinfra\/files\/2019\/05\/Manual-do-Usu%C3%A1rio-Central-Faculdade-de-Medicina.pdf\">Manual do Usu\u00e1rio \u2013 Central Faculdade de Medicina<\/a><\/p>\n\n<ul>\n \t<li><span style=\"color: #000000;\">Manuais de aparelhos telef\u00f4nicos:<\/span><\/li>\n<\/ul>\n<p style=\"text-align: center;\"><a href=\"https:\/\/wp.ufpel.edu.br\/suinfra\/files\/2018\/01\/Manual-aparelhos-Alcatel-4028-4029.pdf\">Manual aparelhos Alcatel 4028-4029<\/a><\/p>\n<p style=\"text-align: center;\"><a href=\"https:\/\/wp.ufpel.edu.br\/suinfra\/files\/2018\/01\/Manual-aparelhos-Alcatel-4038-4039.pdf\">Manual aparelhos Alcatel 4038-4039<\/a><\/p>\n<p style=\"text-align: center;\"><a href=\"https:\/\/wp.ufpel.edu.br\/suinfra\/files\/2018\/01\/Manual-aparelhos-VoIP-Alcatel-4018.pdf\">Manual aparelhos VoIP Alcatel 4018<\/a><\/p>\n<!-- wp:separator {\"className\":\"is-style-wide\"} -->\n\n<hr class=\"wp-block-separator is-style-wide\" \/>\n\n<span style=\"color: #000000;\"><span style=\"font-size: inherit;\">Em caso de d\u00favidas, entrar em contato com a Unidade de Telefonia atrav\u00e9s dos n\u00fameros 32843913 e 32757301, ou ainda pelo e-mail <\/span><em style=\"font-size: inherit;\">telefonia@ufpel.edu.br<\/em><span style=\"font-size: inherit;\">.<\/span><\/span>\n\n<!-- wp:separator {\"className\":\"is-style-wide\"} -->\n\n<!-- \/wp:separator -->\n\n<!-- wp:separator {\"className\":\"is-style-wide\"} -->\n\n<hr class=\"wp-block-separator is-style-wide\" \/>\n\n<!-- \/wp:separator -->\n\n<!-- wp:heading {\"level\":4} -->\n<h4><strong>UNIDADE DE TELEFONIA &#8211; UTEL<\/strong><\/h4>\n<!-- \/wp:heading -->\n\n<!-- wp:paragraph -->\n\n<strong>Pelotas<\/strong>\nRua Gomes Carneiro, 01 -Campus Anglo, Bloco A, 3\u00b0 andar, Sala 305\nTelefone:\u00a0+55 (53)\u00a03284-3913\n\n<!-- \/wp:paragraph -->\n\n<!-- wp:paragraph -->\n\n<!-- \/wp:paragraph -->\n\n<!-- wp:heading {\"level\":5} -->\n<h5><strong>E-mail: telefonia@ufpel.edu.br<\/strong><\/h5>\n<!-- \/wp:heading -->","protected":false},"excerpt":{"rendered":"<p>ORIENTA\u00c7\u00c3O PARA REALIZAR LIGA\u00c7\u00d5ES INTERURBANAS A Unidade de Telefonia informa aos usu\u00e1rios de telefone da Universidade sobre a correta opera\u00e7\u00e3o para chamadas interurbanas. Nas unidades atendidas por centrais telef\u00f4nicas, entre elas o Campus Cap\u00e3o do Le\u00e3o, o Campus Anglo, o Campus Porto, ICH, Centro de Artes, FAUrb, CEng, Odontologia, ALM e locais que possuem ramais [&hellip;]<\/p>\n","protected":false},"author":791,"featured_media":0,"parent":2979,"menu_order":0,"comment_status":"closed","ping_status":"closed","template":"","meta":{"footnotes":""},"class_list":["post-5613","page","type-page","status-publish","hentry"],"_links":{"self":[{"href":"https:\/\/wp.ufpel.edu.br\/suinfra\/wp-json\/wp\/v2\/pages\/5613","targetHints":{"allow":["GET"]}}],"collection":[{"href":"https:\/\/wp.ufpel.edu.br\/suinfra\/wp-json\/wp\/v2\/pages"}],"about":[{"href":"https:\/\/wp.ufpel.edu.br\/suinfra\/wp-json\/wp\/v2\/types\/page"}],"author":[{"embeddable":true,"href":"https:\/\/wp.ufpel.edu.br\/suinfra\/wp-json\/wp\/v2\/users\/791"}],"replies":[{"embeddable":true,"href":"https:\/\/wp.ufpel.edu.br\/suinfra\/wp-json\/wp\/v2\/comments?post=5613"}],"version-history":[{"count":34,"href":"https:\/\/wp.ufpel.edu.br\/suinfra\/wp-json\/wp\/v2\/pages\/5613\/revisions"}],"predecessor-version":[{"id":5955,"href":"https:\/\/wp.ufpel.edu.br\/suinfra\/wp-json\/wp\/v2\/pages\/5613\/revisions\/5955"}],"up":[{"embeddable":true,"href":"https:\/\/wp.ufpel.edu.br\/suinfra\/wp-json\/wp\/v2\/pages\/2979"}],"wp:attachment":[{"href":"https:\/\/wp.ufpel.edu.br\/suinfra\/wp-json\/wp\/v2\/media?parent=5613"}],"curies":[{"name":"wp","href":"https:\/\/api.w.org\/{rel}","templated":true}]}}