{"id":3212,"date":"2018-05-17T13:11:32","date_gmt":"2018-05-17T16:11:32","guid":{"rendered":"https:\/\/wp.ufpel.edu.br\/suinfra\/?page_id=3212"},"modified":"2021-04-13T11:08:26","modified_gmt":"2021-04-13T14:08:26","slug":"solicitacoes-de-extensoes-telefonicas","status":"publish","type":"page","link":"https:\/\/wp.ufpel.edu.br\/suinfra\/telefonia\/solicitacoes-de-extensoes-telefonicas\/","title":{"rendered":"Solicita\u00e7\u00f5es de Extens\u00f5es Telef\u00f4nicas"},"content":{"rendered":"<blockquote>\n<p style=\"text-align: justify\">A Unidade de Telefonia adotou a pol\u00edtica de n\u00e3o instalar novas extens\u00f5es cabeadas entre ramais\/terminais telef\u00f4nicos. No entanto, disponibilizamos no preg\u00e3o de materiais de telefonia, um modelo de aparelho sem fio que possui um ramal extra, fazendo esta fun\u00e7\u00e3o de &#8220;extens\u00e3o&#8221;. Assim temos dois aparelhos ligados em um ponto s\u00f3, sem necessidade de mudan\u00e7as na estrutura f\u00edsica.<\/p>\n<p style=\"text-align: justify\">Adotamos este sistema devido ao grande n\u00famero de problemas de rede relacionados a extens\u00f5es telef\u00f4nicas. Al\u00e9m da probabilidade maior de ocorr\u00eancia de defeitos, temos a quest\u00e3o est\u00e9tica nos locais sem uma estrutura de cabeamento em todos os pontos. Tamb\u00e9m, atrav\u00e9s deste modelo de aparelho, n\u00e3o \u00e9 poss\u00edvel interferir na liga\u00e7\u00e3o estabelecida atrav\u00e9s de um dos aparelhos.<\/p>\n<p style=\"text-align: justify\">O aparelho telef\u00f4nico est\u00e1 dispon\u00edvel no <strong>preg\u00e3o 50\/2020 item 02 (material consumo)<\/strong>. Caso alguma unidade julgue necess\u00e1rio implantar extens\u00e3o em algum terminal telef\u00f4nico, esta poder\u00e1 adquirir este aparelho.<\/p>\n<p style=\"text-align: justify\">Lembrando que este aparelho \u00e9 destinado para ramais convencionais, ramais VoIP n\u00e3o s\u00e3o compat\u00edveis.<\/p>\n<p style=\"text-align: justify\">Caso necess\u00e1rio, a Unidade de Telefonia prestar\u00e1 todo suporte sobre o funcionamento e para instala\u00e7\u00e3o do aparelho.<\/p>\n<p style=\"text-align: justify\">Contato em caso de d\u00favidas: <em><strong>telefonia@ufpel.edu.br<\/strong><\/em><\/p>\n<\/blockquote>\n\n\n<hr class=\"wp-block-separator is-style-wide\" \/>\n\n\n<blockquote>\n<p style=\"text-align: justify\"><strong>CLIQUE ABAIXO<\/strong> e veja as <a href=\"https:\/\/wp.ufpel.edu.br\/suinfra\/telefonia\/instrucoes-ordens-de-servico-telefonia\/solicitacoes-de-manutencao-de-ramais\/\">orienta\u00e7\u00f5es gerais para abertura de Ordens de Servi\u00e7o<\/a> ou para solicita\u00e7\u00f5es de <a href=\"https:\/\/wp.ufpel.edu.br\/suinfra\/telefonia\/instrucoes-ordens-de-servico-telefonia\/solicitacoes-de-novos-ramais\/\">novos terminais telef\u00f4nicos<\/a>, <a href=\"https:\/\/wp.ufpel.edu.br\/suinfra\/telefonia\/instrucoes-ordens-de-servico-telefonia\/solicitacao-para-troca-de-categoria-de-discagem\/\">altera\u00e7\u00e3o de categoria de discagem<\/a> e <a href=\"https:\/\/wp.ufpel.edu.br\/suinfra\/telefonia\/instrucoes-ordens-de-servico-telefonia\/silicitacoes-de-mudanca-de-local-de-ramais\/\">troca de local\/endere\u00e7o<\/a>.<\/p>\n<p><a href=\"https:\/\/wp.ufpel.edu.br\/suinfra\/telefonia\/instrucoes-ordens-de-servico-telefonia\/solicitacoes-de-manutencao-de-ramais\/\"><img class=\"wp-image-5648 alignnone\" src=\"https:\/\/wp.ufpel.edu.br\/suinfra\/files\/2021\/04\/Botao-Orientacao-OS-1-400x94.jpg\" alt=\"\" width=\"212\" height=\"50\" srcset=\"https:\/\/wp.ufpel.edu.br\/suinfra\/files\/2021\/04\/Botao-Orientacao-OS-1-400x94.jpg 400w, https:\/\/wp.ufpel.edu.br\/suinfra\/files\/2021\/04\/Botao-Orientacao-OS-1.jpg 424w\" sizes=\"(max-width: 212px) 100vw, 212px\" \/><\/a><\/p>\n<p><span style=\"font-size: 8pt\"><a href=\"https:\/\/wp.ufpel.edu.br\/suinfra\/telefonia\/instrucoes-ordens-de-servico-telefonia\/solicitacoes-de-novos-ramais\/\"><img class=\"wp-image-5642 alignnone\" src=\"https:\/\/wp.ufpel.edu.br\/suinfra\/files\/2021\/04\/Botao-Orientacao-Novos-Ramais-400x94.jpg\" alt=\"\" width=\"212\" height=\"50\" srcset=\"https:\/\/wp.ufpel.edu.br\/suinfra\/files\/2021\/04\/Botao-Orientacao-Novos-Ramais-400x94.jpg 400w, https:\/\/wp.ufpel.edu.br\/suinfra\/files\/2021\/04\/Botao-Orientacao-Novos-Ramais.jpg 424w\" sizes=\"(max-width: 212px) 100vw, 212px\" \/><\/a><\/span><\/p>\n<p><span style=\"font-size: 8pt\"><a href=\"https:\/\/wp.ufpel.edu.br\/suinfra\/telefonia\/instrucoes-ordens-de-servico-telefonia\/solicitacao-para-troca-de-categoria-de-discagem\/\"><img class=\"wp-image-5643 alignnone\" src=\"https:\/\/wp.ufpel.edu.br\/suinfra\/files\/2021\/04\/Botao-Orientacao-Categoria-de-Discagem-1-400x94.jpg\" alt=\"\" width=\"212\" height=\"50\" srcset=\"https:\/\/wp.ufpel.edu.br\/suinfra\/files\/2021\/04\/Botao-Orientacao-Categoria-de-Discagem-1-400x94.jpg 400w, https:\/\/wp.ufpel.edu.br\/suinfra\/files\/2021\/04\/Botao-Orientacao-Categoria-de-Discagem-1.jpg 424w\" sizes=\"(max-width: 212px) 100vw, 212px\" \/><\/a><\/span><\/p>\n<p><span style=\"font-size: 8pt\"><a href=\"https:\/\/wp.ufpel.edu.br\/suinfra\/telefonia\/instrucoes-ordens-de-servico-telefonia\/solicitacoes-mudanca-de-local-ramais\/\"><img class=\"wp-image-5644 alignnone\" src=\"https:\/\/wp.ufpel.edu.br\/suinfra\/files\/2021\/04\/Botao-Orientacao-Troca-de-Endereco.jpg\" alt=\"\" width=\"212\" height=\"50\" srcset=\"https:\/\/wp.ufpel.edu.br\/suinfra\/files\/2021\/04\/Botao-Orientacao-Troca-de-Endereco.jpg 424w, https:\/\/wp.ufpel.edu.br\/suinfra\/files\/2021\/04\/Botao-Orientacao-Troca-de-Endereco-400x94.jpg 400w\" sizes=\"(max-width: 212px) 100vw, 212px\" \/><\/a><\/span><\/p>\n<hr \/>\n<h3><\/h3>\n<h4 class=\"wp-block-heading\"><strong>UNIDADE DE TELEFONIA &#8211; UTEL<\/strong><\/h4>\n<h3> <\/h3>\n<p><strong>Pelotas<\/strong><br \/>Rua Gomes Carneiro, 01 -Campus Anglo, Bloco A, 3\u00b0 andar, Sala 305<br \/>Telefone:\u00a0+55 (53)\u00a03284-3913<\/p>\n<h3> <\/h3>\n<p><strong>Cap\u00e3o do Le\u00e3o<\/strong><br \/>Avenida Eliseu Maciel \u2013 Campus Cap\u00e3o do Le\u00e3o,\u00a0Pr\u00e9dio 08<br \/>Telefone:\u00a0+55 (53)\u00a03275-7301<\/p>\n<h3> <\/h3>\n<h5 class=\"wp-block-heading\"><strong>E-mail: telefonia@ufpel.edu.br<\/strong><\/h5>\n<\/blockquote>","protected":false},"excerpt":{"rendered":"<p>A Unidade de Telefonia adotou a pol\u00edtica de n\u00e3o instalar novas extens\u00f5es cabeadas entre ramais\/terminais telef\u00f4nicos. No entanto, disponibilizamos no preg\u00e3o de materiais de telefonia, um modelo de aparelho sem fio que possui um ramal extra, fazendo esta fun\u00e7\u00e3o de &#8220;extens\u00e3o&#8221;. Assim temos dois aparelhos ligados em um ponto s\u00f3, sem necessidade de mudan\u00e7as na [&hellip;]<\/p>\n","protected":false},"author":791,"featured_media":0,"parent":2979,"menu_order":0,"comment_status":"closed","ping_status":"closed","template":"page-sem-sidebar.php","meta":{"footnotes":""},"class_list":["post-3212","page","type-page","status-publish","hentry"],"_links":{"self":[{"href":"https:\/\/wp.ufpel.edu.br\/suinfra\/wp-json\/wp\/v2\/pages\/3212","targetHints":{"allow":["GET"]}}],"collection":[{"href":"https:\/\/wp.ufpel.edu.br\/suinfra\/wp-json\/wp\/v2\/pages"}],"about":[{"href":"https:\/\/wp.ufpel.edu.br\/suinfra\/wp-json\/wp\/v2\/types\/page"}],"author":[{"embeddable":true,"href":"https:\/\/wp.ufpel.edu.br\/suinfra\/wp-json\/wp\/v2\/users\/791"}],"replies":[{"embeddable":true,"href":"https:\/\/wp.ufpel.edu.br\/suinfra\/wp-json\/wp\/v2\/comments?post=3212"}],"version-history":[{"count":15,"href":"https:\/\/wp.ufpel.edu.br\/suinfra\/wp-json\/wp\/v2\/pages\/3212\/revisions"}],"predecessor-version":[{"id":5809,"href":"https:\/\/wp.ufpel.edu.br\/suinfra\/wp-json\/wp\/v2\/pages\/3212\/revisions\/5809"}],"up":[{"embeddable":true,"href":"https:\/\/wp.ufpel.edu.br\/suinfra\/wp-json\/wp\/v2\/pages\/2979"}],"wp:attachment":[{"href":"https:\/\/wp.ufpel.edu.br\/suinfra\/wp-json\/wp\/v2\/media?parent=3212"}],"curies":[{"name":"wp","href":"https:\/\/api.w.org\/{rel}","templated":true}]}}