{"id":3171,"date":"2023-03-31T09:10:34","date_gmt":"2023-03-31T12:10:34","guid":{"rendered":"https:\/\/wp.ufpel.edu.br\/suinfra\/?page_id=3171"},"modified":"2023-03-31T09:10:34","modified_gmt":"2023-03-31T12:10:34","slug":"gestao-de-custos","status":"publish","type":"page","link":"https:\/\/wp.ufpel.edu.br\/suinfra\/telefonia\/gestao-de-custos\/","title":{"rendered":"Gest\u00e3o de Custos e Contratos"},"content":{"rendered":"<p style=\"text-align: justify;\">A Unidade de Telefonia tem como objetivo manter o papel fundamental do gerenciamento de telecomunica\u00e7\u00f5es, elaborando, acompanhando e ajustando o planejamento da infraestrutura e dos servi\u00e7os de telecomunica\u00e7\u00f5es de acordo com as necessidades da UFPel.<\/p>\n<p>Abaixo temos um resumo do gerenciamento de gastos com liga\u00e7\u00f5es telef\u00f4nicas, onde \u00e9 poss\u00edvel visualizar que a Universidade Federal de Pelotas (UFPel) vem registrando significativas redu\u00e7\u00f5es nos gastos na Telefonia. <span style=\"font-size: inherit;\">Elaborando um comparativo do in\u00edcio do processo de controle at\u00e9 o final do ano de 2022, a soma da economia alcan\u00e7ou o valor de 3,835 milh\u00f5es<\/span><span style=\"font-size: inherit;\">&nbsp;de reais.<\/span><\/p>\n<p><a href=\"https:\/\/wp.ufpel.edu.br\/suinfra\/files\/2023\/03\/Gastos_STFC_2022.jpg\"><img class=\"alignnone size-full wp-image-6014\" src=\"https:\/\/wp.ufpel.edu.br\/suinfra\/files\/2023\/03\/Gastos_STFC_2022.jpg\" alt=\"\" width=\"1391\" height=\"975\" srcset=\"https:\/\/wp.ufpel.edu.br\/suinfra\/files\/2023\/03\/Gastos_STFC_2022.jpg 1391w, https:\/\/wp.ufpel.edu.br\/suinfra\/files\/2023\/03\/Gastos_STFC_2022-400x280.jpg 400w, https:\/\/wp.ufpel.edu.br\/suinfra\/files\/2023\/03\/Gastos_STFC_2022-1024x718.jpg 1024w\" sizes=\"(max-width: 1391px) 100vw, 1391px\" \/><\/a><br><!--more--><!--more--><\/p>\n<p><\/p>\n\n\n<div class=\"wp-block-group\"><div class=\"wp-block-group__inner-container is-layout-flow wp-block-group-is-layout-flow\">\n<p>Na UFPel, a gest\u00e3o de Telefonia Fixa \u00e9 realizada pela Unidade de Telefonia (UTEL), ligada a CGM\/SUINFRA\/PRA, sendo respons\u00e1vel pelo trabalho que mant\u00e9m uma an\u00e1lise cont\u00ednua e aprofundada das faturas telef\u00f4nicas, paralelamente com uma avalia\u00e7\u00e3o da planta de telefonia, permitindo planos de a\u00e7\u00e3o pontuais, como ilustrado resumidamente na imagem a seguir:<\/p>\n\n\n<div class=\"wp-block-image\">\n<figure class=\"aligncenter size-large is-resized\"><img src=\"https:\/\/wp.ufpel.edu.br\/suinfra\/files\/2021\/04\/Gestao-de-Custos-UTEL-1-1024x493.jpg\" alt=\"\" class=\"wp-image-5739\" width=\"706\" height=\"339\" srcset=\"https:\/\/wp.ufpel.edu.br\/suinfra\/files\/2021\/04\/Gestao-de-Custos-UTEL-1-1024x493.jpg 1024w, https:\/\/wp.ufpel.edu.br\/suinfra\/files\/2021\/04\/Gestao-de-Custos-UTEL-1-400x193.jpg 400w, https:\/\/wp.ufpel.edu.br\/suinfra\/files\/2021\/04\/Gestao-de-Custos-UTEL-1-1536x740.jpg 1536w, https:\/\/wp.ufpel.edu.br\/suinfra\/files\/2021\/04\/Gestao-de-Custos-UTEL-1-2048x986.jpg 2048w\" sizes=\"(max-width: 706px) 100vw, 706px\" \/><figcaption class=\"wp-element-caption\">Mapeamento de tr\u00e1fego telef\u00f4nico em conjunto com an\u00e1lise da infraestrutura.<\/figcaption><\/figure>\n<\/div><\/div><\/div>\n\n\n\n<p>Atrav\u00e9s destas an\u00e1lises, mediante a um potencial de investimento limitado, \u00e9 poss\u00edvel detectar e priorizar a troca de sistemas de telefonia em locais onde o custo \u00e9 mais elevado, visando a m\u00e1xima otimiza\u00e7\u00e3o do sistema telef\u00f4nico.&nbsp;<\/p>\n\n\n\n<p>Nos \u00faltimos anos ampliou-se o n\u00famero de equipamentos que utilizam a rede de dados para comunica\u00e7\u00e3o, destacando-se a instala\u00e7\u00e3o de Gateways e telefones VoIP, onde mais de 25 unidades da UFPel passaram a ter seu sistema de telefonia atendido atrav\u00e9s destes equipamentos. Estas atividades contam com a colabora\u00e7\u00e3o da Coordena\u00e7\u00e3o de Redes e Infraestrutura (CREI), ligada \u00e0 SGTIC. Importante salientar, que anteriormente ao processo de implanta\u00e7\u00e3o dos Gateways e Telefones VoIP, a UTEL fez uma s\u00e9rie de testes, trabalhando na programa\u00e7\u00e3o destes equipamentos, possibilitando atender a demanda da UFPel.<\/p>\n\n\n\n<hr class=\"wp-block-separator has-css-opacity is-style-wide\"\/>\n\n\n\n<div class=\"wp-block-group\"><div class=\"wp-block-group__inner-container is-layout-flow wp-block-group-is-layout-flow\">\n<h3 class=\"wp-block-heading\"><strong><span class=\"has-inline-color has-black-color\"><span style=\"text-decoration: underline\">CONTRATOS PARA FORNECIMENTO DE SERVI\u00c7OS<\/span><\/span><\/strong><\/h3>\n\n\n\n<div class=\"wp-block-group\"><div class=\"wp-block-group__inner-container is-layout-flow wp-block-group-is-layout-flow\">\n<p><strong>CONTRATO PARA PRESTA\u00c7\u00c3O DE SERVI\u00c7O TELEF\u00d4NICO FIXO COMUTADO \u2013 STFC<\/strong><\/p>\n\n\n\n<p><strong>N\u00ba do Contrato:<\/strong> 01\/2021 \/ <strong>Processo:<\/strong> 23110.027785\/2020-78<\/p>\n\n\n\n<p><strong>Fornecedor:<\/strong> 76.535.764\/0001-43 &#8211; OI S.A.<\/p>\n<\/div><\/div>\n\n\n\n<p>&#8212;&#8212;&#8212;&#8212;&#8212;&#8212;&#8212;&#8212;&#8212;&#8212;&#8212;&#8212;&#8211;<\/p>\n\n\n\n<div class=\"wp-block-group\"><div class=\"wp-block-group__inner-container is-layout-flow wp-block-group-is-layout-flow\">\n<p><strong>CONTRATO DE EMPRESA ESPECIALIZADA EM SERVI\u00c7OS DE MANUTEN\u00c7\u00c3O DE CENTRAIS TELEF\u00d4NICAS COM FORNECIMENTO DE MATERIAL<\/strong><\/p>\n\n\n\n<p><strong>N\u00ba do Contrato:<\/strong> 60\/2019 \/ <strong>Processo:<\/strong> 23110.007429\/2019-02<\/p>\n\n\n\n<p><strong>Fornecedor:<\/strong> 01.819.869\/0001-25 &#8211; ENTERPRISE COMERCIO DE MATERIAIS PARA EQUIPAMENTOS DE TELECOMUNICACOES LTDA<\/p>\n<\/div><\/div>\n<\/div><\/div>\n\n\n\n<hr class=\"wp-block-separator has-css-opacity is-style-wide\"\/>\n\n\n\n<p><\/p>\n\n\n\n<div class=\"wp-block-group\"><div class=\"wp-block-group__inner-container is-layout-flow wp-block-group-is-layout-flow\">\n<h3 class=\"wp-block-heading\"><mark style=\"background-color:rgba(0, 0, 0, 0)\" class=\"has-inline-color has-black-color\"><span style=\"text-decoration: underline\"><strong>PREG\u00d5ES<\/strong> (REGISTRO DE PRE\u00c7O)<\/span><\/mark><\/h3>\n\n\n\n<div class=\"wp-block-group\"><div class=\"wp-block-group__inner-container is-layout-flow wp-block-group-is-layout-flow\">\n<p><strong>AQUISI\u00c7\u00c3O APARELHOS, FERRAMENTAS E ACESS\u00d3RIOS &#8211; CONSUMO (UTEL)<\/strong><\/p>\n\n\n\n<p><strong>N\u00ba do Preg\u00e3o<\/strong> 05\/2022 \/ <strong>Processo:<\/strong> 23110.003686\/2022-62<\/p>\n\n\n\n<p><strong>Vig\u00eancia:<\/strong> 20\/04\/2023<\/p>\n\n\n\n<figure class=\"wp-block-table\"><table><tbody><tr><td><strong>Item<\/strong><\/td><td><strong>Especifica\u00e7\u00e3o (Resumida)<\/strong><\/td><td><strong>Marca<\/strong><\/td><\/tr><tr><td>1<\/td><td>Adaptador de Tomada 3 pinos Padr\u00e3o Novo ABNT (conecta equipamentos com plugues antigos em tomadas do novo padr\u00e3o brasileiro).<\/td><td>RADIAL<\/td><\/tr><tr><td>2<\/td><td>Adaptador de Tomadas 10 Amperes e 20 Amperes at\u00e9 250V. Adaptador de 3 para 2 pinos (comumente chamado de Adaptador Bob Esponja).<\/td><td>RADIAL<\/td><\/tr><tr><td>3<\/td><td>Adaptador para Tomada 3 pinos Padr\u00e3o Antigo (conecta equipamentos com plugue novo em tomadas do antigo padr\u00e3o).<\/td><td>RADIAL<\/td><\/tr><tr><td>4<\/td><td>Bateria estacion\u00e1ria 115 Ah, para aplica\u00e7\u00e3o em telecomunica\u00e7\u00f5es (PABX).<\/td><td>FREEDON<\/td><\/tr><tr><td>5<\/td><td>Bateria estacion\u00e1ria 12V\/5AH para aplica\u00e7\u00e3o em telecomunica\u00e7\u00f5es.<\/td><td>NICOLL<\/td><\/tr><tr><td>6<\/td><td>Bateria estacion\u00e1ria 12V\/9AH para aplica\u00e7\u00e3o em telecomunica\u00e7\u00f5es.<\/td><td>NICOLL<\/td><\/tr><tr><td>7<\/td><td>Bateria estacion\u00e1ria 45Ah \/ 50Ah, para aplica\u00e7\u00e3o em telecomunica\u00e7\u00f5es (PABX).<\/td><td>FREEDON<\/td><\/tr><tr><td>8<\/td><td>Bateria recarreg\u00e1vel para telefone sem fio.<\/td><td>FLEX<\/td><\/tr><tr><td>10<\/td><td>Cabo CTP-APL 50X20 (20 PARES).<\/td><td>GP CABOS<\/td><\/tr><tr><td>11<\/td><td>Cabos para conex\u00e3o de baterias estacion\u00e1rias.<\/td><td>CBO<\/td><\/tr><tr><td>12<\/td><td>CABO CCI 2 PARES &#8211; ROLO 200 METROS.<\/td><td>GP CABOS<\/td><\/tr><tr><td>13<\/td><td>CABO TELEF\u00d4NICO CI 20 PARES.<\/td><td>GP CABOS<\/td><\/tr><tr><td>14<\/td><td>CABO TELEF\u00d4NICO CI 50 PARES.<\/td><td>GP CABOS<\/td><\/tr><tr><td>15<\/td><td>Cabo tipo chato com 4 vias para telefonia.<\/td><td>MULTITOC<\/td><\/tr><tr><td>16<\/td><td>Caixa de Sobrepor, Kit composto por caixa e tampa com encaixe de press\u00e3o, aplica\u00e7\u00e3o redes de inform\u00e1tica e telefonia.<\/td><td>MAXITELECOM<\/td><\/tr><tr><td>17<\/td><td>Carregador bivolt autom\u00e1tico para pilhas AA, AAA e bateria de 9V.<\/td><td>MOX\/MAXDAY<\/td><\/tr><tr><td>18<\/td><td>Conector cabo par tran\u00e7ado, tipo f\u00eamea, modelo RJ45.<\/td><td>CABLIX<\/td><\/tr><tr><td>19<\/td><td>Filtro de Linha 5 Tomadas 2P+T.<\/td><td>NEGATRON<\/td><\/tr><tr><td>21<\/td><td>Fio telef\u00f4nico FE AA 160, tipo paralelo.<\/td><td>GP CABOS<\/td><\/tr><tr><td>23<\/td><td>Organizador cabos, tipo 1U.<\/td><td>ADR NETWORK<\/td><\/tr><tr><td>24<\/td><td>PATCH PANEL, padr\u00e3o 19, CATEGORIA 5E.<\/td><td>CABLIX<\/td><\/tr><tr><td>25<\/td><td>Tomada emenda, modelo RJ45, tipo f\u00eamea-f\u00eamea.<\/td><td>SECCON<\/td><\/tr><tr><td>26<\/td><td>Aparelho telef\u00f4nico convencional, tipo mesa (com fio).<\/td><td>INTELBRAS<\/td><\/tr><tr><td>27<\/td><td>Aparelho telef\u00f4nico fixo sem fio com ramal adicional (dever\u00e1 ser fornecido o aparelho de ramal adicional).<\/td><td>INTELBRAS<\/td><\/tr><tr><td>28<\/td><td>Aparelho telef\u00f4nico fixo, tipo sem fio, cor preta.<\/td><td>INTELBRAS<\/td><\/tr><\/tbody><\/table><\/figure>\n<\/div><\/div>\n\n\n\n<p>&#8212;&#8212;&#8212;&#8212;&#8212;&#8212;&#8212;&#8212;&#8212;&#8212;&#8212;&#8212;&#8211;<\/p>\n\n\n\n<p><strong>AQUISI\u00c7\u00c3O DE MATERIAIS PERMANENTES PARA A UNIDADE DE TELEFONIA<\/strong><\/p>\n\n\n\n<p><strong>N\u00ba do Preg\u00e3o:<\/strong> 07\/2022 \/ <strong>Processo:<\/strong> 23110.003668\/2022-81<\/p>\n\n\n\n<p><strong>Vig\u00eancia:<\/strong> 28\/04\/2023<\/p>\n\n\n\n<figure class=\"wp-block-table\"><table><tbody><tr><td><strong>Item<\/strong><\/td><td><strong>Especifica\u00e7\u00e3o (Resumida)<\/strong><\/td><td><strong>Marca<\/strong><\/td><\/tr><tr><td>2<\/td><td>Escada, material alum\u00ednio, tipo articulada multifuncional, com degraus 12.<\/td><td>WORKER<\/td><\/tr><tr><td>4<\/td><td>Gateway IP (VoIP), com fun\u00e7\u00e3o de convers\u00e3o CAS R2 Digital em SIP TRUCK.<\/td><td>KHOMP<\/td><\/tr><tr><td>5<\/td><td>Interface de Celular FXS Quadriband com 3G.<\/td><td>INTELBRAS<\/td><\/tr><tr><td>6<\/td><td>Nobreak, capacidade 1500VA.<\/td><td>RAGTECH<\/td><\/tr><tr><td>7<\/td><td>Nobreak, capacidade 800VA.<\/td><td>RAGTECH<\/td><\/tr><tr><td>8<\/td><td>Rack 19&#8243; 12U X 570mm.<\/td><td>BIHOUSE<\/td><\/tr><tr><td>9<\/td><td>Rack 19&#8243; 5U X 350mm.<\/td><td>ELETRON<\/td><\/tr><tr><td>10<\/td><td>Aparelho SEM FIO compat\u00edvel com a Esta\u00e7\u00e3o base IP (VoIP) descrita no ITEM 11.<\/td><td>GRANDSTREAM<\/td><\/tr><tr><td>11<\/td><td>Esta\u00e7\u00e3o base IP (VoIP) para emparelhamento com no m\u00ednimo 5 aparelhos SEM FIO.<\/td><td>GRANDSTREAM<\/td><\/tr><tr><td>12<\/td><td>Telefone VoIP modelo 1.<\/td><td>GRANDSTREAM<\/td><\/tr><tr><td>13<\/td><td>Telefone VoIP modelo 2.<\/td><td>GRANDSTREAM<\/td><\/tr><\/tbody><\/table><\/figure>\n\n\n\n<p>&#8212;&#8212;&#8212;&#8212;&#8212;&#8212;&#8212;&#8212;&#8212;&#8212;&#8212;&#8212;&#8211;<\/p>\n\n\n\n<p><strong>AQUISI\u00c7\u00c3O DE GATEWAYS<\/strong><\/p>\n\n\n\n<p><strong>N\u00ba do Preg\u00e3o:<\/strong> 06\/2022 \/ <strong>Processo:<\/strong> 23110.004120\/2022-58<\/p>\n\n\n\n<p><strong>Vig\u00eancia:<\/strong> 08\/04\/2023<\/p>\n\n\n\n<figure class=\"wp-block-table\"><table><tbody><tr><td><strong>Item<\/strong><\/td><td><strong>Especifica\u00e7\u00e3o (resumida)<\/strong><\/td><td><strong>Marca<\/strong><\/td><\/tr><tr><td>1<\/td><td>Gateway VoIP FXO &#8211; 8 Portas FXO.<\/td><td>Grandstream<\/td><\/tr><tr><td>2<\/td><td>Gateway VoIP FXS &#8211; 16 portas FXS.<\/td><td>Grandstream<\/td><\/tr><tr><td>3<\/td><td>Gateway VoIP FXS &#8211; 2 portas FXS.<\/td><td>Grandstream<\/td><\/tr><tr><td>4<\/td><td>Gateway VoIP FXS &#8211; 4 portas FXS.<\/td><td>Grandstream<\/td><\/tr><tr><td>5<\/td><td>Gateway VoIP FXS &#8211; 8 portas FXS.<\/td><td>Grandstream<\/td><\/tr><\/tbody><\/table><\/figure>\n\n\n\n<p>&#8212;&#8212;&#8212;&#8212;&#8212;&#8212;&#8212;&#8212;&#8212;&#8212;&#8212;&#8212;&#8211;<\/p>\n\n\n\n<p><strong>AQUISI\u00c7\u00c3O DE EQUIPAMENTOS PARA AMPLIA\u00c7\u00c3O E MANUTEN\u00c7\u00c3O DE CENTRAIS TELEF\u00d4NICAS<\/strong><\/p>\n\n\n\n<p><strong>N\u00ba do Preg\u00e3o:<\/strong> 31\/2022 \/ <strong>Processo:<\/strong> 23110.005548\/2022-18<\/p>\n\n\n\n<p><strong>Vig\u00eancia:<\/strong> 06\/07\/2023<\/p>\n\n\n\n<figure class=\"wp-block-table\"><table><tbody><tr><td><strong>Item<\/strong><\/td><td><strong>Especifica\u00e7\u00e3o (Resumida)<\/strong><\/td><td><strong>Marca<\/strong><\/td><\/tr><tr><td>1<\/td><td>Bastidor Modelo 1: Bastidor da central telef\u00f4nica marca ALCATEL modelo OmniPCX Enterprise, equipado com fonte de alimenta\u00e7\u00e3o composta de carregador e bateria.<\/td><td>Alcatel<\/td><\/tr><tr><td>2<\/td><td>Fornecer lote com 50 unidades Telefone IP PREMIUM DESKPHONE 8008 (ou superior), para <strong>amplia\u00e7\u00e3o<\/strong> dos bastidores descritos no item 7, com fonte de alimenta\u00e7\u00e3o (cada lote com 50 aparelhos).<\/td><td>Alcatel<\/td><\/tr><tr><td>3<\/td><td>Fornecer lote com 50 unidades Telefone IP SIP H2P (ou superior), para <strong>amplia\u00e7\u00e3o<\/strong> dos bastidores descritos no item 7, com fonte de alimenta\u00e7\u00e3o (cada lote com 50 aparelhos).<\/td><td>Alcatel<\/td><\/tr><tr><td>4<\/td><td>Bastidor Modelo 2: Bastidor da central telef\u00f4nica marca ALCATEL modelo OmniPCX Enterprise, equipado com CPU e fonte de alimenta\u00e7\u00e3o composta de carregador e bateria.<\/td><td>Alcatel<\/td><\/tr><tr><td>5<\/td><td>Kit de montagem Media Gateway, fornecendo todo material necess\u00e1rio para instala\u00e7\u00e3o do bastidor descrito no <strong>item 1<\/strong> (Rack, voice panel, r\u00e9gua de tomadas AC, bandeja para rack, organizadores de cabos, cabos, fios, blocos, parafusos, arruelas, buchas, etc).<\/td><td>Alcatel<\/td><\/tr><tr><td>6<\/td><td>Kit de montagem Media Gateway, fornecendo todo material necess\u00e1rio para instala\u00e7\u00e3o do bastidor descrito no <strong>item 3<\/strong> (Rack, voice panel, r\u00e9gua de tomadas AC, bandeja para rack, organizadores de cabos, cabos, fios, blocos, parafusos, arruelas, buchas, etc).<\/td><td>Alcatel<\/td><\/tr><tr><td>7<\/td><td>TERMINAL DIGITAL PREMIUM 8029&nbsp; (ou superior) da marca Alcatel-Lucent.<\/td><td>Alcatel<\/td><\/tr><tr><td>8<\/td><td>TERMINAL IP PREMIUM DESKPHONE 8008 FAST&nbsp; (ou superior) da marca Alcatel-Lucent com fonte de alimenta\u00e7\u00e3o.<\/td><td>Alcatel<\/td><\/tr><tr><td>9<\/td><td>TERMINAL IP PREMIUM DESKPHONE 8008 GIGA (ou superior) da marca Alcatel-Lucent com fonte de alimenta\u00e7\u00e3o.<\/td><td>Alcatel<\/td><\/tr><tr><td>10<\/td><td>TERMINAL IP PREMIUM DESKPHONE 8018&nbsp; (ou superior) da marca Alcatel-Lucent com fonte de alimenta\u00e7\u00e3o.<\/td><td>Alcatel<\/td><\/tr><tr><td>11<\/td><td>TERMINAL IP SIP H2P da&nbsp; (ou superior) marca Alcatel-Lucent, com fonte de alimenta\u00e7\u00e3o, para centrais telef\u00f4nicas marca ALCATEL modelo OmniPCX Enterprise.<\/td><td>Alcatel<\/td><\/tr><tr><td>12<\/td><td>Fonte de alimenta\u00e7\u00e3o \/ carregador (avulso) para TERMINAL modelo IP PREMIUM DESKPHONE da marca Alcatel-Lucent.<\/td><td>Alcatel<\/td><\/tr><tr><td>13<\/td><td>Fonte de alimenta\u00e7\u00e3o para bastidores das centrais telef\u00f4nicas ALCATEL modelo OmniPCX ENTERPRISE da CONTRATANTE.<\/td><td>Alcatel<\/td><\/tr><tr><td>14<\/td><td>Kit para amplia\u00e7\u00e3o da central telef\u00f4nica marca ALCATEL modelo OmniPCX Enterprise instalada no Campus Cap\u00e3o do Le\u00e3o, instalando mais 60 troncos digitais, 32 portas de ramal anal\u00f3gico, 250 licen\u00e7as para ramais IP com protocolo propriet\u00e1rio Alcatel-Lucent e 08 Troncos Anal\u00f3gicos. Incluso todas as licen\u00e7as necess\u00e1rias para ativa\u00e7\u00e3o da amplia\u00e7\u00e3o e interliga\u00e7\u00e3o das centrais telef\u00f4nicas ALCATEL modelo OmniPCX ENTERPRISE da CONTRATANTE.<\/td><td>Alcatel<\/td><\/tr><tr><td>15<\/td><td>Kit para amplia\u00e7\u00e3o da central telef\u00f4nica marca ALCATEL modelo OmniPCX Enterprise instalada no Campus Anglo, instalando mais 100 licen\u00e7as para ramais IP com protocolo propriet\u00e1rio Alcatel-Lucent. Incluso todas as licen\u00e7as necess\u00e1rias para ativa\u00e7\u00e3o da amplia\u00e7\u00e3o e interliga\u00e7\u00e3o das centrais telef\u00f4nicas ALCATEL modelo OmniPCX ENTERPRISE da CONTRATANTE.<\/td><td>Alcatel<\/td><\/tr><tr><td>16<\/td><td>Kit para amplia\u00e7\u00e3o da central telef\u00f4nica marca ALCATEL modelo OmniPCX Enterprise instalada no Campus Anglo, instalando mais 100 licen\u00e7as para ramais SIP OPEN com protocolo propriet\u00e1rio Alcatel-Lucent. Incluso todas as licen\u00e7as necess\u00e1rias para ativa\u00e7\u00e3o da amplia\u00e7\u00e3o e interliga\u00e7\u00e3o das centrais telef\u00f4nicas ALCATEL modelo OmniPCX ENTERPRISE da CONTRATANTE.<\/td><td>Alcatel<\/td><\/tr><tr><td>17<\/td><td>Placa APA8 (com 8 troncos anal\u00f3gicos) para hardware Alcatel-Lucent modelo OmniPCX Enterprise.<\/td><td>Alcatel<\/td><\/tr><tr><td>18<\/td><td>Placa CS (CPU de gabinete IPMG) para hardware IPMG Alcatel-Lucent, das centrais ALCATEL-LUCENT modelo OmniPCX Enterprise, com todos os poss\u00edveis acess\u00f3rios, licen\u00e7as, placas e\/ou cabos para sua completa opera\u00e7\u00e3o.<\/td><td>Alcatel<\/td><\/tr><tr><td>19<\/td><td>Placa GD\/GA (para conex\u00e3o IP de gabinete IPMG) para hardware IPMG Alcatel-Lucent, das centrais ALCATEL-LUCENT modelo OmniPCX Enterprise, com todos os poss\u00edveis acess\u00f3rios, licen\u00e7as, placas e\/ou cabos para sua completa opera\u00e7\u00e3o.&nbsp; GD3<\/td><td>Alcatel<\/td><\/tr><tr><td>20<\/td><td>Placa GD\/GA (para conex\u00e3o IP de gabinete IPMG) para hardware IPMG Alcatel-Lucent, das centrais ALCATEL-LUCENT modelo OmniPCX Enterprise, com todos os poss\u00edveis acess\u00f3rios, licen\u00e7as, placas e\/ou cabos para sua completa opera\u00e7\u00e3o.&nbsp;&nbsp; GA3<\/td><td>Alcatel<\/td><\/tr><tr><td>21<\/td><td>Placa PCM-R2 (tronco digital E1 com sinaliza\u00e7\u00e3o R2 para 30 canais) para hardware Alcatel-Lucent modelo OmniPCX Enterprise.<\/td><td>Alcatel<\/td><\/tr><tr><td>22<\/td><td>Placa PowerMEX (para conex\u00e3o de gabinetes IPMG) para hardware IPMG Alcatel-Lucent,das centrais ALCATEL-LUCENT modelo OmniPCX Enterprise, com todos os poss\u00edveis acess\u00f3rios, licen\u00e7as, placas e\/ou cabos para sua completa opera\u00e7\u00e3o.<\/td><td>Alcatel<\/td><\/tr><tr><td>23<\/td><td>Placa SLI16 para hardware Alcatel-Lucent modelo OmniPCX Enterprise, com capacidade de 16 ramais anal\u00f3gicos.<\/td><td>Alcatel<\/td><\/tr><tr><td>24<\/td><td>Placa UAI8 para hardware Alcatel-Lucent modelo OmniPCX Enterprise, com capacidade de 8 ramais digitais.<\/td><td>Alcatel<\/td><\/tr><tr><td>25<\/td><td>Atualiza\u00e7\u00e3o total de hardware e software do servidor de comunica\u00e7\u00e3o Alcatel-Lucent OmniPCX Enterprise instalada no site ANGLO.<\/td><td>Alcatel<\/td><\/tr><tr><td>26<\/td><td>Atualiza\u00e7\u00e3o total de hardware e software do servidor de comunica\u00e7\u00e3o Alcatel-Lucent OmniPCX Enterprise instalada no site CAP\u00c3O DO LE\u00c3O.<\/td><td>Alcatel<\/td><\/tr><tr><td>27<\/td><td>Atualiza\u00e7\u00e3o total de hardware e software do servidor de comunica\u00e7\u00e3o Alcatel-Lucent OmniPCX Enterprise instalada no site COTADA.<\/td><td>Alcatel<\/td><\/tr><tr><td>28<\/td><td>Atualiza\u00e7\u00e3o total de hardware e software do servidor de comunica\u00e7\u00e3o Alcatel-Lucent OmniPCX Enterprise instalada no site ICH.<\/td><td>Alcatel<\/td><\/tr><tr><td>29<\/td><td>Atualiza\u00e7\u00e3o total de hardware e software do servidor de comunica\u00e7\u00e3o Alcatel-Lucent OmniPCX Enterprise instalada no site ODONTOLOGIA.<\/td><td>Alcatel<\/td><\/tr><tr><td>30<\/td><td>Licen\u00e7a para 1 tronco ABC para central telef\u00f4nica marca ALCATEL modelo OmniPCX Enterprise.<\/td><td>Alcatel<\/td><\/tr><tr><td>31<\/td><td>Licen\u00e7a para 1 usu\u00e1rio de Correio de Voz para ramais da central telef\u00f4nica marca ALCATEL modelo OmniPCX Enterprise.<\/td><td>Alcatel<\/td><\/tr><tr><td>32<\/td><td>Licen\u00e7a para 1 usu\u00e1rio de ramal anal\u00f3gico para centrais telef\u00f4nicas marca ALCATEL-LUCENT modelo OmniPCX Enterprise.<\/td><td>Alcatel<\/td><\/tr><tr><td>33<\/td><td>Licen\u00e7a para 1 usu\u00e1rio de ramal digital para centrais telef\u00f4nicas marca ALCATEL-LUCENT modelo OmniPCX Enterprise.<\/td><td>Alcatel<\/td><\/tr><tr><td>34<\/td><td>Licen\u00e7a para ramal SIP OPEN H2P da marca Alcatel-Lucent, com fonte de alimenta\u00e7\u00e3o, para centrais telef\u00f4nicas marca ALCATEL modelo OmniPCX Enterprise.<\/td><td>Alcatel<\/td><\/tr><tr><td>35<\/td><td>Licen\u00e7as para permitir a identifica\u00e7\u00e3o de chamadas em ramais anal\u00f3gicos da central telef\u00f4nica marca ALCATEL modelo OmniPCX Enterprise.<\/td><td>Alcatel<\/td><\/tr><tr><td>36<\/td><td>Licen\u00e7as para ramais IP com protocolo propriet\u00e1rio Alcatel-Lucent.<\/td><td>Alcatel<\/td><\/tr><\/tbody><\/table><\/figure>\n<\/div><\/div>\n\n\n\n<hr class=\"wp-block-separator has-css-opacity is-style-wide\"\/>\n\n\n\n<div class=\"wp-block-group\"><div class=\"wp-block-group__inner-container is-layout-flow wp-block-group-is-layout-flow\">\n<h4 class=\"wp-block-heading\"><strong>UNIDADE DE TELEFONIA &#8211; UTEL<\/strong><\/h4>\n\n\n\n<p><strong>Pelotas<\/strong><br>Rua Gomes Carneiro, 01 -Campus Anglo, Bloco A, 3\u00b0 andar, Sala 305<br>Telefone:&nbsp;+55 (53)&nbsp;3284-3913<\/p>\n\n\n\n<p><strong>E-mail: telefonia@ufpel.edu.br<\/strong><\/p>\n<\/div><\/div>\n","protected":false},"excerpt":{"rendered":"<p>A Unidade de Telefonia tem como objetivo manter o papel fundamental do gerenciamento de telecomunica\u00e7\u00f5es, elaborando, acompanhando e ajustando o planejamento da infraestrutura e dos servi\u00e7os de telecomunica\u00e7\u00f5es de acordo com as necessidades da UFPel. Abaixo temos um resumo do gerenciamento de gastos com liga\u00e7\u00f5es telef\u00f4nicas, onde \u00e9 poss\u00edvel visualizar que a Universidade Federal de [&hellip;]<\/p>\n","protected":false},"author":791,"featured_media":0,"parent":2979,"menu_order":0,"comment_status":"closed","ping_status":"closed","template":"page-sem-sidebar.php","meta":{"footnotes":""},"class_list":["post-3171","page","type-page","status-publish","hentry"],"_links":{"self":[{"href":"https:\/\/wp.ufpel.edu.br\/suinfra\/wp-json\/wp\/v2\/pages\/3171","targetHints":{"allow":["GET"]}}],"collection":[{"href":"https:\/\/wp.ufpel.edu.br\/suinfra\/wp-json\/wp\/v2\/pages"}],"about":[{"href":"https:\/\/wp.ufpel.edu.br\/suinfra\/wp-json\/wp\/v2\/types\/page"}],"author":[{"embeddable":true,"href":"https:\/\/wp.ufpel.edu.br\/suinfra\/wp-json\/wp\/v2\/users\/791"}],"replies":[{"embeddable":true,"href":"https:\/\/wp.ufpel.edu.br\/suinfra\/wp-json\/wp\/v2\/comments?post=3171"}],"version-history":[{"count":11,"href":"https:\/\/wp.ufpel.edu.br\/suinfra\/wp-json\/wp\/v2\/pages\/3171\/revisions"}],"predecessor-version":[{"id":6019,"href":"https:\/\/wp.ufpel.edu.br\/suinfra\/wp-json\/wp\/v2\/pages\/3171\/revisions\/6019"}],"up":[{"embeddable":true,"href":"https:\/\/wp.ufpel.edu.br\/suinfra\/wp-json\/wp\/v2\/pages\/2979"}],"wp:attachment":[{"href":"https:\/\/wp.ufpel.edu.br\/suinfra\/wp-json\/wp\/v2\/media?parent=3171"}],"curies":[{"name":"wp","href":"https:\/\/api.w.org\/{rel}","templated":true}]}}