{"id":3095,"date":"2018-01-12T13:46:35","date_gmt":"2018-01-12T15:46:35","guid":{"rendered":"https:\/\/wp.ufpel.edu.br\/suinfra\/?page_id=3095"},"modified":"2021-04-13T10:58:43","modified_gmt":"2021-04-13T13:58:43","slug":"manuais","status":"publish","type":"page","link":"https:\/\/wp.ufpel.edu.br\/suinfra\/telefonia\/manuais\/","title":{"rendered":"Manuais"},"content":{"rendered":"<ul>\n<li style=\"text-align: justify\"><span style=\"color: #000000\">Manuais para orienta\u00e7\u00e3o de usu\u00e1rios de ramais telef\u00f4nicas das Centrais Telef\u00f4nicas da UFPel&nbsp;<strong>Anglo \/ Cap\u00e3o do Le\u00e3o \/ ICH \/ Centro de Artes \/ FAUrb \/ FAE \/ CEng \/ Faculdade de Odontologia \/ Ramais VoIP (ramais dentro das faixas 3260-2750\/2899, 3275-7000\/7699, 3284-1600\/1799,&nbsp; 3284-3100\/3549, 3284-3800\/4199, 3284-4300\/4399 e 3284-5500\/5549)<\/strong>:<\/span><\/li>\n<\/ul>\n<p style=\"text-align: center\"><a href=\"https:\/\/wp.ufpel.edu.br\/suinfra\/files\/2018\/01\/Manual-do-Usu\u00e1rio-Centrais-Telef\u00f4nicas-UFPel.pdf\">Manual do Usu\u00e1rio &#8211; Centrais Telef\u00f4nicas UFPel<\/a><\/p>\n<p style=\"text-align: center\"><a href=\"https:\/\/wp.ufpel.edu.br\/suinfra\/files\/2018\/01\/Tabela-de-C\u00f3digos-das-Facilidades-Telef\u00f4nicas.pdf\">Tabela de C\u00f3digos das Facilidades Telef\u00f4nicas<\/a><\/p>\n<p><\/p>\n<ul>\n<li><span style=\"color: #000000\">Manual central telef\u00f4nica Faculdade de Medicina:<\/span><\/li>\n<\/ul>\n<p style=\"text-align: center\"><a href=\"https:\/\/wp.ufpel.edu.br\/suinfra\/files\/2019\/05\/Manual-do-Usu\u00e1rio-Central-Faculdade-de-Medicina.pdf\">Manual do Usu\u00e1rio &#8211; Central Faculdade de Medicina<\/a><\/p>\n<p><\/p>\n<ul>\n<li><span style=\"color: #000000\">Manuais de aparelhos telef\u00f4nicos:<\/span><\/li>\n<\/ul>\n<p style=\"text-align: center\"><a href=\"https:\/\/wp.ufpel.edu.br\/suinfra\/files\/2018\/01\/Manual-aparelhos-Alcatel-4028-4029.pdf\">Manual aparelhos Alcatel 4028-4029<\/a><\/p>\n<p style=\"text-align: center\"><a href=\"https:\/\/wp.ufpel.edu.br\/suinfra\/files\/2018\/01\/Manual-aparelhos-Alcatel-4038-4039.pdf\">Manual aparelhos Alcatel 4038-4039<\/a><\/p>\n<p style=\"text-align: center\"><a href=\"https:\/\/wp.ufpel.edu.br\/suinfra\/files\/2018\/01\/Manual-aparelhos-VoIP-Alcatel-4018.pdf\">Manual aparelhos VoIP Alcatel 4018<\/a><\/p>\n<p><\/p>\n\n\n<\/p>\n<hr class=\"wp-block-separator\" \/>\n<p>\n\n\n<p><\/p>\n<p><span style=\"color: #000000\">Em caso de d\u00favidas, entrar em contato com a Unidade de Telefonia atrav\u00e9s dos n\u00fameros 32843913 e 32757301, ou ainda pelo e-mail&nbsp;<em>telefonia@ufpel.edu.br<\/em>.<\/span><\/p>\n\n\n<hr class=\"wp-block-separator is-style-wide\" \/>\n\n\n\n<h4 class=\"wp-block-heading\"><strong>UNIDADE DE TELEFONIA &#8211; UTEL<\/strong><\/h4>\n\n\n\n<p><strong>Pelotas<\/strong><br>Rua Gomes Carneiro, 01 -Campus Anglo, Bloco A, 3\u00b0 andar, Sala 305<br>Telefone:&nbsp;+55 (53)&nbsp;3284-3913<\/p>\n\n\n\n<p><strong>Cap\u00e3o do Le\u00e3o<\/strong><br>Avenida Eliseu Maciel \u2013 Campus Cap\u00e3o do Le\u00e3o,&nbsp;Pr\u00e9dio 08<br>Telefone:&nbsp;+55 (53)&nbsp;3275-7301<\/p>\n\n\n\n<h5 class=\"wp-block-heading\"><strong>E-mail: telefonia@ufpel.edu.br<\/strong><\/h5>\n","protected":false},"excerpt":{"rendered":"<p>Manuais para orienta\u00e7\u00e3o de usu\u00e1rios de ramais telef\u00f4nicas das Centrais Telef\u00f4nicas da UFPel&nbsp;Anglo \/ Cap\u00e3o do Le\u00e3o \/ ICH \/ Centro de Artes \/ FAUrb \/ FAE \/ CEng \/ Faculdade de Odontologia \/ Ramais VoIP (ramais dentro das faixas 3260-2750\/2899, 3275-7000\/7699, 3284-1600\/1799,&nbsp; 3284-3100\/3549, 3284-3800\/4199, 3284-4300\/4399 e 3284-5500\/5549): Manual do Usu\u00e1rio &#8211; Centrais Telef\u00f4nicas UFPel [&hellip;]<\/p>\n","protected":false},"author":791,"featured_media":0,"parent":2979,"menu_order":0,"comment_status":"closed","ping_status":"closed","template":"","meta":{"footnotes":""},"class_list":["post-3095","page","type-page","status-publish","hentry"],"_links":{"self":[{"href":"https:\/\/wp.ufpel.edu.br\/suinfra\/wp-json\/wp\/v2\/pages\/3095","targetHints":{"allow":["GET"]}}],"collection":[{"href":"https:\/\/wp.ufpel.edu.br\/suinfra\/wp-json\/wp\/v2\/pages"}],"about":[{"href":"https:\/\/wp.ufpel.edu.br\/suinfra\/wp-json\/wp\/v2\/types\/page"}],"author":[{"embeddable":true,"href":"https:\/\/wp.ufpel.edu.br\/suinfra\/wp-json\/wp\/v2\/users\/791"}],"replies":[{"embeddable":true,"href":"https:\/\/wp.ufpel.edu.br\/suinfra\/wp-json\/wp\/v2\/comments?post=3095"}],"version-history":[{"count":9,"href":"https:\/\/wp.ufpel.edu.br\/suinfra\/wp-json\/wp\/v2\/pages\/3095\/revisions"}],"predecessor-version":[{"id":5802,"href":"https:\/\/wp.ufpel.edu.br\/suinfra\/wp-json\/wp\/v2\/pages\/3095\/revisions\/5802"}],"up":[{"embeddable":true,"href":"https:\/\/wp.ufpel.edu.br\/suinfra\/wp-json\/wp\/v2\/pages\/2979"}],"wp:attachment":[{"href":"https:\/\/wp.ufpel.edu.br\/suinfra\/wp-json\/wp\/v2\/media?parent=3095"}],"curies":[{"name":"wp","href":"https:\/\/api.w.org\/{rel}","templated":true}]}}