{"id":3081,"date":"2018-01-12T12:26:52","date_gmt":"2018-01-12T14:26:52","guid":{"rendered":"https:\/\/wp.ufpel.edu.br\/suinfra\/?page_id=3081"},"modified":"2023-08-17T10:46:36","modified_gmt":"2023-08-17T13:46:36","slug":"solicitacao-para-troca-de-categoria-de-discagem","status":"publish","type":"page","link":"https:\/\/wp.ufpel.edu.br\/suinfra\/telefonia\/instrucoes-ordens-de-servico-telefonia\/solicitacao-para-troca-de-categoria-de-discagem\/","title":{"rendered":"Solicita\u00e7\u00e3o para troca de categoria de discagem"},"content":{"rendered":"<p style=\"text-align: justify;\"><strong>Solicita\u00e7\u00e3o para troca de categoria de discagem:<\/strong> a exemplo das solicita\u00e7\u00f5es de novos ramais, este tipo de solicita\u00e7\u00e3o dever\u00e1 conter a justificativa pelo qual est\u00e1 sendo efetuada a solicita\u00e7\u00e3o, fundamentando sua necessidade, onde a mesma estar\u00e1 sujeita a<strong> aprova\u00e7\u00e3o<\/strong> (uma vez que poder\u00e1 implicar em um gastos adicionais). O solicitante dever\u00e1 abrir uma OS pedindo a altera\u00e7\u00e3o no ramal telef\u00f4nico e preencher simultaneamente o <strong><a href=\"https:\/\/wp.ufpel.edu.br\/suinfra\/telefonia\/formularios\/\">Formul\u00e1rio Solicita\u00e7\u00e3o \/ Altera\u00e7\u00e3o de ramais<\/a><\/strong><em>.\u00a0<\/em><\/p>\n<p style=\"text-align: justify;\">Esta solicita\u00e7\u00e3o ser\u00e1 encaminha para a Superintend\u00eancia de Infraestrutura, onde a necessidade ser\u00e1 avaliada. Caso o pedido seja aprovado, a OS ser\u00e1\u00a0 executada.<\/p>\n<p style=\"text-align: justify;\">Abaixo temos o fluxograma do processo para altera\u00e7\u00e3o da categoria de discagem.<\/p>\n<p><a href=\"https:\/\/wp.ufpel.edu.br\/suinfra\/files\/2018\/05\/Solicita\u00e7\u00e3o-de-Troca-de-Categoria.jpg\"><img class=\"aligncenter size-full wp-image-3238\" src=\"https:\/\/wp.ufpel.edu.br\/suinfra\/files\/2018\/05\/Solicita\u00e7\u00e3o-de-Troca-de-Categoria.jpg\" alt=\"\" width=\"1310\" height=\"788\" srcset=\"https:\/\/wp.ufpel.edu.br\/suinfra\/files\/2018\/05\/Solicita\u00e7\u00e3o-de-Troca-de-Categoria.jpg 1310w, https:\/\/wp.ufpel.edu.br\/suinfra\/files\/2018\/05\/Solicita\u00e7\u00e3o-de-Troca-de-Categoria-400x241.jpg 400w, https:\/\/wp.ufpel.edu.br\/suinfra\/files\/2018\/05\/Solicita\u00e7\u00e3o-de-Troca-de-Categoria-1024x616.jpg 1024w\" sizes=\"(max-width: 1310px) 100vw, 1310px\" \/><\/a><\/p>\n<p style=\"text-align: justify;\"><strong>CLIQUE ABAIXO<\/strong> e veja as <a href=\"https:\/\/wp.ufpel.edu.br\/suinfra\/telefonia\/instrucoes-ordens-de-servico-telefonia\/solicitacoes-de-manutencao-de-ramais\/\">orienta\u00e7\u00f5es gerais para abertura de Ordens de Servi\u00e7o<\/a> ou para solicita\u00e7\u00f5es de <a href=\"https:\/\/wp.ufpel.edu.br\/suinfra\/telefonia\/instrucoes-ordens-de-servico-telefonia\/solicitacoes-de-novos-ramais\/\">novos terminais telef\u00f4nicos<\/a>, <a href=\"https:\/\/wp.ufpel.edu.br\/suinfra\/telefonia\/solicitacoes-de-extensoes-telefonicas\/\">extens\u00f5es de telefones<\/a>\u00a0e <a href=\"https:\/\/wp.ufpel.edu.br\/suinfra\/telefonia\/instrucoes-ordens-de-servico-telefonia\/silicitacoes-de-mudanca-de-local-de-ramais\/\">troca de local\/endere\u00e7o<\/a>.<\/p>\n<p><span style=\"font-size: 8pt;\"><a href=\"https:\/\/wp.ufpel.edu.br\/suinfra\/telefonia\/instrucoes-ordens-de-servico-telefonia\/solicitacoes-de-manutencao-de-ramais\/\"><img class=\"wp-image-5648 alignnone\" src=\"https:\/\/wp.ufpel.edu.br\/suinfra\/files\/2021\/04\/Botao-Orientacao-OS-1-400x94.jpg\" alt=\"\" width=\"212\" height=\"50\" srcset=\"https:\/\/wp.ufpel.edu.br\/suinfra\/files\/2021\/04\/Botao-Orientacao-OS-1-400x94.jpg 400w, https:\/\/wp.ufpel.edu.br\/suinfra\/files\/2021\/04\/Botao-Orientacao-OS-1.jpg 424w\" sizes=\"(max-width: 212px) 100vw, 212px\" \/><\/a><\/span><\/p>\n<p><span style=\"font-size: 8pt;\"><a href=\"https:\/\/wp.ufpel.edu.br\/suinfra\/telefonia\/instrucoes-ordens-de-servico-telefonia\/solicitacoes-de-novos-ramais\/\"><img class=\"wp-image-5642 alignnone\" src=\"https:\/\/wp.ufpel.edu.br\/suinfra\/files\/2021\/04\/Botao-Orientacao-Novos-Ramais-400x94.jpg\" alt=\"\" width=\"212\" height=\"50\" srcset=\"https:\/\/wp.ufpel.edu.br\/suinfra\/files\/2021\/04\/Botao-Orientacao-Novos-Ramais-400x94.jpg 400w, https:\/\/wp.ufpel.edu.br\/suinfra\/files\/2021\/04\/Botao-Orientacao-Novos-Ramais.jpg 424w\" sizes=\"(max-width: 212px) 100vw, 212px\" \/><\/a><\/span><\/p>\n<p><span style=\"font-size: 8pt;\"><a href=\"https:\/\/wp.ufpel.edu.br\/suinfra\/telefonia\/instrucoes-ordens-de-servico-telefonia\/solicitacoes-mudanca-de-local-ramais\/\"><img class=\"wp-image-5644 alignnone\" src=\"https:\/\/wp.ufpel.edu.br\/suinfra\/files\/2021\/04\/Botao-Orientacao-Troca-de-Endereco.jpg\" alt=\"\" width=\"212\" height=\"50\" srcset=\"https:\/\/wp.ufpel.edu.br\/suinfra\/files\/2021\/04\/Botao-Orientacao-Troca-de-Endereco.jpg 424w, https:\/\/wp.ufpel.edu.br\/suinfra\/files\/2021\/04\/Botao-Orientacao-Troca-de-Endereco-400x94.jpg 400w\" sizes=\"(max-width: 212px) 100vw, 212px\" \/><\/a><\/span><\/p>\n<p><span style=\"font-size: 8pt;\"><a href=\"https:\/\/wp.ufpel.edu.br\/suinfra\/telefonia\/solicitacoes-de-extensoes-telefonicas\/\"><img class=\"wp-image-5645 alignnone\" src=\"https:\/\/wp.ufpel.edu.br\/suinfra\/files\/2021\/04\/Botao-Orientacao-Extensoes.jpg\" alt=\"\" width=\"212\" height=\"50\" srcset=\"https:\/\/wp.ufpel.edu.br\/suinfra\/files\/2021\/04\/Botao-Orientacao-Extensoes.jpg 424w, https:\/\/wp.ufpel.edu.br\/suinfra\/files\/2021\/04\/Botao-Orientacao-Extensoes-400x94.jpg 400w\" sizes=\"(max-width: 212px) 100vw, 212px\" \/><\/a><\/span><\/p>\n<p>\u00a0<\/p>\n\n\n<\/p>\n<hr class=\"wp-block-separator is-style-wide\" \/>\n<p>\n\n\n<p><\/p>\n\n\n<\/p>\n<p>\n\n\n<p><\/p>\n\n\n<h4 class=\"wp-block-heading\"><strong>UNIDADE DE TELEFONIA &#8211; UTEL<\/strong><\/h4>\n\n\n\n<p><strong>Pelotas<\/strong><br>Rua Gomes Carneiro, 01 -Campus Anglo, Bloco A, 3\u00b0 andar, Sala 305<br>Telefone:&nbsp;+55 (53)&nbsp;3284-3913<\/p>\n\n\n\n<p><strong>Cap\u00e3o do Le\u00e3o<\/strong><br>Avenida Eliseu Maciel \u2013 Campus Cap\u00e3o do Le\u00e3o,&nbsp;Pr\u00e9dio 08<br>Telefone:&nbsp;+55 (53)&nbsp;3275-7301<\/p>\n\n\n\n<h5 class=\"wp-block-heading\"><strong>E-mail: telefonia@ufpel.edu.br<\/strong><\/h5>\n","protected":false},"excerpt":{"rendered":"<p>Solicita\u00e7\u00e3o para troca de categoria de discagem: a exemplo das solicita\u00e7\u00f5es de novos ramais, este tipo de solicita\u00e7\u00e3o dever\u00e1 conter a justificativa pelo qual est\u00e1 sendo efetuada a solicita\u00e7\u00e3o, fundamentando sua necessidade, onde a mesma estar\u00e1 sujeita a aprova\u00e7\u00e3o (uma vez que poder\u00e1 implicar em um gastos adicionais). O solicitante dever\u00e1 abrir uma OS pedindo [&hellip;]<\/p>\n","protected":false},"author":791,"featured_media":0,"parent":3058,"menu_order":0,"comment_status":"closed","ping_status":"closed","template":"page-sem-sidebar.php","meta":{"footnotes":""},"class_list":["post-3081","page","type-page","status-publish","hentry"],"_links":{"self":[{"href":"https:\/\/wp.ufpel.edu.br\/suinfra\/wp-json\/wp\/v2\/pages\/3081","targetHints":{"allow":["GET"]}}],"collection":[{"href":"https:\/\/wp.ufpel.edu.br\/suinfra\/wp-json\/wp\/v2\/pages"}],"about":[{"href":"https:\/\/wp.ufpel.edu.br\/suinfra\/wp-json\/wp\/v2\/types\/page"}],"author":[{"embeddable":true,"href":"https:\/\/wp.ufpel.edu.br\/suinfra\/wp-json\/wp\/v2\/users\/791"}],"replies":[{"embeddable":true,"href":"https:\/\/wp.ufpel.edu.br\/suinfra\/wp-json\/wp\/v2\/comments?post=3081"}],"version-history":[{"count":17,"href":"https:\/\/wp.ufpel.edu.br\/suinfra\/wp-json\/wp\/v2\/pages\/3081\/revisions"}],"predecessor-version":[{"id":6071,"href":"https:\/\/wp.ufpel.edu.br\/suinfra\/wp-json\/wp\/v2\/pages\/3081\/revisions\/6071"}],"up":[{"embeddable":true,"href":"https:\/\/wp.ufpel.edu.br\/suinfra\/wp-json\/wp\/v2\/pages\/3058"}],"wp:attachment":[{"href":"https:\/\/wp.ufpel.edu.br\/suinfra\/wp-json\/wp\/v2\/media?parent=3081"}],"curies":[{"name":"wp","href":"https:\/\/api.w.org\/{rel}","templated":true}]}}