{"id":3076,"date":"2018-01-12T12:20:47","date_gmt":"2018-01-12T14:20:47","guid":{"rendered":"https:\/\/wp.ufpel.edu.br\/suinfra\/?page_id=3076"},"modified":"2023-08-17T10:49:27","modified_gmt":"2023-08-17T13:49:27","slug":"solicitacoes-de-novos-ramais","status":"publish","type":"page","link":"https:\/\/wp.ufpel.edu.br\/suinfra\/telefonia\/instrucoes-ordens-de-servico-telefonia\/solicitacoes-de-novos-ramais\/","title":{"rendered":"Solicita\u00e7\u00f5es de novos ramais"},"content":{"rendered":"<p style=\"text-align: justify;\"><strong>Solicita\u00e7\u00f5es de novos ramais \/ linhas telef\u00f4nicas<\/strong>: este tipo de solicita\u00e7\u00e3o dever\u00e1 conter a justificativa pelo qual est\u00e1 sendo efetuada a solicita\u00e7\u00e3o, fundamentando sua necessidade, onde a mesma estar\u00e1 sujeita a <strong>aprova\u00e7\u00e3o<\/strong>, uma vez que implicar\u00e1 em um gasto adicional para a UFPel. O solicitante dever\u00e1 abrir uma OS solicitando a linha telef\u00f4nica e preencher simultaneamente o\u00a0<a href=\"https:\/\/wp.ufpel.edu.br\/suinfra\/telefonia\/formularios\/\"><strong>Formul\u00e1rio<\/strong>\u00a0<strong>Solicita\u00e7\u00e3o \/ Altera\u00e7\u00e3o de Ramais<\/strong><\/a><em>.<\/em><\/p>\n<p style=\"text-align: justify;\">Esta solicita\u00e7\u00e3o ser\u00e1 encaminha para a Superintend\u00eancia de Infraestrutura, onde a necessidade ser\u00e1 avaliada. Caso o pedido seja aprovado, a OS ser\u00e1\u00a0 executada.<\/p>\n<p style=\"text-align: justify;\">A figura abaixo mostra o fluxograma do processo para cria\u00e7\u00e3o de um novo ponto telef\u00f4nico.<\/p>\n<p><a href=\"https:\/\/wp.ufpel.edu.br\/suinfra\/files\/2018\/05\/Solicita\u00e7\u00e3o-de-Ramal.jpg\"><img class=\"aligncenter size-full wp-image-3234\" src=\"https:\/\/wp.ufpel.edu.br\/suinfra\/files\/2018\/05\/Solicita\u00e7\u00e3o-de-Ramal.jpg\" alt=\"\" width=\"1591\" height=\"896\" srcset=\"https:\/\/wp.ufpel.edu.br\/suinfra\/files\/2018\/05\/Solicita\u00e7\u00e3o-de-Ramal.jpg 1591w, https:\/\/wp.ufpel.edu.br\/suinfra\/files\/2018\/05\/Solicita\u00e7\u00e3o-de-Ramal-400x225.jpg 400w, https:\/\/wp.ufpel.edu.br\/suinfra\/files\/2018\/05\/Solicita\u00e7\u00e3o-de-Ramal-1024x577.jpg 1024w\" sizes=\"(max-width: 1591px) 100vw, 1591px\" \/><\/a><\/p>\n\n\n<hr class=\"wp-block-separator has-css-opacity is-style-wide\"\/>\n\n\n<p style=\"text-align: justify\"><strong>CLIQUE ABAIXO<\/strong> e veja as <a href=\"https:\/\/wp.ufpel.edu.br\/suinfra\/telefonia\/instrucoes-ordens-de-servico-telefonia\/solicitacoes-de-manutencao-de-ramais\/\">orienta\u00e7\u00f5es gerais para abertura de Ordens de Servi\u00e7o<\/a> ou para solicita\u00e7\u00f5es de <a href=\"https:\/\/wp.ufpel.edu.br\/suinfra\/telefonia\/instrucoes-ordens-de-servico-telefonia\/solicitacoes-de-novos-ramais\/\">novos terminais telef\u00f4nicos<\/a>, <a href=\"https:\/\/wp.ufpel.edu.br\/suinfra\/telefonia\/solicitacoes-de-extensoes-telefonicas\/\">extens\u00f5es de telefones<\/a>, <a href=\"https:\/\/wp.ufpel.edu.br\/suinfra\/telefonia\/instrucoes-ordens-de-servico-telefonia\/solicitacao-para-troca-de-categoria-de-discagem\/\">altera\u00e7\u00e3o de categoria de discagem<\/a> e <a href=\"https:\/\/wp.ufpel.edu.br\/suinfra\/telefonia\/instrucoes-ordens-de-servico-telefonia\/silicitacoes-de-mudanca-de-local-de-ramais\/\">troca de local\/endere\u00e7o<\/a>.<\/p>\n<p><span style=\"font-size: 8pt\"><a href=\"https:\/\/wp.ufpel.edu.br\/suinfra\/telefonia\/instrucoes-ordens-de-servico-telefonia\/solicitacoes-de-manutencao-de-ramais\/\"><img class=\"wp-image-5648 alignnone\" src=\"https:\/\/wp.ufpel.edu.br\/suinfra\/files\/2021\/04\/Botao-Orientacao-OS-1-400x94.jpg\" alt=\"\" width=\"212\" height=\"50\" srcset=\"https:\/\/wp.ufpel.edu.br\/suinfra\/files\/2021\/04\/Botao-Orientacao-OS-1-400x94.jpg 400w, https:\/\/wp.ufpel.edu.br\/suinfra\/files\/2021\/04\/Botao-Orientacao-OS-1.jpg 424w\" sizes=\"(max-width: 212px) 100vw, 212px\" \/><\/a><\/span><\/p>\n<p><span style=\"font-size: 8pt\"><a href=\"https:\/\/wp.ufpel.edu.br\/suinfra\/telefonia\/instrucoes-ordens-de-servico-telefonia\/solicitacao-para-troca-de-categoria-de-discagem\/\"><img class=\"wp-image-5643 alignnone\" src=\"https:\/\/wp.ufpel.edu.br\/suinfra\/files\/2021\/04\/Botao-Orientacao-Categoria-de-Discagem-1-400x94.jpg\" alt=\"\" width=\"212\" height=\"50\" srcset=\"https:\/\/wp.ufpel.edu.br\/suinfra\/files\/2021\/04\/Botao-Orientacao-Categoria-de-Discagem-1-400x94.jpg 400w, https:\/\/wp.ufpel.edu.br\/suinfra\/files\/2021\/04\/Botao-Orientacao-Categoria-de-Discagem-1.jpg 424w\" sizes=\"(max-width: 212px) 100vw, 212px\" \/><\/a><\/span><\/p>\n<p><span style=\"font-size: 8pt\"><a href=\"https:\/\/wp.ufpel.edu.br\/suinfra\/telefonia\/solicitacoes-de-extensoes-telefonicas\/\"><img class=\"wp-image-5645 alignnone\" src=\"https:\/\/wp.ufpel.edu.br\/suinfra\/files\/2021\/04\/Botao-Orientacao-Extensoes.jpg\" alt=\"\" width=\"212\" height=\"50\" srcset=\"https:\/\/wp.ufpel.edu.br\/suinfra\/files\/2021\/04\/Botao-Orientacao-Extensoes.jpg 424w, https:\/\/wp.ufpel.edu.br\/suinfra\/files\/2021\/04\/Botao-Orientacao-Extensoes-400x94.jpg 400w\" sizes=\"(max-width: 212px) 100vw, 212px\" \/><\/a><\/span><\/p>\n<p><span style=\"font-size: 8pt\"><a href=\"https:\/\/wp.ufpel.edu.br\/suinfra\/telefonia\/instrucoes-ordens-de-servico-telefonia\/solicitacoes-mudanca-de-local-ramais\/\"><img class=\"wp-image-5644 alignnone\" src=\"https:\/\/wp.ufpel.edu.br\/suinfra\/files\/2021\/04\/Botao-Orientacao-Troca-de-Endereco.jpg\" alt=\"\" width=\"212\" height=\"50\" srcset=\"https:\/\/wp.ufpel.edu.br\/suinfra\/files\/2021\/04\/Botao-Orientacao-Troca-de-Endereco.jpg 424w, https:\/\/wp.ufpel.edu.br\/suinfra\/files\/2021\/04\/Botao-Orientacao-Troca-de-Endereco-400x94.jpg 400w\" sizes=\"(max-width: 212px) 100vw, 212px\" \/><\/a><\/span><\/p>\n<hr>\n<p><\/p>\n\n\n<\/p>\n<h4 class=\"wp-block-heading\"><strong>UNIDADE DE TELEFONIA &#8211; UTEL<\/strong><\/h4>\n<p>\n\n\n\n<\/p>\n<p><strong>Pelotas<\/strong><br \/>Rua Gomes Carneiro, 01 -Campus Anglo, Bloco A, 3\u00b0 andar, Sala 305<br \/>Telefone:\u00a0+55 (53)\u00a03284-3913<\/p>\n<p>\n\n\n\n<\/p>\n<p><strong>Cap\u00e3o do Le\u00e3o<\/strong><br \/>Avenida Eliseu Maciel \u2013 Campus Cap\u00e3o do Le\u00e3o,\u00a0Pr\u00e9dio 08<br \/>Telefone:\u00a0+55 (53)\u00a03275-7301<\/p>\n<p>\n\n\n\n<\/p>\n<h5 class=\"wp-block-heading\"><strong>E-mail: telefonia@ufpel.edu.br<\/strong><\/h5>\n<p>\n\n\n<p><\/p>","protected":false},"excerpt":{"rendered":"<p>Solicita\u00e7\u00f5es de novos ramais \/ linhas telef\u00f4nicas: este tipo de solicita\u00e7\u00e3o dever\u00e1 conter a justificativa pelo qual est\u00e1 sendo efetuada a solicita\u00e7\u00e3o, fundamentando sua necessidade, onde a mesma estar\u00e1 sujeita a aprova\u00e7\u00e3o, uma vez que implicar\u00e1 em um gasto adicional para a UFPel. O solicitante dever\u00e1 abrir uma OS solicitando a linha telef\u00f4nica e preencher [&hellip;]<\/p>\n","protected":false},"author":791,"featured_media":0,"parent":3058,"menu_order":0,"comment_status":"closed","ping_status":"closed","template":"page-sem-sidebar.php","meta":{"footnotes":""},"class_list":["post-3076","page","type-page","status-publish","hentry"],"_links":{"self":[{"href":"https:\/\/wp.ufpel.edu.br\/suinfra\/wp-json\/wp\/v2\/pages\/3076","targetHints":{"allow":["GET"]}}],"collection":[{"href":"https:\/\/wp.ufpel.edu.br\/suinfra\/wp-json\/wp\/v2\/pages"}],"about":[{"href":"https:\/\/wp.ufpel.edu.br\/suinfra\/wp-json\/wp\/v2\/types\/page"}],"author":[{"embeddable":true,"href":"https:\/\/wp.ufpel.edu.br\/suinfra\/wp-json\/wp\/v2\/users\/791"}],"replies":[{"embeddable":true,"href":"https:\/\/wp.ufpel.edu.br\/suinfra\/wp-json\/wp\/v2\/comments?post=3076"}],"version-history":[{"count":14,"href":"https:\/\/wp.ufpel.edu.br\/suinfra\/wp-json\/wp\/v2\/pages\/3076\/revisions"}],"predecessor-version":[{"id":6073,"href":"https:\/\/wp.ufpel.edu.br\/suinfra\/wp-json\/wp\/v2\/pages\/3076\/revisions\/6073"}],"up":[{"embeddable":true,"href":"https:\/\/wp.ufpel.edu.br\/suinfra\/wp-json\/wp\/v2\/pages\/3058"}],"wp:attachment":[{"href":"https:\/\/wp.ufpel.edu.br\/suinfra\/wp-json\/wp\/v2\/media?parent=3076"}],"curies":[{"name":"wp","href":"https:\/\/api.w.org\/{rel}","templated":true}]}}