{"id":3071,"date":"2018-01-12T12:08:59","date_gmt":"2018-01-12T14:08:59","guid":{"rendered":"https:\/\/wp.ufpel.edu.br\/suinfra\/?page_id=3071"},"modified":"2021-04-13T11:14:21","modified_gmt":"2021-04-13T14:14:21","slug":"solicitacoes-mudanca-de-local-ramais","status":"publish","type":"page","link":"https:\/\/wp.ufpel.edu.br\/suinfra\/telefonia\/instrucoes-ordens-de-servico-telefonia\/solicitacoes-mudanca-de-local-ramais\/","title":{"rendered":"Solicita\u00e7\u00f5es de mudan\u00e7a de local de ramais"},"content":{"rendered":"<p style=\"text-align: justify\"><strong>Mudan\u00e7a de local de ramais:<\/strong> as solicita\u00e7\u00f5es para troca de local devem conter informa\u00e7\u00f5es do local de origem e destino, setor, n\u00famero do ramal, data prevista da mudan\u00e7a e contato. \u00c9 fundamental que a unidade informe a mudan\u00e7a com anteced\u00eancia, para que haja tempo h\u00e1bil para efetuar uma an\u00e1lise da infraestrutura no local de destino e se providencie a estrutura necess\u00e1ria.<\/p>\n<p style=\"text-align: justify\">A figura abaixo mostra o fluxograma do processo para solicita\u00e7\u00e3o de troca de local de um ramal.<\/p>\n<p><a href=\"https:\/\/wp.ufpel.edu.br\/suinfra\/files\/2018\/01\/Solicita\u00e7\u00e3o-de-Troca-de-Local.jpg\"><img class=\"aligncenter wp-image-3073 size-full\" src=\"https:\/\/wp.ufpel.edu.br\/suinfra\/files\/2018\/01\/Solicita\u00e7\u00e3o-de-Troca-de-Local.jpg\" alt=\"\" width=\"1636\" height=\"990\" srcset=\"https:\/\/wp.ufpel.edu.br\/suinfra\/files\/2018\/01\/Solicita\u00e7\u00e3o-de-Troca-de-Local.jpg 1636w, https:\/\/wp.ufpel.edu.br\/suinfra\/files\/2018\/01\/Solicita\u00e7\u00e3o-de-Troca-de-Local-400x242.jpg 400w, https:\/\/wp.ufpel.edu.br\/suinfra\/files\/2018\/01\/Solicita\u00e7\u00e3o-de-Troca-de-Local-1024x620.jpg 1024w\" sizes=\"(max-width: 1636px) 100vw, 1636px\" \/><\/a><\/p>\n\n\n<hr class=\"wp-block-separator is-style-wide\" \/>\n\n\n<p style=\"text-align: justify\"><strong>CLIQUE ABAIXO<\/strong> e veja as <a href=\"https:\/\/wp.ufpel.edu.br\/suinfra\/telefonia\/instrucoes-ordens-de-servico-telefonia\/solicitacoes-de-manutencao-de-ramais\/\">orienta\u00e7\u00f5es gerais para abertura de Ordens de Servi\u00e7o<\/a> ou para solicita\u00e7\u00f5es de <a href=\"https:\/\/wp.ufpel.edu.br\/suinfra\/telefonia\/instrucoes-ordens-de-servico-telefonia\/solicitacoes-de-novos-ramais\/\">novos terminais telef\u00f4nicos<\/a>, <a href=\"https:\/\/wp.ufpel.edu.br\/suinfra\/telefonia\/solicitacoes-de-extensoes-telefonicas\/\">extens\u00f5es de telefones<\/a>\u00a0e <a href=\"https:\/\/wp.ufpel.edu.br\/suinfra\/telefonia\/instrucoes-ordens-de-servico-telefonia\/solicitacao-para-troca-de-categoria-de-discagem\/\">altera\u00e7\u00e3o de categoria de discagem<\/a>.<\/p>\n<div class=\"sharedaddy sd-sharing-enabled\" style=\"text-align: justify\">\n<p><span style=\"font-size: 8pt\"><a href=\"https:\/\/wp.ufpel.edu.br\/suinfra\/telefonia\/instrucoes-ordens-de-servico-telefonia\/solicitacoes-de-manutencao-de-ramais\/\"><img class=\"wp-image-5648 alignnone\" src=\"https:\/\/wp.ufpel.edu.br\/suinfra\/files\/2021\/04\/Botao-Orientacao-OS-1-400x94.jpg\" alt=\"\" width=\"212\" height=\"50\" srcset=\"https:\/\/wp.ufpel.edu.br\/suinfra\/files\/2021\/04\/Botao-Orientacao-OS-1-400x94.jpg 400w, https:\/\/wp.ufpel.edu.br\/suinfra\/files\/2021\/04\/Botao-Orientacao-OS-1.jpg 424w\" sizes=\"(max-width: 212px) 100vw, 212px\" \/><\/a><\/span><\/p>\n<p><span style=\"font-size: 8pt\"><a href=\"https:\/\/wp.ufpel.edu.br\/suinfra\/telefonia\/instrucoes-ordens-de-servico-telefonia\/solicitacoes-de-novos-ramais\/\"><img class=\"wp-image-5642 alignnone\" src=\"https:\/\/wp.ufpel.edu.br\/suinfra\/files\/2021\/04\/Botao-Orientacao-Novos-Ramais-400x94.jpg\" alt=\"\" width=\"212\" height=\"50\" srcset=\"https:\/\/wp.ufpel.edu.br\/suinfra\/files\/2021\/04\/Botao-Orientacao-Novos-Ramais-400x94.jpg 400w, https:\/\/wp.ufpel.edu.br\/suinfra\/files\/2021\/04\/Botao-Orientacao-Novos-Ramais.jpg 424w\" sizes=\"(max-width: 212px) 100vw, 212px\" \/><\/a><\/span><\/p>\n<p><span style=\"font-size: 8pt\"><a href=\"https:\/\/wp.ufpel.edu.br\/suinfra\/telefonia\/solicitacoes-de-extensoes-telefonicas\/\"><img class=\"wp-image-5645 alignnone\" src=\"https:\/\/wp.ufpel.edu.br\/suinfra\/files\/2021\/04\/Botao-Orientacao-Extensoes.jpg\" alt=\"\" width=\"212\" height=\"50\" srcset=\"https:\/\/wp.ufpel.edu.br\/suinfra\/files\/2021\/04\/Botao-Orientacao-Extensoes.jpg 424w, https:\/\/wp.ufpel.edu.br\/suinfra\/files\/2021\/04\/Botao-Orientacao-Extensoes-400x94.jpg 400w\" sizes=\"(max-width: 212px) 100vw, 212px\" \/><\/a><\/span><\/p>\n<p><span style=\"font-size: 8pt\"><a href=\"https:\/\/wp.ufpel.edu.br\/suinfra\/telefonia\/instrucoes-ordens-de-servico-telefonia\/solicitacao-para-troca-de-categoria-de-discagem\/\"><img class=\"wp-image-5643 alignnone\" src=\"https:\/\/wp.ufpel.edu.br\/suinfra\/files\/2021\/04\/Botao-Orientacao-Categoria-de-Discagem-1-400x94.jpg\" alt=\"\" width=\"212\" height=\"50\" srcset=\"https:\/\/wp.ufpel.edu.br\/suinfra\/files\/2021\/04\/Botao-Orientacao-Categoria-de-Discagem-1-400x94.jpg 400w, https:\/\/wp.ufpel.edu.br\/suinfra\/files\/2021\/04\/Botao-Orientacao-Categoria-de-Discagem-1.jpg 424w\" sizes=\"(max-width: 212px) 100vw, 212px\" \/><\/a><\/span><\/p>\n<hr \/>\n<p><\/p>\n<h4 class=\"wp-block-heading\"><strong>UNIDADE DE TELEFONIA &#8211; UTEL<\/strong><\/h4>\n<p> <\/p>\n<p><strong>Pelotas<\/strong><br \/>Rua Gomes Carneiro, 01 -Campus Anglo, Bloco A, 3\u00b0 andar, Sala 305<br \/>Telefone:\u00a0+55 (53)\u00a03284-3913<\/p>\n<p> <\/p>\n<p><strong>Cap\u00e3o do Le\u00e3o<\/strong><br \/>Avenida Eliseu Maciel \u2013 Campus Cap\u00e3o do Le\u00e3o,\u00a0Pr\u00e9dio 08<br \/>Telefone:\u00a0+55 (53)\u00a03275-7301<\/p>\n<p> <\/p>\n<h5 class=\"wp-block-heading\"><strong>E-mail: telefonia@ufpel.edu.br<\/strong><\/h5>\n<p><\/p>\n<\/div>\n<div>\u00a0<\/div>\n<div>\u00a0<\/div>\n<div>\u00a0<\/div>\n<div>\u00a0<\/div>\n<div>\u00a0<\/div>\n<div>\u00a0<\/div>","protected":false},"excerpt":{"rendered":"<p>Mudan\u00e7a de local de ramais: as solicita\u00e7\u00f5es para troca de local devem conter informa\u00e7\u00f5es do local de origem e destino, setor, n\u00famero do ramal, data prevista da mudan\u00e7a e contato. \u00c9 fundamental que a unidade informe a mudan\u00e7a com anteced\u00eancia, para que haja tempo h\u00e1bil para efetuar uma an\u00e1lise da infraestrutura no local de destino [&hellip;]<\/p>\n","protected":false},"author":791,"featured_media":0,"parent":3058,"menu_order":0,"comment_status":"closed","ping_status":"closed","template":"page-sem-sidebar.php","meta":{"footnotes":""},"class_list":["post-3071","page","type-page","status-publish","hentry"],"_links":{"self":[{"href":"https:\/\/wp.ufpel.edu.br\/suinfra\/wp-json\/wp\/v2\/pages\/3071","targetHints":{"allow":["GET"]}}],"collection":[{"href":"https:\/\/wp.ufpel.edu.br\/suinfra\/wp-json\/wp\/v2\/pages"}],"about":[{"href":"https:\/\/wp.ufpel.edu.br\/suinfra\/wp-json\/wp\/v2\/types\/page"}],"author":[{"embeddable":true,"href":"https:\/\/wp.ufpel.edu.br\/suinfra\/wp-json\/wp\/v2\/users\/791"}],"replies":[{"embeddable":true,"href":"https:\/\/wp.ufpel.edu.br\/suinfra\/wp-json\/wp\/v2\/comments?post=3071"}],"version-history":[{"count":11,"href":"https:\/\/wp.ufpel.edu.br\/suinfra\/wp-json\/wp\/v2\/pages\/3071\/revisions"}],"predecessor-version":[{"id":5815,"href":"https:\/\/wp.ufpel.edu.br\/suinfra\/wp-json\/wp\/v2\/pages\/3071\/revisions\/5815"}],"up":[{"embeddable":true,"href":"https:\/\/wp.ufpel.edu.br\/suinfra\/wp-json\/wp\/v2\/pages\/3058"}],"wp:attachment":[{"href":"https:\/\/wp.ufpel.edu.br\/suinfra\/wp-json\/wp\/v2\/media?parent=3071"}],"curies":[{"name":"wp","href":"https:\/\/api.w.org\/{rel}","templated":true}]}}