{"id":3065,"date":"2018-01-12T12:04:05","date_gmt":"2018-01-12T14:04:05","guid":{"rendered":"https:\/\/wp.ufpel.edu.br\/suinfra\/?page_id=3065"},"modified":"2021-04-13T11:10:14","modified_gmt":"2021-04-13T14:10:14","slug":"solicitacoes-de-manutencao-de-ramais","status":"publish","type":"page","link":"https:\/\/wp.ufpel.edu.br\/suinfra\/telefonia\/instrucoes-ordens-de-servico-telefonia\/solicitacoes-de-manutencao-de-ramais\/","title":{"rendered":"Ordens de Servi\u00e7o Telefonia"},"content":{"rendered":"<p style=\"text-align: justify\"><strong>Solicita\u00e7\u00f5es de Manuten\u00e7\u00e3o<\/strong>: cada Ordem de Servi\u00e7o &#8211; OS dever\u00e1 ser individualizada para cada ramal, ou seja, uma solicita\u00e7\u00e3o por ramal. Para agilizar o atendimento e n\u00e3o ter sua OS cancelada, ao efetuar uma solicita\u00e7\u00e3o de reparo o usu\u00e1rio dever\u00e1 informar o n\u00famero do ramal, o defeito, o pr\u00e9dio e a sala onde se localiza o setor e, se poss\u00edvel, informar um contato.<\/p>\n<p style=\"text-align: justify\"><strong>Exemplos de manuten\u00e7\u00f5es que podem ser solicita\u00e7\u00e3o<\/strong>: Manuten\u00e7\u00e3o de ramais mudos; Manuten\u00e7\u00e3o de ramais com ru\u00eddo; Problemas para completar liga\u00e7\u00f5es; Atualiza\u00e7\u00e3o no Guia de Ramais; Esclarecimento de d\u00favidas quanto ao uso de ramais e recursos de telefonia, etc.<\/p>\n<p style=\"text-align: justify\">A figura abaixo demonstra o fluxograma para ordens de servi\u00e7o:<\/p>\n<p><a href=\"https:\/\/wp.ufpel.edu.br\/suinfra\/files\/2018\/01\/Atendimento-OS.jpg\"><img class=\"aligncenter wp-image-3067 size-full\" src=\"https:\/\/wp.ufpel.edu.br\/suinfra\/files\/2018\/01\/Atendimento-OS.jpg\" alt=\"\" width=\"1475\" height=\"1101\" srcset=\"https:\/\/wp.ufpel.edu.br\/suinfra\/files\/2018\/01\/Atendimento-OS.jpg 1475w, https:\/\/wp.ufpel.edu.br\/suinfra\/files\/2018\/01\/Atendimento-OS-400x299.jpg 400w, https:\/\/wp.ufpel.edu.br\/suinfra\/files\/2018\/01\/Atendimento-OS-1024x764.jpg 1024w\" sizes=\"(max-width: 1475px) 100vw, 1475px\" \/><\/a><\/p>\n\n\n<hr class=\"wp-block-separator is-style-wide\" \/>\n\n\n\n<p>CLIQUE ABAIXO e veja as orienta\u00e7\u00f5es para solicita\u00e7\u00f5es de <a href=\"https:\/\/wp.ufpel.edu.br\/suinfra\/telefonia\/instrucoes-ordens-de-servico-telefonia\/solicitacoes-de-novos-ramais\/\">novos terminais telef\u00f4nicos<\/a>, <a href=\"https:\/\/wp.ufpel.edu.br\/suinfra\/telefonia\/solicitacoes-de-extensoes-telefonicas\/\">extens\u00f5es de telefones<\/a>, <a href=\"https:\/\/wp.ufpel.edu.br\/suinfra\/telefonia\/instrucoes-ordens-de-servico-telefonia\/solicitacao-para-troca-de-categoria-de-discagem\/\">altera\u00e7\u00e3o de categoria de discagem<\/a> e <a href=\"https:\/\/wp.ufpel.edu.br\/suinfra\/telefonia\/instrucoes-ordens-de-servico-telefonia\/silicitacoes-de-mudanca-de-local-de-ramais\/\">troca de local\/endere\u00e7o<\/a>.<\/p>\n\n\n<p><span style=\"font-size: 8pt\"><a href=\"https:\/\/wp.ufpel.edu.br\/suinfra\/telefonia\/instrucoes-ordens-de-servico-telefonia\/solicitacoes-de-novos-ramais\/\"><img class=\"wp-image-5642 alignnone\" src=\"https:\/\/wp.ufpel.edu.br\/suinfra\/files\/2021\/04\/Botao-Orientacao-Novos-Ramais-400x94.jpg\" alt=\"\" width=\"212\" height=\"50\" srcset=\"https:\/\/wp.ufpel.edu.br\/suinfra\/files\/2021\/04\/Botao-Orientacao-Novos-Ramais-400x94.jpg 400w, https:\/\/wp.ufpel.edu.br\/suinfra\/files\/2021\/04\/Botao-Orientacao-Novos-Ramais.jpg 424w\" sizes=\"(max-width: 212px) 100vw, 212px\" \/><\/a><\/span><\/p>\n<p><span style=\"font-size: 8pt\"><a href=\"https:\/\/wp.ufpel.edu.br\/suinfra\/telefonia\/solicitacoes-de-extensoes-telefonicas\/\"><img class=\"wp-image-5645 alignnone\" src=\"https:\/\/wp.ufpel.edu.br\/suinfra\/files\/2021\/04\/Botao-Orientacao-Extensoes.jpg\" alt=\"\" width=\"212\" height=\"50\" srcset=\"https:\/\/wp.ufpel.edu.br\/suinfra\/files\/2021\/04\/Botao-Orientacao-Extensoes.jpg 424w, https:\/\/wp.ufpel.edu.br\/suinfra\/files\/2021\/04\/Botao-Orientacao-Extensoes-400x94.jpg 400w\" sizes=\"(max-width: 212px) 100vw, 212px\" \/><\/a><\/span><\/p>\n<p><span style=\"font-size: 8pt\"><a href=\"https:\/\/wp.ufpel.edu.br\/suinfra\/telefonia\/instrucoes-ordens-de-servico-telefonia\/solicitacao-para-troca-de-categoria-de-discagem\/\"><img class=\"wp-image-5643 alignnone\" src=\"https:\/\/wp.ufpel.edu.br\/suinfra\/files\/2021\/04\/Botao-Orientacao-Categoria-de-Discagem-1-400x94.jpg\" alt=\"\" width=\"212\" height=\"50\" srcset=\"https:\/\/wp.ufpel.edu.br\/suinfra\/files\/2021\/04\/Botao-Orientacao-Categoria-de-Discagem-1-400x94.jpg 400w, https:\/\/wp.ufpel.edu.br\/suinfra\/files\/2021\/04\/Botao-Orientacao-Categoria-de-Discagem-1.jpg 424w\" sizes=\"(max-width: 212px) 100vw, 212px\" \/><\/a><\/span><\/p>\n<p><span style=\"font-size: 8pt\"><a href=\"https:\/\/wp.ufpel.edu.br\/suinfra\/telefonia\/instrucoes-ordens-de-servico-telefonia\/solicitacoes-mudanca-de-local-ramais\/\"><img class=\"wp-image-5644 alignnone\" src=\"https:\/\/wp.ufpel.edu.br\/suinfra\/files\/2021\/04\/Botao-Orientacao-Troca-de-Endereco.jpg\" alt=\"\" width=\"212\" height=\"50\" srcset=\"https:\/\/wp.ufpel.edu.br\/suinfra\/files\/2021\/04\/Botao-Orientacao-Troca-de-Endereco.jpg 424w, https:\/\/wp.ufpel.edu.br\/suinfra\/files\/2021\/04\/Botao-Orientacao-Troca-de-Endereco-400x94.jpg 400w\" sizes=\"(max-width: 212px) 100vw, 212px\" \/><\/a><\/span><\/p>\n<p>\u00a0<\/p>\n<hr \/>\n<p><\/p>\n<h4 class=\"wp-block-heading\"><strong>UNIDADE DE TELEFONIA &#8211; UTEL<\/strong><\/h4>\n<p> <\/p>\n<p><strong>Pelotas<\/strong><br \/>Rua Gomes Carneiro, 01 -Campus Anglo, Bloco A, 3\u00b0 andar, Sala 305<br \/>Telefone:\u00a0+55 (53)\u00a03284-3913<\/p>\n<p> <\/p>\n<p><strong>Cap\u00e3o do Le\u00e3o<\/strong><br \/>Avenida Eliseu Maciel \u2013 Campus Cap\u00e3o do Le\u00e3o,\u00a0Pr\u00e9dio 08<br \/>Telefone:\u00a0+55 (53)\u00a03275-7301<\/p>\n<p> <\/p>\n<h5 class=\"wp-block-heading\"><strong>E-mail: telefonia@ufpel.edu.br<\/strong><\/h5>\n<p><\/p>","protected":false},"excerpt":{"rendered":"<p>Solicita\u00e7\u00f5es de Manuten\u00e7\u00e3o: cada Ordem de Servi\u00e7o &#8211; OS dever\u00e1 ser individualizada para cada ramal, ou seja, uma solicita\u00e7\u00e3o por ramal. Para agilizar o atendimento e n\u00e3o ter sua OS cancelada, ao efetuar uma solicita\u00e7\u00e3o de reparo o usu\u00e1rio dever\u00e1 informar o n\u00famero do ramal, o defeito, o pr\u00e9dio e a sala onde se localiza [&hellip;]<\/p>\n","protected":false},"author":791,"featured_media":0,"parent":3058,"menu_order":0,"comment_status":"closed","ping_status":"closed","template":"page-sem-sidebar.php","meta":{"footnotes":""},"class_list":["post-3065","page","type-page","status-publish","hentry"],"_links":{"self":[{"href":"https:\/\/wp.ufpel.edu.br\/suinfra\/wp-json\/wp\/v2\/pages\/3065","targetHints":{"allow":["GET"]}}],"collection":[{"href":"https:\/\/wp.ufpel.edu.br\/suinfra\/wp-json\/wp\/v2\/pages"}],"about":[{"href":"https:\/\/wp.ufpel.edu.br\/suinfra\/wp-json\/wp\/v2\/types\/page"}],"author":[{"embeddable":true,"href":"https:\/\/wp.ufpel.edu.br\/suinfra\/wp-json\/wp\/v2\/users\/791"}],"replies":[{"embeddable":true,"href":"https:\/\/wp.ufpel.edu.br\/suinfra\/wp-json\/wp\/v2\/comments?post=3065"}],"version-history":[{"count":15,"href":"https:\/\/wp.ufpel.edu.br\/suinfra\/wp-json\/wp\/v2\/pages\/3065\/revisions"}],"predecessor-version":[{"id":5811,"href":"https:\/\/wp.ufpel.edu.br\/suinfra\/wp-json\/wp\/v2\/pages\/3065\/revisions\/5811"}],"up":[{"embeddable":true,"href":"https:\/\/wp.ufpel.edu.br\/suinfra\/wp-json\/wp\/v2\/pages\/3058"}],"wp:attachment":[{"href":"https:\/\/wp.ufpel.edu.br\/suinfra\/wp-json\/wp\/v2\/media?parent=3065"}],"curies":[{"name":"wp","href":"https:\/\/api.w.org\/{rel}","templated":true}]}}