{"id":3058,"date":"2018-01-12T11:57:39","date_gmt":"2018-01-12T13:57:39","guid":{"rendered":"https:\/\/wp.ufpel.edu.br\/suinfra\/?page_id=3058"},"modified":"2021-04-13T10:57:35","modified_gmt":"2021-04-13T13:57:35","slug":"instrucoes-ordens-de-servico-telefonia","status":"publish","type":"page","link":"https:\/\/wp.ufpel.edu.br\/suinfra\/telefonia\/instrucoes-ordens-de-servico-telefonia\/","title":{"rendered":"Instru\u00e7\u00f5es &#8211; Ordens de Servi\u00e7o Telefonia"},"content":{"rendered":"<h3 style=\"text-align: justify\"><span style=\"color: #000000\"><strong>Solicita\u00e7\u00f5es de Manuten\u00e7\u00e3o Telef\u00f4nicas<\/strong><\/span><\/h3>\n<p style=\"text-align: justify\">Manuten\u00e7\u00f5es Telef\u00f4nicas s\u00e3o atividades ou servi\u00e7os desenvolvidos com a finalidade de estabelecer o funcionamento de um recurso de telecomunica\u00e7\u00e3o que se encontre paralisado ou com desempenho degradado e, tamb\u00e9m, para orienta\u00e7\u00e3o dos usu\u00e1rios, a fim de esclarecer d\u00favidas relacionadas \u00e0 utiliza\u00e7\u00e3o do servi\u00e7o de telefonia.<\/p>\n<p style=\"text-align: justify\">Todo atendimento ser\u00e1 efetuado por interm\u00e9dio de Ordens de Servi\u00e7o. As solicita\u00e7\u00f5es s\u00e3o geradas atrav\u00e9s do COBALTO no link\u00a0<a href=\"https:\/\/cobalto.ufpel.edu.br\/\">cobalto.ufpel.edu.br<\/a>\u00a0(no COBALTO acesse o menu lateral\u00a0<strong>Infraestrutura).<\/strong><\/p>\n<p style=\"text-align: justify\"><strong>CLIQUE ABAIXO<\/strong> e veja as <a href=\"https:\/\/wp.ufpel.edu.br\/suinfra\/telefonia\/instrucoes-ordens-de-servico-telefonia\/solicitacoes-de-manutencao-de-ramais\/\">orienta\u00e7\u00f5es gerais para abertura de Ordens de Servi\u00e7o<\/a> ou para solicita\u00e7\u00f5es de <a href=\"https:\/\/wp.ufpel.edu.br\/suinfra\/telefonia\/instrucoes-ordens-de-servico-telefonia\/solicitacoes-de-novos-ramais\/\">novos terminais telef\u00f4nicos<\/a>, <a href=\"https:\/\/wp.ufpel.edu.br\/suinfra\/telefonia\/solicitacoes-de-extensoes-telefonicas\/\">extens\u00f5es de telefones<\/a>, <a href=\"https:\/\/wp.ufpel.edu.br\/suinfra\/telefonia\/instrucoes-ordens-de-servico-telefonia\/solicitacao-para-troca-de-categoria-de-discagem\/\">altera\u00e7\u00e3o de categoria de discagem<\/a> e <a href=\"https:\/\/wp.ufpel.edu.br\/suinfra\/telefonia\/instrucoes-ordens-de-servico-telefonia\/silicitacoes-de-mudanca-de-local-de-ramais\/\">troca de local\/endere\u00e7o<\/a>.<\/p>\n<pre style=\"text-align: justify\"><br \/><br \/><span style=\"font-size: 8pt\"><a href=\"https:\/\/wp.ufpel.edu.br\/suinfra\/telefonia\/instrucoes-ordens-de-servico-telefonia\/solicitacoes-de-manutencao-de-ramais\/\"><img class=\"wp-image-5648 alignnone\" src=\"https:\/\/wp.ufpel.edu.br\/suinfra\/files\/2021\/04\/Botao-Orientacao-OS-1-400x94.jpg\" alt=\"\" width=\"212\" height=\"50\" srcset=\"https:\/\/wp.ufpel.edu.br\/suinfra\/files\/2021\/04\/Botao-Orientacao-OS-1-400x94.jpg 400w, https:\/\/wp.ufpel.edu.br\/suinfra\/files\/2021\/04\/Botao-Orientacao-OS-1.jpg 424w\" sizes=\"(max-width: 212px) 100vw, 212px\" \/><\/a><\/span><br \/><br \/><span style=\"font-size: 8pt\"><a href=\"https:\/\/wp.ufpel.edu.br\/suinfra\/telefonia\/instrucoes-ordens-de-servico-telefonia\/solicitacoes-de-novos-ramais\/\"><img class=\"wp-image-5642 alignnone\" src=\"https:\/\/wp.ufpel.edu.br\/suinfra\/files\/2021\/04\/Botao-Orientacao-Novos-Ramais-400x94.jpg\" alt=\"\" width=\"212\" height=\"50\" srcset=\"https:\/\/wp.ufpel.edu.br\/suinfra\/files\/2021\/04\/Botao-Orientacao-Novos-Ramais-400x94.jpg 400w, https:\/\/wp.ufpel.edu.br\/suinfra\/files\/2021\/04\/Botao-Orientacao-Novos-Ramais.jpg 424w\" sizes=\"(max-width: 212px) 100vw, 212px\" \/><\/a><\/span><br \/><br \/><span style=\"font-size: 8pt\"><a href=\"https:\/\/wp.ufpel.edu.br\/suinfra\/telefonia\/instrucoes-ordens-de-servico-telefonia\/solicitacao-para-troca-de-categoria-de-discagem\/\"><img class=\"wp-image-5643 alignnone\" src=\"https:\/\/wp.ufpel.edu.br\/suinfra\/files\/2021\/04\/Botao-Orientacao-Categoria-de-Discagem-1-400x94.jpg\" alt=\"\" width=\"212\" height=\"50\" srcset=\"https:\/\/wp.ufpel.edu.br\/suinfra\/files\/2021\/04\/Botao-Orientacao-Categoria-de-Discagem-1-400x94.jpg 400w, https:\/\/wp.ufpel.edu.br\/suinfra\/files\/2021\/04\/Botao-Orientacao-Categoria-de-Discagem-1.jpg 424w\" sizes=\"(max-width: 212px) 100vw, 212px\" \/><\/a><\/span><br \/><br \/><span style=\"font-size: 8pt\"><a href=\"https:\/\/wp.ufpel.edu.br\/suinfra\/telefonia\/instrucoes-ordens-de-servico-telefonia\/solicitacoes-mudanca-de-local-ramais\/\"><img class=\"wp-image-5644 alignnone\" src=\"https:\/\/wp.ufpel.edu.br\/suinfra\/files\/2021\/04\/Botao-Orientacao-Troca-de-Endereco.jpg\" alt=\"\" width=\"212\" height=\"50\" srcset=\"https:\/\/wp.ufpel.edu.br\/suinfra\/files\/2021\/04\/Botao-Orientacao-Troca-de-Endereco.jpg 424w, https:\/\/wp.ufpel.edu.br\/suinfra\/files\/2021\/04\/Botao-Orientacao-Troca-de-Endereco-400x94.jpg 400w\" sizes=\"(max-width: 212px) 100vw, 212px\" \/><\/a><\/span><br \/><br \/><span style=\"font-size: 8pt\"><a href=\"https:\/\/wp.ufpel.edu.br\/suinfra\/telefonia\/solicitacoes-de-extensoes-telefonicas\/\"><img class=\"wp-image-5645 alignnone\" src=\"https:\/\/wp.ufpel.edu.br\/suinfra\/files\/2021\/04\/Botao-Orientacao-Extensoes.jpg\" alt=\"\" width=\"212\" height=\"50\" srcset=\"https:\/\/wp.ufpel.edu.br\/suinfra\/files\/2021\/04\/Botao-Orientacao-Extensoes.jpg 424w, https:\/\/wp.ufpel.edu.br\/suinfra\/files\/2021\/04\/Botao-Orientacao-Extensoes-400x94.jpg 400w\" sizes=\"(max-width: 212px) 100vw, 212px\" \/><\/a><\/span><br \/><br \/><span style=\"font-family: Georgia, serif;font-size: inherit;text-align: justify\">______________________<\/span><\/pre>\n<div>\u00a0<\/div>\n<div class=\"sharedaddy sd-sharing-enabled\" style=\"text-align: justify\">Abaixo temos o fluxograma de como as OS s\u00e3o tratadas pela Unidade de Telefonia:<\/div>\n<p>\u00a0<\/p>\n<p><a href=\"https:\/\/wp.ufpel.edu.br\/suinfra\/files\/2018\/01\/Fluxograma-Registro-OS.jpg\"><img class=\"aligncenter wp-image-3060 size-full\" src=\"https:\/\/wp.ufpel.edu.br\/suinfra\/files\/2018\/01\/Fluxograma-Registro-OS.jpg\" alt=\"\" width=\"613\" height=\"970\" srcset=\"https:\/\/wp.ufpel.edu.br\/suinfra\/files\/2018\/01\/Fluxograma-Registro-OS.jpg 613w, https:\/\/wp.ufpel.edu.br\/suinfra\/files\/2018\/01\/Fluxograma-Registro-OS-253x400.jpg 253w\" sizes=\"(max-width: 613px) 100vw, 613px\" \/><\/a><\/p>\n<p>\u00a0<\/p>\n\n\n<hr class=\"wp-block-separator is-style-wide\" \/>\n\n\n\n<h4 class=\"wp-block-heading\"><strong>UNIDADE DE TELEFONIA &#8211; UTEL<\/strong><\/h4>\n\n\n\n<p><strong>Pelotas<\/strong><br>Rua Gomes Carneiro, 01 -Campus Anglo, Bloco A, 3\u00b0 andar, Sala 305<br>Telefone:&nbsp;+55 (53)&nbsp;3284-3913<\/p>\n\n\n\n<p><strong>Cap\u00e3o do Le\u00e3o<\/strong><br>Avenida Eliseu Maciel \u2013 Campus Cap\u00e3o do Le\u00e3o,&nbsp;Pr\u00e9dio 08<br>Telefone:&nbsp;+55 (53)&nbsp;3275-7301<\/p>\n\n\n\n<h5 class=\"wp-block-heading\"><strong>E-mail: telefonia@ufpel.edu.br<\/strong><\/h5>\n","protected":false},"excerpt":{"rendered":"<p>Solicita\u00e7\u00f5es de Manuten\u00e7\u00e3o Telef\u00f4nicas Manuten\u00e7\u00f5es Telef\u00f4nicas s\u00e3o atividades ou servi\u00e7os desenvolvidos com a finalidade de estabelecer o funcionamento de um recurso de telecomunica\u00e7\u00e3o que se encontre paralisado ou com desempenho degradado e, tamb\u00e9m, para orienta\u00e7\u00e3o dos usu\u00e1rios, a fim de esclarecer d\u00favidas relacionadas \u00e0 utiliza\u00e7\u00e3o do servi\u00e7o de telefonia. Todo atendimento ser\u00e1 efetuado por interm\u00e9dio [&hellip;]<\/p>\n","protected":false},"author":791,"featured_media":0,"parent":2979,"menu_order":0,"comment_status":"closed","ping_status":"closed","template":"","meta":{"footnotes":""},"class_list":["post-3058","page","type-page","status-publish","hentry"],"_links":{"self":[{"href":"https:\/\/wp.ufpel.edu.br\/suinfra\/wp-json\/wp\/v2\/pages\/3058","targetHints":{"allow":["GET"]}}],"collection":[{"href":"https:\/\/wp.ufpel.edu.br\/suinfra\/wp-json\/wp\/v2\/pages"}],"about":[{"href":"https:\/\/wp.ufpel.edu.br\/suinfra\/wp-json\/wp\/v2\/types\/page"}],"author":[{"embeddable":true,"href":"https:\/\/wp.ufpel.edu.br\/suinfra\/wp-json\/wp\/v2\/users\/791"}],"replies":[{"embeddable":true,"href":"https:\/\/wp.ufpel.edu.br\/suinfra\/wp-json\/wp\/v2\/comments?post=3058"}],"version-history":[{"count":24,"href":"https:\/\/wp.ufpel.edu.br\/suinfra\/wp-json\/wp\/v2\/pages\/3058\/revisions"}],"predecessor-version":[{"id":5800,"href":"https:\/\/wp.ufpel.edu.br\/suinfra\/wp-json\/wp\/v2\/pages\/3058\/revisions\/5800"}],"up":[{"embeddable":true,"href":"https:\/\/wp.ufpel.edu.br\/suinfra\/wp-json\/wp\/v2\/pages\/2979"}],"wp:attachment":[{"href":"https:\/\/wp.ufpel.edu.br\/suinfra\/wp-json\/wp\/v2\/media?parent=3058"}],"curies":[{"name":"wp","href":"https:\/\/api.w.org\/{rel}","templated":true}]}}