{"id":3033,"date":"2018-01-11T14:43:38","date_gmt":"2018-01-11T16:43:38","guid":{"rendered":"https:\/\/wp.ufpel.edu.br\/suinfra\/?page_id=3033"},"modified":"2021-04-13T11:19:00","modified_gmt":"2021-04-13T14:19:00","slug":"orientacao-para-realizar-chamadas-interurbanas","status":"publish","type":"page","link":"https:\/\/wp.ufpel.edu.br\/suinfra\/telefonia\/orientacoes-de-discagem\/orientacao-para-realizar-chamadas-interurbanas\/","title":{"rendered":"Orienta\u00e7\u00e3o para realizar chamadas interurbanas"},"content":{"rendered":"<p style=\"text-align: justify\">A Unidade de Telefonia informa aos usu\u00e1rios de telefone da Universidade sobre a correta opera\u00e7\u00e3o para chamadas interurbanas.<br \/>Nas unidades atendidas por centrais telef\u00f4nicas, entre elas o Campus Cap\u00e3o do Le\u00e3o, o Campus Anglo, o Campus Porto, ICH, Centro de Artes, FAUrb, CEng, Odontologia, ALM e locais que possuem ramais VoIP (<strong>n\u00fameros dentro das faixas 3260-2750\/2899, 3275-7000\/7699, 3284-1600\/1799,\u00a0 3284-3100\/3549, 3284-3800\/4199, 3284-4300\/4399 e 3284-5500\/5549<\/strong>) para efetuar liga\u00e7\u00f5es interurbanas, os usu\u00e1rios <strong>n\u00e3o dever\u00e3o digitar o c\u00f3digo da operadora<\/strong>, sendo este atribu\u00eddo automaticamente pela central, de forma a obter tarifas mais baratas. Assim, o usu\u00e1rio, ap\u00f3s retirar o telefone do gancho, dever\u00e1 digitar <strong>0<\/strong> (zero) para a libera\u00e7\u00e3o da linha e em seguida <strong>0<\/strong> (zero), o <strong>c\u00f3digo DDD<\/strong> e o<strong> n\u00famero do telefone desejado<\/strong>, como por exemplo: <strong>0 + 0 51 32329999<\/strong>.<br \/>J\u00e1 no caso das outras unidades, n\u00e3o atendidas por estas centrais, o usu\u00e1rio dever\u00e1 utilizar o c\u00f3digo 14, da operadora Oi, empresa que atualmente possui contrato para presta\u00e7\u00e3o de servi\u00e7os de telefonia fixa com a UFPel.<\/p>\n<p style=\"text-align: justify\">Em caso de d\u00favidas, entrar em contato com a Unidade de Telefonia atrav\u00e9s dos n\u00fameros 32843913 e 32757301, ou ainda pelo e-mail <em>telefonia@ufpel.edu.br<\/em>.<\/p>\n<p style=\"text-align: left\">Memorando circular\u00a0n\u00ba 4\/2018\/SUINFRA\/PRA\/REITORIA:<\/p>\n<p style=\"text-align: left\"><a href=\"https:\/\/wp.ufpel.edu.br\/suinfra\/files\/2018\/08\/SEI_UFPel-0233193-Memorando-Circular.pdf\">SEI_UFPel &#8211; 0233193 &#8211; Memorando-Circular<\/a><\/p>\n<p>\u00a0<\/p>\n<p><!-- \/wp:post-content --><\/p>\n\n<!-- wp:separator {\"className\":\"is-style-wide\"} -->\n<hr class=\"wp-block-separator is-style-wide\" \/>\n<!-- \/wp:separator -->\n\n<!-- wp:heading {\"level\":4} -->\n<h4><strong>UNIDADE DE TELEFONIA &#8211; UTEL<\/strong><\/h4>\n<!-- \/wp:heading -->\n\n<!-- wp:paragraph -->\n<p><strong>Pelotas<\/strong><br>Rua Gomes Carneiro, 01 -Campus Anglo, Bloco A, 3\u00b0 andar, Sala 305<br>Telefone:&nbsp;+55 (53)&nbsp;3284-3913<\/p>\n<!-- \/wp:paragraph -->\n\n<!-- wp:paragraph -->\n<p><strong>Cap\u00e3o do Le\u00e3o<\/strong><br>Avenida Eliseu Maciel \u2013 Campus Cap\u00e3o do Le\u00e3o,&nbsp;Pr\u00e9dio 08<br>Telefone:&nbsp;+55 (53)&nbsp;3275-7301<\/p>\n<!-- \/wp:paragraph -->\n\n<!-- wp:heading {\"level\":5} -->\n<h5><strong>E-mail: telefonia@ufpel.edu.br<\/strong><\/h5>\n<!-- \/wp:heading -->","protected":false},"excerpt":{"rendered":"<p>A Unidade de Telefonia informa aos usu\u00e1rios de telefone da Universidade sobre a correta opera\u00e7\u00e3o para chamadas interurbanas.Nas unidades atendidas por centrais telef\u00f4nicas, entre elas o Campus Cap\u00e3o do Le\u00e3o, o Campus Anglo, o Campus Porto, ICH, Centro de Artes, FAUrb, CEng, Odontologia, ALM e locais que possuem ramais VoIP (n\u00fameros dentro das faixas 3260-2750\/2899, [&hellip;]<\/p>\n","protected":false},"author":791,"featured_media":0,"parent":5613,"menu_order":0,"comment_status":"closed","ping_status":"closed","template":"","meta":{"footnotes":""},"class_list":["post-3033","page","type-page","status-publish","hentry"],"_links":{"self":[{"href":"https:\/\/wp.ufpel.edu.br\/suinfra\/wp-json\/wp\/v2\/pages\/3033","targetHints":{"allow":["GET"]}}],"collection":[{"href":"https:\/\/wp.ufpel.edu.br\/suinfra\/wp-json\/wp\/v2\/pages"}],"about":[{"href":"https:\/\/wp.ufpel.edu.br\/suinfra\/wp-json\/wp\/v2\/types\/page"}],"author":[{"embeddable":true,"href":"https:\/\/wp.ufpel.edu.br\/suinfra\/wp-json\/wp\/v2\/users\/791"}],"replies":[{"embeddable":true,"href":"https:\/\/wp.ufpel.edu.br\/suinfra\/wp-json\/wp\/v2\/comments?post=3033"}],"version-history":[{"count":12,"href":"https:\/\/wp.ufpel.edu.br\/suinfra\/wp-json\/wp\/v2\/pages\/3033\/revisions"}],"predecessor-version":[{"id":5819,"href":"https:\/\/wp.ufpel.edu.br\/suinfra\/wp-json\/wp\/v2\/pages\/3033\/revisions\/5819"}],"up":[{"embeddable":true,"href":"https:\/\/wp.ufpel.edu.br\/suinfra\/wp-json\/wp\/v2\/pages\/5613"}],"wp:attachment":[{"href":"https:\/\/wp.ufpel.edu.br\/suinfra\/wp-json\/wp\/v2\/media?parent=3033"}],"curies":[{"name":"wp","href":"https:\/\/api.w.org\/{rel}","templated":true}]}}