{"id":2979,"date":"2017-11-01T09:06:49","date_gmt":"2017-11-01T11:06:49","guid":{"rendered":"https:\/\/wp.ufpel.edu.br\/suinfra\/?page_id=2979"},"modified":"2022-08-09T13:36:47","modified_gmt":"2022-08-09T16:36:47","slug":"telefonia","status":"publish","type":"page","link":"https:\/\/wp.ufpel.edu.br\/suinfra\/telefonia\/","title":{"rendered":"Telefonia"},"content":{"rendered":"\n<div class=\"wp-block-media-text alignwide is-stacked-on-mobile\" style=\"grid-template-columns:40% auto\"><figure class=\"wp-block-media-text__media\"><img width=\"1024\" height=\"800\" src=\"https:\/\/wp.ufpel.edu.br\/suinfra\/files\/2021\/04\/UTEL_UFPEL-1-1024x800.jpg\" alt=\"\" class=\"wp-image-5595 size-full\" srcset=\"https:\/\/wp.ufpel.edu.br\/suinfra\/files\/2021\/04\/UTEL_UFPEL-1-1024x800.jpg 1024w, https:\/\/wp.ufpel.edu.br\/suinfra\/files\/2021\/04\/UTEL_UFPEL-1-400x312.jpg 400w, https:\/\/wp.ufpel.edu.br\/suinfra\/files\/2021\/04\/UTEL_UFPEL-1.jpg 1484w\" sizes=\"(max-width: 1024px) 100vw, 1024px\" \/><\/figure><div class=\"wp-block-media-text__content\">\n<p class=\"has-black-color has-text-color has-regular-font-size\"><strong>Unidade de Telefonia &#8211; UTEL<\/strong><br>Vitor Goetzke (Chefe da Unidade)<br>Renata Campos Almeida (apoio da CGM)<br>Nathalia Mendes Brandt<br>Marco Aur\u00e9lio Nunes Goularte<\/p>\n\n\n\n<p class=\"has-black-color has-text-color has-regular-font-size\">Endere\u00e7o: Rua Gomes Carneiro, 01, Sala 305, 3\u00ba Andar<br>Bloco A, Campus Anglo,&nbsp;Centro, Pelotas-RS, CEP 96010-610<\/p>\n\n\n\n<p class=\"has-black-color has-text-color has-regular-font-size\">Telefone: +55 (53) 3284-3913<br>E-mail: telefonia@ufpel.edu.br<\/p>\n<\/div><\/div>\n\n\n\n<p class=\"has-black-color has-text-color\">A Unidade de Telefonia tem objetivo de realizar a gest\u00e3o da planta de telefonia, executando atividades que est\u00e3o resultando em uma significativa redu\u00e7\u00e3o nos gastos, al\u00e9m de implementa\u00e7\u00e3o de novos equipamentos e tecnologias para melhoria da infraestrutura de telecomunica\u00e7\u00f5es da UFPel.<\/p>\n\n\n\n<p class=\"has-black-color has-text-color\"><strong>Possui como principais atribui\u00e7\u00f5es:<\/strong><\/p>\n\n\n\n<p class=\"has-black-color has-text-color\">&#8211; <strong>Gest\u00e3o de Manuten\u00e7\u00e3o<\/strong>, efetuando o controle das Ordens de Servi\u00e7o (OS), elaborando planejamento para executar o atendimento das solicita\u00e7\u00f5es de manuten\u00e7\u00e3o e de manuten\u00e7\u00f5es preventivas. Tamb\u00e9m ser\u00e1 respons\u00e1vel pelo registro dos servi\u00e7os executados, bem como controle de material e de ferramentas.<\/p>\n\n\n\n<p class=\"has-black-color has-text-color\">&#8211;&nbsp;<strong>Gest\u00e3o da Planta de telefonia<\/strong>, garantindo a documenta\u00e7\u00e3o adequada para dar suporte aos processos de opera\u00e7\u00e3o e manuten\u00e7\u00e3o, permitindo uma vis\u00e3o de topologia e roteamento de tr\u00e1fego.<\/p>\n\n\n\n<p class=\"has-black-color has-text-color\"><strong>&#8211; Gest\u00e3o de Tr\u00e1fego e Desempenho, <\/strong>buscando observar, medir e adequar a an\u00e1lise do tr\u00e1fego com o objetivo de garantir que os meios necess\u00e1rios para o escoamento de liga\u00e7\u00f5es estejam dispon\u00edveis, buscando agir de forma proativa na solu\u00e7\u00e3o dos problemas que eventualmente venham a ser detectados nestas an\u00e1lises.<\/p>\n\n\n\n<p class=\"has-black-color has-text-color\"><strong>&#8211; Gest\u00e3o de Custos,<\/strong> visando manter controle, dar visibilidade e monitorar contratos de telefonia, possibilitando a\u00e7\u00f5es para controle e redu\u00e7\u00e3o de custos.<\/p>\n\n\n\n<p class=\"has-black-color has-text-color\"><strong>&#8211; Planejamento de Telecomunica\u00e7\u00f5es<\/strong>, de uma forma geral, com base em todos os aspectos mencionados acima, visa ter uma vis\u00e3o de curto e m\u00e9dio prazo relativa \u00e0 planta, servi\u00e7os, atualiza\u00e7\u00f5es, substitui\u00e7\u00e3o, aquisi\u00e7\u00e3o de equipamentos e servi\u00e7os.<\/p>\n\n\n\n<div class=\"wp-block-image\"><figure class=\"aligncenter size-large is-resized\"><img src=\"https:\/\/wp.ufpel.edu.br\/suinfra\/files\/2021\/04\/Estrutura-UTEL-888x1024.jpg\" alt=\"\" class=\"wp-image-5774\" width=\"224\" height=\"257\" srcset=\"https:\/\/wp.ufpel.edu.br\/suinfra\/files\/2021\/04\/Estrutura-UTEL-888x1024.jpg 888w, https:\/\/wp.ufpel.edu.br\/suinfra\/files\/2021\/04\/Estrutura-UTEL-347x400.jpg 347w, https:\/\/wp.ufpel.edu.br\/suinfra\/files\/2021\/04\/Estrutura-UTEL-1333x1536.jpg 1333w, https:\/\/wp.ufpel.edu.br\/suinfra\/files\/2021\/04\/Estrutura-UTEL-1777x2048.jpg 1777w\" sizes=\"(max-width: 224px) 100vw, 224px\" \/><figcaption><strong><span class=\"has-inline-color has-black-color\">Estrutura Unidade de Telefonia<\/span><\/strong><\/figcaption><\/figure><\/div>\n\n\n\n<hr class=\"wp-block-separator is-style-wide\"\/>\n\n\n\n<div class=\"wp-block-group\"><div class=\"wp-block-group__inner-container is-layout-flow wp-block-group-is-layout-flow\">\n<h4 class=\"has-black-color has-text-color wp-block-heading\"><strong>UNIDADE DE TELEFONIA &#8211; UTEL<\/strong><\/h4>\n\n\n\n<p class=\"has-black-color has-text-color\"><strong>Pelotas<\/strong><br>Rua Gomes Carneiro, 01 -Campus Anglo, Bloco A, 3\u00b0 andar, Sala 305<br>Telefone:&nbsp;+55 (53)&nbsp;3284-3913<\/p>\n\n\n\n<p class=\"has-black-color has-text-color\"><strong>E-mail: telefonia@ufpel.edu.br<\/strong><\/p>\n<\/div><\/div>\n\n\n\n<p><\/p>\n","protected":false},"excerpt":{"rendered":"<p>Unidade de Telefonia &#8211; UTELVitor Goetzke (Chefe da Unidade)Renata Campos Almeida (apoio da CGM)Nathalia Mendes BrandtMarco Aur\u00e9lio Nunes Goularte Endere\u00e7o: Rua Gomes Carneiro, 01, Sala 305, 3\u00ba AndarBloco A, Campus Anglo,&nbsp;Centro, Pelotas-RS, CEP 96010-610 Telefone: +55 (53) 3284-3913E-mail: telefonia@ufpel.edu.br A Unidade de Telefonia tem objetivo de realizar a gest\u00e3o da planta de telefonia, executando atividades [&hellip;]<\/p>\n","protected":false},"author":788,"featured_media":0,"parent":0,"menu_order":0,"comment_status":"closed","ping_status":"closed","template":"page-sem-sidebar.php","meta":{"footnotes":""},"class_list":["post-2979","page","type-page","status-publish","hentry"],"_links":{"self":[{"href":"https:\/\/wp.ufpel.edu.br\/suinfra\/wp-json\/wp\/v2\/pages\/2979","targetHints":{"allow":["GET"]}}],"collection":[{"href":"https:\/\/wp.ufpel.edu.br\/suinfra\/wp-json\/wp\/v2\/pages"}],"about":[{"href":"https:\/\/wp.ufpel.edu.br\/suinfra\/wp-json\/wp\/v2\/types\/page"}],"author":[{"embeddable":true,"href":"https:\/\/wp.ufpel.edu.br\/suinfra\/wp-json\/wp\/v2\/users\/788"}],"replies":[{"embeddable":true,"href":"https:\/\/wp.ufpel.edu.br\/suinfra\/wp-json\/wp\/v2\/comments?post=2979"}],"version-history":[{"count":48,"href":"https:\/\/wp.ufpel.edu.br\/suinfra\/wp-json\/wp\/v2\/pages\/2979\/revisions"}],"predecessor-version":[{"id":5965,"href":"https:\/\/wp.ufpel.edu.br\/suinfra\/wp-json\/wp\/v2\/pages\/2979\/revisions\/5965"}],"wp:attachment":[{"href":"https:\/\/wp.ufpel.edu.br\/suinfra\/wp-json\/wp\/v2\/media?parent=2979"}],"curies":[{"name":"wp","href":"https:\/\/api.w.org\/{rel}","templated":true}]}}