{"id":1344,"date":"2015-03-30T10:49:27","date_gmt":"2015-03-30T13:49:27","guid":{"rendered":"https:\/\/wp.ufpel.edu.br\/prainfra\/?page_id=1344"},"modified":"2021-05-17T11:45:56","modified_gmt":"2021-05-17T14:45:56","slug":"seguranca","status":"publish","type":"page","link":"https:\/\/wp.ufpel.edu.br\/suinfra\/seguranca\/","title":{"rendered":"N\u00facleo de Seguran\u00e7a"},"content":{"rendered":"<p><span style=\"color: #333333\"><span style=\"color: #000000\">Luiz Fernando Vianna Beck (Chefe do N\u00facleo)<\/span><\/span><\/p>\n<p><span style=\"color: #333333\"><span style=\"color: #000000\">\u00a0Anderson Ferreira Rodrigues (Assessor do N\u00facleo)<\/span><\/span><\/p>\n<p><span style=\"color: #808080\">Rua Gomes Carneiro, 01 &#8211; \u00a0sala 301 A \u2013 Bairro Centro \u2013 Pelotas\/RS \u2013\u00a0CEP 96010-610<\/span><br \/>\n<span style=\"color: #333333\"><span style=\"color: #808080\">E-mail: seguranca@ufpel.edu.br<\/span><br \/>\n<span style=\"color: #808080\">Telefone: +55 (53) 3284-3906<\/span><br \/>\n<\/span><\/p>\n<p>Memorandos Circulares que orientam em rela\u00e7\u00e3o ao acesso aos pr\u00e9dios da UFPel fora de hor\u00e1rio de expediente e em rela\u00e7\u00e3o a ocorr\u00eancias:<a href=\"https:\/\/wp.ufpel.edu.br\/suinfra\/formularios-de-acesso-aos-predios-da-ufpel-e-ocorrencias-furto-e-ou-roubo\/\">Acesse aqui.<\/a><\/p>\n","protected":false},"excerpt":{"rendered":"<p>Luiz Fernando Vianna Beck (Chefe do N\u00facleo) \u00a0Anderson Ferreira Rodrigues (Assessor do N\u00facleo) Rua Gomes Carneiro, 01 &#8211; \u00a0sala 301 A \u2013 Bairro Centro \u2013 Pelotas\/RS \u2013\u00a0CEP 96010-610 E-mail: seguranca@ufpel.edu.br Telefone: +55 (53) 3284-3906 Memorandos Circulares que orientam em rela\u00e7\u00e3o ao acesso aos pr\u00e9dios da UFPel fora de hor\u00e1rio de expediente e em rela\u00e7\u00e3o a [&hellip;]<\/p>\n","protected":false},"author":41,"featured_media":0,"parent":0,"menu_order":4,"comment_status":"closed","ping_status":"closed","template":"","meta":{"footnotes":""},"class_list":["post-1344","page","type-page","status-publish","hentry"],"_links":{"self":[{"href":"https:\/\/wp.ufpel.edu.br\/suinfra\/wp-json\/wp\/v2\/pages\/1344","targetHints":{"allow":["GET"]}}],"collection":[{"href":"https:\/\/wp.ufpel.edu.br\/suinfra\/wp-json\/wp\/v2\/pages"}],"about":[{"href":"https:\/\/wp.ufpel.edu.br\/suinfra\/wp-json\/wp\/v2\/types\/page"}],"author":[{"embeddable":true,"href":"https:\/\/wp.ufpel.edu.br\/suinfra\/wp-json\/wp\/v2\/users\/41"}],"replies":[{"embeddable":true,"href":"https:\/\/wp.ufpel.edu.br\/suinfra\/wp-json\/wp\/v2\/comments?post=1344"}],"version-history":[{"count":27,"href":"https:\/\/wp.ufpel.edu.br\/suinfra\/wp-json\/wp\/v2\/pages\/1344\/revisions"}],"predecessor-version":[{"id":5837,"href":"https:\/\/wp.ufpel.edu.br\/suinfra\/wp-json\/wp\/v2\/pages\/1344\/revisions\/5837"}],"wp:attachment":[{"href":"https:\/\/wp.ufpel.edu.br\/suinfra\/wp-json\/wp\/v2\/media?parent=1344"}],"curies":[{"name":"wp","href":"https:\/\/api.w.org\/{rel}","templated":true}]}}