{"id":1332,"date":"2015-03-27T13:39:50","date_gmt":"2015-03-27T16:39:50","guid":{"rendered":"https:\/\/wp.ufpel.edu.br\/prainfra\/?page_id=1332"},"modified":"2021-05-17T11:51:13","modified_gmt":"2021-05-17T14:51:13","slug":"manutencao","status":"publish","type":"page","link":"https:\/\/wp.ufpel.edu.br\/suinfra\/manutencao\/","title":{"rendered":"Coordena\u00e7\u00e3o Geral de Manuten\u00e7\u00e3o"},"content":{"rendered":"<p><span style=\"color: #000000\"><strong>COORDENA\u00c7\u00c3O GERAL DE MANUTEN\u00c7\u00c3O (CGM)<\/strong><\/span><br \/>\n<span style=\"color: #000000\">Rodrigo Heling Ferreira (Coordenador)<\/span><br \/>\nRua Gomes Carneiro, 01 \u2013 Campus Anglo, P\u00f3rtico de Entrada<br \/>\nE-mail: manuten\u00e7\u00e3o@ufpel.edu.br<br \/>\nTelefone: +55 (53) 3284-3910<\/p>\n<p style=\"padding-left: 30px\"><strong><span style=\"color: #000000\">Unidade de Telefonia (UTEL)\u00a0| Sala: 305<\/span><br \/>\n<\/strong>Rua Gomes Carneiro, 01 -Campus Anglo, Bloco A, 3\u00b0 andar, Sala 305<br \/>\nE-mail: telefonia@ufpel.edu.br<br \/>\nTelefone:\u00a0+55 (53)\u00a03284-3913<\/p>\n<p style=\"padding-left: 30px\"><span style=\"color: #000000\"><strong>Se\u00e7\u00e3o de Manut. do Campus Cap\u00e3o do Le\u00e3o (SMCL)<br \/>\n<\/strong>Flavio Ricardo Kaster Hardtke<strong>\u00a0<\/strong>(Chefe de Se\u00e7\u00e3o)<\/span><strong><br \/>\n<\/strong>Avenida Eliseu Maciel &#8211; Campus Cap\u00e3o do Le\u00e3o,\u00a0Pr\u00e9dio 27<br \/>\nEmail:\u00a0manutencaocapao@ufpel.edu.br<br \/>\nTelefone:\u00a0(53) 3275-7222 | (53) 3275-7563<\/p>\n<p style=\"padding-left: 30px\"><span style=\"color: #000000\"><strong>Se\u00e7\u00e3o de Manuten\u00e7\u00e3o dos Campi Pelotas (SMPEL)<br \/>\n<\/strong>Cl\u00e1udio Luis Moura da Silva (Chefe de Se\u00e7\u00e3o)<\/span><strong><br \/>\n<\/strong>Rua Gomes Carneiro, 01 &#8211; Campus Anglo, P\u00f3rtico de Entrada<br \/>\nEmail: manutencaopelotas@ufpel.edu.br<br \/>\nTelefone:\u00a0+55 (53) 3284-3910<\/p>\n","protected":false},"excerpt":{"rendered":"<p>COORDENA\u00c7\u00c3O GERAL DE MANUTEN\u00c7\u00c3O (CGM) Rodrigo Heling Ferreira (Coordenador) Rua Gomes Carneiro, 01 \u2013 Campus Anglo, P\u00f3rtico de Entrada E-mail: manuten\u00e7\u00e3o@ufpel.edu.br Telefone: +55 (53) 3284-3910 Unidade de Telefonia (UTEL)\u00a0| Sala: 305 Rua Gomes Carneiro, 01 -Campus Anglo, Bloco A, 3\u00b0 andar, Sala 305 E-mail: telefonia@ufpel.edu.br Telefone:\u00a0+55 (53)\u00a03284-3913 Se\u00e7\u00e3o de Manut. do Campus Cap\u00e3o do Le\u00e3o [&hellip;]<\/p>\n","protected":false},"author":41,"featured_media":0,"parent":0,"menu_order":6,"comment_status":"closed","ping_status":"closed","template":"","meta":{"footnotes":""},"class_list":["post-1332","page","type-page","status-publish","hentry"],"_links":{"self":[{"href":"https:\/\/wp.ufpel.edu.br\/suinfra\/wp-json\/wp\/v2\/pages\/1332","targetHints":{"allow":["GET"]}}],"collection":[{"href":"https:\/\/wp.ufpel.edu.br\/suinfra\/wp-json\/wp\/v2\/pages"}],"about":[{"href":"https:\/\/wp.ufpel.edu.br\/suinfra\/wp-json\/wp\/v2\/types\/page"}],"author":[{"embeddable":true,"href":"https:\/\/wp.ufpel.edu.br\/suinfra\/wp-json\/wp\/v2\/users\/41"}],"replies":[{"embeddable":true,"href":"https:\/\/wp.ufpel.edu.br\/suinfra\/wp-json\/wp\/v2\/comments?post=1332"}],"version-history":[{"count":14,"href":"https:\/\/wp.ufpel.edu.br\/suinfra\/wp-json\/wp\/v2\/pages\/1332\/revisions"}],"predecessor-version":[{"id":5839,"href":"https:\/\/wp.ufpel.edu.br\/suinfra\/wp-json\/wp\/v2\/pages\/1332\/revisions\/5839"}],"wp:attachment":[{"href":"https:\/\/wp.ufpel.edu.br\/suinfra\/wp-json\/wp\/v2\/media?parent=1332"}],"curies":[{"name":"wp","href":"https:\/\/api.w.org\/{rel}","templated":true}]}}