{"id":89,"date":"2022-07-16T17:53:08","date_gmt":"2022-07-16T20:53:08","guid":{"rendered":"https:\/\/wp.ufpel.edu.br\/spmav\/?page_id=89"},"modified":"2022-10-01T17:09:14","modified_gmt":"2022-10-01T20:09:14","slug":"festival-de-videos-spmav","status":"publish","type":"page","link":"https:\/\/wp.ufpel.edu.br\/spmav\/festival-de-videos-spmav\/","title":{"rendered":"IV FIVA SPMAV"},"content":{"rendered":"\n<p class=\"has-text-align-justify\">O 4. Festival Internacional de Videoarte do Semin\u00e1rio de Pesquisa do Mestrado em Artes Visuais &#8211; FIVA SPMAV 2022, \u00e9 uma a\u00e7\u00e3o cultural extensionista de internacionaliza\u00e7\u00e3o vinculada ao Programa de P\u00f3s-Gradua\u00e7\u00e3o em Artes Visuais (PPGAVI\/UFPel), que acontece anualmente gra\u00e7as ao trabalho da comunidade acad\u00eamica e t\u00e9cnica do PPG e \u00e0 colabora\u00e7\u00e3o de profissionais nacionais e internacionais do campo da Arte. O festival \u00e9 realizado por meio de uma convocat\u00f3ria internacional e da atua\u00e7\u00e3o de comiss\u00f5es avaliadoras convidadas, contando este ano com a participa\u00e7\u00e3o das profissionais: Ana Langone (Brasil), Ana Maio (Brasil), Cristina P\u00f3sleman (Argentina), Fabricia Jord\u00e3o (Brasil), e Mayra Huerta Jim\u00e9nez (M\u00e9xico). A mostra do FIVA SPMAV 2022 \u00e9 apresentada de forma h\u00edbrida, com transmiss\u00e3o em ambiente virtual e com exibi\u00e7\u00f5es e proje\u00e7\u00f5es no Museu de Arte Leopoldo Gotuzzo, ocupando seu espa\u00e7o expositivo interno e sua fachada.<\/p>\n\n\n\n<p><\/p>\n\n\n\n<p><\/p>\n\n\n\n<hr class=\"wp-block-separator has-alpha-channel-opacity has-cool-to-warm-spectrum-gradient-background has-background is-style-wide\"\/>\n\n\n\n<hr class=\"wp-block-separator has-alpha-channel-opacity has-cool-to-warm-spectrum-gradient-background has-background is-style-wide\"\/>\n\n\n\n<p class=\"has-text-align-center has-white-color has-text-color has-medium-font-size\">PROGRAMA\u00c7\u00c3O<\/p>\n\n\n\n<p class=\"has-white-color has-text-color has-small-font-size\">4 a 7 de outubro no espa\u00e7o expositivo do Museu de Arte Leopoldo Gotuzzo &#8211; MALG<\/p>\n\n\n\n<p class=\"has-white-color has-text-color has-small-font-size\">4 a 6 de outubro das 19h as 21h proje\u00e7\u00e3o na fachada do Museu de Arte Leopoldo Gotuzzo &#8211; MALG<\/p>\n\n\n\n<p class=\"has-white-color has-text-color\">4 a 6 de outubro das 19 as 21h transmiss\u00e3o pelo canal do youtube do FIVA: <a href=\"https:\/\/www.youtube.com\/channel\/UC24gcg5ngn2MWlxEa6bb63A\">https:\/\/www.youtube.com\/channel\/UC24gcg5ngn2MWlxEa6bb63A<\/a><\/p>\n\n\n\n<hr class=\"wp-block-separator has-alpha-channel-opacity has-cool-to-warm-spectrum-gradient-background has-background is-style-wide\"\/>\n\n\n\n<hr class=\"wp-block-separator has-alpha-channel-opacity has-cool-to-warm-spectrum-gradient-background has-background is-style-wide\"\/>\n\n\n\n<p><\/p>\n\n\n\n<p><\/p>\n\n\n\n<p><\/p>\n\n\n\n<p><strong>COMISS\u00c3O AVALIADORA<\/strong><\/p>\n\n\n\n<div class=\"wp-block-group\"><div class=\"wp-block-group__inner-container is-layout-flow wp-block-group-is-layout-flow\">\n<div class=\"wp-block-group\"><div class=\"wp-block-group__inner-container is-layout-flow wp-block-group-is-layout-flow\">\n<div class=\"wp-block-columns is-layout-flex wp-container-core-columns-is-layout-9d6595d7 wp-block-columns-is-layout-flex\">\n<div class=\"wp-block-column is-layout-flow wp-block-column-is-layout-flow\">\n<div class=\"wp-block-group\"><div class=\"wp-block-group__inner-container is-layout-flow wp-block-group-is-layout-flow\">\n<div class=\"wp-block-group\"><div class=\"wp-block-group__inner-container is-layout-flow wp-block-group-is-layout-flow\">\n<figure class=\"wp-block-image size-large\"><img data-recalc-dims=\"1\" loading=\"lazy\" decoding=\"async\" width=\"584\" height=\"584\" data-attachment-id=\"2293\" data-permalink=\"https:\/\/wp.ufpel.edu.br\/spmav\/festival-de-videos-spmav\/comissao-avaliadora4-7\/\" data-orig-file=\"https:\/\/i0.wp.com\/wp.ufpel.edu.br\/spmav\/files\/2022\/09\/comissao-avaliadora4-7.jpg?fit=2250%2C2250&amp;ssl=1\" data-orig-size=\"2250,2250\" data-comments-opened=\"0\" data-image-meta=\"{&quot;aperture&quot;:&quot;0&quot;,&quot;credit&quot;:&quot;&quot;,&quot;camera&quot;:&quot;&quot;,&quot;caption&quot;:&quot;&quot;,&quot;created_timestamp&quot;:&quot;0&quot;,&quot;copyright&quot;:&quot;&quot;,&quot;focal_length&quot;:&quot;0&quot;,&quot;iso&quot;:&quot;0&quot;,&quot;shutter_speed&quot;:&quot;0&quot;,&quot;title&quot;:&quot;&quot;,&quot;orientation&quot;:&quot;0&quot;}\" data-image-title=\"comissao-avaliadora4-7\" data-image-description=\"\" data-image-caption=\"\" data-medium-file=\"https:\/\/i0.wp.com\/wp.ufpel.edu.br\/spmav\/files\/2022\/09\/comissao-avaliadora4-7.jpg?fit=400%2C400&amp;ssl=1\" data-large-file=\"https:\/\/i0.wp.com\/wp.ufpel.edu.br\/spmav\/files\/2022\/09\/comissao-avaliadora4-7.jpg?fit=584%2C584&amp;ssl=1\" src=\"https:\/\/i0.wp.com\/wp.ufpel.edu.br\/spmav\/files\/2022\/09\/comissao-avaliadora4-7.jpg?resize=584%2C584&#038;ssl=1\" alt=\"\" class=\"wp-image-2293\" srcset=\"https:\/\/i0.wp.com\/wp.ufpel.edu.br\/spmav\/files\/2022\/09\/comissao-avaliadora4-7.jpg?resize=1024%2C1024&amp;ssl=1 1024w, https:\/\/i0.wp.com\/wp.ufpel.edu.br\/spmav\/files\/2022\/09\/comissao-avaliadora4-7.jpg?resize=400%2C400&amp;ssl=1 400w, https:\/\/i0.wp.com\/wp.ufpel.edu.br\/spmav\/files\/2022\/09\/comissao-avaliadora4-7.jpg?resize=200%2C200&amp;ssl=1 200w, https:\/\/i0.wp.com\/wp.ufpel.edu.br\/spmav\/files\/2022\/09\/comissao-avaliadora4-7.jpg?resize=768%2C768&amp;ssl=1 768w, https:\/\/i0.wp.com\/wp.ufpel.edu.br\/spmav\/files\/2022\/09\/comissao-avaliadora4-7.jpg?resize=1536%2C1536&amp;ssl=1 1536w, https:\/\/i0.wp.com\/wp.ufpel.edu.br\/spmav\/files\/2022\/09\/comissao-avaliadora4-7.jpg?resize=2048%2C2048&amp;ssl=1 2048w, https:\/\/i0.wp.com\/wp.ufpel.edu.br\/spmav\/files\/2022\/09\/comissao-avaliadora4-7.jpg?resize=300%2C300&amp;ssl=1 300w, https:\/\/i0.wp.com\/wp.ufpel.edu.br\/spmav\/files\/2022\/09\/comissao-avaliadora4-7.jpg?w=1168&amp;ssl=1 1168w, https:\/\/i0.wp.com\/wp.ufpel.edu.br\/spmav\/files\/2022\/09\/comissao-avaliadora4-7.jpg?w=1752&amp;ssl=1 1752w\" sizes=\"auto, (max-width: 584px) 100vw, 584px\" \/><\/figure>\n\n\n\n<figure class=\"wp-block-image size-large\"><img data-recalc-dims=\"1\" loading=\"lazy\" decoding=\"async\" width=\"584\" height=\"584\" data-attachment-id=\"2294\" data-permalink=\"https:\/\/wp.ufpel.edu.br\/spmav\/festival-de-videos-spmav\/comissao-avaliadora3-6\/\" data-orig-file=\"https:\/\/i0.wp.com\/wp.ufpel.edu.br\/spmav\/files\/2022\/09\/comissao-avaliadora3-6.jpg?fit=2250%2C2250&amp;ssl=1\" data-orig-size=\"2250,2250\" data-comments-opened=\"0\" data-image-meta=\"{&quot;aperture&quot;:&quot;0&quot;,&quot;credit&quot;:&quot;&quot;,&quot;camera&quot;:&quot;&quot;,&quot;caption&quot;:&quot;&quot;,&quot;created_timestamp&quot;:&quot;0&quot;,&quot;copyright&quot;:&quot;&quot;,&quot;focal_length&quot;:&quot;0&quot;,&quot;iso&quot;:&quot;0&quot;,&quot;shutter_speed&quot;:&quot;0&quot;,&quot;title&quot;:&quot;&quot;,&quot;orientation&quot;:&quot;0&quot;}\" data-image-title=\"comissao-avaliadora3-6\" data-image-description=\"\" data-image-caption=\"\" data-medium-file=\"https:\/\/i0.wp.com\/wp.ufpel.edu.br\/spmav\/files\/2022\/09\/comissao-avaliadora3-6.jpg?fit=400%2C400&amp;ssl=1\" data-large-file=\"https:\/\/i0.wp.com\/wp.ufpel.edu.br\/spmav\/files\/2022\/09\/comissao-avaliadora3-6.jpg?fit=584%2C584&amp;ssl=1\" src=\"https:\/\/i0.wp.com\/wp.ufpel.edu.br\/spmav\/files\/2022\/09\/comissao-avaliadora3-6.jpg?resize=584%2C584&#038;ssl=1\" alt=\"\" class=\"wp-image-2294\" srcset=\"https:\/\/i0.wp.com\/wp.ufpel.edu.br\/spmav\/files\/2022\/09\/comissao-avaliadora3-6.jpg?resize=1024%2C1024&amp;ssl=1 1024w, https:\/\/i0.wp.com\/wp.ufpel.edu.br\/spmav\/files\/2022\/09\/comissao-avaliadora3-6.jpg?resize=400%2C400&amp;ssl=1 400w, https:\/\/i0.wp.com\/wp.ufpel.edu.br\/spmav\/files\/2022\/09\/comissao-avaliadora3-6.jpg?resize=200%2C200&amp;ssl=1 200w, https:\/\/i0.wp.com\/wp.ufpel.edu.br\/spmav\/files\/2022\/09\/comissao-avaliadora3-6.jpg?resize=768%2C768&amp;ssl=1 768w, https:\/\/i0.wp.com\/wp.ufpel.edu.br\/spmav\/files\/2022\/09\/comissao-avaliadora3-6.jpg?resize=1536%2C1536&amp;ssl=1 1536w, https:\/\/i0.wp.com\/wp.ufpel.edu.br\/spmav\/files\/2022\/09\/comissao-avaliadora3-6.jpg?resize=2048%2C2048&amp;ssl=1 2048w, https:\/\/i0.wp.com\/wp.ufpel.edu.br\/spmav\/files\/2022\/09\/comissao-avaliadora3-6.jpg?resize=300%2C300&amp;ssl=1 300w, https:\/\/i0.wp.com\/wp.ufpel.edu.br\/spmav\/files\/2022\/09\/comissao-avaliadora3-6.jpg?w=1168&amp;ssl=1 1168w, https:\/\/i0.wp.com\/wp.ufpel.edu.br\/spmav\/files\/2022\/09\/comissao-avaliadora3-6.jpg?w=1752&amp;ssl=1 1752w\" sizes=\"auto, (max-width: 584px) 100vw, 584px\" \/><\/figure>\n\n\n\n<figure class=\"wp-block-image size-large\"><img data-recalc-dims=\"1\" loading=\"lazy\" decoding=\"async\" width=\"584\" height=\"584\" data-attachment-id=\"2295\" data-permalink=\"https:\/\/wp.ufpel.edu.br\/spmav\/festival-de-videos-spmav\/comissao-avaliadora5-3\/\" data-orig-file=\"https:\/\/i0.wp.com\/wp.ufpel.edu.br\/spmav\/files\/2022\/09\/comissao-avaliadora5-3.jpg?fit=2250%2C2250&amp;ssl=1\" data-orig-size=\"2250,2250\" data-comments-opened=\"0\" data-image-meta=\"{&quot;aperture&quot;:&quot;0&quot;,&quot;credit&quot;:&quot;&quot;,&quot;camera&quot;:&quot;&quot;,&quot;caption&quot;:&quot;&quot;,&quot;created_timestamp&quot;:&quot;0&quot;,&quot;copyright&quot;:&quot;&quot;,&quot;focal_length&quot;:&quot;0&quot;,&quot;iso&quot;:&quot;0&quot;,&quot;shutter_speed&quot;:&quot;0&quot;,&quot;title&quot;:&quot;&quot;,&quot;orientation&quot;:&quot;0&quot;}\" data-image-title=\"comissao-avaliadora5-3\" data-image-description=\"\" data-image-caption=\"\" data-medium-file=\"https:\/\/i0.wp.com\/wp.ufpel.edu.br\/spmav\/files\/2022\/09\/comissao-avaliadora5-3.jpg?fit=400%2C400&amp;ssl=1\" data-large-file=\"https:\/\/i0.wp.com\/wp.ufpel.edu.br\/spmav\/files\/2022\/09\/comissao-avaliadora5-3.jpg?fit=584%2C584&amp;ssl=1\" src=\"https:\/\/i0.wp.com\/wp.ufpel.edu.br\/spmav\/files\/2022\/09\/comissao-avaliadora5-3.jpg?resize=584%2C584&#038;ssl=1\" alt=\"\" class=\"wp-image-2295\" srcset=\"https:\/\/i0.wp.com\/wp.ufpel.edu.br\/spmav\/files\/2022\/09\/comissao-avaliadora5-3.jpg?resize=1024%2C1024&amp;ssl=1 1024w, https:\/\/i0.wp.com\/wp.ufpel.edu.br\/spmav\/files\/2022\/09\/comissao-avaliadora5-3.jpg?resize=400%2C400&amp;ssl=1 400w, https:\/\/i0.wp.com\/wp.ufpel.edu.br\/spmav\/files\/2022\/09\/comissao-avaliadora5-3.jpg?resize=200%2C200&amp;ssl=1 200w, https:\/\/i0.wp.com\/wp.ufpel.edu.br\/spmav\/files\/2022\/09\/comissao-avaliadora5-3.jpg?resize=768%2C768&amp;ssl=1 768w, https:\/\/i0.wp.com\/wp.ufpel.edu.br\/spmav\/files\/2022\/09\/comissao-avaliadora5-3.jpg?resize=1536%2C1536&amp;ssl=1 1536w, https:\/\/i0.wp.com\/wp.ufpel.edu.br\/spmav\/files\/2022\/09\/comissao-avaliadora5-3.jpg?resize=2048%2C2048&amp;ssl=1 2048w, https:\/\/i0.wp.com\/wp.ufpel.edu.br\/spmav\/files\/2022\/09\/comissao-avaliadora5-3.jpg?resize=300%2C300&amp;ssl=1 300w, https:\/\/i0.wp.com\/wp.ufpel.edu.br\/spmav\/files\/2022\/09\/comissao-avaliadora5-3.jpg?w=1168&amp;ssl=1 1168w, https:\/\/i0.wp.com\/wp.ufpel.edu.br\/spmav\/files\/2022\/09\/comissao-avaliadora5-3.jpg?w=1752&amp;ssl=1 1752w\" sizes=\"auto, (max-width: 584px) 100vw, 584px\" \/><\/figure>\n\n\n\n<figure class=\"wp-block-image size-large\"><img data-recalc-dims=\"1\" loading=\"lazy\" decoding=\"async\" width=\"584\" height=\"584\" data-attachment-id=\"2297\" data-permalink=\"https:\/\/wp.ufpel.edu.br\/spmav\/festival-de-videos-spmav\/comissao-avaliadora-4\/\" data-orig-file=\"https:\/\/i0.wp.com\/wp.ufpel.edu.br\/spmav\/files\/2022\/09\/comissao-avaliadora-4.jpg?fit=2250%2C2250&amp;ssl=1\" data-orig-size=\"2250,2250\" data-comments-opened=\"0\" data-image-meta=\"{&quot;aperture&quot;:&quot;0&quot;,&quot;credit&quot;:&quot;&quot;,&quot;camera&quot;:&quot;&quot;,&quot;caption&quot;:&quot;&quot;,&quot;created_timestamp&quot;:&quot;0&quot;,&quot;copyright&quot;:&quot;&quot;,&quot;focal_length&quot;:&quot;0&quot;,&quot;iso&quot;:&quot;0&quot;,&quot;shutter_speed&quot;:&quot;0&quot;,&quot;title&quot;:&quot;&quot;,&quot;orientation&quot;:&quot;0&quot;}\" data-image-title=\"comissao-avaliadora-4\" data-image-description=\"\" data-image-caption=\"\" data-medium-file=\"https:\/\/i0.wp.com\/wp.ufpel.edu.br\/spmav\/files\/2022\/09\/comissao-avaliadora-4.jpg?fit=400%2C400&amp;ssl=1\" data-large-file=\"https:\/\/i0.wp.com\/wp.ufpel.edu.br\/spmav\/files\/2022\/09\/comissao-avaliadora-4.jpg?fit=584%2C584&amp;ssl=1\" src=\"https:\/\/i0.wp.com\/wp.ufpel.edu.br\/spmav\/files\/2022\/09\/comissao-avaliadora-4.jpg?resize=584%2C584&#038;ssl=1\" alt=\"\" class=\"wp-image-2297\" srcset=\"https:\/\/i0.wp.com\/wp.ufpel.edu.br\/spmav\/files\/2022\/09\/comissao-avaliadora-4.jpg?resize=1024%2C1024&amp;ssl=1 1024w, https:\/\/i0.wp.com\/wp.ufpel.edu.br\/spmav\/files\/2022\/09\/comissao-avaliadora-4.jpg?resize=400%2C400&amp;ssl=1 400w, https:\/\/i0.wp.com\/wp.ufpel.edu.br\/spmav\/files\/2022\/09\/comissao-avaliadora-4.jpg?resize=200%2C200&amp;ssl=1 200w, https:\/\/i0.wp.com\/wp.ufpel.edu.br\/spmav\/files\/2022\/09\/comissao-avaliadora-4.jpg?resize=768%2C768&amp;ssl=1 768w, https:\/\/i0.wp.com\/wp.ufpel.edu.br\/spmav\/files\/2022\/09\/comissao-avaliadora-4.jpg?resize=1536%2C1536&amp;ssl=1 1536w, https:\/\/i0.wp.com\/wp.ufpel.edu.br\/spmav\/files\/2022\/09\/comissao-avaliadora-4.jpg?resize=2048%2C2048&amp;ssl=1 2048w, https:\/\/i0.wp.com\/wp.ufpel.edu.br\/spmav\/files\/2022\/09\/comissao-avaliadora-4.jpg?resize=300%2C300&amp;ssl=1 300w, https:\/\/i0.wp.com\/wp.ufpel.edu.br\/spmav\/files\/2022\/09\/comissao-avaliadora-4.jpg?w=1168&amp;ssl=1 1168w, https:\/\/i0.wp.com\/wp.ufpel.edu.br\/spmav\/files\/2022\/09\/comissao-avaliadora-4.jpg?w=1752&amp;ssl=1 1752w\" sizes=\"auto, (max-width: 584px) 100vw, 584px\" \/><\/figure>\n\n\n\n<figure class=\"wp-block-image size-large\"><img data-recalc-dims=\"1\" loading=\"lazy\" decoding=\"async\" width=\"584\" height=\"584\" data-attachment-id=\"2298\" data-permalink=\"https:\/\/wp.ufpel.edu.br\/spmav\/festival-de-videos-spmav\/comissao-avaliadora2-3\/\" data-orig-file=\"https:\/\/i0.wp.com\/wp.ufpel.edu.br\/spmav\/files\/2022\/09\/comissao-avaliadora2-3.jpg?fit=2250%2C2250&amp;ssl=1\" data-orig-size=\"2250,2250\" data-comments-opened=\"0\" data-image-meta=\"{&quot;aperture&quot;:&quot;0&quot;,&quot;credit&quot;:&quot;&quot;,&quot;camera&quot;:&quot;&quot;,&quot;caption&quot;:&quot;&quot;,&quot;created_timestamp&quot;:&quot;0&quot;,&quot;copyright&quot;:&quot;&quot;,&quot;focal_length&quot;:&quot;0&quot;,&quot;iso&quot;:&quot;0&quot;,&quot;shutter_speed&quot;:&quot;0&quot;,&quot;title&quot;:&quot;&quot;,&quot;orientation&quot;:&quot;0&quot;}\" data-image-title=\"comissao-avaliadora2-3\" data-image-description=\"\" data-image-caption=\"\" data-medium-file=\"https:\/\/i0.wp.com\/wp.ufpel.edu.br\/spmav\/files\/2022\/09\/comissao-avaliadora2-3.jpg?fit=400%2C400&amp;ssl=1\" data-large-file=\"https:\/\/i0.wp.com\/wp.ufpel.edu.br\/spmav\/files\/2022\/09\/comissao-avaliadora2-3.jpg?fit=584%2C584&amp;ssl=1\" src=\"https:\/\/i0.wp.com\/wp.ufpel.edu.br\/spmav\/files\/2022\/09\/comissao-avaliadora2-3.jpg?resize=584%2C584&#038;ssl=1\" alt=\"\" class=\"wp-image-2298\" srcset=\"https:\/\/i0.wp.com\/wp.ufpel.edu.br\/spmav\/files\/2022\/09\/comissao-avaliadora2-3.jpg?resize=1024%2C1024&amp;ssl=1 1024w, https:\/\/i0.wp.com\/wp.ufpel.edu.br\/spmav\/files\/2022\/09\/comissao-avaliadora2-3.jpg?resize=400%2C400&amp;ssl=1 400w, https:\/\/i0.wp.com\/wp.ufpel.edu.br\/spmav\/files\/2022\/09\/comissao-avaliadora2-3.jpg?resize=200%2C200&amp;ssl=1 200w, https:\/\/i0.wp.com\/wp.ufpel.edu.br\/spmav\/files\/2022\/09\/comissao-avaliadora2-3.jpg?resize=768%2C768&amp;ssl=1 768w, https:\/\/i0.wp.com\/wp.ufpel.edu.br\/spmav\/files\/2022\/09\/comissao-avaliadora2-3.jpg?resize=1536%2C1536&amp;ssl=1 1536w, https:\/\/i0.wp.com\/wp.ufpel.edu.br\/spmav\/files\/2022\/09\/comissao-avaliadora2-3.jpg?resize=2048%2C2048&amp;ssl=1 2048w, https:\/\/i0.wp.com\/wp.ufpel.edu.br\/spmav\/files\/2022\/09\/comissao-avaliadora2-3.jpg?resize=300%2C300&amp;ssl=1 300w, https:\/\/i0.wp.com\/wp.ufpel.edu.br\/spmav\/files\/2022\/09\/comissao-avaliadora2-3.jpg?w=1168&amp;ssl=1 1168w, https:\/\/i0.wp.com\/wp.ufpel.edu.br\/spmav\/files\/2022\/09\/comissao-avaliadora2-3.jpg?w=1752&amp;ssl=1 1752w\" sizes=\"auto, (max-width: 584px) 100vw, 584px\" \/><\/figure>\n<\/div><\/div>\n<\/div><\/div>\n<\/div>\n\n\n\n<div class=\"wp-block-column is-vertically-aligned-top is-layout-flow wp-block-column-is-layout-flow\" style=\"flex-basis:300px\">\n<p class=\"has-text-align-justify\" style=\"font-size:10px\"><strong>Ana Langone <\/strong>&#8211; inventora transm\u00eddia que cata, ouve e conta hist\u00f3rias. Mestra em Artes Visuais e estudante de Arqueologia pela Universidade Federal de Pelotas. Como pesquisadora (des)vela as hist\u00f3rias hegem\u00f4nicas e atrav\u00e9s da (ar)te busca promover a autoestima entre as comunidades negras. Enquanto bacharel em Design Gr\u00e1fico (2005) trabalhou na ind\u00fastria da moda na Serra Ga\u00facha (2005-2015) e, desde 2016, atua no Mississippi Delta Blues Festival. H\u00e1 mais de dois anos \u00e9 articuladora da Usina Feminista, cooperativa de gera\u00e7\u00e3o de renda para mulheres em Pelotas (@usinafeminista). No artesanato inspira-se nas estamparias do continente africano e por meio de suas cria\u00e7\u00f5es apresenta os elos produzidos pelas sem\u00e2nticas visuais do atl\u00e2ntico negro (@kuntu.art). Ao transit(ar) entre as artes, busca na m\u00fasica tamb\u00e9m uma forma de express\u00e3o como DJ.&nbsp;<\/p>\n\n\n\n<p><\/p>\n\n\n\n<p class=\"has-text-align-justify\" style=\"font-size:10px\"><strong>Ana Maio<\/strong> \u2013 professora titular dos cursos de Artes Visuais, Licenciatura e Bacharelado, da Universidade Federal do Rio Grande, e Professora Permanente no PPGAVI da Universidade Federal de Pelotas. Pesquisadora, curadora e artista visual investiga as converg\u00eancias entre o cinema experimental e as artes visuais abordando, principalmente, as tem\u00e1ticas corpo, g\u00eanero, mem\u00f3ria, arquivo e narrativas de si na arte contempor\u00e2nea. Coordenadora do Projeto de Extens\u00e3o e Cultura FRESTA \u2013 Mostra de Audiovisual Experimental da FURG, desde 2016. P\u00f3s-doutorado em Po\u00e9ticas Visuais no Programa de P\u00f3s-Gradua\u00e7\u00e3o em Artes Visuais (2013) da Universidade Federal do Rio Grande do Sul. P\u00f3s-doutorado em Estudos Art\u00edsticos Contempor\u00e2neos na Universidade de Coimbra (2013).&nbsp; <\/p>\n\n\n\n<p><\/p>\n\n\n\n<p class=\"has-text-align-justify\" style=\"font-size:10px\"><strong>Cristina P\u00f3sleman<\/strong> \u2013 graduada em Filosofia (UNSJ-Argentina), mestra em Filosofia com men\u00e7\u00e3o em Axiologia e Teoria Pol\u00edtica (UCH-Chile) e doutora em Filosofia com men\u00e7\u00e3o em Est\u00e9tica e Teoria da Arte (UCH-Chile). Dirige o Instituto de Express\u00e3o Visual da Facultad de Filosof\u00eda, Humanidades y Artes, da Universidad Nacional de San Juan (Argentina), onde atua como pesquisadora. \u00c9 integrante da Comiss\u00e3o Acad\u00eamica do Doutorado em Filosofia da UNSJ (Argentina). Faz parte da Red de Estudios Latinoamericanos Deleuze y Guattari (REELD&amp;G) para o desenvolvimento interdisciplinar do conhecimento em filosofia, est\u00e9tica e pol\u00edtica (Chile). Seus estudos se concentram na interse\u00e7\u00e3o entre a filosofia francesa contempor\u00e2nea e os estudos filos\u00f3ficos caribenhos e latino-americanos. Seus \u00faltimos trabalhos abordam o problema das assimetrias constitutivas do contrato social, pol\u00edtico, est\u00e9tico e sexual como base do projeto de modernidade\/colonialidade.<\/p>\n\n\n\n<p><\/p>\n\n\n\n<p class=\"has-text-align-justify\" style=\"font-size:10px\"><strong>Fabricia Cabral de Lira Jord\u00e3o<\/strong> \u2013 curadora e professora, doutora e mestra em Artes pela ECA, Universidade de S\u00e3o Paulo. Em 2019 recebeu o pr\u00eamio de melhor tese da CAPES (Artes) com pesquisa que investigou as contribui\u00e7\u00f5es e atua\u00e7\u00f5es institucionais de cr\u00edticos de arte e artistas visuais no processo de redemocratiza\u00e7\u00e3o brasileira. Desde 2019 atua como professora de curadoria e coordenadora do Laborat\u00f3rio de Imagin\u00e1rio Radical na Universidade Federal do Paran\u00e1. Onde se dedica a pensar sobre o lugar e poss\u00edveis formas que as imagens, a pol\u00edtica e o pol\u00edtico, da arte assumem no contexto de hegemonia do imagin\u00e1rio capitalista. Dentre outras exposi\u00e7\u00f5es, foi curadora ou cocuradora das mostras Raquel Nava (Museu Nacional da Rep\u00fablica-DF, 2022), Alice Ricci (Espa\u00e7o Cama-SP, 2021); Alex Vallauri (Museu Nacional da Rep\u00fablica-DF, 2021); 67o Sal\u00e3o Paranaense de Arte Contempor\u00e2nea (MAC-PR, 2021); Estrat\u00e9gias do feminino (Farol Santander, Porto Alegre, 2019), Pequenos gestos: mem\u00f3rias disruptivas (MAC-PR, 2019), I Bienal Latino-Americana de S\u00e3o Paulo, 40 anos depois (Centro Cultural S\u00e3o Paulo, 2019).<\/p>\n\n\n\n<p><\/p>\n\n\n\n<p class=\"has-text-align-justify\" style=\"font-size:10px\"><strong>Mayra Huerta Jim\u00e9nez<\/strong> \u2013 artista visual, pesquisadora e professora, doutora em Artes Visuais e Interm\u00eddia pela Universidad Polit\u00e9cnica de Valencia. Atualmente \u00e9 professora pesquisadora na Facultad de Artes da Universidad Aut\u00f3noma de Baja California (M\u00e9xico). Pertence ao corpo acad\u00eamico Imagen y Creaci\u00f3n, dedicado \u00e0 pesquisa e cria\u00e7\u00e3o contempor\u00e2nea. Colabora com o Simp\u00f3sio Internacional de Pesquisa em Arte: Intervindo, Migrando e se (Des)localizando, e com a Universidade Federal de Santa Mar\u00eda e a Universidade Federal do Rio Grande do Sul, no Brasil. Pertenece \u00e0 Red Iberoamericana de Investigaci\u00f3n Narrativas Audiovisuales (Red INAV). \u00c9 integrante do Sistema Nacional de Investigadores (M\u00e9xico)<\/p>\n<\/div>\n<\/div>\n<\/div><\/div>\n<\/div><\/div>\n\n\n\n<p><\/p>\n\n\n\n<p class=\"has-text-align-center\" style=\"font-size:11px\"><strong>ORGANIZA\u00c7\u00c3O FIVA 2022<\/strong><\/p>\n\n\n\n<p class=\"has-text-align-center\" style=\"font-size:11px\"><br><strong>Coordena\u00e7\u00e3o<\/strong><br>Ros\u00e2ngela  Fachel &#8211; UFPel<br>Larissa Patron Chaves \u2013 UFPel<\/p>\n\n\n\n<p class=\"has-text-align-center\" style=\"font-size:11px\"><br><strong>Comiss\u00e3o organizadora<\/strong><br>F\u00e1bio Ortiz Goulart &#8211; UFPel<br> Gustavo Severo Dalla Costa &#8211; UFPel<br>Larissa Patron Chaves &#8211; UFPel<br>Larissa Schip &#8211; UFPel<br>Roger Bandeira &#8211; UFPel<br>Ros\u00e2ngela  Fachel &#8211; UFPel<\/p>\n\n\n\n<p class=\"has-text-align-center\" style=\"font-size:11px\"><br><strong>Realiza\u00e7\u00e3o<\/strong><br>Programa de P\u00f3s-gradua\u00e7\u00e3o em Artes Visuais &#8211; PPGAVI,<br>da Universidade Federal de Pelotas &#8211; UFPel<\/p>\n\n\n\n<p class=\"has-text-align-center\" style=\"font-size:11px\"><strong>Apoio<\/strong><br>Museu de Arte Leopoldo Gotuzzo &#8211; MALG, Pelitas @malg.ufpel<br>Centro de Artes da Universidade Federal de Pelotas @ca_ufpel<br>TimeLine BH, Minas Gerais @timelinebh_<\/p>\n\n\n\n<p class=\"has-text-align-center\" style=\"font-size:11px\">FRESTA \u2013 Mostra de Audiovisual Experimental, Universidade Federal do Rio Grande, Rio Grande, RS @frestamostraaudiovisual&nbsp;<\/p>\n\n\n\n<p class=\"has-text-align-center\" style=\"font-size:11px\">ILA FURG \u2013 Instituto de Letras e Artes da Universidade Federal do Rio Grande, Rio Grande, RS<\/p>\n\n\n\n<p class=\"has-text-align-center\" style=\"font-size:11px\">OfCine \u2013 Campus Rio Grande, Instituto Federal de Educa\u00e7\u00e3o, Ci\u00eancia e Tecnologia do Rio Grande do Sul \u2013 IFRS<\/p>\n\n\n\n<p class=\"has-text-align-center\" style=\"font-size:11px\">RedINAV \u2013 Red Iberoamericana de Investigaci\u00f3n en Narrativas Audiovisuales @laredinav<\/p>\n\n\n\n<p><\/p>\n","protected":false},"excerpt":{"rendered":"<p>O 4. Festival Internacional de Videoarte do Semin\u00e1rio de Pesquisa do Mestrado em Artes Visuais &#8211; FIVA SPMAV 2022, \u00e9 uma a\u00e7\u00e3o cultural extensionista de internacionaliza\u00e7\u00e3o vinculada ao Programa de P\u00f3s-Gradua\u00e7\u00e3o em Artes Visuais (PPGAVI\/UFPel), que acontece anualmente gra\u00e7as ao &hellip; <a href=\"https:\/\/wp.ufpel.edu.br\/spmav\/festival-de-videos-spmav\/\">Continue lendo <span class=\"meta-nav\">&rarr;<\/span><\/a><\/p>\n","protected":false},"author":1034,"featured_media":0,"parent":0,"menu_order":1,"comment_status":"closed","ping_status":"closed","template":"","meta":{"footnotes":""},"class_list":["post-89","page","type-page","status-publish","hentry"],"jetpack_shortlink":"https:\/\/wp.me\/PciehQ-1r","jetpack_sharing_enabled":true,"_links":{"self":[{"href":"https:\/\/wp.ufpel.edu.br\/spmav\/wp-json\/wp\/v2\/pages\/89","targetHints":{"allow":["GET"]}}],"collection":[{"href":"https:\/\/wp.ufpel.edu.br\/spmav\/wp-json\/wp\/v2\/pages"}],"about":[{"href":"https:\/\/wp.ufpel.edu.br\/spmav\/wp-json\/wp\/v2\/types\/page"}],"author":[{"embeddable":true,"href":"https:\/\/wp.ufpel.edu.br\/spmav\/wp-json\/wp\/v2\/users\/1034"}],"replies":[{"embeddable":true,"href":"https:\/\/wp.ufpel.edu.br\/spmav\/wp-json\/wp\/v2\/comments?post=89"}],"version-history":[{"count":43,"href":"https:\/\/wp.ufpel.edu.br\/spmav\/wp-json\/wp\/v2\/pages\/89\/revisions"}],"predecessor-version":[{"id":2340,"href":"https:\/\/wp.ufpel.edu.br\/spmav\/wp-json\/wp\/v2\/pages\/89\/revisions\/2340"}],"wp:attachment":[{"href":"https:\/\/wp.ufpel.edu.br\/spmav\/wp-json\/wp\/v2\/media?parent=89"}],"curies":[{"name":"wp","href":"https:\/\/api.w.org\/{rel}","templated":true}]}}