{"id":2412,"date":"2024-11-11T21:43:38","date_gmt":"2024-11-12T00:43:38","guid":{"rendered":"https:\/\/wp.ufpel.edu.br\/spmav\/?page_id=2412"},"modified":"2024-11-13T23:39:30","modified_gmt":"2024-11-14T02:39:30","slug":"inscricoes","status":"publish","type":"page","link":"https:\/\/wp.ufpel.edu.br\/spmav\/inscricoes\/","title":{"rendered":"Inscri\u00e7\u00f5es"},"content":{"rendered":"\n<p class=\"has-medium-font-size\">Para inscri\u00e7\u00e3o no semin\u00e1rio \u00e9 necess\u00e1rio preencher o <a href=\"https:\/\/forms.gle\/o989j4HYfoe2Nmz46\" data-type=\"link\" data-id=\"https:\/\/forms.gle\/o989j4HYfoe2Nmz46\">formul\u00e1rio<\/a>.<\/p>\n\n\n\n<hr class=\"wp-block-separator has-alpha-channel-opacity\"\/>\n\n\n\n<div class=\"wp-block-group is-vertical is-content-justification-center is-layout-flex wp-container-core-group-is-layout-4b2eccd6 wp-block-group-is-layout-flex\" style=\"font-size:26px\">\n<div class=\"wp-block-file wp-container-content-9cfa9a5a\"><a id=\"wp-block-file--media-5bd6ea3f-d30d-4532-891b-58dea0859742\" href=\"https:\/\/wp.ufpel.edu.br\/spmav\/files\/2024\/11\/Modelo-Resumo-Simples-Comunicacao-2.docx\">Modelo Resumo Simples Comunica\u00e7\u00e3o<\/a><a href=\"https:\/\/wp.ufpel.edu.br\/spmav\/files\/2024\/11\/Modelo-Resumo-Simples-Comunicacao-2.docx\" class=\"wp-block-file__button wp-element-button\" download aria-describedby=\"wp-block-file--media-5bd6ea3f-d30d-4532-891b-58dea0859742\">Baixar<\/a><\/div>\n\n\n\n<div class=\"wp-block-file\"><a id=\"wp-block-file--media-bb32e176-2b33-4621-a43e-4b3be1db752d\" href=\"https:\/\/wp.ufpel.edu.br\/spmav\/files\/2024\/11\/Modelo-Resumo-Simples-Performance-2.docx\">Modelo Resumo Simples Performance<\/a><a href=\"https:\/\/wp.ufpel.edu.br\/spmav\/files\/2024\/11\/Modelo-Resumo-Simples-Performance-2.docx\" class=\"wp-block-file__button wp-element-button\" download aria-describedby=\"wp-block-file--media-bb32e176-2b33-4621-a43e-4b3be1db752d\">Baixar<\/a><\/div>\n<\/div>\n\n\n\n<hr class=\"wp-block-separator has-alpha-channel-opacity\"\/>\n\n\n\n<ul class=\"wp-block-list\">\n<li class=\"has-medium-font-size\">Em breve modelos para envio de Resumo Expandido, Artigo Completo&nbsp;e&nbsp;Ensaio&nbsp;Visual.<\/li>\n<\/ul>\n\n\n\n<p><\/p>\n","protected":false},"excerpt":{"rendered":"<p>Para inscri\u00e7\u00e3o no semin\u00e1rio \u00e9 necess\u00e1rio preencher o formul\u00e1rio.<\/p>\n","protected":false},"author":1034,"featured_media":0,"parent":0,"menu_order":0,"comment_status":"closed","ping_status":"closed","template":"","meta":{"footnotes":""},"class_list":["post-2412","page","type-page","status-publish","hentry"],"jetpack_shortlink":"https:\/\/wp.me\/PciehQ-CU","jetpack_sharing_enabled":true,"_links":{"self":[{"href":"https:\/\/wp.ufpel.edu.br\/spmav\/wp-json\/wp\/v2\/pages\/2412","targetHints":{"allow":["GET"]}}],"collection":[{"href":"https:\/\/wp.ufpel.edu.br\/spmav\/wp-json\/wp\/v2\/pages"}],"about":[{"href":"https:\/\/wp.ufpel.edu.br\/spmav\/wp-json\/wp\/v2\/types\/page"}],"author":[{"embeddable":true,"href":"https:\/\/wp.ufpel.edu.br\/spmav\/wp-json\/wp\/v2\/users\/1034"}],"replies":[{"embeddable":true,"href":"https:\/\/wp.ufpel.edu.br\/spmav\/wp-json\/wp\/v2\/comments?post=2412"}],"version-history":[{"count":7,"href":"https:\/\/wp.ufpel.edu.br\/spmav\/wp-json\/wp\/v2\/pages\/2412\/revisions"}],"predecessor-version":[{"id":2559,"href":"https:\/\/wp.ufpel.edu.br\/spmav\/wp-json\/wp\/v2\/pages\/2412\/revisions\/2559"}],"wp:attachment":[{"href":"https:\/\/wp.ufpel.edu.br\/spmav\/wp-json\/wp\/v2\/media?parent=2412"}],"curies":[{"name":"wp","href":"https:\/\/api.w.org\/{rel}","templated":true}]}}