{"id":2403,"date":"2024-11-11T21:42:43","date_gmt":"2024-11-12T00:42:43","guid":{"rendered":"https:\/\/wp.ufpel.edu.br\/spmav\/?page_id=2403"},"modified":"2024-11-13T23:40:20","modified_gmt":"2024-11-14T02:40:20","slug":"informacoes","status":"publish","type":"page","link":"https:\/\/wp.ufpel.edu.br\/spmav\/informacoes\/","title":{"rendered":"Informa\u00e7\u00f5es"},"content":{"rendered":"\n<figure class=\"wp-block-table is-style-stripes has-medium-font-size\"><table class=\"has-black-color has-white-background-color has-text-color has-background has-link-color has-fixed-layout\"><tbody><tr><td>ETAPAS<\/td><td>DATAS<\/td><\/tr><tr><td>Lan\u00e7amento do edital<\/td><td>13 de Novembro de 2024.<\/td><\/tr><tr><td>Inscri\u00e7\u00e3o de proposta de comunica\u00e7\u00e3o e de proposta de performance<\/td><td>at\u00e9 25 de Novembro de 2024.<\/td><\/tr><tr><td>Envio de aceites<\/td><td>at\u00e9 02 de Dezembro de 2024.<\/td><\/tr><tr><td>Envio de link do videos das comunica\u00e7\u00f5es virtuais<\/td><td>at\u00e9 06 de Dezembro de 2024.<\/td><\/tr><tr><td>Inscri\u00e7\u00e3o sem apresenta\u00e7\u00e3o<\/td><td>at\u00e9 09 de Dezembro de 2024.<\/td><\/tr><tr><td>Realiza\u00e7\u00e3o do evento<\/td><td>de 09 a 13 de Dezembro de 2024.<\/td><\/tr><tr><td>Prazo para envio dos Artigos Completos, Resumos Expandidos e Ensaios Visuais<\/td><td>24 de Fevereiro de 2025.<\/td><\/tr><\/tbody><\/table><\/figure>\n\n\n\n<p class=\"has-medium-font-size\">Verifique o edital na \u00edntegra <a href=\"https:\/\/drive.google.com\/file\/d\/1UDQneT2X-0s18ILpn9gE2pQKaVJxGHtn\/view\" data-type=\"link\" data-id=\"https:\/\/drive.google.com\/file\/d\/1R549tYWNq-SVCdmys8XfBIM_oQvaoP8W\/view?usp=sharing\">aqui<\/a><br><a href=\"https:\/\/drive.google.com\/file\/d\/1tSyautYhSDUhaBPUvK0TBOo5yaS-eL7o\/view?usp=sharing\" data-type=\"link\" data-id=\"https:\/\/drive.google.com\/file\/d\/1SGBs17aqbZe0QR0VpAniSW6ij0OHRVAA\/view?usp=sharing\">Modelo do Resumo Simples Comunica\u00e7\u00e3o<\/a><br><a href=\"https:\/\/drive.google.com\/file\/d\/1lwJcr_C8CsSD6KHhjIkDIAo-Dy950Z2k\/view?usp=sharing\" data-type=\"link\" data-id=\"https:\/\/drive.google.com\/file\/d\/1DaMsQVC3cGSejO5hfBIIgBCuBr7Ki0nQ\/view?usp=sharing\">Modelo do Resumo Simples Performance<br><\/a>(Os arquivos edit\u00e1veis word se encontram no espa\u00e7o inscri\u00e7\u00e3o)<\/p>\n\n\n\n<p class=\"has-medium-font-size\">D\u00favidas: spmav2024@gmail.com<\/p>\n\n\n\n<p><\/p>\n","protected":false},"excerpt":{"rendered":"<p>ETAPAS DATAS Lan\u00e7amento do edital 13 de Novembro de 2024. Inscri\u00e7\u00e3o de proposta de comunica\u00e7\u00e3o e de proposta de performance at\u00e9 25 de Novembro de 2024. Envio de aceites at\u00e9 02 de Dezembro de 2024. Envio de link do videos &hellip; <a href=\"https:\/\/wp.ufpel.edu.br\/spmav\/informacoes\/\">Continue lendo <span class=\"meta-nav\">&rarr;<\/span><\/a><\/p>\n","protected":false},"author":1034,"featured_media":0,"parent":0,"menu_order":0,"comment_status":"closed","ping_status":"closed","template":"","meta":{"footnotes":""},"class_list":["post-2403","page","type-page","status-publish","hentry"],"jetpack_shortlink":"https:\/\/wp.me\/PciehQ-CL","jetpack_sharing_enabled":true,"_links":{"self":[{"href":"https:\/\/wp.ufpel.edu.br\/spmav\/wp-json\/wp\/v2\/pages\/2403","targetHints":{"allow":["GET"]}}],"collection":[{"href":"https:\/\/wp.ufpel.edu.br\/spmav\/wp-json\/wp\/v2\/pages"}],"about":[{"href":"https:\/\/wp.ufpel.edu.br\/spmav\/wp-json\/wp\/v2\/types\/page"}],"author":[{"embeddable":true,"href":"https:\/\/wp.ufpel.edu.br\/spmav\/wp-json\/wp\/v2\/users\/1034"}],"replies":[{"embeddable":true,"href":"https:\/\/wp.ufpel.edu.br\/spmav\/wp-json\/wp\/v2\/comments?post=2403"}],"version-history":[{"count":11,"href":"https:\/\/wp.ufpel.edu.br\/spmav\/wp-json\/wp\/v2\/pages\/2403\/revisions"}],"predecessor-version":[{"id":2560,"href":"https:\/\/wp.ufpel.edu.br\/spmav\/wp-json\/wp\/v2\/pages\/2403\/revisions\/2560"}],"wp:attachment":[{"href":"https:\/\/wp.ufpel.edu.br\/spmav\/wp-json\/wp\/v2\/media?parent=2403"}],"curies":[{"name":"wp","href":"https:\/\/api.w.org\/{rel}","templated":true}]}}