{"id":92,"date":"2025-06-09T12:01:04","date_gmt":"2025-06-09T15:01:04","guid":{"rendered":"https:\/\/wp.ufpel.edu.br\/speufpel\/?page_id=92"},"modified":"2025-06-09T12:01:04","modified_gmt":"2025-06-09T15:01:04","slug":"mostra-de-trabalhos-xiii-petro-sul","status":"publish","type":"page","link":"https:\/\/wp.ufpel.edu.br\/speufpel\/mostra-de-trabalhos-xiii-petro-sul\/","title":{"rendered":"MOSTRA DE TRABALHOS- XIII PETRO-SUL"},"content":{"rendered":"<p>&#x1f4f0; Inscri\u00e7\u00f5es Abertas para a Mostra de Cursos \u2013 XIII Petro-Sul<br \/>\nEst\u00e3o oficialmente abertas as inscri\u00e7\u00f5es para a Mostra de Cursos do XIII Petro-Sul, um espa\u00e7o dedicado \u00e0 apresenta\u00e7\u00e3o de trabalhos acad\u00eamicos e t\u00e9cnicos desenvolvidos por estudantes e pesquisadores da \u00e1rea de energia, \u00f3leo e g\u00e1s.<\/p>\n<p>Se voc\u00ea desenvolve atividades de extens\u00e3o, ensino, pesquisa ou projetos inovadores em sua institui\u00e7\u00e3o, essa \u00e9 a oportunidade ideal para compartilhar seu conhecimento e dar visibilidade ao seu curso e \u00e0 sua universidade!<\/p>\n<p>&#x1f4cc; Como participar?<br \/>\nPreencha todos os dados solicitados no formul\u00e1rio com aten\u00e7\u00e3o e anexe o resumo do seu trabalho em formato PDF no campo indicado ao final.<\/p>\n<p>&#x26a0;&#xfe0f; Importante:<br \/>\nCertifique-se de que o arquivo est\u00e1 de acordo com as normas da Mostra de Cursos dispon\u00edveis no regulamento do XIII Petro-Sul.<\/p>\n<p>&#x1f4ac; Em caso de d\u00favidas, entre em contato com a comiss\u00e3o organizadora pelo e-mail ou redes sociais oficiais do evento.<\/p>\n<p>N\u00e3o perca essa oportunidade de mostrar o potencial do seu curso e integrar-se ao maior congresso sul-brasileiro do setor energ\u00e9tico!<\/p>\n","protected":false},"excerpt":{"rendered":"<p>&#x1f4f0; Inscri\u00e7\u00f5es Abertas para a Mostra de Cursos \u2013 XIII Petro-Sul Est\u00e3o oficialmente abertas as inscri\u00e7\u00f5es para a Mostra de Cursos do XIII Petro-Sul, um espa\u00e7o dedicado \u00e0 apresenta\u00e7\u00e3o de trabalhos acad\u00eamicos e t\u00e9cnicos&#46;&#46;&#46;<\/p>\n","protected":false},"author":403,"featured_media":0,"parent":0,"menu_order":0,"comment_status":"closed","ping_status":"closed","template":"","meta":{"footnotes":""},"class_list":["post-92","page","type-page","status-publish","hentry"],"jetpack_sharing_enabled":true,"_links":{"self":[{"href":"https:\/\/wp.ufpel.edu.br\/speufpel\/wp-json\/wp\/v2\/pages\/92","targetHints":{"allow":["GET"]}}],"collection":[{"href":"https:\/\/wp.ufpel.edu.br\/speufpel\/wp-json\/wp\/v2\/pages"}],"about":[{"href":"https:\/\/wp.ufpel.edu.br\/speufpel\/wp-json\/wp\/v2\/types\/page"}],"author":[{"embeddable":true,"href":"https:\/\/wp.ufpel.edu.br\/speufpel\/wp-json\/wp\/v2\/users\/403"}],"replies":[{"embeddable":true,"href":"https:\/\/wp.ufpel.edu.br\/speufpel\/wp-json\/wp\/v2\/comments?post=92"}],"version-history":[{"count":2,"href":"https:\/\/wp.ufpel.edu.br\/speufpel\/wp-json\/wp\/v2\/pages\/92\/revisions"}],"predecessor-version":[{"id":97,"href":"https:\/\/wp.ufpel.edu.br\/speufpel\/wp-json\/wp\/v2\/pages\/92\/revisions\/97"}],"wp:attachment":[{"href":"https:\/\/wp.ufpel.edu.br\/speufpel\/wp-json\/wp\/v2\/media?parent=92"}],"curies":[{"name":"wp","href":"https:\/\/api.w.org\/{rel}","templated":true}]}}