{"id":470,"date":"2026-02-19T16:06:17","date_gmt":"2026-02-19T19:06:17","guid":{"rendered":"https:\/\/wp.ufpel.edu.br\/speufpel\/?page_id=470"},"modified":"2026-02-19T16:06:19","modified_gmt":"2026-02-19T19:06:19","slug":"petrobar","status":"publish","type":"page","link":"https:\/\/wp.ufpel.edu.br\/speufpel\/petrobar\/","title":{"rendered":"PETROBAR"},"content":{"rendered":"\n<p>O Petrobar \u00e9 um projeto promovido pelo Cap\u00edtulo Estudantil SPE<br>UFPel que tem como objetivo aproximar egressos do curso e<br>estudantes da Universidade Federal de Pelotas em um ambiente<br>leve e descontra\u00eddo. A iniciativa propicia um espa\u00e7o de di\u00e1logo<br>aberto, onde ex-alunos compartilham suas experi\u00eancias<br>acad\u00eamicas, trajet\u00f3ria profissional e viv\u00eancias na ind\u00fastria do<br>petr\u00f3leo e g\u00e1s.<\/p>\n\n\n\n<figure class=\"wp-block-image size-full\"><a href=\"https:\/\/wp.ufpel.edu.br\/speufpel\/files\/2026\/02\/image-20.png\"><img loading=\"lazy\" decoding=\"async\" width=\"688\" height=\"312\" src=\"https:\/\/wp.ufpel.edu.br\/speufpel\/files\/2026\/02\/image-20.png\" alt=\"\" class=\"wp-image-472\" srcset=\"https:\/\/wp.ufpel.edu.br\/speufpel\/files\/2026\/02\/image-20.png 688w, https:\/\/wp.ufpel.edu.br\/speufpel\/files\/2026\/02\/image-20-400x181.png 400w\" sizes=\"auto, (max-width: 688px) 100vw, 688px\" \/><\/a><\/figure>\n","protected":false},"excerpt":{"rendered":"<p>O Petrobar \u00e9 um projeto promovido pelo Cap\u00edtulo Estudantil SPEUFPel que tem como objetivo aproximar egressos do curso eestudantes da Universidade Federal de Pelotas em um ambienteleve e descontra\u00eddo. A iniciativa propicia um espa\u00e7o&#46;&#46;&#46;<\/p>\n","protected":false},"author":403,"featured_media":0,"parent":0,"menu_order":0,"comment_status":"closed","ping_status":"closed","template":"","meta":{"footnotes":""},"class_list":["post-470","page","type-page","status-publish","hentry"],"jetpack_sharing_enabled":true,"_links":{"self":[{"href":"https:\/\/wp.ufpel.edu.br\/speufpel\/wp-json\/wp\/v2\/pages\/470","targetHints":{"allow":["GET"]}}],"collection":[{"href":"https:\/\/wp.ufpel.edu.br\/speufpel\/wp-json\/wp\/v2\/pages"}],"about":[{"href":"https:\/\/wp.ufpel.edu.br\/speufpel\/wp-json\/wp\/v2\/types\/page"}],"author":[{"embeddable":true,"href":"https:\/\/wp.ufpel.edu.br\/speufpel\/wp-json\/wp\/v2\/users\/403"}],"replies":[{"embeddable":true,"href":"https:\/\/wp.ufpel.edu.br\/speufpel\/wp-json\/wp\/v2\/comments?post=470"}],"version-history":[{"count":1,"href":"https:\/\/wp.ufpel.edu.br\/speufpel\/wp-json\/wp\/v2\/pages\/470\/revisions"}],"predecessor-version":[{"id":473,"href":"https:\/\/wp.ufpel.edu.br\/speufpel\/wp-json\/wp\/v2\/pages\/470\/revisions\/473"}],"wp:attachment":[{"href":"https:\/\/wp.ufpel.edu.br\/speufpel\/wp-json\/wp\/v2\/media?parent=470"}],"curies":[{"name":"wp","href":"https:\/\/api.w.org\/{rel}","templated":true}]}}