{"id":466,"date":"2026-02-19T16:05:28","date_gmt":"2026-02-19T19:05:28","guid":{"rendered":"https:\/\/wp.ufpel.edu.br\/speufpel\/?page_id=466"},"modified":"2026-02-19T16:05:30","modified_gmt":"2026-02-19T19:05:30","slug":"campeonato-de-sinuca","status":"publish","type":"page","link":"https:\/\/wp.ufpel.edu.br\/speufpel\/campeonato-de-sinuca\/","title":{"rendered":"CAMPEONATO DE SINUCA"},"content":{"rendered":"\n<p>O Campeonato de Sinuca \u00e9 uma iniciativa promovida pelo<br>Cap\u00edtulo Estudantil SPE UFPel, com o intuito de integrar os<br>estudantes em um ambiente descontra\u00eddo e de conviv\u00eancia<br>saud\u00e1vel. A atividade estimula habilidades como concentra\u00e7\u00e3o,<br>estrat\u00e9gia, paci\u00eancia e autocontrole, promovendo o<br>desenvolvimento pessoal e social dos participantes. Al\u00e9m<br>disso, o campeonato refor\u00e7a o compromisso do Cap\u00edtulo SPE<\/p>\n\n\n\n<p>UFPel em incentivar o equil\u00edbrio entre a vida acad\u00eamica e o bem-<br>estar.<\/p>\n\n\n\n<figure class=\"wp-block-image size-full\"><a href=\"https:\/\/wp.ufpel.edu.br\/speufpel\/files\/2026\/02\/image-19.png\"><img loading=\"lazy\" decoding=\"async\" width=\"704\" height=\"276\" src=\"https:\/\/wp.ufpel.edu.br\/speufpel\/files\/2026\/02\/image-19.png\" alt=\"\" class=\"wp-image-468\" srcset=\"https:\/\/wp.ufpel.edu.br\/speufpel\/files\/2026\/02\/image-19.png 704w, https:\/\/wp.ufpel.edu.br\/speufpel\/files\/2026\/02\/image-19-400x157.png 400w\" sizes=\"auto, (max-width: 704px) 100vw, 704px\" \/><\/a><\/figure>\n","protected":false},"excerpt":{"rendered":"<p>O Campeonato de Sinuca \u00e9 uma iniciativa promovida peloCap\u00edtulo Estudantil SPE UFPel, com o intuito de integrar osestudantes em um ambiente descontra\u00eddo e de conviv\u00eanciasaud\u00e1vel. A atividade estimula habilidades como concentra\u00e7\u00e3o,estrat\u00e9gia, paci\u00eancia e autocontrole,&#46;&#46;&#46;<\/p>\n","protected":false},"author":403,"featured_media":0,"parent":0,"menu_order":0,"comment_status":"closed","ping_status":"closed","template":"","meta":{"footnotes":""},"class_list":["post-466","page","type-page","status-publish","hentry"],"jetpack_sharing_enabled":true,"_links":{"self":[{"href":"https:\/\/wp.ufpel.edu.br\/speufpel\/wp-json\/wp\/v2\/pages\/466","targetHints":{"allow":["GET"]}}],"collection":[{"href":"https:\/\/wp.ufpel.edu.br\/speufpel\/wp-json\/wp\/v2\/pages"}],"about":[{"href":"https:\/\/wp.ufpel.edu.br\/speufpel\/wp-json\/wp\/v2\/types\/page"}],"author":[{"embeddable":true,"href":"https:\/\/wp.ufpel.edu.br\/speufpel\/wp-json\/wp\/v2\/users\/403"}],"replies":[{"embeddable":true,"href":"https:\/\/wp.ufpel.edu.br\/speufpel\/wp-json\/wp\/v2\/comments?post=466"}],"version-history":[{"count":1,"href":"https:\/\/wp.ufpel.edu.br\/speufpel\/wp-json\/wp\/v2\/pages\/466\/revisions"}],"predecessor-version":[{"id":469,"href":"https:\/\/wp.ufpel.edu.br\/speufpel\/wp-json\/wp\/v2\/pages\/466\/revisions\/469"}],"wp:attachment":[{"href":"https:\/\/wp.ufpel.edu.br\/speufpel\/wp-json\/wp\/v2\/media?parent=466"}],"curies":[{"name":"wp","href":"https:\/\/api.w.org\/{rel}","templated":true}]}}