{"id":459,"date":"2026-02-19T16:03:34","date_gmt":"2026-02-19T19:03:34","guid":{"rendered":"https:\/\/wp.ufpel.edu.br\/speufpel\/?page_id=459"},"modified":"2026-02-19T16:03:36","modified_gmt":"2026-02-19T19:03:36","slug":"mentoring-interno","status":"publish","type":"page","link":"https:\/\/wp.ufpel.edu.br\/speufpel\/mentoring-interno\/","title":{"rendered":"MENTORING INTERNO"},"content":{"rendered":"\n<p>O Mentoring Interno SPE, \u00e9 um projeto realizado pelo Cap\u00edtulo<br>Estudantil SPE UFPel onde os membros do cap\u00edtulo, atuam<br>como mentores dos alunos ingressantes do curso de<br>Engenharia de Petr\u00f3leo. O objetivo do projeto \u00e9 apoiar e orientar<br>os alunos ingressantes, compartilhando suas experi\u00eancias<br>acad\u00eamicas e oferecendo insights sobre o setor de \u00f3leo e g\u00e1s.<\/p>\n\n\n\n<p><\/p>\n","protected":false},"excerpt":{"rendered":"<p>O Mentoring Interno SPE, \u00e9 um projeto realizado pelo Cap\u00edtuloEstudantil SPE UFPel onde os membros do cap\u00edtulo, atuamcomo mentores dos alunos ingressantes do curso deEngenharia de Petr\u00f3leo. O objetivo do projeto \u00e9 apoiar e&#46;&#46;&#46;<\/p>\n","protected":false},"author":403,"featured_media":0,"parent":0,"menu_order":0,"comment_status":"closed","ping_status":"closed","template":"","meta":{"footnotes":""},"class_list":["post-459","page","type-page","status-publish","hentry"],"jetpack_sharing_enabled":true,"_links":{"self":[{"href":"https:\/\/wp.ufpel.edu.br\/speufpel\/wp-json\/wp\/v2\/pages\/459","targetHints":{"allow":["GET"]}}],"collection":[{"href":"https:\/\/wp.ufpel.edu.br\/speufpel\/wp-json\/wp\/v2\/pages"}],"about":[{"href":"https:\/\/wp.ufpel.edu.br\/speufpel\/wp-json\/wp\/v2\/types\/page"}],"author":[{"embeddable":true,"href":"https:\/\/wp.ufpel.edu.br\/speufpel\/wp-json\/wp\/v2\/users\/403"}],"replies":[{"embeddable":true,"href":"https:\/\/wp.ufpel.edu.br\/speufpel\/wp-json\/wp\/v2\/comments?post=459"}],"version-history":[{"count":1,"href":"https:\/\/wp.ufpel.edu.br\/speufpel\/wp-json\/wp\/v2\/pages\/459\/revisions"}],"predecessor-version":[{"id":461,"href":"https:\/\/wp.ufpel.edu.br\/speufpel\/wp-json\/wp\/v2\/pages\/459\/revisions\/461"}],"wp:attachment":[{"href":"https:\/\/wp.ufpel.edu.br\/speufpel\/wp-json\/wp\/v2\/media?parent=459"}],"curies":[{"name":"wp","href":"https:\/\/api.w.org\/{rel}","templated":true}]}}