{"id":456,"date":"2026-02-19T15:51:26","date_gmt":"2026-02-19T18:51:26","guid":{"rendered":"https:\/\/wp.ufpel.edu.br\/speufpel\/?page_id=456"},"modified":"2026-02-19T15:51:28","modified_gmt":"2026-02-19T18:51:28","slug":"petrocast","status":"publish","type":"page","link":"https:\/\/wp.ufpel.edu.br\/speufpel\/petrocast\/","title":{"rendered":"PETROCAST"},"content":{"rendered":"\n<p>O PetroCast \u00e9 um<mark style=\"background-color:rgba(0, 0, 0, 0);color:#0c1287\" class=\"has-inline-color\"><strong> podcast do Cap\u00edtulo Estudantil SPE UFPel<\/strong><\/mark>,<br>criado e produzido por estudantes do curso de Engenharia de<br>Petr\u00f3leo. O programa tem como objetivo principal a troca de<br>conhecimentos e experi\u00eancias na \u00e1rea de energia e na ind\u00fastria<br>de \u00f3leo e g\u00e1s. O podcast j\u00e1 recebeu <mark style=\"background-color:rgba(0, 0, 0, 0);color:#031789\" class=\"has-inline-color\"><strong>convidados como<br>professores<\/strong><\/mark> da UFPel e profissionais do setor, e aborda a<br>import\u00e2ncia do desenvolvimento de habilidades interpessoais.<\/p>\n\n\n\n<p><\/p>\n\n\n\n<figure class=\"wp-block-embed is-type-video is-provider-youtube wp-block-embed-youtube wp-embed-aspect-16-9 wp-has-aspect-ratio\"><div class=\"wp-block-embed__wrapper\">\n<div class=\"video-container\"><iframe loading=\"lazy\" title=\"PetroCast - S08 | EP1: Um mundo de oportunidades com o Cap\u00edtulo Estudantil SPE UFPel\" width=\"500\" height=\"281\" src=\"https:\/\/www.youtube.com\/embed\/ovO8eTKDAl4?feature=oembed&#038;wmode=opaque\" frameborder=\"0\" allow=\"accelerometer; autoplay; clipboard-write; encrypted-media; gyroscope; picture-in-picture; web-share\" referrerpolicy=\"strict-origin-when-cross-origin\" allowfullscreen><\/iframe><\/div>\n<\/div><\/figure>\n","protected":false},"excerpt":{"rendered":"<p>O PetroCast \u00e9 um podcast do Cap\u00edtulo Estudantil SPE UFPel,criado e produzido por estudantes do curso de Engenharia dePetr\u00f3leo. O programa tem como objetivo principal a troca deconhecimentos e experi\u00eancias na \u00e1rea de energia&#46;&#46;&#46;<\/p>\n","protected":false},"author":403,"featured_media":0,"parent":0,"menu_order":0,"comment_status":"closed","ping_status":"closed","template":"","meta":{"footnotes":""},"class_list":["post-456","page","type-page","status-publish","hentry"],"jetpack_sharing_enabled":true,"_links":{"self":[{"href":"https:\/\/wp.ufpel.edu.br\/speufpel\/wp-json\/wp\/v2\/pages\/456","targetHints":{"allow":["GET"]}}],"collection":[{"href":"https:\/\/wp.ufpel.edu.br\/speufpel\/wp-json\/wp\/v2\/pages"}],"about":[{"href":"https:\/\/wp.ufpel.edu.br\/speufpel\/wp-json\/wp\/v2\/types\/page"}],"author":[{"embeddable":true,"href":"https:\/\/wp.ufpel.edu.br\/speufpel\/wp-json\/wp\/v2\/users\/403"}],"replies":[{"embeddable":true,"href":"https:\/\/wp.ufpel.edu.br\/speufpel\/wp-json\/wp\/v2\/comments?post=456"}],"version-history":[{"count":1,"href":"https:\/\/wp.ufpel.edu.br\/speufpel\/wp-json\/wp\/v2\/pages\/456\/revisions"}],"predecessor-version":[{"id":458,"href":"https:\/\/wp.ufpel.edu.br\/speufpel\/wp-json\/wp\/v2\/pages\/456\/revisions\/458"}],"wp:attachment":[{"href":"https:\/\/wp.ufpel.edu.br\/speufpel\/wp-json\/wp\/v2\/media?parent=456"}],"curies":[{"name":"wp","href":"https:\/\/api.w.org\/{rel}","templated":true}]}}