{"id":441,"date":"2026-02-19T15:26:34","date_gmt":"2026-02-19T18:26:34","guid":{"rendered":"https:\/\/wp.ufpel.edu.br\/speufpel\/?page_id=441"},"modified":"2026-02-19T15:26:37","modified_gmt":"2026-02-19T18:26:37","slug":"visitas-tecnicas","status":"publish","type":"page","link":"https:\/\/wp.ufpel.edu.br\/speufpel\/visitas-tecnicas\/","title":{"rendered":"VISITAS T\u00c9CNICAS"},"content":{"rendered":"\n<p>As visitas t\u00e9cnicas organizadas pelo Cap\u00edtulo Estudantil SPE UFPel<br>t\u00eam como objetivo <mark style=\"background-color:rgba(0, 0, 0, 0);color:#0e1b81\" class=\"has-inline-color\"><strong>aproximar os estudantes da realidade da<br>ind\u00fastria do petr\u00f3leo e g\u00e1s<\/strong><\/mark>, proporcionando uma experi\u00eancia<br>pr\u00e1tica e complementar \u00e0 forma\u00e7\u00e3o acad\u00eamica.<br>Al\u00e9m de ampliar o<mark style=\"background-color:rgba(0, 0, 0, 0);color:#091382\" class=\"has-inline-color\"> <strong>aprendizado t\u00e9cnico<\/strong><\/mark>, as visitas permitem o<br>contato direto com profissionais do setor, fortalecendo o<br>networking e inspirando os estudantes a visualizarem novas<br>possibilidades para suas carreiras.<\/p>\n\n\n\n<h2 class=\"wp-block-heading\"><mark style=\"background-color:rgba(0, 0, 0, 0);color:#070f6b\" class=\"has-inline-color\">VISITAS EM MACA\u00c9- RJ<\/mark><\/h2>\n\n\n\n<figure class=\"wp-block-image size-full\"><a href=\"https:\/\/wp.ufpel.edu.br\/speufpel\/files\/2026\/02\/image-12.png\"><img loading=\"lazy\" decoding=\"async\" width=\"773\" height=\"262\" src=\"https:\/\/wp.ufpel.edu.br\/speufpel\/files\/2026\/02\/image-12.png\" alt=\"\" class=\"wp-image-443\" srcset=\"https:\/\/wp.ufpel.edu.br\/speufpel\/files\/2026\/02\/image-12.png 773w, https:\/\/wp.ufpel.edu.br\/speufpel\/files\/2026\/02\/image-12-400x136.png 400w\" sizes=\"auto, (max-width: 773px) 100vw, 773px\" \/><\/a><\/figure>\n","protected":false},"excerpt":{"rendered":"<p>As visitas t\u00e9cnicas organizadas pelo Cap\u00edtulo Estudantil SPE UFPelt\u00eam como objetivo aproximar os estudantes da realidade daind\u00fastria do petr\u00f3leo e g\u00e1s, proporcionando uma experi\u00eanciapr\u00e1tica e complementar \u00e0 forma\u00e7\u00e3o acad\u00eamica.Al\u00e9m de ampliar o aprendizado t\u00e9cnico,&#46;&#46;&#46;<\/p>\n","protected":false},"author":403,"featured_media":0,"parent":0,"menu_order":0,"comment_status":"closed","ping_status":"closed","template":"","meta":{"footnotes":""},"class_list":["post-441","page","type-page","status-publish","hentry"],"jetpack_sharing_enabled":true,"_links":{"self":[{"href":"https:\/\/wp.ufpel.edu.br\/speufpel\/wp-json\/wp\/v2\/pages\/441","targetHints":{"allow":["GET"]}}],"collection":[{"href":"https:\/\/wp.ufpel.edu.br\/speufpel\/wp-json\/wp\/v2\/pages"}],"about":[{"href":"https:\/\/wp.ufpel.edu.br\/speufpel\/wp-json\/wp\/v2\/types\/page"}],"author":[{"embeddable":true,"href":"https:\/\/wp.ufpel.edu.br\/speufpel\/wp-json\/wp\/v2\/users\/403"}],"replies":[{"embeddable":true,"href":"https:\/\/wp.ufpel.edu.br\/speufpel\/wp-json\/wp\/v2\/comments?post=441"}],"version-history":[{"count":1,"href":"https:\/\/wp.ufpel.edu.br\/speufpel\/wp-json\/wp\/v2\/pages\/441\/revisions"}],"predecessor-version":[{"id":444,"href":"https:\/\/wp.ufpel.edu.br\/speufpel\/wp-json\/wp\/v2\/pages\/441\/revisions\/444"}],"wp:attachment":[{"href":"https:\/\/wp.ufpel.edu.br\/speufpel\/wp-json\/wp\/v2\/media?parent=441"}],"curies":[{"name":"wp","href":"https:\/\/api.w.org\/{rel}","templated":true}]}}