{"id":436,"date":"2026-02-19T15:23:37","date_gmt":"2026-02-19T18:23:37","guid":{"rendered":"https:\/\/wp.ufpel.edu.br\/speufpel\/?page_id=436"},"modified":"2026-02-19T15:23:39","modified_gmt":"2026-02-19T18:23:39","slug":"meeting","status":"publish","type":"page","link":"https:\/\/wp.ufpel.edu.br\/speufpel\/meeting\/","title":{"rendered":"MEETING"},"content":{"rendered":"\n<p>O Meeting SPE UFPel \u00e9 um evento de car\u00e1ter <mark style=\"background-color:rgba(0, 0, 0, 0);color:#0c27a3\" class=\"has-inline-color\">t\u00e9cnico-cient\u00edfico<\/mark><br>de curta dura\u00e7\u00e3o, organizado pelo Cap\u00edtulo Estudantil SPE UFPel,<br>que visa reunir os diversos segmentos da ind\u00fastria de \u00f3leo, g\u00e1s<br>natural e biocombust\u00edveis, contando com representantes de<br>empresas do setor, apresentando \u00e0 comunidade e ao setor<br>produtivo as mais recentes novidades e tend\u00eancias tecnol\u00f3gicas<br>da \u00e1rea de Explora\u00e7\u00e3o e Produ\u00e7\u00e3o (E&amp;P) de petr\u00f3leo.<\/p>\n\n\n\n<figure class=\"wp-block-image size-full is-resized\"><a href=\"https:\/\/wp.ufpel.edu.br\/speufpel\/files\/2026\/02\/image-11.png\"><img loading=\"lazy\" decoding=\"async\" width=\"769\" height=\"263\" src=\"https:\/\/wp.ufpel.edu.br\/speufpel\/files\/2026\/02\/image-11.png\" alt=\"\" class=\"wp-image-439\" style=\"width:968px;height:auto\" srcset=\"https:\/\/wp.ufpel.edu.br\/speufpel\/files\/2026\/02\/image-11.png 769w, https:\/\/wp.ufpel.edu.br\/speufpel\/files\/2026\/02\/image-11-400x137.png 400w\" sizes=\"auto, (max-width: 769px) 100vw, 769px\" \/><\/a><\/figure>\n","protected":false},"excerpt":{"rendered":"<p>O Meeting SPE UFPel \u00e9 um evento de car\u00e1ter t\u00e9cnico-cient\u00edficode curta dura\u00e7\u00e3o, organizado pelo Cap\u00edtulo Estudantil SPE UFPel,que visa reunir os diversos segmentos da ind\u00fastria de \u00f3leo, g\u00e1snatural e biocombust\u00edveis, contando com representantes deempresas&#46;&#46;&#46;<\/p>\n","protected":false},"author":403,"featured_media":0,"parent":0,"menu_order":0,"comment_status":"closed","ping_status":"closed","template":"","meta":{"footnotes":""},"class_list":["post-436","page","type-page","status-publish","hentry"],"jetpack_sharing_enabled":true,"_links":{"self":[{"href":"https:\/\/wp.ufpel.edu.br\/speufpel\/wp-json\/wp\/v2\/pages\/436","targetHints":{"allow":["GET"]}}],"collection":[{"href":"https:\/\/wp.ufpel.edu.br\/speufpel\/wp-json\/wp\/v2\/pages"}],"about":[{"href":"https:\/\/wp.ufpel.edu.br\/speufpel\/wp-json\/wp\/v2\/types\/page"}],"author":[{"embeddable":true,"href":"https:\/\/wp.ufpel.edu.br\/speufpel\/wp-json\/wp\/v2\/users\/403"}],"replies":[{"embeddable":true,"href":"https:\/\/wp.ufpel.edu.br\/speufpel\/wp-json\/wp\/v2\/comments?post=436"}],"version-history":[{"count":1,"href":"https:\/\/wp.ufpel.edu.br\/speufpel\/wp-json\/wp\/v2\/pages\/436\/revisions"}],"predecessor-version":[{"id":440,"href":"https:\/\/wp.ufpel.edu.br\/speufpel\/wp-json\/wp\/v2\/pages\/436\/revisions\/440"}],"wp:attachment":[{"href":"https:\/\/wp.ufpel.edu.br\/speufpel\/wp-json\/wp\/v2\/media?parent=436"}],"curies":[{"name":"wp","href":"https:\/\/api.w.org\/{rel}","templated":true}]}}