{"id":244,"date":"2025-07-23T15:15:02","date_gmt":"2025-07-23T18:15:02","guid":{"rendered":"https:\/\/wp.ufpel.edu.br\/speufpel\/?page_id=244"},"modified":"2025-07-31T10:34:58","modified_gmt":"2025-07-31T13:34:58","slug":"xiii-petro-sul","status":"publish","type":"page","link":"https:\/\/wp.ufpel.edu.br\/speufpel\/xiii-petro-sul\/","title":{"rendered":"XIII PETRO-SUL"},"content":{"rendered":"\n<h2 class=\"wp-block-heading\"><strong>Tecnologia, carreira e sustentabilidade: confira os destaques do XIII PETROSUL SUL na UFPel<\/strong><\/h2>\n\n\n\n<p><strong>Evento acad\u00eamico reuniu estudantes, profissionais e empresas do setor de petr\u00f3leo, g\u00e1s natural e energias do futuro em uma semana de aprendizado, conex\u00f5es e experi\u00eancias pr\u00e1ticas<\/strong><\/p>\n\n\n<div class=\"wp-block-image\">\n<figure class=\"alignleft size-large is-resized\"><a href=\"https:\/\/wp.ufpel.edu.br\/speufpel\/files\/2025\/07\/DSC_0298-scaled.jpg\"><img loading=\"lazy\" decoding=\"async\" width=\"1024\" height=\"678\" src=\"https:\/\/wp.ufpel.edu.br\/speufpel\/files\/2025\/07\/DSC_0298-1024x678.jpg\" alt=\"\" class=\"wp-image-296\" style=\"width:524px;height:auto\" srcset=\"https:\/\/wp.ufpel.edu.br\/speufpel\/files\/2025\/07\/DSC_0298-1024x678.jpg 1024w, https:\/\/wp.ufpel.edu.br\/speufpel\/files\/2025\/07\/DSC_0298-400x265.jpg 400w, https:\/\/wp.ufpel.edu.br\/speufpel\/files\/2025\/07\/DSC_0298-1536x1017.jpg 1536w, https:\/\/wp.ufpel.edu.br\/speufpel\/files\/2025\/07\/DSC_0298-2048x1356.jpg 2048w\" sizes=\"auto, (max-width: 1024px) 100vw, 1024px\" \/><\/a><\/figure>\n<\/div>\n\n\n<p>Entre os dias <strong>15 e 18 de julho de 2025<\/strong>, a <strong>Universidade Federal de Pelotas (UFPel)<\/strong> sediou a 13\u00aa edi\u00e7\u00e3o do <strong>PETROSUL SUL<\/strong>, um dos maiores congressos acad\u00eamicos da regi\u00e3o sul voltado ao setor de <strong>\u00f3leo, g\u00e1s e transi\u00e7\u00e3o energ\u00e9tica<\/strong>. O evento, promovido pelo <strong>Cap\u00edtulo Estudantil SPE UFPel<\/strong>, consolidou-se como um espa\u00e7o de <strong>integra\u00e7\u00e3o entre universidade e ind\u00fastria<\/strong>, com uma programa\u00e7\u00e3o voltada \u00e0 <strong>forma\u00e7\u00e3o t\u00e9cnica, inova\u00e7\u00e3o e sustentabilidade<\/strong>.<\/p>\n\n\n\n<p>Durante os quatro dias de congresso, estudantes, professores, empresas parceiras e profissionais renomados participaram de uma intensa agenda de atividades: <strong>palestras t\u00e9cnicas, minicursos, mostra cient\u00edfica, visita t\u00e9cnica \u00e0 Refinaria Riograndense e a tradicional din\u00e2mica do Petrobowl<\/strong>.<\/p>\n\n\n\n<h3 class=\"wp-block-heading\">&#x1f4ac; Conhecimento que transforma<\/h3>\n\n\n\n<p>A programa\u00e7\u00e3o contou com a participa\u00e7\u00e3o de grandes nomes da ind\u00fastria, como <strong>Jos\u00e9 Valmir Dias<\/strong> (JN Consultoria), que falou sobre opera\u00e7\u00f5es offshore, e <strong>Ana Ligia Trannin<\/strong> (SLB), com uma palestra sobre cimenta\u00e7\u00e3o de po\u00e7os. A <strong>transi\u00e7\u00e3o energ\u00e9tica<\/strong> foi tema central da fala de <strong>Lucas Marques<\/strong>, da Refinaria Riograndense, enquanto <strong>Ant\u00f4nio Guimar\u00e3es de Mello<\/strong>, da Bysol Energia Solar, trouxe dados e reflex\u00f5es sobre o avan\u00e7o da energia fotovoltaica no Brasil.<\/p>\n\n\n\n<p>O evento tamb\u00e9m abordou temas voltados ao <strong>desenvolvimento pessoal e profissional<\/strong>, como o minicurso da professora <strong>Mirian Oliveira<\/strong>, cofundadora da Youduka, sobre ingl\u00eas t\u00e9cnico e comunica\u00e7\u00e3o estrat\u00e9gica.<\/p>\n\n\n\n<h3 class=\"wp-block-heading\">&#x1f6e2;&#xfe0f; Pesquisa, pr\u00e1tica e mercado de trabalho<\/h3>\n\n\n\n<p>A quarta-feira foi marcada pela <strong>Mostra de Cursos<\/strong>, com apresenta\u00e7\u00e3o de projetos de pesquisa e extens\u00e3o desenvolvidos por alunos da UFPel. A programa\u00e7\u00e3o incluiu tamb\u00e9m uma palestra com a egressa <strong>Julia Piegas<\/strong>, hoje atuando no mercado de g\u00e1s natural, al\u00e9m da contribui\u00e7\u00e3o t\u00e9cnica de <strong>\u00canio Erny Schulz<\/strong>, da Altus, com foco em automa\u00e7\u00e3o offshore e sistemas de controle.<\/p>\n\n\n\n<p>O encerramento do evento contou com o minicurso do professor <strong>Renato Dutra<\/strong> (FURG), sobre <strong>IA Generativa, Machine Learning e Controle Inteligente no setor de O&amp;G<\/strong>, seguido por uma mesa-redonda sobre a <strong>Bacia de Pelotas<\/strong>, que discutiu seu potencial explorat\u00f3rio e import\u00e2ncia no cen\u00e1rio energ\u00e9tico nacional.<\/p>\n\n\n\n<h3 class=\"wp-block-heading\">&#x1f50d; Visita t\u00e9cnica \u00e0 Refinaria Riograndense<\/h3>\n\n\n\n<p>Um dos momentos mais marcantes do congresso foi a <strong>visita t\u00e9cnica \u00e0 Refinaria Riograndense<\/strong>, localizada em Rio Grande (RS). Fundada em 1937, a planta \u00e9 a primeira refinaria do Brasil e est\u00e1 em processo de transi\u00e7\u00e3o para se tornar a <strong>primeira biorefinaria do pa\u00eds<\/strong>. Durante a visita, os estudantes puderam entender os processos de refino e debater os novos rumos da ind\u00fastria com foco na sustentabilidade.<\/p>\n\n\n<div class=\"wp-block-image\">\n<figure class=\"alignleft size-large is-resized\"><a href=\"https:\/\/wp.ufpel.edu.br\/speufpel\/files\/2025\/07\/WhatsApp-Image-2025-07-24-at-11.50.54.jpeg\"><img loading=\"lazy\" decoding=\"async\" width=\"1024\" height=\"768\" src=\"https:\/\/wp.ufpel.edu.br\/speufpel\/files\/2025\/07\/WhatsApp-Image-2025-07-24-at-11.50.54-1024x768.jpeg\" alt=\"\" class=\"wp-image-300\" style=\"width:561px;height:auto\" srcset=\"https:\/\/wp.ufpel.edu.br\/speufpel\/files\/2025\/07\/WhatsApp-Image-2025-07-24-at-11.50.54-1024x768.jpeg 1024w, https:\/\/wp.ufpel.edu.br\/speufpel\/files\/2025\/07\/WhatsApp-Image-2025-07-24-at-11.50.54-400x300.jpeg 400w, https:\/\/wp.ufpel.edu.br\/speufpel\/files\/2025\/07\/WhatsApp-Image-2025-07-24-at-11.50.54-1536x1152.jpeg 1536w, https:\/\/wp.ufpel.edu.br\/speufpel\/files\/2025\/07\/WhatsApp-Image-2025-07-24-at-11.50.54.jpeg 1600w\" sizes=\"auto, (max-width: 1024px) 100vw, 1024px\" \/><\/a><\/figure>\n<\/div>\n\n\n<h3 class=\"wp-block-heading\">&#x1f393; Muito al\u00e9m do curr\u00edculo<\/h3>\n\n\n\n<p>O <strong>XIII PETROSUL SUL 2025<\/strong> reafirmou o compromisso da UFPel com a <strong>forma\u00e7\u00e3o completa dos seus estudantes<\/strong>, oferecendo uma semana de atividades que ampliaram horizontes, conectaram teoria e pr\u00e1tica e fortaleceram o elo entre a academia e o setor energ\u00e9tico.<\/p>\n\n\n\n<p>Agradecemos a todos os <strong>palestrantes, apoiadores, empresas parceiras e estudantes<\/strong> que tornaram esse evento poss\u00edvel. Para quem acredita no conhecimento como motor da transforma\u00e7\u00e3o energ\u00e9tica, <strong>o PETROSUL SUL \u00e9 o lugar certo para investir, colaborar e crescer.<\/strong><\/p>\n","protected":false},"excerpt":{"rendered":"<p>Tecnologia, carreira e sustentabilidade: confira os destaques do XIII PETROSUL SUL na UFPel Evento acad\u00eamico reuniu estudantes, profissionais e empresas do setor de petr\u00f3leo, g\u00e1s natural e energias do futuro em uma semana de&#46;&#46;&#46;<\/p>\n","protected":false},"author":403,"featured_media":0,"parent":0,"menu_order":0,"comment_status":"closed","ping_status":"closed","template":"","meta":{"footnotes":""},"class_list":["post-244","page","type-page","status-publish","hentry"],"jetpack_sharing_enabled":true,"_links":{"self":[{"href":"https:\/\/wp.ufpel.edu.br\/speufpel\/wp-json\/wp\/v2\/pages\/244","targetHints":{"allow":["GET"]}}],"collection":[{"href":"https:\/\/wp.ufpel.edu.br\/speufpel\/wp-json\/wp\/v2\/pages"}],"about":[{"href":"https:\/\/wp.ufpel.edu.br\/speufpel\/wp-json\/wp\/v2\/types\/page"}],"author":[{"embeddable":true,"href":"https:\/\/wp.ufpel.edu.br\/speufpel\/wp-json\/wp\/v2\/users\/403"}],"replies":[{"embeddable":true,"href":"https:\/\/wp.ufpel.edu.br\/speufpel\/wp-json\/wp\/v2\/comments?post=244"}],"version-history":[{"count":4,"href":"https:\/\/wp.ufpel.edu.br\/speufpel\/wp-json\/wp\/v2\/pages\/244\/revisions"}],"predecessor-version":[{"id":301,"href":"https:\/\/wp.ufpel.edu.br\/speufpel\/wp-json\/wp\/v2\/pages\/244\/revisions\/301"}],"wp:attachment":[{"href":"https:\/\/wp.ufpel.edu.br\/speufpel\/wp-json\/wp\/v2\/media?parent=244"}],"curies":[{"name":"wp","href":"https:\/\/api.w.org\/{rel}","templated":true}]}}