{"id":23,"date":"2014-09-14T02:43:49","date_gmt":"2014-09-14T05:43:49","guid":{"rendered":"https:\/\/wp.ufpel.edu.br\/speufpel\/?page_id=23"},"modified":"2026-02-19T14:42:26","modified_gmt":"2026-02-19T17:42:26","slug":"membros","status":"publish","type":"page","link":"https:\/\/wp.ufpel.edu.br\/speufpel\/membros\/","title":{"rendered":"Membros"},"content":{"rendered":"<h1 style=\"text-align: center;\">GEST\u00c3O\u00a0 2025<\/h1>\n<p style=\"text-align: center;\"><a href=\"https:\/\/wp.ufpel.edu.br\/speufpel\/files\/2026\/02\/image-3.png\"><img loading=\"lazy\" decoding=\"async\" class=\"wp-image-414 aligncenter\" src=\"https:\/\/wp.ufpel.edu.br\/speufpel\/files\/2026\/02\/image-3-400x224.png\" alt=\"\" width=\"717\" height=\"401\" srcset=\"https:\/\/wp.ufpel.edu.br\/speufpel\/files\/2026\/02\/image-3-400x224.png 400w, https:\/\/wp.ufpel.edu.br\/speufpel\/files\/2026\/02\/image-3.png 796w\" sizes=\"auto, (max-width: 717px) 100vw, 717px\" \/><\/a><\/p>\n<h2 style=\"text-align: center;\">VALMIR FRANCISCO RISSO- FACULTY ADVISOR<\/h2>\n<h2 style=\"text-align: center;\"><a href=\"https:\/\/wp.ufpel.edu.br\/speufpel\/files\/2025\/06\/WhatsApp-Image-2025-06-18-at-17.52.50.jpeg\"><br \/>\n<\/a><img loading=\"lazy\" decoding=\"async\" class=\"size-medium wp-image-194 aligncenter\" src=\"https:\/\/wp.ufpel.edu.br\/speufpel\/files\/2025\/06\/WhatsApp-Image-2025-06-18-at-17.52.50-246x400.jpeg\" alt=\"\" width=\"246\" height=\"400\" srcset=\"https:\/\/wp.ufpel.edu.br\/speufpel\/files\/2025\/06\/WhatsApp-Image-2025-06-18-at-17.52.50-246x400.jpeg 246w, https:\/\/wp.ufpel.edu.br\/speufpel\/files\/2025\/06\/WhatsApp-Image-2025-06-18-at-17.52.50-629x1024.jpeg 629w, https:\/\/wp.ufpel.edu.br\/speufpel\/files\/2025\/06\/WhatsApp-Image-2025-06-18-at-17.52.50.jpeg 745w\" sizes=\"auto, (max-width: 246px) 100vw, 246px\" \/>JONATHAN LEMES- PRESIDENTE<\/h2>\n<h2 style=\"text-align: center;\"><a href=\"https:\/\/wp.ufpel.edu.br\/speufpel\/files\/2025\/06\/wsop_ajustada_300kb.png\"><img loading=\"lazy\" decoding=\"async\" class=\"size-medium wp-image-192 aligncenter\" src=\"https:\/\/wp.ufpel.edu.br\/speufpel\/files\/2025\/06\/wsop_ajustada_300kb-267x400.png\" alt=\"\" width=\"267\" height=\"400\" srcset=\"https:\/\/wp.ufpel.edu.br\/speufpel\/files\/2025\/06\/wsop_ajustada_300kb-267x400.png 267w, https:\/\/wp.ufpel.edu.br\/speufpel\/files\/2025\/06\/wsop_ajustada_300kb.png 540w\" sizes=\"auto, (max-width: 267px) 100vw, 267px\" \/>RUSDAEL NUNES- VICE-PRESIDENTE<\/a><\/h2>\n<p><a href=\"https:\/\/wp.ufpel.edu.br\/speufpel\/files\/2025\/06\/WhatsApp-Image-2025-06-18-at-17.10.41.jpeg\"><img loading=\"lazy\" decoding=\"async\" class=\"size-medium wp-image-195 aligncenter\" src=\"https:\/\/wp.ufpel.edu.br\/speufpel\/files\/2025\/06\/WhatsApp-Image-2025-06-18-at-17.10.41-301x400.jpeg\" alt=\"\" width=\"301\" height=\"400\" srcset=\"https:\/\/wp.ufpel.edu.br\/speufpel\/files\/2025\/06\/WhatsApp-Image-2025-06-18-at-17.10.41-301x400.jpeg 301w, https:\/\/wp.ufpel.edu.br\/speufpel\/files\/2025\/06\/WhatsApp-Image-2025-06-18-at-17.10.41-769x1024.jpeg 769w, https:\/\/wp.ufpel.edu.br\/speufpel\/files\/2025\/06\/WhatsApp-Image-2025-06-18-at-17.10.41-1154x1536.jpeg 1154w, https:\/\/wp.ufpel.edu.br\/speufpel\/files\/2025\/06\/WhatsApp-Image-2025-06-18-at-17.10.41.jpeg 1202w\" sizes=\"auto, (max-width: 301px) 100vw, 301px\" \/><\/a><\/p>\n<h2 style=\"text-align: center;\">EDUARDA MUNIZ- TESOUREIRA<\/h2>\n<h2 style=\"text-align: center;\"><a href=\"https:\/\/wp.ufpel.edu.br\/speufpel\/files\/2025\/06\/WhatsApp-Image-2025-06-17-at-16.14.10.jpeg\"><img loading=\"lazy\" decoding=\"async\" class=\"size-medium wp-image-196 aligncenter\" src=\"https:\/\/wp.ufpel.edu.br\/speufpel\/files\/2025\/06\/WhatsApp-Image-2025-06-17-at-16.14.10-400x300.jpeg\" alt=\"\" width=\"400\" height=\"300\" srcset=\"https:\/\/wp.ufpel.edu.br\/speufpel\/files\/2025\/06\/WhatsApp-Image-2025-06-17-at-16.14.10-400x300.jpeg 400w, https:\/\/wp.ufpel.edu.br\/speufpel\/files\/2025\/06\/WhatsApp-Image-2025-06-17-at-16.14.10-1024x768.jpeg 1024w, https:\/\/wp.ufpel.edu.br\/speufpel\/files\/2025\/06\/WhatsApp-Image-2025-06-17-at-16.14.10-1536x1152.jpeg 1536w, https:\/\/wp.ufpel.edu.br\/speufpel\/files\/2025\/06\/WhatsApp-Image-2025-06-17-at-16.14.10.jpeg 1600w\" sizes=\"auto, (max-width: 400px) 100vw, 400px\" \/>ANA CAROLINA MEDON\u00c7A- SECRET\u00c1RIA\u00a0<\/a><\/h2>\n<p style=\"text-align: center;\"><a href=\"https:\/\/wp.ufpel.edu.br\/speufpel\/files\/2025\/06\/WhatsApp-Image-2025-06-19-at-17.30.14.jpeg\"><img loading=\"lazy\" decoding=\"async\" class=\"alignnone size-medium wp-image-197\" src=\"https:\/\/wp.ufpel.edu.br\/speufpel\/files\/2025\/06\/WhatsApp-Image-2025-06-19-at-17.30.14-225x400.jpeg\" alt=\"\" width=\"225\" height=\"400\" srcset=\"https:\/\/wp.ufpel.edu.br\/speufpel\/files\/2025\/06\/WhatsApp-Image-2025-06-19-at-17.30.14-225x400.jpeg 225w, https:\/\/wp.ufpel.edu.br\/speufpel\/files\/2025\/06\/WhatsApp-Image-2025-06-19-at-17.30.14-576x1024.jpeg 576w, https:\/\/wp.ufpel.edu.br\/speufpel\/files\/2025\/06\/WhatsApp-Image-2025-06-19-at-17.30.14-864x1536.jpeg 864w, https:\/\/wp.ufpel.edu.br\/speufpel\/files\/2025\/06\/WhatsApp-Image-2025-06-19-at-17.30.14.jpeg 899w\" sizes=\"auto, (max-width: 225px) 100vw, 225px\" \/><\/a><\/p>\n<h2 style=\"text-align: center;\">GUILHERME TAYLOR- ASSESSOR EXECUTIVO<\/h2>\n<h2 style=\"text-align: center;\"><a href=\"https:\/\/wp.ufpel.edu.br\/speufpel\/files\/2025\/06\/WhatsApp-Image-2025-06-19-at-23.31.40-scaled.jpeg\"><img loading=\"lazy\" decoding=\"async\" class=\"size-medium wp-image-200 aligncenter\" src=\"https:\/\/wp.ufpel.edu.br\/speufpel\/files\/2025\/06\/WhatsApp-Image-2025-06-19-at-23.31.40-300x400.jpeg\" alt=\"\" width=\"300\" height=\"400\" srcset=\"https:\/\/wp.ufpel.edu.br\/speufpel\/files\/2025\/06\/WhatsApp-Image-2025-06-19-at-23.31.40-300x400.jpeg 300w, https:\/\/wp.ufpel.edu.br\/speufpel\/files\/2025\/06\/WhatsApp-Image-2025-06-19-at-23.31.40-768x1024.jpeg 768w, https:\/\/wp.ufpel.edu.br\/speufpel\/files\/2025\/06\/WhatsApp-Image-2025-06-19-at-23.31.40-1152x1536.jpeg 1152w, https:\/\/wp.ufpel.edu.br\/speufpel\/files\/2025\/06\/WhatsApp-Image-2025-06-19-at-23.31.40-1536x2048.jpeg 1536w, https:\/\/wp.ufpel.edu.br\/speufpel\/files\/2025\/06\/WhatsApp-Image-2025-06-19-at-23.31.40-scaled.jpeg 1920w\" sizes=\"auto, (max-width: 300px) 100vw, 300px\" \/>JOS\u00c9 SARAIVA- GER. DE INFRAESTRUTURA\u00a0<\/a><\/h2>\n<h2 style=\"text-align: center;\">GABRIELE MARQUES- GER. DE RELA\u00c7\u00d5ES P\u00daBLICAS<a href=\"https:\/\/wp.ufpel.edu.br\/speufpel\/files\/2025\/06\/WhatsApp-Image-2025-06-19-at-23.29.32-1.jpeg\"><img loading=\"lazy\" decoding=\"async\" class=\"size-medium wp-image-201 aligncenter\" src=\"https:\/\/wp.ufpel.edu.br\/speufpel\/files\/2025\/06\/WhatsApp-Image-2025-06-19-at-23.29.32-1-300x400.jpeg\" alt=\"\" width=\"300\" height=\"400\" srcset=\"https:\/\/wp.ufpel.edu.br\/speufpel\/files\/2025\/06\/WhatsApp-Image-2025-06-19-at-23.29.32-1-300x400.jpeg 300w, https:\/\/wp.ufpel.edu.br\/speufpel\/files\/2025\/06\/WhatsApp-Image-2025-06-19-at-23.29.32-1-768x1024.jpeg 768w, https:\/\/wp.ufpel.edu.br\/speufpel\/files\/2025\/06\/WhatsApp-Image-2025-06-19-at-23.29.32-1-1152x1536.jpeg 1152w, https:\/\/wp.ufpel.edu.br\/speufpel\/files\/2025\/06\/WhatsApp-Image-2025-06-19-at-23.29.32-1.jpeg 1200w\" sizes=\"auto, (max-width: 300px) 100vw, 300px\" \/>ANA SCHVINN- GER. DE MARKETING<\/a><\/h2>\n<p><a href=\"https:\/\/wp.ufpel.edu.br\/speufpel\/files\/2025\/06\/WhatsApp-Image-2025-06-20-at-20.21.46-scaled.jpeg\"><img loading=\"lazy\" decoding=\"async\" class=\"size-medium wp-image-209 aligncenter\" src=\"https:\/\/wp.ufpel.edu.br\/speufpel\/files\/2025\/06\/WhatsApp-Image-2025-06-20-at-20.21.46-225x400.jpeg\" alt=\"\" width=\"225\" height=\"400\" srcset=\"https:\/\/wp.ufpel.edu.br\/speufpel\/files\/2025\/06\/WhatsApp-Image-2025-06-20-at-20.21.46-225x400.jpeg 225w, https:\/\/wp.ufpel.edu.br\/speufpel\/files\/2025\/06\/WhatsApp-Image-2025-06-20-at-20.21.46-576x1024.jpeg 576w, https:\/\/wp.ufpel.edu.br\/speufpel\/files\/2025\/06\/WhatsApp-Image-2025-06-20-at-20.21.46-864x1536.jpeg 864w, https:\/\/wp.ufpel.edu.br\/speufpel\/files\/2025\/06\/WhatsApp-Image-2025-06-20-at-20.21.46-1152x2048.jpeg 1152w, https:\/\/wp.ufpel.edu.br\/speufpel\/files\/2025\/06\/WhatsApp-Image-2025-06-20-at-20.21.46-scaled.jpeg 1440w\" sizes=\"auto, (max-width: 225px) 100vw, 225px\" \/><\/a><\/p>\n<h2 style=\"text-align: center;\">CAMILA TORRES- GER. DE WEBMASTER<\/h2>\n<p><a href=\"https:\/\/wp.ufpel.edu.br\/speufpel\/files\/2025\/07\/WhatsApp-Image-2025-06-27-at-12.01.40.jpeg\"><img loading=\"lazy\" decoding=\"async\" class=\"size-medium wp-image-292 aligncenter\" src=\"https:\/\/wp.ufpel.edu.br\/speufpel\/files\/2025\/07\/WhatsApp-Image-2025-06-27-at-12.01.40-300x400.jpeg\" alt=\"\" width=\"300\" height=\"400\" srcset=\"https:\/\/wp.ufpel.edu.br\/speufpel\/files\/2025\/07\/WhatsApp-Image-2025-06-27-at-12.01.40-300x400.jpeg 300w, https:\/\/wp.ufpel.edu.br\/speufpel\/files\/2025\/07\/WhatsApp-Image-2025-06-27-at-12.01.40-768x1024.jpeg 768w, https:\/\/wp.ufpel.edu.br\/speufpel\/files\/2025\/07\/WhatsApp-Image-2025-06-27-at-12.01.40-1152x1536.jpeg 1152w, https:\/\/wp.ufpel.edu.br\/speufpel\/files\/2025\/07\/WhatsApp-Image-2025-06-27-at-12.01.40.jpeg 1200w\" sizes=\"auto, (max-width: 300px) 100vw, 300px\" \/><\/a><\/p>\n<h2 style=\"text-align: center;\">AMANDA GON\u00c7ALVES- TRAINEE<\/h2>\n<p><a href=\"https:\/\/wp.ufpel.edu.br\/speufpel\/files\/2025\/06\/WhatsApp-Image-2025-06-20-at-10.15.03.jpeg\"><img loading=\"lazy\" decoding=\"async\" class=\"size-medium wp-image-210 aligncenter\" src=\"https:\/\/wp.ufpel.edu.br\/speufpel\/files\/2025\/06\/WhatsApp-Image-2025-06-20-at-10.15.03-253x400.jpeg\" alt=\"\" width=\"253\" height=\"400\" srcset=\"https:\/\/wp.ufpel.edu.br\/speufpel\/files\/2025\/06\/WhatsApp-Image-2025-06-20-at-10.15.03-253x400.jpeg 253w, https:\/\/wp.ufpel.edu.br\/speufpel\/files\/2025\/06\/WhatsApp-Image-2025-06-20-at-10.15.03-646x1024.jpeg 646w, https:\/\/wp.ufpel.edu.br\/speufpel\/files\/2025\/06\/WhatsApp-Image-2025-06-20-at-10.15.03.jpeg 697w\" sizes=\"auto, (max-width: 253px) 100vw, 253px\" \/><\/a><\/p>\n<h2 style=\"text-align: center;\">ANTHONY LUZ- TRAINEE<\/h2>\n<h2 style=\"text-align: center;\"><a href=\"https:\/\/wp.ufpel.edu.br\/speufpel\/files\/2025\/06\/WhatsApp-Image-2025-06-19-at-23.30.25.jpeg\"><img loading=\"lazy\" decoding=\"async\" class=\"alignnone size-medium wp-image-202\" src=\"https:\/\/wp.ufpel.edu.br\/speufpel\/files\/2025\/06\/WhatsApp-Image-2025-06-19-at-23.30.25-262x400.jpeg\" alt=\"\" width=\"262\" height=\"400\" srcset=\"https:\/\/wp.ufpel.edu.br\/speufpel\/files\/2025\/06\/WhatsApp-Image-2025-06-19-at-23.30.25-262x400.jpeg 262w, https:\/\/wp.ufpel.edu.br\/speufpel\/files\/2025\/06\/WhatsApp-Image-2025-06-19-at-23.30.25-670x1024.jpeg 670w, https:\/\/wp.ufpel.edu.br\/speufpel\/files\/2025\/06\/WhatsApp-Image-2025-06-19-at-23.30.25.jpeg 838w\" sizes=\"auto, (max-width: 262px) 100vw, 262px\" \/><\/a><\/h2>\n<h2 style=\"text-align: center;\">JENIFFER SILVA<\/h2>\n<p><a href=\"https:\/\/wp.ufpel.edu.br\/speufpel\/files\/2025\/06\/WhatsApp-Image-2025-04-01-at-16.47.40.jpeg\"><img loading=\"lazy\" decoding=\"async\" class=\"size-medium wp-image-203 aligncenter\" src=\"https:\/\/wp.ufpel.edu.br\/speufpel\/files\/2025\/06\/WhatsApp-Image-2025-04-01-at-16.47.40-400x266.jpeg\" alt=\"\" width=\"400\" height=\"266\" srcset=\"https:\/\/wp.ufpel.edu.br\/speufpel\/files\/2025\/06\/WhatsApp-Image-2025-04-01-at-16.47.40-400x266.jpeg 400w, https:\/\/wp.ufpel.edu.br\/speufpel\/files\/2025\/06\/WhatsApp-Image-2025-04-01-at-16.47.40-1024x682.jpeg 1024w, https:\/\/wp.ufpel.edu.br\/speufpel\/files\/2025\/06\/WhatsApp-Image-2025-04-01-at-16.47.40.jpeg 1280w\" sizes=\"auto, (max-width: 400px) 100vw, 400px\" \/><\/a><\/p>\n<h2 style=\"text-align: center;\">JO\u00c3O MONTEIRO- TRAINEE<\/h2>\n<p><a href=\"https:\/\/wp.ufpel.edu.br\/speufpel\/files\/2025\/06\/WhatsApp-Image-2025-06-27-at-10.56.36.jpeg\"><img loading=\"lazy\" decoding=\"async\" class=\"size-medium wp-image-212 aligncenter\" src=\"https:\/\/wp.ufpel.edu.br\/speufpel\/files\/2025\/06\/WhatsApp-Image-2025-06-27-at-10.56.36-300x400.jpeg\" alt=\"\" width=\"300\" height=\"400\" srcset=\"https:\/\/wp.ufpel.edu.br\/speufpel\/files\/2025\/06\/WhatsApp-Image-2025-06-27-at-10.56.36-300x400.jpeg 300w, https:\/\/wp.ufpel.edu.br\/speufpel\/files\/2025\/06\/WhatsApp-Image-2025-06-27-at-10.56.36-768x1024.jpeg 768w, https:\/\/wp.ufpel.edu.br\/speufpel\/files\/2025\/06\/WhatsApp-Image-2025-06-27-at-10.56.36.jpeg 866w\" sizes=\"auto, (max-width: 300px) 100vw, 300px\" \/><\/a><\/p>\n<h2 style=\"text-align: center;\">RENATO AZEVEDO- TRAINEE<\/h2>\n","protected":false},"excerpt":{"rendered":"<p>GEST\u00c3O\u00a0 2025 VALMIR FRANCISCO RISSO- FACULTY ADVISOR JONATHAN LEMES- PRESIDENTE RUSDAEL NUNES- VICE-PRESIDENTE EDUARDA MUNIZ- TESOUREIRA ANA CAROLINA MEDON\u00c7A- SECRET\u00c1RIA\u00a0 GUILHERME TAYLOR- ASSESSOR EXECUTIVO JOS\u00c9 SARAIVA- GER. DE INFRAESTRUTURA\u00a0 GABRIELE MARQUES- GER. DE RELA\u00c7\u00d5ES&#46;&#46;&#46;<\/p>\n","protected":false},"author":403,"featured_media":0,"parent":0,"menu_order":0,"comment_status":"closed","ping_status":"closed","template":"","meta":{"footnotes":""},"class_list":["post-23","page","type-page","status-publish","hentry"],"jetpack_sharing_enabled":true,"_links":{"self":[{"href":"https:\/\/wp.ufpel.edu.br\/speufpel\/wp-json\/wp\/v2\/pages\/23","targetHints":{"allow":["GET"]}}],"collection":[{"href":"https:\/\/wp.ufpel.edu.br\/speufpel\/wp-json\/wp\/v2\/pages"}],"about":[{"href":"https:\/\/wp.ufpel.edu.br\/speufpel\/wp-json\/wp\/v2\/types\/page"}],"author":[{"embeddable":true,"href":"https:\/\/wp.ufpel.edu.br\/speufpel\/wp-json\/wp\/v2\/users\/403"}],"replies":[{"embeddable":true,"href":"https:\/\/wp.ufpel.edu.br\/speufpel\/wp-json\/wp\/v2\/comments?post=23"}],"version-history":[{"count":2,"href":"https:\/\/wp.ufpel.edu.br\/speufpel\/wp-json\/wp\/v2\/pages\/23\/revisions"}],"predecessor-version":[{"id":421,"href":"https:\/\/wp.ufpel.edu.br\/speufpel\/wp-json\/wp\/v2\/pages\/23\/revisions\/421"}],"wp:attachment":[{"href":"https:\/\/wp.ufpel.edu.br\/speufpel\/wp-json\/wp\/v2\/media?parent=23"}],"curies":[{"name":"wp","href":"https:\/\/api.w.org\/{rel}","templated":true}]}}