{"id":227,"date":"2025-07-04T15:27:00","date_gmt":"2025-07-04T18:27:00","guid":{"rendered":"https:\/\/wp.ufpel.edu.br\/speufpel\/?page_id=227"},"modified":"2025-07-04T15:31:09","modified_gmt":"2025-07-04T18:31:09","slug":"patrocinadores","status":"publish","type":"page","link":"https:\/\/wp.ufpel.edu.br\/speufpel\/patrocinadores\/","title":{"rendered":"PATROCINADORES"},"content":{"rendered":"<p data-start=\"169\" data-end=\"505\">O <strong data-start=\"171\" data-end=\"183\">PetroSUL<\/strong> \u00e9 o <strong data-start=\"188\" data-end=\"242\">maior congresso estudantil da regi\u00e3o Sul do Brasil<\/strong> nas \u00e1reas de petr\u00f3leo, g\u00e1s, energia e transi\u00e7\u00e3o energ\u00e9tica. Organizado por um cap\u00edtulo estudantil universit\u00e1rio, o evento re\u00fane anualmente estudantes, pesquisadores, profissionais e empresas do setor, promovendo um ambiente de aprendizado, inova\u00e7\u00e3o e networking.<\/p>\n<p data-start=\"507\" data-end=\"840\">A cada edi\u00e7\u00e3o, o PetroSUL consolida seu papel como um espa\u00e7o estrat\u00e9gico de forma\u00e7\u00e3o, debate t\u00e9cnico e aproxima\u00e7\u00e3o entre universidade e ind\u00fastria. Com uma programa\u00e7\u00e3o diversificada, que inclui palestras, minicursos, pain\u00e9is e visitas t\u00e9cnicas, o congresso impacta centenas de participantes de diversas institui\u00e7\u00f5es e regi\u00f5es do pa\u00eds.<\/p>\n<p data-start=\"842\" data-end=\"1160\">Estamos em busca de <strong data-start=\"862\" data-end=\"899\">empresas e institui\u00e7\u00f5es parceiras<\/strong> que compartilhem nosso compromisso com o desenvolvimento cient\u00edfico e profissional. Ao patrocinar o PetroSUL, sua marca ganha visibilidade qualificada, presen\u00e7a institucional em um evento de refer\u00eancia e conex\u00e3o direta com futuros talentos do setor energ\u00e9tico.<\/p>\n<p data-start=\"1162\" data-end=\"1343\">Se sua empresa deseja <strong data-start=\"1184\" data-end=\"1205\">apoiar o PetroSUL<\/strong>, entre em contato com a equipe organizadora. Teremos satisfa\u00e7\u00e3o em apresentar nossas cotas de patroc\u00ednio e as possibilidades de parceria.<\/p>\n<p data-start=\"1345\" data-end=\"1429\"><strong data-start=\"1345\" data-end=\"1372\">&#x1f4e9; E-mail para contato:<\/strong> []<br data-start=\"1389\" data-end=\"1392\" \/><strong data-start=\"1392\" data-end=\"1409\">&#x1f4f1; Instagram:<\/strong> [@speufpel]<\/p>\n<p data-start=\"1431\" data-end=\"1525\"><strong data-start=\"1431\" data-end=\"1525\">Seja nosso patrocinador e fa\u00e7a parte do maior congresso da regi\u00e3o Sul no setor de energia.<\/strong><\/p>\n","protected":false},"excerpt":{"rendered":"<p>O PetroSUL \u00e9 o maior congresso estudantil da regi\u00e3o Sul do Brasil nas \u00e1reas de petr\u00f3leo, g\u00e1s, energia e transi\u00e7\u00e3o energ\u00e9tica. Organizado por um cap\u00edtulo estudantil universit\u00e1rio, o evento re\u00fane anualmente estudantes, pesquisadores, profissionais&#46;&#46;&#46;<\/p>\n","protected":false},"author":403,"featured_media":0,"parent":0,"menu_order":0,"comment_status":"closed","ping_status":"closed","template":"","meta":{"footnotes":""},"class_list":["post-227","page","type-page","status-publish","hentry"],"jetpack_sharing_enabled":true,"_links":{"self":[{"href":"https:\/\/wp.ufpel.edu.br\/speufpel\/wp-json\/wp\/v2\/pages\/227","targetHints":{"allow":["GET"]}}],"collection":[{"href":"https:\/\/wp.ufpel.edu.br\/speufpel\/wp-json\/wp\/v2\/pages"}],"about":[{"href":"https:\/\/wp.ufpel.edu.br\/speufpel\/wp-json\/wp\/v2\/types\/page"}],"author":[{"embeddable":true,"href":"https:\/\/wp.ufpel.edu.br\/speufpel\/wp-json\/wp\/v2\/users\/403"}],"replies":[{"embeddable":true,"href":"https:\/\/wp.ufpel.edu.br\/speufpel\/wp-json\/wp\/v2\/comments?post=227"}],"version-history":[{"count":1,"href":"https:\/\/wp.ufpel.edu.br\/speufpel\/wp-json\/wp\/v2\/pages\/227\/revisions"}],"predecessor-version":[{"id":228,"href":"https:\/\/wp.ufpel.edu.br\/speufpel\/wp-json\/wp\/v2\/pages\/227\/revisions\/228"}],"wp:attachment":[{"href":"https:\/\/wp.ufpel.edu.br\/speufpel\/wp-json\/wp\/v2\/media?parent=227"}],"curies":[{"name":"wp","href":"https:\/\/api.w.org\/{rel}","templated":true}]}}