{"id":214,"date":"2025-07-02T14:15:04","date_gmt":"2025-07-02T17:15:04","guid":{"rendered":"https:\/\/wp.ufpel.edu.br\/speufpel\/?page_id=214"},"modified":"2025-07-02T14:15:04","modified_gmt":"2025-07-02T17:15:04","slug":"palestrantes","status":"publish","type":"page","link":"https:\/\/wp.ufpel.edu.br\/speufpel\/palestrantes\/","title":{"rendered":"Palestrantes"},"content":{"rendered":"<p><a href=\"https:\/\/wp.ufpel.edu.br\/speufpel\/files\/2025\/07\/WhatsApp-Image-2025-06-27-at-15.46.30.jpeg\"><img loading=\"lazy\" decoding=\"async\" class=\"size-medium wp-image-215 alignleft\" src=\"https:\/\/wp.ufpel.edu.br\/speufpel\/files\/2025\/07\/WhatsApp-Image-2025-06-27-at-15.46.30-320x400.jpeg\" alt=\"\" width=\"320\" height=\"400\" srcset=\"https:\/\/wp.ufpel.edu.br\/speufpel\/files\/2025\/07\/WhatsApp-Image-2025-06-27-at-15.46.30-320x400.jpeg 320w, https:\/\/wp.ufpel.edu.br\/speufpel\/files\/2025\/07\/WhatsApp-Image-2025-06-27-at-15.46.30-819x1024.jpeg 819w, https:\/\/wp.ufpel.edu.br\/speufpel\/files\/2025\/07\/WhatsApp-Image-2025-06-27-at-15.46.30-1228x1536.jpeg 1228w, https:\/\/wp.ufpel.edu.br\/speufpel\/files\/2025\/07\/WhatsApp-Image-2025-06-27-at-15.46.30-1638x2048.jpeg 1638w, https:\/\/wp.ufpel.edu.br\/speufpel\/files\/2025\/07\/WhatsApp-Image-2025-06-27-at-15.46.30.jpeg 2047w\" sizes=\"auto, (max-width: 320px) 100vw, 320px\" \/><\/a>XIII Petro-Sul: Congresso Sul-Brasileiro de Energia<\/p>\n<p>&#x1f5d3;&#xfe0f; Data: 14 a 18 de julho<br \/>\n&#x1f4cd; Local: Audit\u00f3rio da Faculdade de Direito \u2014 Universidade Federal de Pelotas<\/p>\n<p>A Comiss\u00e3o Organizadora do XIII Petro-Sul tem o prazer de anunciar a palestra &#8220;Cimenta\u00e7\u00e3o de Po\u00e7os&#8221;, que ser\u00e1 ministrada por Ana Ligia R. Trannin no dia 15 de julho.<\/p>\n<p>&#x27a1;&#xfe0f; Mini Bio:<br \/>\nGerente de recrutamento na empresa SLB, tem como miss\u00e3o identificar e atrair os melhores talentos, desempenhando papel relevante na constru\u00e7\u00e3o de equipes de sucesso.<br \/>\nFormada em Engenharia pela Universidade Federal de Itajub\u00e1, trabalha h\u00e1 mais de 13 anos no setor de \u00f3leo e g\u00e1s. Iniciou sua carreira como engenheira de campo, atuando por mais de 9 anos com integridade de po\u00e7os e gest\u00e3o de equipes operacionais. Nos \u00faltimos anos, trazendo consigo o entendimento das complexidades e demandas do setor, tem se dedicado \u00e0 jornada em recursos humanos.<\/p>\n<p>&#x1f517; Para mais informa\u00e7\u00f5es sobre o evento, entre em contato conosco pelas redes sociais. N\u00e3o perca essa oportunidade de se conectar com grandes nomes do setor de energia!<\/p>\n<p>&nbsp;<\/p>\n<p><a href=\"https:\/\/wp.ufpel.edu.br\/speufpel\/files\/2025\/07\/WhatsApp-Image-2025-06-27-at-15.46.32.jpeg\"><img loading=\"lazy\" decoding=\"async\" class=\"size-medium wp-image-216 alignleft\" src=\"https:\/\/wp.ufpel.edu.br\/speufpel\/files\/2025\/07\/WhatsApp-Image-2025-06-27-at-15.46.32-320x400.jpeg\" alt=\"\" width=\"320\" height=\"400\" srcset=\"https:\/\/wp.ufpel.edu.br\/speufpel\/files\/2025\/07\/WhatsApp-Image-2025-06-27-at-15.46.32-320x400.jpeg 320w, https:\/\/wp.ufpel.edu.br\/speufpel\/files\/2025\/07\/WhatsApp-Image-2025-06-27-at-15.46.32-819x1024.jpeg 819w, https:\/\/wp.ufpel.edu.br\/speufpel\/files\/2025\/07\/WhatsApp-Image-2025-06-27-at-15.46.32-1229x1536.jpeg 1229w, https:\/\/wp.ufpel.edu.br\/speufpel\/files\/2025\/07\/WhatsApp-Image-2025-06-27-at-15.46.32.jpeg 1280w\" sizes=\"auto, (max-width: 320px) 100vw, 320px\" \/><\/a>XIII Petro-Sul: Congresso Sul-Brasileiro de Energia<\/p>\n<p>&#x1f5d3; Data: 14 a 18 de julho<br \/>\n&#x1f4cd; Local: Audit\u00f3rio da Faculdade de Direito \u2014 Universidade Federal de Pelotas<\/p>\n<p>A Comiss\u00e3o Organizadora do XIII Petro-Sul tem o prazer de anunciar a palestra &#8220;Opera\u00e7\u00f5es de Topsides: desafios e oportunidades de carreiras&#8221;, que ser\u00e1 ministrada por Jos\u00e9 Walmir Dias no dia 15 de julho.<\/p>\n<p>&#x27a1; Mini Bio:<br \/>\nDesde 2017, \u00e9 Diretor Executivo na JN Consultoria e Servi\u00e7os de Engenharia, da qual \u00e9<br \/>\nsocio fundador, atendendo empresas do setor de \u00f3leo e g\u00e1s.<br \/>\nEmpregado Petrobras por mais de 40 anos, iniciou suas atividades na antiga RPBA como<br \/>\nengenheiro de campo na \u00e1rea de po\u00e7os. A partir de janeiro de 1978, exerceu diversas atividades t\u00e9cnicas e gerenciais na Bacia de Campos: Completa\u00e7\u00e3o, avalia\u00e7\u00e3o e interven\u00e7\u00f5es em po\u00e7os; implanta\u00e7\u00e3o de projetos; comissionamento e prepara\u00e7\u00e3o para opera\u00e7\u00e3o de unidades de produ\u00e7\u00e3o; gest\u00e3o on e offshore de unidades de produ\u00e7\u00e3o;<br \/>\nRevitaliza\u00e7\u00e3o de Campos Maduros; Gerente do N\u00facleo de Produ\u00e7\u00e3o de Marlim; Gerente de Ativos de Produ\u00e7\u00e3o; Gerente das Unidades de Perfura\u00e7\u00e3o Semissubmers\u00edveis; Gerente<br \/>\nde implanta\u00e7\u00e3o de Projetos de Sondas de Perfura\u00e7\u00e3o; Gerente de Opera\u00e7\u00f5es Especiais em Po\u00e7os.<\/p>\n<p><a href=\"https:\/\/wp.ufpel.edu.br\/speufpel\/files\/2025\/07\/WhatsApp-Image-2025-06-27-at-15.46.32-1.jpeg\"><img loading=\"lazy\" decoding=\"async\" class=\"alignnone size-medium wp-image-217\" src=\"https:\/\/wp.ufpel.edu.br\/speufpel\/files\/2025\/07\/WhatsApp-Image-2025-06-27-at-15.46.32-1-320x400.jpeg\" alt=\"\" width=\"320\" height=\"400\" srcset=\"https:\/\/wp.ufpel.edu.br\/speufpel\/files\/2025\/07\/WhatsApp-Image-2025-06-27-at-15.46.32-1-320x400.jpeg 320w, https:\/\/wp.ufpel.edu.br\/speufpel\/files\/2025\/07\/WhatsApp-Image-2025-06-27-at-15.46.32-1-819x1024.jpeg 819w, https:\/\/wp.ufpel.edu.br\/speufpel\/files\/2025\/07\/WhatsApp-Image-2025-06-27-at-15.46.32-1-1229x1536.jpeg 1229w, https:\/\/wp.ufpel.edu.br\/speufpel\/files\/2025\/07\/WhatsApp-Image-2025-06-27-at-15.46.32-1-1638x2048.jpeg 1638w, https:\/\/wp.ufpel.edu.br\/speufpel\/files\/2025\/07\/WhatsApp-Image-2025-06-27-at-15.46.32-1.jpeg 2048w\" sizes=\"auto, (max-width: 320px) 100vw, 320px\" \/><\/a><\/p>\n","protected":false},"excerpt":{"rendered":"<p>XIII Petro-Sul: Congresso Sul-Brasileiro de Energia &#x1f5d3;&#xfe0f; Data: 14 a 18 de julho &#x1f4cd; Local: Audit\u00f3rio da Faculdade de Direito \u2014 Universidade Federal de Pelotas A Comiss\u00e3o Organizadora do XIII Petro-Sul tem o prazer&#46;&#46;&#46;<\/p>\n","protected":false},"author":403,"featured_media":0,"parent":0,"menu_order":0,"comment_status":"closed","ping_status":"closed","template":"","meta":{"footnotes":""},"class_list":["post-214","page","type-page","status-publish","hentry"],"jetpack_sharing_enabled":true,"_links":{"self":[{"href":"https:\/\/wp.ufpel.edu.br\/speufpel\/wp-json\/wp\/v2\/pages\/214","targetHints":{"allow":["GET"]}}],"collection":[{"href":"https:\/\/wp.ufpel.edu.br\/speufpel\/wp-json\/wp\/v2\/pages"}],"about":[{"href":"https:\/\/wp.ufpel.edu.br\/speufpel\/wp-json\/wp\/v2\/types\/page"}],"author":[{"embeddable":true,"href":"https:\/\/wp.ufpel.edu.br\/speufpel\/wp-json\/wp\/v2\/users\/403"}],"replies":[{"embeddable":true,"href":"https:\/\/wp.ufpel.edu.br\/speufpel\/wp-json\/wp\/v2\/comments?post=214"}],"version-history":[{"count":1,"href":"https:\/\/wp.ufpel.edu.br\/speufpel\/wp-json\/wp\/v2\/pages\/214\/revisions"}],"predecessor-version":[{"id":218,"href":"https:\/\/wp.ufpel.edu.br\/speufpel\/wp-json\/wp\/v2\/pages\/214\/revisions\/218"}],"wp:attachment":[{"href":"https:\/\/wp.ufpel.edu.br\/speufpel\/wp-json\/wp\/v2\/media?parent=214"}],"curies":[{"name":"wp","href":"https:\/\/api.w.org\/{rel}","templated":true}]}}