{"id":19,"date":"2014-09-14T02:43:20","date_gmt":"2014-09-14T05:43:20","guid":{"rendered":"https:\/\/wp.ufpel.edu.br\/speufpel\/?page_id=19"},"modified":"2026-02-19T14:17:26","modified_gmt":"2026-02-19T17:17:26","slug":"sobrespe","status":"publish","type":"page","link":"https:\/\/wp.ufpel.edu.br\/speufpel\/sobrespe\/","title":{"rendered":"Sobre o SPE"},"content":{"rendered":"\n<figure class=\"wp-block-image size-full\"><a href=\"https:\/\/wp.ufpel.edu.br\/speufpel\/files\/2026\/02\/image-1.png\"><img loading=\"lazy\" decoding=\"async\" width=\"796\" height=\"445\" src=\"https:\/\/wp.ufpel.edu.br\/speufpel\/files\/2026\/02\/image-1.png\" alt=\"\" class=\"wp-image-411\" srcset=\"https:\/\/wp.ufpel.edu.br\/speufpel\/files\/2026\/02\/image-1.png 796w, https:\/\/wp.ufpel.edu.br\/speufpel\/files\/2026\/02\/image-1-400x224.png 400w\" sizes=\"auto, (max-width: 796px) 100vw, 796px\" \/><\/a><\/figure>\n\n\n\n<p>O Cap\u00edtulo Estudantil SPE UFPel \u00e9 uma<br>organiza\u00e7\u00e3o sem fins lucrativos da Universidade<br>Federal de Pelotas, filiada \u00e0 Society of<br>Petroleum Engineers (SPE), a maior associa\u00e7\u00e3o<br>mundial de profissionais da ind\u00fastria de<br>petr\u00f3leo. O principal objetivo do cap\u00edtulo \u00e9<br>complementar a forma\u00e7\u00e3o acad\u00eamica dos<br>estudantes, oferecendo oportunidades de<br>desenvolvimento t\u00e9cnico, profissional e de<br>lideran\u00e7a, criando uma ponte entre a teoria da<br>sala de aula e a pr\u00e1tica do mercado de trabalho.<\/p>\n\n\n<div class=\"wp-block-image\">\n<figure class=\"aligncenter size-full\"><a href=\"https:\/\/wp.ufpel.edu.br\/speufpel\/files\/2026\/02\/image-3.png\"><img loading=\"lazy\" decoding=\"async\" width=\"796\" height=\"446\" src=\"https:\/\/wp.ufpel.edu.br\/speufpel\/files\/2026\/02\/image-3.png\" alt=\"\" class=\"wp-image-414\" srcset=\"https:\/\/wp.ufpel.edu.br\/speufpel\/files\/2026\/02\/image-3.png 796w, https:\/\/wp.ufpel.edu.br\/speufpel\/files\/2026\/02\/image-3-400x224.png 400w\" sizes=\"auto, (max-width: 796px) 100vw, 796px\" \/><\/a><\/figure>\n<\/div>","protected":false},"excerpt":{"rendered":"<p>O Cap\u00edtulo Estudantil SPE UFPel \u00e9 umaorganiza\u00e7\u00e3o sem fins lucrativos da UniversidadeFederal de Pelotas, filiada \u00e0 Society ofPetroleum Engineers (SPE), a maior associa\u00e7\u00e3omundial de profissionais da ind\u00fastria depetr\u00f3leo. O principal objetivo do cap\u00edtulo \u00e9complementar&#46;&#46;&#46;<\/p>\n","protected":false},"author":403,"featured_media":0,"parent":0,"menu_order":0,"comment_status":"closed","ping_status":"closed","template":"","meta":{"footnotes":""},"class_list":["post-19","page","type-page","status-publish","hentry"],"jetpack_sharing_enabled":true,"_links":{"self":[{"href":"https:\/\/wp.ufpel.edu.br\/speufpel\/wp-json\/wp\/v2\/pages\/19","targetHints":{"allow":["GET"]}}],"collection":[{"href":"https:\/\/wp.ufpel.edu.br\/speufpel\/wp-json\/wp\/v2\/pages"}],"about":[{"href":"https:\/\/wp.ufpel.edu.br\/speufpel\/wp-json\/wp\/v2\/types\/page"}],"author":[{"embeddable":true,"href":"https:\/\/wp.ufpel.edu.br\/speufpel\/wp-json\/wp\/v2\/users\/403"}],"replies":[{"embeddable":true,"href":"https:\/\/wp.ufpel.edu.br\/speufpel\/wp-json\/wp\/v2\/comments?post=19"}],"version-history":[{"count":3,"href":"https:\/\/wp.ufpel.edu.br\/speufpel\/wp-json\/wp\/v2\/pages\/19\/revisions"}],"predecessor-version":[{"id":415,"href":"https:\/\/wp.ufpel.edu.br\/speufpel\/wp-json\/wp\/v2\/pages\/19\/revisions\/415"}],"wp:attachment":[{"href":"https:\/\/wp.ufpel.edu.br\/speufpel\/wp-json\/wp\/v2\/media?parent=19"}],"curies":[{"name":"wp","href":"https:\/\/api.w.org\/{rel}","templated":true}]}}