{"id":172,"date":"2025-06-17T15:34:22","date_gmt":"2025-06-17T18:34:22","guid":{"rendered":"https:\/\/wp.ufpel.edu.br\/speufpel\/?page_id=172"},"modified":"2026-02-19T14:59:12","modified_gmt":"2026-02-19T17:59:12","slug":"speaking","status":"publish","type":"page","link":"https:\/\/wp.ufpel.edu.br\/speufpel\/speaking\/","title":{"rendered":"SPEAKING"},"content":{"rendered":"<h5 style=\"text-align: left;\" data-start=\"203\" data-end=\"568\">O <strong data-start=\"205\" data-end=\"217\">Speaking<\/strong> \u00e9 uma iniciativa do Cap\u00edtulo Estudantil SPE UFPel que tem como objetivo principal proporcionar aos seus participantes um ambiente de desenvolvimento voltado \u00e0 <strong data-start=\"377\" data-end=\"453\">capacita\u00e7\u00e3o e aprimoramento da habilidade de oralidade em l\u00edngua inglesa<\/strong>, com foco na comunica\u00e7\u00e3o t\u00e9cnica e interpessoal, especialmente voltada para o contexto do setor de petr\u00f3leo e g\u00e1s.<\/h5>\n<p>O projeto ocorre <strong data-start=\"587\" data-end=\"605\">semestralmente<\/strong>, com encontros <strong data-start=\"621\" data-end=\"645\">presenciais e online<\/strong>, permitindo a participa\u00e7\u00e3o de estudantes de diferentes cursos e n\u00edveis de profici\u00eancia. As atividades incluem din\u00e2micas em grupo, apresenta\u00e7\u00f5es orais, simula\u00e7\u00f5es de entrevistas, discuss\u00e3o de artigos t\u00e9cnicos, vocabul\u00e1rio espec\u00edfico da ind\u00fastria e temas atuais do setor energ\u00e9tico global.<a href=\"https:\/\/wp.ufpel.edu.br\/speufpel\/files\/2025\/07\/WhatsApp-Image-2025-07-09-at-12.30.08.jpeg\"><img loading=\"lazy\" decoding=\"async\" class=\"wp-image-233 alignleft\" src=\"https:\/\/wp.ufpel.edu.br\/speufpel\/files\/2025\/07\/WhatsApp-Image-2025-07-09-at-12.30.08-225x400.jpeg\" alt=\"\" width=\"151\" height=\"268\" srcset=\"https:\/\/wp.ufpel.edu.br\/speufpel\/files\/2025\/07\/WhatsApp-Image-2025-07-09-at-12.30.08-225x400.jpeg 225w, https:\/\/wp.ufpel.edu.br\/speufpel\/files\/2025\/07\/WhatsApp-Image-2025-07-09-at-12.30.08-576x1024.jpeg 576w, https:\/\/wp.ufpel.edu.br\/speufpel\/files\/2025\/07\/WhatsApp-Image-2025-07-09-at-12.30.08.jpeg 750w\" sizes=\"auto, (max-width: 151px) 100vw, 151px\" \/><\/a><\/p>\n<p>Ao promover o uso cont\u00ednuo do ingl\u00eas falado, o projeto busca <strong data-start=\"996\" data-end=\"1053\">estimular a autoconfian\u00e7a, melhorar a flu\u00eancia verbal<\/strong> e <strong data-start=\"1056\" data-end=\"1139\">preparar os alunos para oportunidades acad\u00eamicas e profissionais internacionais<\/strong>, como congressos, interc\u00e2mbios, entrevistas de emprego e comunica\u00e7\u00e3o em ambientes corporativos multinacionais.<a href=\"https:\/\/wp.ufpel.edu.br\/speufpel\/files\/2026\/02\/Captura-de-tela-2026-02-19-145835.png\"><img loading=\"lazy\" decoding=\"async\" class=\"size-medium wp-image-426 alignright\" src=\"https:\/\/wp.ufpel.edu.br\/speufpel\/files\/2026\/02\/Captura-de-tela-2026-02-19-145835-300x400.png\" alt=\"\" width=\"300\" height=\"400\" srcset=\"https:\/\/wp.ufpel.edu.br\/speufpel\/files\/2026\/02\/Captura-de-tela-2026-02-19-145835-300x400.png 300w, https:\/\/wp.ufpel.edu.br\/speufpel\/files\/2026\/02\/Captura-de-tela-2026-02-19-145835.png 606w\" sizes=\"auto, (max-width: 300px) 100vw, 300px\" \/><\/a><\/p>\n<p>O <strong data-start=\"1254\" data-end=\"1266\">Speaking<\/strong> \u00e9 uma oportunidade \u00fanica para os membros do Cap\u00edtulo Estudantil desenvolverem n\u00e3o apenas suas habilidades lingu\u00edsticas, mas tamb\u00e9m compet\u00eancias essenciais de comunica\u00e7\u00e3o e trabalho em equipe, em um ambiente colaborativo e acolhedor.<\/p>\n","protected":false},"excerpt":{"rendered":"<p>O Speaking \u00e9 uma iniciativa do Cap\u00edtulo Estudantil SPE UFPel que tem como objetivo principal proporcionar aos seus participantes um ambiente de desenvolvimento voltado \u00e0 capacita\u00e7\u00e3o e aprimoramento da habilidade de oralidade em l\u00edngua&#46;&#46;&#46;<\/p>\n","protected":false},"author":403,"featured_media":0,"parent":0,"menu_order":0,"comment_status":"closed","ping_status":"closed","template":"","meta":{"footnotes":""},"class_list":["post-172","page","type-page","status-publish","hentry"],"jetpack_sharing_enabled":true,"_links":{"self":[{"href":"https:\/\/wp.ufpel.edu.br\/speufpel\/wp-json\/wp\/v2\/pages\/172","targetHints":{"allow":["GET"]}}],"collection":[{"href":"https:\/\/wp.ufpel.edu.br\/speufpel\/wp-json\/wp\/v2\/pages"}],"about":[{"href":"https:\/\/wp.ufpel.edu.br\/speufpel\/wp-json\/wp\/v2\/types\/page"}],"author":[{"embeddable":true,"href":"https:\/\/wp.ufpel.edu.br\/speufpel\/wp-json\/wp\/v2\/users\/403"}],"replies":[{"embeddable":true,"href":"https:\/\/wp.ufpel.edu.br\/speufpel\/wp-json\/wp\/v2\/comments?post=172"}],"version-history":[{"count":3,"href":"https:\/\/wp.ufpel.edu.br\/speufpel\/wp-json\/wp\/v2\/pages\/172\/revisions"}],"predecessor-version":[{"id":427,"href":"https:\/\/wp.ufpel.edu.br\/speufpel\/wp-json\/wp\/v2\/pages\/172\/revisions\/427"}],"wp:attachment":[{"href":"https:\/\/wp.ufpel.edu.br\/speufpel\/wp-json\/wp\/v2\/media?parent=172"}],"curies":[{"name":"wp","href":"https:\/\/api.w.org\/{rel}","templated":true}]}}