{"id":168,"date":"2025-06-17T15:33:30","date_gmt":"2025-06-17T18:33:30","guid":{"rendered":"https:\/\/wp.ufpel.edu.br\/speufpel\/?page_id=168"},"modified":"2026-02-19T15:16:26","modified_gmt":"2026-02-19T18:16:26","slug":"energy4me","status":"publish","type":"page","link":"https:\/\/wp.ufpel.edu.br\/speufpel\/energy4me\/","title":{"rendered":"ENERGY4ME"},"content":{"rendered":"\n<p>O projeto Energy4me do Cap\u00edtulo Estudantil SPE UFPel faz parte<br>de um programa <strong><mark style=\"background-color:rgba(0, 0, 0, 0);color:#051951\" class=\"has-inline-color\">educacional global<\/mark><\/strong><mark style=\"background-color:rgba(0, 0, 0, 0);color:#01243a\" class=\"has-inline-color\"> <\/mark>da Society of Petroleum<br>Engineers (SPE). O objetivo principal \u00e9 levar informa\u00e7\u00f5es factuais<br>e imparciais sobre todos os tipos de fontes de energia para<br>estudantes, professores e o p\u00fablico em geral.<\/p>\n\n\n\n<figure class=\"wp-block-image size-full\"><a href=\"https:\/\/wp.ufpel.edu.br\/speufpel\/files\/2026\/02\/image-7.png\"><img loading=\"lazy\" decoding=\"async\" width=\"525\" height=\"289\" src=\"https:\/\/wp.ufpel.edu.br\/speufpel\/files\/2026\/02\/image-7.png\" alt=\"\" class=\"wp-image-431\" srcset=\"https:\/\/wp.ufpel.edu.br\/speufpel\/files\/2026\/02\/image-7.png 525w, https:\/\/wp.ufpel.edu.br\/speufpel\/files\/2026\/02\/image-7-400x220.png 400w\" sizes=\"auto, (max-width: 525px) 100vw, 525px\" \/><\/a><\/figure>\n\n\n\n<p><br>Os membros da SPE UFPel realizam <mark style=\"background-color:rgba(0, 0, 0, 0);color:#082f92\" class=\"has-inline-color\"><strong>apresenta\u00e7\u00f5es em sala de<br>aula<\/strong><\/mark> para inspirar os alunos a seguirem carreiras na <mark style=\"background-color:rgba(0, 0, 0, 0);color:#08188e\" class=\"has-inline-color\"><strong>\u00e1rea de<br>energia<\/strong><\/mark>, al\u00e9m de fornecer uma compreens\u00e3o mais aprofundada<br>da ind\u00fastria. Essa iniciativa contribui para humanizar o setor e<br>mostrar aos jovens profissionais as oportunidades de carreira<br>dispon\u00edveis.<\/p>\n\n\n\n<figure class=\"wp-block-image size-large\"><a href=\"https:\/\/wp.ufpel.edu.br\/speufpel\/files\/2026\/02\/image-6.png\"><img loading=\"lazy\" decoding=\"async\" width=\"1024\" height=\"764\" src=\"https:\/\/wp.ufpel.edu.br\/speufpel\/files\/2026\/02\/image-6-1024x764.png\" alt=\"\" class=\"wp-image-430\" srcset=\"https:\/\/wp.ufpel.edu.br\/speufpel\/files\/2026\/02\/image-6-1024x764.png 1024w, https:\/\/wp.ufpel.edu.br\/speufpel\/files\/2026\/02\/image-6-400x299.png 400w, https:\/\/wp.ufpel.edu.br\/speufpel\/files\/2026\/02\/image-6.png 1076w\" sizes=\"auto, (max-width: 1024px) 100vw, 1024px\" \/><\/a><\/figure>\n","protected":false},"excerpt":{"rendered":"<p>O projeto Energy4me do Cap\u00edtulo Estudantil SPE UFPel faz partede um programa educacional global da Society of PetroleumEngineers (SPE). O objetivo principal \u00e9 levar informa\u00e7\u00f5es factuaise imparciais sobre todos os tipos de fontes de&#46;&#46;&#46;<\/p>\n","protected":false},"author":403,"featured_media":0,"parent":0,"menu_order":0,"comment_status":"closed","ping_status":"closed","template":"","meta":{"footnotes":""},"class_list":["post-168","page","type-page","status-publish","hentry"],"jetpack_sharing_enabled":true,"_links":{"self":[{"href":"https:\/\/wp.ufpel.edu.br\/speufpel\/wp-json\/wp\/v2\/pages\/168","targetHints":{"allow":["GET"]}}],"collection":[{"href":"https:\/\/wp.ufpel.edu.br\/speufpel\/wp-json\/wp\/v2\/pages"}],"about":[{"href":"https:\/\/wp.ufpel.edu.br\/speufpel\/wp-json\/wp\/v2\/types\/page"}],"author":[{"embeddable":true,"href":"https:\/\/wp.ufpel.edu.br\/speufpel\/wp-json\/wp\/v2\/users\/403"}],"replies":[{"embeddable":true,"href":"https:\/\/wp.ufpel.edu.br\/speufpel\/wp-json\/wp\/v2\/comments?post=168"}],"version-history":[{"count":2,"href":"https:\/\/wp.ufpel.edu.br\/speufpel\/wp-json\/wp\/v2\/pages\/168\/revisions"}],"predecessor-version":[{"id":432,"href":"https:\/\/wp.ufpel.edu.br\/speufpel\/wp-json\/wp\/v2\/pages\/168\/revisions\/432"}],"wp:attachment":[{"href":"https:\/\/wp.ufpel.edu.br\/speufpel\/wp-json\/wp\/v2\/media?parent=168"}],"curies":[{"name":"wp","href":"https:\/\/api.w.org\/{rel}","templated":true}]}}