{"id":166,"date":"2025-06-17T15:33:03","date_gmt":"2025-06-17T18:33:03","guid":{"rendered":"https:\/\/wp.ufpel.edu.br\/speufpel\/?page_id=166"},"modified":"2025-07-23T15:11:13","modified_gmt":"2025-07-23T18:11:13","slug":"mentoring","status":"publish","type":"page","link":"https:\/\/wp.ufpel.edu.br\/speufpel\/mentoring\/","title":{"rendered":"MENTORING"},"content":{"rendered":"<p data-start=\"275\" data-end=\"661\">O <strong data-start=\"277\" data-end=\"300\">Mentoring SPE UFPel<\/strong> \u00e9 um programa de mentoria promovido pelo <strong data-start=\"342\" data-end=\"375\">Cap\u00edtulo Estudantil SPE UFPel<\/strong>, voltado a estudantes de <strong data-start=\"401\" data-end=\"427\">Engenharia de Petr\u00f3leo<\/strong> e \u00e1reas correlatas. Seu principal objetivo \u00e9 <strong data-start=\"473\" data-end=\"582\">proporcionar uma conex\u00e3o direta entre alunos e profissionais experientes do setor de petr\u00f3leo e g\u00e1s (O&amp;G)<\/strong>, promovendo o crescimento acad\u00eamico, profissional e pessoal dos participantes.<\/p>\n<p data-start=\"663\" data-end=\"944\">Por meio de encontros e trocas cont\u00ednuas, o programa busca <strong data-start=\"722\" data-end=\"759\">aproximar a academia da ind\u00fastria<\/strong>, oferecendo aos mentorados um ambiente seguro para tirar d\u00favidas, receber orienta\u00e7\u00f5es sobre carreira, expandir o networking e se preparar melhor para os desafios do mercado energ\u00e9tico.<\/p>\n<p data-start=\"946\" data-end=\"1096\">A cada edi\u00e7\u00e3o, mentorandos s\u00e3o selecionados e pareados com mentores que atuam na \u00e1rea, criando uma rede colaborativa de apoio e desenvolvimento m\u00fatuo.<\/p>\n<p data-start=\"1098\" data-end=\"1246\">&#x1f4f8; <strong data-start=\"1101\" data-end=\"1181\">Confira o registro da nossa primeira reuni\u00e3o da VIII edi\u00e7\u00e3o do SPE Mentoring<\/strong>, que marcou o in\u00edcio das atividades entre mentores e mentorados: <a href=\"https:\/\/wp.ufpel.edu.br\/speufpel\/files\/2025\/07\/WhatsApp-Image-2025-07-09-at-12.32.25.jpeg\"><img loading=\"lazy\" decoding=\"async\" class=\"size-medium wp-image-237 alignright\" src=\"https:\/\/wp.ufpel.edu.br\/speufpel\/files\/2025\/07\/WhatsApp-Image-2025-07-09-at-12.32.25-400x210.jpeg\" alt=\"\" width=\"400\" height=\"210\" srcset=\"https:\/\/wp.ufpel.edu.br\/speufpel\/files\/2025\/07\/WhatsApp-Image-2025-07-09-at-12.32.25-400x210.jpeg 400w, https:\/\/wp.ufpel.edu.br\/speufpel\/files\/2025\/07\/WhatsApp-Image-2025-07-09-at-12.32.25-1024x538.jpeg 1024w, https:\/\/wp.ufpel.edu.br\/speufpel\/files\/2025\/07\/WhatsApp-Image-2025-07-09-at-12.32.25.jpeg 1280w\" sizes=\"auto, (max-width: 400px) 100vw, 400px\" \/><\/a><\/p>\n<p data-start=\"1414\" data-end=\"1606\">O programa j\u00e1 impactou dezenas de estudantes ao longo das edi\u00e7\u00f5es, sendo uma das iniciativas mais importantes para a forma\u00e7\u00e3o complementar e o engajamento profissional dos membros do Cap\u00edtulo.<\/p>\n","protected":false},"excerpt":{"rendered":"<p>O Mentoring SPE UFPel \u00e9 um programa de mentoria promovido pelo Cap\u00edtulo Estudantil SPE UFPel, voltado a estudantes de Engenharia de Petr\u00f3leo e \u00e1reas correlatas. Seu principal objetivo \u00e9 proporcionar uma conex\u00e3o direta entre&#46;&#46;&#46;<\/p>\n","protected":false},"author":403,"featured_media":0,"parent":0,"menu_order":0,"comment_status":"closed","ping_status":"closed","template":"","meta":{"footnotes":""},"class_list":["post-166","page","type-page","status-publish","hentry"],"jetpack_sharing_enabled":true,"_links":{"self":[{"href":"https:\/\/wp.ufpel.edu.br\/speufpel\/wp-json\/wp\/v2\/pages\/166","targetHints":{"allow":["GET"]}}],"collection":[{"href":"https:\/\/wp.ufpel.edu.br\/speufpel\/wp-json\/wp\/v2\/pages"}],"about":[{"href":"https:\/\/wp.ufpel.edu.br\/speufpel\/wp-json\/wp\/v2\/types\/page"}],"author":[{"embeddable":true,"href":"https:\/\/wp.ufpel.edu.br\/speufpel\/wp-json\/wp\/v2\/users\/403"}],"replies":[{"embeddable":true,"href":"https:\/\/wp.ufpel.edu.br\/speufpel\/wp-json\/wp\/v2\/comments?post=166"}],"version-history":[{"count":3,"href":"https:\/\/wp.ufpel.edu.br\/speufpel\/wp-json\/wp\/v2\/pages\/166\/revisions"}],"predecessor-version":[{"id":239,"href":"https:\/\/wp.ufpel.edu.br\/speufpel\/wp-json\/wp\/v2\/pages\/166\/revisions\/239"}],"wp:attachment":[{"href":"https:\/\/wp.ufpel.edu.br\/speufpel\/wp-json\/wp\/v2\/media?parent=166"}],"curies":[{"name":"wp","href":"https:\/\/api.w.org\/{rel}","templated":true}]}}